{"id":6350,"date":"2025-03-01T02:08:17","date_gmt":"2025-03-01T02:08:17","guid":{"rendered":"https:\/\/www.hyflexpack.com\/?post_type=product&#038;p=6350"},"modified":"2025-10-23T08:17:26","modified_gmt":"2025-10-23T08:17:26","slug":"custom-tortilla-chips-bag-supplier","status":"publish","type":"product","link":"https:\/\/www.hyflexpack.com\/ro\/product\/custom-tortilla-chips-bag-supplier\/","title":{"rendered":"Personalizat Tortilla Chips Bag ambalare, reciclate Side Gusset Pouch Producator"},"content":{"rendered":"<div class=\"wp-block-columns is-layout-flex wp-container-core-columns-is-layout-9d6595d7 wp-block-columns-is-layout-flex\">\n<div class=\"wp-block-column is-layout-flow wp-block-column-is-layout-flow\">\n<h2 class=\"wp-block-heading\">Caracteristici ale sacului Custom Tortilla Chips<\/h2>\n\n\n\n<p><\/p>\n\n\n\n<ul class=\"wp-block-list\">\n<li><strong>Designul sigiliului din spate<\/strong>: Punga personalizat\u0103 pentru chipsuri tortilla are o pung\u0103 cu sigiliu spate, care este mic\u0103 \u0219i etan\u0219\u0103. Ofer\u0103 propriet\u0103\u021bi de etan\u0219are \u0219i barier\u0103 \u00eempotriva umidit\u0103\u021bii pentru produs \u0219i este ideal\u0103 pentru depozitarea \u0219i transportul pe termen lung a chipsurilor tortilla \u0219i a altor produse uscate.<\/li>\n\n\n\n<li><strong>Gustare lateral\u0103<\/strong>: Un design reciclat al pungii cu burduf lateral ofer\u0103 o capacitate suplimentar\u0103, iar punga poate con\u021bine mai multe produse. Avem o gam\u0103 larg\u0103 de capacit\u0103\u021bi, de la 100 g la 1 kg, pentru a putea r\u0103spunde \u00een mod flexibil diferitelor nevoi de ambalare.<\/li>\n\n\n\n<li><strong>Fereastr\u0103 transparent\u0103<\/strong>: Ambalajul cu fereastr\u0103 transparent\u0103 permite clien\u021bilor s\u0103 vad\u0103 produsul din interiorul pungii, potrivit pentru produsele alimentare care trebuie s\u0103 expun\u0103 aspectul \u0219i calitatea produsului, permi\u021b\u00e2nd clien\u021bilor s\u0103 ia decizii mai informate cu privire la produse.<\/li>\n\n\n\n<li><strong>Material durabil<\/strong>: Materialul compozit de \u00eenalt\u0103 calitate cu rezisten\u021b\u0103 superioar\u0103 la rupere, rezisten\u021b\u0103 la abraziune \u0219i rezisten\u021b\u0103 la umiditate este utilizat pentru fabricarea pungii personalizate pentru chipsuri tortilla. Materialul p\u0103streaz\u0103 alimentele din interiorul pungii uscate \u0219i proaspete pentru o perioad\u0103 lung\u0103 de timp, prelunge\u0219te durata de valabilitate a produsului \u0219i men\u021bine cea mai bun\u0103 calitate a produsului.<\/li>\n\n\n\n<li><strong>Sustenabilitatea \u0219i conservarea mediului<\/strong>: Punga cu burduf lateral reciclat utilizeaz\u0103 material de ambalare reciclabil 100%, \u00eendeplinind astfel standardele interna\u021bionale de mediu, iar efectul s\u0103u asupra mediului este redus. Ne propunem s\u0103 reducem utilizarea plasticului \u0219i s\u0103 sus\u021binem conservarea mediului.<\/li>\n\n\n\n<li><strong>Dimensiuni multiple \u0219i versatilitate<\/strong>: Oferim clien\u021bilor no\u0219tri o gam\u0103 de pungi cu burduf lateral reciclat \u00een mai multe dimensiuni \u0219i capacit\u0103\u021bi pentru a satisface nevoile de ambalare ale diferitelor produse. De la ambalarea loturilor mici la ambalarea \u00een vrac, avem solu\u021bii versatile \u0219i personalizate.<\/li>\n<\/ul>\n<\/div>\n\n\n\n<div class=\"wp-block-column is-layout-flow wp-block-column-is-layout-flow\">\n<figure class=\"wp-block-image size-full\"><img fetchpriority=\"high\" decoding=\"async\" width=\"750\" height=\"750\" src=\"https:\/\/www.hyflexpack.com\/wp-content\/uploads\/2025\/03\/Custom-Plastic-Tortilla-Chips-Bag-5.webp\" alt=\"Custom-Tortilla-Chips-Bag-Manufacturer-5\" class=\"wp-image-6366\" srcset=\"https:\/\/www.hyflexpack.com\/wp-content\/uploads\/2025\/03\/Custom-Plastic-Tortilla-Chips-Bag-5.webp 750w, https:\/\/www.hyflexpack.com\/wp-content\/uploads\/2025\/03\/Custom-Plastic-Tortilla-Chips-Bag-5-300x300.webp 300w, https:\/\/www.hyflexpack.com\/wp-content\/uploads\/2025\/03\/Custom-Plastic-Tortilla-Chips-Bag-5-150x150.webp 150w, https:\/\/www.hyflexpack.com\/wp-content\/uploads\/2025\/03\/Custom-Plastic-Tortilla-Chips-Bag-5-12x12.webp 12w, https:\/\/www.hyflexpack.com\/wp-content\/uploads\/2025\/03\/Custom-Plastic-Tortilla-Chips-Bag-5-285x285.webp 285w, https:\/\/www.hyflexpack.com\/wp-content\/uploads\/2025\/03\/Custom-Plastic-Tortilla-Chips-Bag-5-270x270.webp 270w, https:\/\/www.hyflexpack.com\/wp-content\/uploads\/2025\/03\/Custom-Plastic-Tortilla-Chips-Bag-5-540x540.webp 540w, https:\/\/www.hyflexpack.com\/wp-content\/uploads\/2025\/03\/Custom-Plastic-Tortilla-Chips-Bag-5-660x660.webp 660w\" sizes=\"(max-width: 750px) 100vw, 750px\" \/><\/figure>\n<\/div>\n<\/div>\n\n\n\n<p><\/p>","protected":false},"excerpt":{"rendered":"<p>Huiyang Packaging ofer\u0103 pungi personalizate de \u00eenalt\u0103 calitate pentru tortilla chips, care sunt fabricate din materiale reciclate ecologice, iar designul transparent al ferestrei face produsul mai atractiv. Sprijinim imprimarea personalizat\u0103 pentru a satisface diferite nevoi de capacitate, concentr\u00e2ndu-ne pe protec\u021bia mediului \u0219i dezvoltarea durabil\u0103. Contacta\u021bi-ne acum pentru design gratuit \u0219i mostre pentru a spori competitivitatea m\u0103rcii dvs. pe pia\u021b\u0103!<\/p>\n<h3>Specifica\u021bii pentru punga de chipsuri Tortilla<\/h3>\n<p>Material: H\u00e2rtie Krafr, PLA, BOPP PE, PP, EVOH, etc<br \/>Dimensiune: Personalizate disponibile<br \/>Tip: Side Gusset Pouch\uff0c Back Seal Bag<br \/>Culoare: Personalizat<br \/>Comanda personalizat\u0103: Accepta\u021bi OEM &amp; ODM<br \/>Manipularea suprafe\u021belor: Imprimare prin gravur\u0103<br \/>Certificare: Certificat ISO, BRC, FDA<br \/>Mostr\u0103 gratuit\u0103: Suport<br \/>MOQ: 10000psc<\/p>","protected":false},"featured_media":6369,"comment_status":"open","ping_status":"closed","template":"","meta":[],"product_brand":[],"product_cat":[57],"product_tag":[],"class_list":{"0":"post-6350","1":"product","2":"type-product","3":"status-publish","4":"has-post-thumbnail","6":"product_cat-snack-packaging-bags-wholesale","8":"first","9":"instock","10":"shipping-taxable","11":"product-type-simple"},"_links":{"self":[{"href":"https:\/\/www.hyflexpack.com\/ro\/wp-json\/wp\/v2\/product\/6350","targetHints":{"allow":["GET"]}}],"collection":[{"href":"https:\/\/www.hyflexpack.com\/ro\/wp-json\/wp\/v2\/product"}],"about":[{"href":"https:\/\/www.hyflexpack.com\/ro\/wp-json\/wp\/v2\/types\/product"}],"replies":[{"embeddable":true,"href":"https:\/\/www.hyflexpack.com\/ro\/wp-json\/wp\/v2\/comments?post=6350"}],"wp:featuredmedia":[{"embeddable":true,"href":"https:\/\/www.hyflexpack.com\/ro\/wp-json\/wp\/v2\/media\/6369"}],"wp:attachment":[{"href":"https:\/\/www.hyflexpack.com\/ro\/wp-json\/wp\/v2\/media?parent=6350"}],"wp:term":[{"taxonomy":"product_brand","embeddable":true,"href":"https:\/\/www.hyflexpack.com\/ro\/wp-json\/wp\/v2\/product_brand?post=6350"},{"taxonomy":"product_cat","embeddable":true,"href":"https:\/\/www.hyflexpack.com\/ro\/wp-json\/wp\/v2\/product_cat?post=6350"},{"taxonomy":"product_tag","embeddable":true,"href":"https:\/\/www.hyflexpack.com\/ro\/wp-json\/wp\/v2\/product_tag?post=6350"}],"curies":[{"name":"wp","href":"https:\/\/api.w.org\/{rel}","templated":true}]}}