{"id":6305,"date":"2025-03-27T07:12:23","date_gmt":"2025-03-27T07:12:23","guid":{"rendered":"https:\/\/www.hyflexpack.com\/?post_type=product&#038;p=6305"},"modified":"2025-10-27T07:13:18","modified_gmt":"2025-10-27T07:13:18","slug":"customized-retort-food-pouches-supply","status":"publish","type":"product","link":"https:\/\/www.hyflexpack.com\/ro\/product\/customized-retort-food-pouches-supply\/","title":{"rendered":"Personalizate Retort Food Pouches plastic laminat plat Pouch furnizor"},"content":{"rendered":"<div class=\"wp-block-columns is-layout-flex wp-container-core-columns-is-layout-9d6595d7 wp-block-columns-is-layout-flex\">\n<div class=\"wp-block-column is-layout-flow wp-block-column-is-layout-flow\">\n<h2 class=\"wp-block-heading\">Custom Retort Food Pouches Caracteristici:<\/h2>\n\n\n\n<ul class=\"wp-block-list\">\n<li><strong>Professional Retort Food Pouches Factory Supply<\/strong><br>\u00cen calitate de companie profesionist\u0103 de furnizare a fabricii de pungi pentru alimente retort, suntem dedica\u021bi furniz\u0103rii de solu\u021bii de ambalare a alimentelor de \u00eenalt\u0103 calitate, rezistente la c\u0103ldur\u0103 pentru alimente gata de consum, supe, sosuri \u0219i alte produse alimentare prelucrate la temperaturi ridicate.<\/li>\n\n\n\n<li><strong>Materiale rezistente la temperaturi ridicate<\/strong><br>Pungile noastre reply retort sunt fabricate din folie compozit\u0103 laminat\u0103 multistrat cu stabilitate termic\u0103 excelent\u0103. Acestea rezist\u0103 la temperaturi de sterilizare de peste 120 \u00b0 C, f\u0103r\u0103 deformare, scurgeri sau transfer de miros - siguran\u021b\u0103 alimentar\u0103 \u0219i termen lung de valabilitate.<\/li>\n\n\n\n<li><strong>Structur\u0103 stabil\u0103 sigilat\u0103 termic<\/strong><br>Gura pungii utilizeaz\u0103 o tehnologie avansat\u0103 de sigilare termic\u0103 pentru a oferi o performan\u021b\u0103 stabil\u0103 de sigilare la temperaturi extreme, evit\u00e2nd contaminarea, scurgerile sau deteriorarea \u00een timpul steriliz\u0103rii \u0219i transportului.<\/li>\n\n\n\n<li><strong>Protec\u021bia Marii Bariere<\/strong><br>Aceste pungi con\u021bin straturi sofisticate de barier\u0103 \u00eempotriva oxigenului, umidit\u0103\u021bii \u0219i luminii, care protejeaz\u0103 prospe\u021bimea, aroma \u0219i calitatea nutri\u021bional\u0103 a alimentelor - chiar \u0219i \u00een cazul depozit\u0103rii \u00eendelungate sau al transportului interna\u021bional.<\/li>\n\n\n\n<li><strong>Tipuri de pungi multifunc\u021bionale \u0219i design personalizat<\/strong><br>Oferim o gam\u0103 larg\u0103 de stiluri - pungi plate, pungi cu pliu \u0219i pungi stand-up - complet personalizabile \u00een ceea ce prive\u0219te dimensiunea, materialul \u0219i imprimarea. Serviciile OEM\/ODM v\u0103 permit s\u0103 crea\u021bi pungi personalizate pentru produse alimentare care reflect\u0103 imaginea dvs. unic\u0103 de marc\u0103 \u0219i pozi\u021bionarea pe pia\u021b\u0103.<\/li>\n\n\n\n<li><strong>Ambalaje ecologice \u0219i sigure<\/strong><br>Articolele noastre respect\u0103 standardele globale de securitate alimentar\u0103 \u0219i ofer\u0103 alternative ecologice, inclusiv folii de ambalare reciclabile \u0219i f\u0103r\u0103 BPA, \u00een conformitate cu tendin\u021bele globale de sustenabilitate.<\/li>\n\n\n\n<li><strong>Asisten\u021b\u0103 angro direct\u0103 din fabric\u0103<\/strong><br>Suntem o baz\u0103 de aprovizionare a fabricii pentru afacerea cu pungi alimentare retort \u0219i oferim pre\u021buri directe din fabric\u0103, MOQ sc\u0103zut, livrare rapid\u0103 \u0219i coeren\u021b\u0103 a controlului calit\u0103\u021bii - permi\u021b\u00e2ndu-v\u0103 s\u0103 reduce\u021bi costurile, s\u0103 reduce\u021bi timpul de plumb \u0219i s\u0103 v\u0103 realiza\u021bi dezvoltarea pie\u021bei \u00eentr-un mod eficient.<\/li>\n<\/ul>\n<\/div>\n\n\n\n<div class=\"wp-block-column is-layout-flow wp-block-column-is-layout-flow\">\n<figure class=\"wp-block-image size-full\"><img fetchpriority=\"high\" decoding=\"async\" width=\"750\" height=\"750\" src=\"https:\/\/www.hyflexpack.com\/wp-content\/uploads\/2025\/10\/Custom-Retort-Food-Pouches-Factory-Supply-2.webp\" alt=\"Custom Retort Food Pouches Factory Supply (2)\" class=\"wp-image-8266\" srcset=\"https:\/\/www.hyflexpack.com\/wp-content\/uploads\/2025\/10\/Custom-Retort-Food-Pouches-Factory-Supply-2.webp 750w, https:\/\/www.hyflexpack.com\/wp-content\/uploads\/2025\/10\/Custom-Retort-Food-Pouches-Factory-Supply-2-300x300.webp 300w, https:\/\/www.hyflexpack.com\/wp-content\/uploads\/2025\/10\/Custom-Retort-Food-Pouches-Factory-Supply-2-150x150.webp 150w, https:\/\/www.hyflexpack.com\/wp-content\/uploads\/2025\/10\/Custom-Retort-Food-Pouches-Factory-Supply-2-12x12.webp 12w, https:\/\/www.hyflexpack.com\/wp-content\/uploads\/2025\/10\/Custom-Retort-Food-Pouches-Factory-Supply-2-285x285.webp 285w, https:\/\/www.hyflexpack.com\/wp-content\/uploads\/2025\/10\/Custom-Retort-Food-Pouches-Factory-Supply-2-270x270.webp 270w, https:\/\/www.hyflexpack.com\/wp-content\/uploads\/2025\/10\/Custom-Retort-Food-Pouches-Factory-Supply-2-540x540.webp 540w, https:\/\/www.hyflexpack.com\/wp-content\/uploads\/2025\/10\/Custom-Retort-Food-Pouches-Factory-Supply-2-660x660.webp 660w\" sizes=\"(max-width: 750px) 100vw, 750px\" \/><\/figure>\n<\/div>\n<\/div>\n\n\n\n<p><\/p>","protected":false},"excerpt":{"rendered":"<p>Bine a\u021bi venit la cump\u0103rare <strong data-start=\"184\" data-end=\"214\">pungi personalizate pentru alimente retort<\/strong> de la un furnizor de \u00eencredere <strong data-start=\"231\" data-end=\"269\">pungi de alimente retort fabrica de aprovizionare<\/strong> surs\u0103. Noi oferim <strong data-start=\"287\" data-end=\"316\">design gratuit, mostre gratuite<\/strong>, \u0219i <strong data-start=\"322\" data-end=\"350\">pre\u021buri en-gros din fabric\u0103<\/strong> cu materiale rezistente la c\u0103ldur\u0103, sigilare sigur\u0103 \u0219i imprimare personalizabil\u0103 pentru ambalarea alimentelor la temperaturi ridicate.<\/p>\n<h3>Avantajele furnizorului de pungi alimentare Retort<\/h3>\n<ul>\n<li><strong>Design personalizat:<\/strong>\u00a0Oferim servicii personalizate, inclusiv personalizarea materialelor, dimensiunilor \u0219i modelelor de imprimare pentru a r\u0103spunde nevoilor clien\u021bilor \u0219i sprijinim OEM \u0219i ODM.<\/li>\n<li><strong>Fabricarea:<\/strong>\u00a0Cu echipamente \u0219i tehnologii avansate, putem finaliza produc\u021bia de comand\u0103 \u00een mod eficient \u0219i de \u00eenalt\u0103 calitate, \u0219i putem livra la timp.<\/li>\n<li><strong>Inspec\u021bia calit\u0103\u021bii:<\/strong>\u00a0Produc\u021bia se realizeaz\u0103 \u00een strict\u0103 conformitate cu standardele de calitate \u0219i cerin\u021bele de siguran\u021b\u0103 alimentar\u0103 pentru a se asigura c\u0103 produsele \u00eendeplinesc standardele.<\/li>\n<li><strong>Certificare\uff1a<\/strong>\u00a0FDA\/BRC\/ISO 9001\/RoHS<\/li>\n<li><strong>Serviciul Clien\u021bi:<\/strong>\u00a024 de ore pentru a oferi un r\u0103spuns rapid \u0219i un serviciu de asisten\u021b\u0103 pentru clien\u021bi grijuliu.<\/li>\n<li><strong>Mostr\u0103 gratuit\u0103:<\/strong>\u00a0Oferim un serviciu gratuit de mostre pentru a v\u0103 ajuta s\u0103 evalua\u021bi produsul.<\/li>\n<li><strong class=\"skrollable skrollable-between\" data-start=\"895\" data-end=\"917\">Pre\u021b competitiv:<\/strong>\u00a0Cu o capacitate de produc\u021bie la scar\u0103 larg\u0103 \u0219i un management eficient din punct de vedere al costurilor, oferim pre\u021buri competitive f\u0103r\u0103 a compromite calitatea produselor.<\/li>\n<\/ul>\n<p><a href=\"https:\/\/www.hyflexpack.com\/ro\/\"><strong>Ambalaje Huiyang<\/strong><\/a>\u00a0se angajeaz\u0103 s\u0103 ofere clien\u021bilor\u00a0<span style=\"box-sizing: border-box; margin: 0px; padding: 0px;\"><strong>calitate alimentar\u0103<\/strong><\/span> <strong data-start=\"184\" data-end=\"214\">retort\u0103 <\/strong>pentru a ajuta clien\u021bii s\u0103 \u00ee\u0219i \u00eembun\u0103t\u0103\u021beasc\u0103 imaginea produsului \u0219i s\u0103 \u00ee\u0219i sporeasc\u0103 competitivitatea pe pia\u021b\u0103.<\/p>","protected":false},"featured_media":8266,"comment_status":"open","ping_status":"closed","template":"","meta":[],"product_brand":[],"product_cat":[79,51],"product_tag":[],"class_list":{"0":"post-6305","1":"product","2":"type-product","3":"status-publish","4":"has-post-thumbnail","6":"product_cat-custom-retort-pouch","7":"product_cat-custom-food-packaging-bags","9":"first","10":"instock","11":"shipping-taxable","12":"product-type-simple"},"_links":{"self":[{"href":"https:\/\/www.hyflexpack.com\/ro\/wp-json\/wp\/v2\/product\/6305","targetHints":{"allow":["GET"]}}],"collection":[{"href":"https:\/\/www.hyflexpack.com\/ro\/wp-json\/wp\/v2\/product"}],"about":[{"href":"https:\/\/www.hyflexpack.com\/ro\/wp-json\/wp\/v2\/types\/product"}],"replies":[{"embeddable":true,"href":"https:\/\/www.hyflexpack.com\/ro\/wp-json\/wp\/v2\/comments?post=6305"}],"wp:featuredmedia":[{"embeddable":true,"href":"https:\/\/www.hyflexpack.com\/ro\/wp-json\/wp\/v2\/media\/8266"}],"wp:attachment":[{"href":"https:\/\/www.hyflexpack.com\/ro\/wp-json\/wp\/v2\/media?parent=6305"}],"wp:term":[{"taxonomy":"product_brand","embeddable":true,"href":"https:\/\/www.hyflexpack.com\/ro\/wp-json\/wp\/v2\/product_brand?post=6305"},{"taxonomy":"product_cat","embeddable":true,"href":"https:\/\/www.hyflexpack.com\/ro\/wp-json\/wp\/v2\/product_cat?post=6305"},{"taxonomy":"product_tag","embeddable":true,"href":"https:\/\/www.hyflexpack.com\/ro\/wp-json\/wp\/v2\/product_tag?post=6305"}],"curies":[{"name":"wp","href":"https:\/\/api.w.org\/{rel}","templated":true}]}}