{"id":6221,"date":"2025-02-28T09:32:11","date_gmt":"2025-02-28T09:32:11","guid":{"rendered":"https:\/\/www.hyflexpack.com\/?post_type=product&#038;p=6221"},"modified":"2025-10-23T08:17:38","modified_gmt":"2025-10-23T08:17:38","slug":"bespoke-dog-food-packaging-bag","status":"publish","type":"product","link":"https:\/\/www.hyflexpack.com\/ro\/product\/bespoke-dog-food-packaging-bag\/","title":{"rendered":"Bespoke Dog Food Packaging Bag, reciclabile Stand Up Pouches Producator"},"content":{"rendered":"<div class=\"wp-block-columns is-layout-flex wp-container-core-columns-is-layout-9d6595d7 wp-block-columns-is-layout-flex\">\n<div class=\"wp-block-column is-layout-flow wp-block-column-is-layout-flow\">\n<h3 class=\"wp-block-heading\">Caracteristici ale Bespoke Dog Food Packaging Bag<\/h3>\n\n\n\n<ul class=\"wp-block-list\">\n<li><strong>Material reciclabil<\/strong>: Utilizarea materialului reciclabil de \u00eenalt\u0103 calitate \u00eendepline\u0219te standardele de mediu, f\u0103c\u00e2nd ca sacul de ambalare a alimentelor pentru c\u00e2ini personalizat s\u0103 capteze consumatori mai con\u0219tien\u021bi de mediu.<\/li>\n<\/ul>\n\n\n\n<p><\/p>\n\n\n\n<ul class=\"wp-block-list\">\n<li><strong>Durabilitate \u0219i protec\u021bie<\/strong>: Utilizarea materialului compozit multistrat are o rezisten\u021b\u0103 excelent\u0103 la rupere, rezisten\u021b\u0103 la umiditate \u0219i rezisten\u021b\u0103 la oxidare, protej\u00e2nd \u00een mod eficient prospe\u021bimea \u0219i calitatea alimentelor pentru c\u00e2ini \u00een timpul transportului \u0219i depozit\u0103rii.<\/li>\n<\/ul>\n\n\n\n<p><\/p>\n\n\n\n<ul class=\"wp-block-list\">\n<li><strong>Respect\u0103 standardele de siguran\u021b\u0103 alimentar\u0103<\/strong>: Materialele aplicate sunt testate riguros \u0219i trec standardele de siguran\u021b\u0103 pentru contactul cu alimentele, astfel \u00eenc\u00e2t ambalajul personalizat pentru alimente pentru c\u00e2ini s\u0103 fie non-toxic.<\/li>\n<\/ul>\n\n\n\n<p><\/p>\n\n\n\n<ul class=\"wp-block-list\">\n<li><strong>U\u0219or de deschis \u0219i sigilat<\/strong>: Echipat cu o \u00eenchidere cu fermoar de \u00eenalt\u0103 calitate, utilizatorii pot resigila cu u\u0219urin\u021b\u0103 dup\u0103 deschidere, promov\u00e2nd u\u0219urin\u021ba de utilizare \u0219i experien\u021ba consumatorului.<\/li>\n<\/ul>\n\n\n\n<p><\/p>\n\n\n\n<ul class=\"wp-block-list\">\n<li><strong>Stand-Up Design<\/strong>: Designul pungii stand-up poate oferi efecte de afi\u0219are \u00eembun\u0103t\u0103\u021bite \u0219i economie de spa\u021biu pe raft.<\/li>\n<\/ul>\n<\/div>\n\n\n\n<div class=\"wp-block-column is-layout-flow wp-block-column-is-layout-flow\">\n<figure class=\"wp-block-image size-full\"><img fetchpriority=\"high\" decoding=\"async\" width=\"750\" height=\"750\" src=\"https:\/\/www.hyflexpack.com\/wp-content\/uploads\/2025\/02\/Bespoke-Dog-Food-Packaging-Bag-1.webp\" alt=\"Bespoke Dog Food ambalaj sac\" class=\"wp-image-6191\" srcset=\"https:\/\/www.hyflexpack.com\/wp-content\/uploads\/2025\/02\/Bespoke-Dog-Food-Packaging-Bag-1.webp 750w, https:\/\/www.hyflexpack.com\/wp-content\/uploads\/2025\/02\/Bespoke-Dog-Food-Packaging-Bag-1-300x300.webp 300w, https:\/\/www.hyflexpack.com\/wp-content\/uploads\/2025\/02\/Bespoke-Dog-Food-Packaging-Bag-1-150x150.webp 150w, https:\/\/www.hyflexpack.com\/wp-content\/uploads\/2025\/02\/Bespoke-Dog-Food-Packaging-Bag-1-12x12.webp 12w, https:\/\/www.hyflexpack.com\/wp-content\/uploads\/2025\/02\/Bespoke-Dog-Food-Packaging-Bag-1-285x285.webp 285w, https:\/\/www.hyflexpack.com\/wp-content\/uploads\/2025\/02\/Bespoke-Dog-Food-Packaging-Bag-1-270x270.webp 270w, https:\/\/www.hyflexpack.com\/wp-content\/uploads\/2025\/02\/Bespoke-Dog-Food-Packaging-Bag-1-540x540.webp 540w, https:\/\/www.hyflexpack.com\/wp-content\/uploads\/2025\/02\/Bespoke-Dog-Food-Packaging-Bag-1-660x660.webp 660w\" sizes=\"(max-width: 750px) 100vw, 750px\" \/><\/figure>\n<\/div>\n<\/div>\n\n\n\n<p><\/p>","protected":false},"excerpt":{"rendered":"<p>Afla\u021bi mai multe despre pungile noastre personalizate pentru ambalarea alimentelor pentru animale de companie realizate din folie de aluminiu \u0219i h\u00e2rtie kraft. Este o pung\u0103 personalizat\u0103 pentru ambalarea hranei pentru animale de companie fabricat\u0103 din materiale reciclabile \u0219i are forma unui design stand-up pentru transport u\u0219or. Contacta\u021bi echipa noastr\u0103 profesional\u0103 acum pentru o ofert\u0103 detaliat\u0103, v\u0103 vom servi din toat\u0103 inima!<\/p>\n<h3>Avantajele de \u00eenalt\u0103 calitate Bespoke Dog Food ambalaj sac produc\u0103tor<\/h3>\n<ul>\n<li><strong>Serviciu personalizat<\/strong>: Huiyang Packaging este specializat\u0103 \u00een furnizarea c\u0103tre clien\u021bi de servicii de ambalare personalizate profesioniste, de la proiectarea produsului la produc\u021bie.<\/li>\n<li><strong>Conceptul de protec\u021bie a mediului<\/strong>: Huiyang este \u00eenc\u00e2ntat s\u0103 ofere clien\u021bilor materiale de ambalare ecologice \u0219i s\u0103 utilizeze materiale reciclabile pentru a satisface nevoia global\u0103 de ambalaje ecologice.<\/li>\n<li><strong>Control excelent al calit\u0103\u021bii<\/strong>: Huiyang utilizeaz\u0103 utilaje avansate implicate \u00een procesul de fabrica\u021bie \u00eempreun\u0103 cu sisteme stricte de control al calit\u0103\u021bii pentru a asigura standarde de \u00eenalt\u0103 calitate \u00een fiecare lot de material de ambalare.<\/li>\n<li><strong>Inovarea \u0219i adaptarea pie\u021bei<\/strong>: Fiind un lider de pia\u021b\u0103, Huiyang nu \u00eenceteaz\u0103 niciodat\u0103 s\u0103 inoveze \u0219i s\u0103 produc\u0103 ambalaje care sunt \u00een concordan\u021b\u0103 cu tendin\u021bele pie\u021bei \u0219i cu gusturile consumatorilor.<\/li>\n<\/ul>\n<p>Huiyang Packaging se angajeaz\u0103 s\u0103 furnizeze clien\u021bilor pungi de ambalare pentru alimente pentru c\u00e2ini de \u00eenalt\u0103 calitate, personalizate, pentru a ajuta clien\u021bii s\u0103-\u0219i \u00eembun\u0103t\u0103\u021beasc\u0103 imaginea produsului \u0219i s\u0103-\u0219i sporeasc\u0103 competitivitatea pe pia\u021b\u0103.<\/p>","protected":false},"featured_media":6191,"comment_status":"open","ping_status":"closed","template":"","meta":[],"product_brand":[],"product_cat":[56],"product_tag":[],"class_list":{"0":"post-6221","1":"product","2":"type-product","3":"status-publish","4":"has-post-thumbnail","6":"product_cat-custom-pet-food-packaging","8":"first","9":"instock","10":"shipping-taxable","11":"product-type-simple"},"_links":{"self":[{"href":"https:\/\/www.hyflexpack.com\/ro\/wp-json\/wp\/v2\/product\/6221","targetHints":{"allow":["GET"]}}],"collection":[{"href":"https:\/\/www.hyflexpack.com\/ro\/wp-json\/wp\/v2\/product"}],"about":[{"href":"https:\/\/www.hyflexpack.com\/ro\/wp-json\/wp\/v2\/types\/product"}],"replies":[{"embeddable":true,"href":"https:\/\/www.hyflexpack.com\/ro\/wp-json\/wp\/v2\/comments?post=6221"}],"wp:featuredmedia":[{"embeddable":true,"href":"https:\/\/www.hyflexpack.com\/ro\/wp-json\/wp\/v2\/media\/6191"}],"wp:attachment":[{"href":"https:\/\/www.hyflexpack.com\/ro\/wp-json\/wp\/v2\/media?parent=6221"}],"wp:term":[{"taxonomy":"product_brand","embeddable":true,"href":"https:\/\/www.hyflexpack.com\/ro\/wp-json\/wp\/v2\/product_brand?post=6221"},{"taxonomy":"product_cat","embeddable":true,"href":"https:\/\/www.hyflexpack.com\/ro\/wp-json\/wp\/v2\/product_cat?post=6221"},{"taxonomy":"product_tag","embeddable":true,"href":"https:\/\/www.hyflexpack.com\/ro\/wp-json\/wp\/v2\/product_tag?post=6221"}],"curies":[{"name":"wp","href":"https:\/\/api.w.org\/{rel}","templated":true}]}}