{"id":6033,"date":"2025-02-28T09:45:14","date_gmt":"2025-02-28T09:45:14","guid":{"rendered":"https:\/\/www.hyflexpack.com\/?post_type=product&#038;p=6033"},"modified":"2025-10-23T08:17:33","modified_gmt":"2025-10-23T08:17:33","slug":"custom-potato-chips-packaging-bag","status":"publish","type":"product","link":"https:\/\/www.hyflexpack.com\/ro\/product\/custom-potato-chips-packaging-bag\/","title":{"rendered":"Custom Printed Potato Chips Packaging Laminated Pouch Plastic Medium Back Seal Bag Supplier"},"content":{"rendered":"<div class=\"wp-block-columns is-layout-flex wp-container-core-columns-is-layout-9d6595d7 wp-block-columns-is-layout-flex\">\n<div class=\"wp-block-column is-layout-flow wp-block-column-is-layout-flow\">\n<h3 class=\"wp-block-heading\">Features of Custom Potato Chips Packaging Bag<\/h3>\n\n\n\n<ul class=\"wp-block-list\">\n<li><strong>Proiectare personalizat\u0103<\/strong>: Our custom potato chips packaging manufacturer provides customized printing service, and can pattern, color, and brand logos according to brand needs.<\/li>\n<\/ul>\n\n\n\n<p><\/p>\n\n\n\n<ul class=\"wp-block-list\">\n<li><strong>Imprimare de \u00eenalt\u0103 calitate<\/strong>: Ambalajul nostru personalizat pentru chipsuri de cartofi utilizeaz\u0103 tehnologie de imprimare de \u00eenalt\u0103 calitate pentru modele clare \u0219i culori str\u0103lucitoare.<\/li>\n<\/ul>\n\n\n\n<p><\/p>\n\n\n\n<ul class=\"wp-block-list\">\n<li><strong>Materiale de \u00eenalt\u0103 calitate<\/strong>: Folosim material plastic compozit multistrat, cu performan\u021be bune de protec\u021bie \u00eempotriva umezelii, anti-oxidare \u0219i p\u0103strare a prospe\u021bimii.<\/li>\n<\/ul>\n\n\n\n<p><\/p>\n\n\n\n<ul class=\"wp-block-list\">\n<li><strong>Rezisten\u021b\u0103 durabil\u0103<\/strong>: Plasticul care a fost laminat este rezistent la rupere \u0219i uzur\u0103, protej\u00e2nd chipsurile de cartofi \u00eempotriva deform\u0103rii formei sau ruperii \u0219i asigur\u00e2nd un transport sigur.<\/li>\n<\/ul>\n\n\n\n<p><\/p>\n\n\n\n<ul class=\"wp-block-list\">\n<li><strong>Etan\u0219are u\u0219oar\u0103<\/strong>: Designul pungii sigilate pe spate permite produsului s\u0103 fie sigilat cu u\u0219urin\u021b\u0103 dup\u0103 deschidere, reduc\u00e2nd expunerea la aer \u0219i men\u021bin\u00e2nd alimentele proaspete \u0219i crocante.<\/li>\n<\/ul>\n<\/div>\n\n\n\n<div class=\"wp-block-column is-layout-flow wp-block-column-is-layout-flow\">\n<figure class=\"wp-block-image size-full\"><img fetchpriority=\"high\" decoding=\"async\" width=\"750\" height=\"750\" src=\"https:\/\/www.hyflexpack.com\/wp-content\/uploads\/2025\/01\/Custom-Printed-Potato-Chips-Packaging-Bag-1.webp\" alt=\"Personalizate imprimate chipsuri de cartofi ambalare sac\" class=\"wp-image-6026\" srcset=\"https:\/\/www.hyflexpack.com\/wp-content\/uploads\/2025\/01\/Custom-Printed-Potato-Chips-Packaging-Bag-1.webp 750w, https:\/\/www.hyflexpack.com\/wp-content\/uploads\/2025\/01\/Custom-Printed-Potato-Chips-Packaging-Bag-1-300x300.webp 300w, https:\/\/www.hyflexpack.com\/wp-content\/uploads\/2025\/01\/Custom-Printed-Potato-Chips-Packaging-Bag-1-150x150.webp 150w, https:\/\/www.hyflexpack.com\/wp-content\/uploads\/2025\/01\/Custom-Printed-Potato-Chips-Packaging-Bag-1-12x12.webp 12w, https:\/\/www.hyflexpack.com\/wp-content\/uploads\/2025\/01\/Custom-Printed-Potato-Chips-Packaging-Bag-1-285x285.webp 285w, https:\/\/www.hyflexpack.com\/wp-content\/uploads\/2025\/01\/Custom-Printed-Potato-Chips-Packaging-Bag-1-270x270.webp 270w, https:\/\/www.hyflexpack.com\/wp-content\/uploads\/2025\/01\/Custom-Printed-Potato-Chips-Packaging-Bag-1-540x540.webp 540w, https:\/\/www.hyflexpack.com\/wp-content\/uploads\/2025\/01\/Custom-Printed-Potato-Chips-Packaging-Bag-1-660x660.webp 660w\" sizes=\"(max-width: 750px) 100vw, 750px\" \/><\/figure>\n<\/div>\n<\/div>","protected":false},"excerpt":{"rendered":"<p>With eco-friendly materials, vibrant and striking designs, and attention to environmental conservation, Huiyang delivers your custom potato chips packaging with not only safety for your product but also a higher level of brand exposure within a competitive industry. Feel free to contact us for pricing.<\/p>\n<h3>Avantajele produc\u0103torului de ambalaje pentru chipsuri de cartofi<\/h3>\n<ul>\n<li><strong>Materiale ecologice<\/strong>: Pune accentul pe utilizarea materialelor durabile, ecologice, pentru a ajuta brandurile s\u0103 \u00ee\u0219i reduc\u0103 amprenta de carbon.<\/li>\n<li><strong>Customizable Service<\/strong>: Provide customized laminating pouch sizes, materials colors, etc.<\/li>\n<li><strong>Siguran\u021ba produselor<\/strong>: Se asigur\u0103 c\u0103 ambalajul este durabil, nu prezint\u0103 deterior\u0103ri \u0219i men\u021bine prospe\u021bimea produselor.<\/li>\n<li><strong>Expunerea m\u0103rcii<\/strong>: Cu designul s\u0103u revolu\u021bionar \u0219i materialul s\u0103u excelent, Huiyang Packing cre\u0219te expunerea m\u0103rcii pe pie\u021bele competitive.<\/li>\n<\/ul>\n<p>Huiyang Packing offers a synthesis of creativity, reliability, and affordability, the most suitable option for businesses searching to provide the product with an enhanced presentation while enjoying uncompromised protection. Contact us for free design and sample services to make your products stand out!<\/p>","protected":false},"featured_media":6026,"comment_status":"open","ping_status":"closed","template":"","meta":[],"product_brand":[],"product_cat":[57],"product_tag":[],"class_list":{"0":"post-6033","1":"product","2":"type-product","3":"status-publish","4":"has-post-thumbnail","6":"product_cat-snack-packaging-bags-wholesale","8":"first","9":"instock","10":"shipping-taxable","11":"product-type-simple"},"_links":{"self":[{"href":"https:\/\/www.hyflexpack.com\/ro\/wp-json\/wp\/v2\/product\/6033","targetHints":{"allow":["GET"]}}],"collection":[{"href":"https:\/\/www.hyflexpack.com\/ro\/wp-json\/wp\/v2\/product"}],"about":[{"href":"https:\/\/www.hyflexpack.com\/ro\/wp-json\/wp\/v2\/types\/product"}],"replies":[{"embeddable":true,"href":"https:\/\/www.hyflexpack.com\/ro\/wp-json\/wp\/v2\/comments?post=6033"}],"wp:featuredmedia":[{"embeddable":true,"href":"https:\/\/www.hyflexpack.com\/ro\/wp-json\/wp\/v2\/media\/6026"}],"wp:attachment":[{"href":"https:\/\/www.hyflexpack.com\/ro\/wp-json\/wp\/v2\/media?parent=6033"}],"wp:term":[{"taxonomy":"product_brand","embeddable":true,"href":"https:\/\/www.hyflexpack.com\/ro\/wp-json\/wp\/v2\/product_brand?post=6033"},{"taxonomy":"product_cat","embeddable":true,"href":"https:\/\/www.hyflexpack.com\/ro\/wp-json\/wp\/v2\/product_cat?post=6033"},{"taxonomy":"product_tag","embeddable":true,"href":"https:\/\/www.hyflexpack.com\/ro\/wp-json\/wp\/v2\/product_tag?post=6033"}],"curies":[{"name":"wp","href":"https:\/\/api.w.org\/{rel}","templated":true}]}}