{"id":6007,"date":"2025-05-27T08:04:26","date_gmt":"2025-05-27T08:04:26","guid":{"rendered":"https:\/\/www.hyflexpack.com\/?post_type=product&#038;p=6007"},"modified":"2025-05-27T08:04:28","modified_gmt":"2025-05-27T08:04:28","slug":"oem-pvc-shrink-film-rolls-wholesale","status":"publish","type":"product","link":"https:\/\/www.hyflexpack.com\/ro\/product\/oem-pvc-shrink-film-rolls-wholesale\/","title":{"rendered":"OEM PET \/ PVC Shrink Film Rolls en-gros, c\u0103ldur\u0103 Shrink Wrap Sleeve ambalaj etichet\u0103 furnizor"},"content":{"rendered":"<div class=\"wp-block-columns is-layout-flex wp-container-core-columns-is-layout-9d6595d7 wp-block-columns-is-layout-flex\">\n<div class=\"wp-block-column is-layout-flow wp-block-column-is-layout-flow\">\n<h2 class=\"wp-block-heading\">Features of PVC Shrink Film Rolls<\/h2>\n\n\n\n<p><\/p>\n\n\n\n<ul class=\"wp-block-list\">\n<li>Materiale de \u00eenalt\u0103 calitate: Oferim materiale diversificate, de \u00eenalt\u0103 calitate, \u00een func\u021bie de nevoile clien\u021bilor, cum ar fi materiale plastice ecologice sau materiale cu propriet\u0103\u021bi speciale (cum ar fi rezisten\u021ba la temperaturi ridicate \u0219i rezisten\u021ba la UV) pentru a ne asigura c\u0103 etichetele sunt at\u00e2t frumoase, c\u00e2t \u0219i durabile<\/li>\n\n\n\n<li>Efficient printing: Customized services can achieve a perfect match with product packaging design, enhance the overall visual effect, and improve brand recognition through precise printing and laminating technology.<\/li>\n\n\n\n<li>Performan\u021b\u0103 superioar\u0103 de protec\u021bie: Etichetele termoplastice personalizate profesional pentru sticle pot oferi protec\u021bie suplimentar\u0103 pentru produse, pentru a preveni uzura sau falsificarea informa\u021biilor. \u00cen acela\u0219i timp, unele etichete au \u0219i propriet\u0103\u021bi impermeabile \u0219i rezistente la ulei pentru a se adapta la diverse medii de depozitare \u0219i transport.<\/li>\n\n\n\n<li>Environmental options: Support the use of biodegradable and recyclable materials to meet environmental protection requirements. Film thickness options are also provided to reduce material waste and reduce the carbon footprint.<\/li>\n\n\n\n<li>U\u0219or de utilizat: Rulourile de folie de ambalaj compozit\u0103 sunt u\u0219or de depozitat \u0219i manipulat, economisind spa\u021biu \u00een depozit.<\/li>\n<\/ul>\n<\/div>\n\n\n\n<div class=\"wp-block-column is-layout-flow wp-block-column-is-layout-flow\">\n<figure class=\"wp-block-image size-full\"><img fetchpriority=\"high\" decoding=\"async\" width=\"750\" height=\"750\" src=\"https:\/\/www.hyflexpack.com\/wp-content\/uploads\/2025\/01\/OEM-PVC-PET-Shrink-Film-Roll2.webp\" alt=\"PVC Shrink Film Rolls Wholesaler\" class=\"wp-image-6002\" srcset=\"https:\/\/www.hyflexpack.com\/wp-content\/uploads\/2025\/01\/OEM-PVC-PET-Shrink-Film-Roll2.webp 750w, https:\/\/www.hyflexpack.com\/wp-content\/uploads\/2025\/01\/OEM-PVC-PET-Shrink-Film-Roll2-300x300.webp 300w, https:\/\/www.hyflexpack.com\/wp-content\/uploads\/2025\/01\/OEM-PVC-PET-Shrink-Film-Roll2-150x150.webp 150w, https:\/\/www.hyflexpack.com\/wp-content\/uploads\/2025\/01\/OEM-PVC-PET-Shrink-Film-Roll2-12x12.webp 12w, https:\/\/www.hyflexpack.com\/wp-content\/uploads\/2025\/01\/OEM-PVC-PET-Shrink-Film-Roll2-285x285.webp 285w, https:\/\/www.hyflexpack.com\/wp-content\/uploads\/2025\/01\/OEM-PVC-PET-Shrink-Film-Roll2-270x270.webp 270w, https:\/\/www.hyflexpack.com\/wp-content\/uploads\/2025\/01\/OEM-PVC-PET-Shrink-Film-Roll2-540x540.webp 540w, https:\/\/www.hyflexpack.com\/wp-content\/uploads\/2025\/01\/OEM-PVC-PET-Shrink-Film-Roll2-660x660.webp 660w\" sizes=\"(max-width: 750px) 100vw, 750px\" \/><\/figure>\n<\/div>\n<\/div>","protected":false},"excerpt":{"rendered":"<p>We are professional OEM PVC shrink film rolls &amp; shrink label packaging supplier, offering a wide range of specifications of environmentally friendly shrink film rolls, which are widely used in bottled beverages, food, cosmetics, daily necessities and other industries. We support customized thickness, width, color and printing pattern, suitable for all kinds of high-speed packaging equipment. Wholesale in bulk, stable supply, welcome global customers to cooperate and negotiate!<\/p>\n<h3>Advantages of PVC Shrink Film Rolls Wholesaler<\/h3>\n<ul>\n<li><strong>Design personalizat<\/strong>: Oferi\u021bi solu\u021bii personalizate de proiectare pentru a \u00eendeplini diferite specifica\u021bii, dimensiuni \u0219i cerin\u021be de imprimare de p\u00e2n\u0103 la 10 culori \u00een func\u021bie de nevoile clien\u021bilor, sprijini\u021bi personalizarea OEM \u0219i ODM.<\/li>\n<li><strong>Asigurarea calit\u0103\u021bii<\/strong>: Controlul strict al procesului de produc\u021bie, folosind materii prime de \u00eenalt\u0103 calitate \u0219i echipamente de produc\u021bie avansate pentru a asigura o calitate stabil\u0103 \u0219i fiabil\u0103 a produsului.<\/li>\n<li><strong>Asisten\u021b\u0103 tehnic\u0103 profesional\u0103<\/strong>: Cu echipa tehnic\u0103 experimentat\u0103, oferim asisten\u021b\u0103 tehnic\u0103 profesional\u0103 \u0219i servicii post-v\u00e2nzare pentru a ne asigura c\u0103 nevoile clien\u021bilor sunt solu\u021bionate \u0219i rezolvate cu promptitudine.<\/li>\n<li><strong>Mostr\u0103 gratuit\u0103<\/strong>: Oferi\u021bi un serviciu gratuit de e\u0219antionare pentru a evalua produsele.<\/li>\n<\/ul>\n<p>Huiyang Packaging is dedicated to offering high-quality, custom PVC shrink film rolls that enhance product image and boost market competitiveness for our customers.<\/p>","protected":false},"featured_media":6001,"comment_status":"open","ping_status":"closed","template":"","meta":[],"product_brand":[],"product_cat":[53,84],"product_tag":[],"class_list":{"0":"post-6007","1":"product","2":"type-product","3":"status-publish","4":"has-post-thumbnail","6":"product_cat-packaging-film-supplier","7":"product_cat-shrink-sleeve-film","9":"first","10":"instock","11":"shipping-taxable","12":"product-type-simple"},"_links":{"self":[{"href":"https:\/\/www.hyflexpack.com\/ro\/wp-json\/wp\/v2\/product\/6007","targetHints":{"allow":["GET"]}}],"collection":[{"href":"https:\/\/www.hyflexpack.com\/ro\/wp-json\/wp\/v2\/product"}],"about":[{"href":"https:\/\/www.hyflexpack.com\/ro\/wp-json\/wp\/v2\/types\/product"}],"replies":[{"embeddable":true,"href":"https:\/\/www.hyflexpack.com\/ro\/wp-json\/wp\/v2\/comments?post=6007"}],"wp:featuredmedia":[{"embeddable":true,"href":"https:\/\/www.hyflexpack.com\/ro\/wp-json\/wp\/v2\/media\/6001"}],"wp:attachment":[{"href":"https:\/\/www.hyflexpack.com\/ro\/wp-json\/wp\/v2\/media?parent=6007"}],"wp:term":[{"taxonomy":"product_brand","embeddable":true,"href":"https:\/\/www.hyflexpack.com\/ro\/wp-json\/wp\/v2\/product_brand?post=6007"},{"taxonomy":"product_cat","embeddable":true,"href":"https:\/\/www.hyflexpack.com\/ro\/wp-json\/wp\/v2\/product_cat?post=6007"},{"taxonomy":"product_tag","embeddable":true,"href":"https:\/\/www.hyflexpack.com\/ro\/wp-json\/wp\/v2\/product_tag?post=6007"}],"curies":[{"name":"wp","href":"https:\/\/api.w.org\/{rel}","templated":true}]}}