{"id":5911,"date":"2024-12-23T17:39:37","date_gmt":"2024-12-23T17:39:37","guid":{"rendered":"https:\/\/www.hyflexpack.com\/?post_type=product&#038;p=5911"},"modified":"2025-11-04T09:08:36","modified_gmt":"2025-11-04T09:08:36","slug":"custom-vacuum-packaging-bags-factory","status":"publish","type":"product","link":"https:\/\/www.hyflexpack.com\/ro\/product\/custom-vacuum-packaging-bags-factory\/","title":{"rendered":"Personalizat din plastic vid ambalare pungi flexibile Pouch Factory"},"content":{"rendered":"<div class=\"wp-block-columns is-layout-flex wp-container-core-columns-is-layout-9d6595d7 wp-block-columns-is-layout-flex\">\n<div class=\"wp-block-column is-layout-flow wp-block-column-is-layout-flow\">\n<h3 class=\"wp-block-heading\">Caracteristici ale pungilor personalizate din plastic pentru ambalare \u00een vid<\/h3>\n\n\n\n<ul class=\"wp-block-list\">\n<li><strong>Pungi de ambalare \u00een vid<\/strong>: ambalaje de \u00eenalt\u0103 calitate pentru toate tipurile de produse, bloc\u00e2nd aerul, umiditatea \u0219i contaminan\u021bii. Sunt perfecte pentru prelungirea prospe\u021bimii \u0219i men\u021binerea produselor \u00een stare excelent\u0103.<\/li>\n<\/ul>\n\n\n\n<p><\/p>\n\n\n\n<ul class=\"wp-block-list\">\n<li><strong>Pungi de ambalare sigilate \u00een vid<\/strong>: Concepute pentru a face fa\u021b\u0103 aplica\u021biilor de vid maxim, aceste pungi vor permite produselor perisabile s\u0103 r\u0103m\u00e2n\u0103 proaspete mai mult timp. De asemenea, vor reduce de\u0219eurile, vor cre\u0219te durata de valabilitate \u0219i vor minimiza spa\u021biul de depozitare.<\/li>\n<\/ul>\n\n\n\n<p><\/p>\n\n\n\n<ul class=\"wp-block-list\">\n<li><strong>Pungi de plastic pentru ambalare \u00een vid<\/strong>: Pungile de plastic sub vid durabile p\u0103streaz\u0103 produsele \u00een siguran\u021b\u0103 \u0219i proaspete pentru o perioad\u0103 lung\u0103 de timp. Acest tip de ambalaj este ideal pentru diferite industrii.<\/li>\n<\/ul>\n\n\n\n<p><\/p>\n\n\n\n<ul class=\"wp-block-list\">\n<li><strong>Solu\u021bii pentru pungi de ambalare \u00een vid<\/strong>: Sacii no\u0219tri de ambalare \u00een vid sunt disponibili \u00een dimensiuni \u0219i modele personalizate, conform cerin\u021belor specifice de ambalare, pentru a asigura fiabilitatea \u0219i eficien\u021ba.<\/li>\n<\/ul>\n\n\n\n<p><\/p>\n\n\n\n<ul class=\"wp-block-list\">\n<li><strong>Compatibil cu pungile ma\u0219inii de ambalat \u00een vid<\/strong>: Pungile noastre sunt concepute pentru a func\u021biona perfect cu o ma\u0219in\u0103 de ambalat \u00een vid, pentru u\u0219urin\u021b\u0103 \u0219i economie \u00eentr-un proces automatizat de sigilare.<\/li>\n<\/ul>\n\n\n\n<p><\/p>\n\n\n\n<ul class=\"wp-block-list\">\n<li><strong>Caracteristici personalizabile<\/strong>: Oferim pungi flexibile cu op\u021biuni complete de personalizare, inclusiv dimensiune, culoare \u0219i imprimare, pentru a se potrivi cerin\u021belor dvs. de branding \u0219i de produs.<\/li>\n<\/ul>\n\n\n\n<p><\/p>\n\n\n\n<ul class=\"wp-block-list\">\n<li><strong>Durabil \u0219i economisitor de spa\u021biu<\/strong>: Pungile noastre de ambalare \u00een vid sunt u\u0219oare, dar puternice, oferind durabilitate \u00eendelungat\u0103 \u0219i economisind spa\u021biu de depozitare valoros.<\/li>\n<\/ul>\n<\/div>\n\n\n\n<div class=\"wp-block-column is-layout-flow wp-block-column-is-layout-flow\">\n<figure class=\"wp-block-image size-full\"><img fetchpriority=\"high\" decoding=\"async\" width=\"750\" height=\"750\" src=\"https:\/\/www.hyflexpack.com\/wp-content\/uploads\/2024\/12\/Custom-Plastic-Vacuum-Packaging-Bag1.webp\" alt=\"Pungi personalizate din plastic pentru ambalare \u00een vid\" class=\"wp-image-5861\" srcset=\"https:\/\/www.hyflexpack.com\/wp-content\/uploads\/2024\/12\/Custom-Plastic-Vacuum-Packaging-Bag1.webp 750w, https:\/\/www.hyflexpack.com\/wp-content\/uploads\/2024\/12\/Custom-Plastic-Vacuum-Packaging-Bag1-300x300.webp 300w, https:\/\/www.hyflexpack.com\/wp-content\/uploads\/2024\/12\/Custom-Plastic-Vacuum-Packaging-Bag1-150x150.webp 150w, https:\/\/www.hyflexpack.com\/wp-content\/uploads\/2024\/12\/Custom-Plastic-Vacuum-Packaging-Bag1-12x12.webp 12w, https:\/\/www.hyflexpack.com\/wp-content\/uploads\/2024\/12\/Custom-Plastic-Vacuum-Packaging-Bag1-285x285.webp 285w, https:\/\/www.hyflexpack.com\/wp-content\/uploads\/2024\/12\/Custom-Plastic-Vacuum-Packaging-Bag1-270x270.webp 270w, https:\/\/www.hyflexpack.com\/wp-content\/uploads\/2024\/12\/Custom-Plastic-Vacuum-Packaging-Bag1-540x540.webp 540w, https:\/\/www.hyflexpack.com\/wp-content\/uploads\/2024\/12\/Custom-Plastic-Vacuum-Packaging-Bag1-660x660.webp 660w\" sizes=\"(max-width: 750px) 100vw, 750px\" \/><\/figure>\n<\/div>\n<\/div>\n\n\n\n<h2 class=\"wp-block-heading\">Scenarii de utilizare pentru pungile de ambalare \u00een vid<\/h2>\n\n\n\n<p><\/p>\n\n\n\n<div class=\"wp-block-columns is-layout-flex wp-container-core-columns-is-layout-9d6595d7 wp-block-columns-is-layout-flex\">\n<div class=\"wp-block-column is-layout-flow wp-block-column-is-layout-flow\">\n<p><strong>Industria alimentar\u0103<\/strong> <\/p>\n\n\n\n<p>Pungile de ambalare \u00een vid sunt utilizate pe scar\u0103 larg\u0103 \u00een diferite ambalaje alimentare, cum ar fi produsele congelate \u0219i uscate, inclusiv snacks-uri, carne, fructe \u0219i legume. Pungile sunt capabile s\u0103 sigileze aerul \u0219i umiditatea, astfel \u00eenc\u00e2t prospe\u021bimea \u0219i gustul s\u0103 poat\u0103 fi p\u0103strate \u00een timp.<\/p>\n\n\n\n<p><strong>Ambalarea produselor electronice<\/strong><\/p>\n\n\n\n<p>Potrivit pentru ambalarea tuturor tipurilor de dispozitive electronice \u0219i periferice, cum ar fi telefoane mobile, accesorii de calculator \u0219i piese electronice. Pentru \u00eencapsularea \u00een vid \u00eempotriva umidit\u0103\u021bii \u0219i a prafului, aceast\u0103 deteriorare se datoreaz\u0103 mediului ambiant \u0219i poate fi vindecat\u0103 pentru a asigura calitatea produsului.<\/p>\n\n\n\n<p><strong>Ambalarea produselor farmaceutice \u0219i de s\u0103n\u0103tate<\/strong><\/p>\n\n\n\n<p>Folosit pentru ambalarea medicamentelor, vitaminelor \u0219i articolelor de \u00eengrijire a s\u0103n\u0103t\u0103\u021bii pentru a limita posibilitatea aerului, umidit\u0103\u021bii \u0219i a altor poluan\u021bi posibili pentru a asigura stabilitatea \u0219i validitatea.<\/p>\n\n\n\n<p><strong>Acas\u0103 Produse Ambalaje<\/strong><\/p>\n\n\n\n<p>Hainele ambalate, lenjeria de pat, juc\u0103riile \u0219i alte articole care nu sunt alimente ar putea ocupa mult spa\u021biu \u0219i ar trebui protejate \u00eempotriva prafului \u0219i umidit\u0103\u021bii.<\/p>\n<\/div>\n<\/div>\n\n\n\n<h2 class=\"wp-block-heading\">Ambalare \u00een vid Sfaturi pentru expediere<\/h2>\n\n\n\n<p><\/p>\n\n\n\n<p>Ambalaje neatinse de vid: Transportul trebuie s\u0103 se asigure c\u0103 pungile de ambalare \u00een vid nu sunt perforate sau zdrobite de obiecte ascu\u021bite. Recomandarea utilizeaz\u0103 materiale de ambalare moi pentru ranforsare.<\/p>\n\n\n\n<p>Evita\u021bi orice temperatur\u0103 \u0219i umiditate ridicate. \u00cen mare m\u0103sur\u0103, ambalarea \u00een vid cu materiale previne r\u0103nirea pungilor sau deteriorarea unui produs. Prin urmare, evita\u021bi momentele \u00een care m\u0103rfurile transportate au fost expuse la temperatur\u0103 \u0219i umiditate ridicate.<\/p>\n\n\n\n<p>Mediul de depozitare: \u00cen timpul transportului, sacii trebuie s\u0103 fie c\u00e2t mai usca\u021bi \u0219i r\u0103coro\u0219i posibil pentru a preveni expunerea la lumina soarelui \u0219i la un climat umed.<\/p>\n\n\n\n<p>Transportul: \u00cen general, pentru loturile mari sau pentru produsele care sunt u\u0219or de deteriorat, va trebui s\u0103 se prevad\u0103 un ambalaj de transport special \u0219i s\u0103 se garanteze c\u0103 acestea nu vor fi zdrobite \u00een timpul transportului.<\/p>","protected":false},"excerpt":{"rendered":"<p>Afla\u021bi mai multe despre pungile noastre personalizate de plastic pentru ambalarea \u00een vid, care utilizeaz\u0103 de obicei materiale plastice de \u00eenalt\u0103 calitate, cum ar fi PET, Nylon, PE sau structuri compozite multistrat din aceste materiale pentru a se asigura c\u0103 punga are o bun\u0103 rezisten\u021b\u0103 mecanic\u0103, propriet\u0103\u021bi de barier\u0103 \u0219i propriet\u0103\u021bi de etan\u0219are termic\u0103. Prin reducerea efectelor oxid\u0103rii \u0219i umidit\u0103\u021bii, durata de valabilitate a con\u021binutului este prelungit\u0103 semnificativ. Ambalarea \u00een vid poate reduce semnificativ volumul ambalajelor \u0219i optimizeaz\u0103 costurile de depozitare \u0219i logistic\u0103. Contacta\u021bi-ne ast\u0103zi pentru o ofert\u0103 de pre\u021b, ne angaj\u0103m s\u0103 oferim solu\u021bii de ambalare unice, ecologice \u0219i de \u00eenalt\u0103 calitate.<\/p>\n<h2>Avantaje ale <a href=\"https:\/\/en.wikipedia.org\/wiki\/Vacuum_packing\"><strong>Ambalare \u00een vid<\/strong><\/a> Furnizor<\/h2>\n<ul>\n<li>Proiectare personalizat\u0103: Oferim servicii personalizate de sac de ambalare \u00een vid, inclusiv personalizarea materialului, dimensiunii \u0219i modelului de imprimare pentru a satisface nevoile clien\u021bilor \u0219i <a href=\"https:\/\/www.hyflexpack.com\/ro\/ambalaje-flexibile-personalizate\/\"><strong>suport OEM\/ODM<\/strong><\/a>.<\/li>\n<li>Produc\u021bie: Cu echipamente \u0219i tehnologii avansate, putem finaliza produc\u021bia comenzii \u00een mod eficient \u0219i cu o calitate ridicat\u0103 \u0219i putem livra la timp.<\/li>\n<li>Controlul calit\u0103\u021bii: Produc\u021bia se realizeaz\u0103 \u00een strict\u0103 conformitate cu standardele de calitate \u0219i cerin\u021bele de siguran\u021b\u0103 alimentar\u0103 pentru a se asigura c\u0103 produsele \u00eendeplinesc standardele.<\/li>\n<li>Serviciul clien\u021bi: Oferi\u021bi un r\u0103spuns rapid \u0219i un serviciu de asisten\u021b\u0103 pentru clien\u021bi grijuliu 24 de ore pe zi.<\/li>\n<li>E\u0219antion gratuit: Oferi\u021bi un serviciu de e\u0219antion gratuit pentru a evalua produsul.\u00a0<\/li>\n<\/ul>","protected":false},"featured_media":5861,"comment_status":"open","ping_status":"closed","template":"","meta":[],"product_brand":[],"product_cat":[51,108],"product_tag":[],"class_list":{"0":"post-5911","1":"product","2":"type-product","3":"status-publish","4":"has-post-thumbnail","6":"product_cat-custom-food-packaging-bags","7":"product_cat-vacuum-pouches-wholesale","9":"first","10":"instock","11":"shipping-taxable","12":"product-type-simple"},"_links":{"self":[{"href":"https:\/\/www.hyflexpack.com\/ro\/wp-json\/wp\/v2\/product\/5911","targetHints":{"allow":["GET"]}}],"collection":[{"href":"https:\/\/www.hyflexpack.com\/ro\/wp-json\/wp\/v2\/product"}],"about":[{"href":"https:\/\/www.hyflexpack.com\/ro\/wp-json\/wp\/v2\/types\/product"}],"replies":[{"embeddable":true,"href":"https:\/\/www.hyflexpack.com\/ro\/wp-json\/wp\/v2\/comments?post=5911"}],"wp:featuredmedia":[{"embeddable":true,"href":"https:\/\/www.hyflexpack.com\/ro\/wp-json\/wp\/v2\/media\/5861"}],"wp:attachment":[{"href":"https:\/\/www.hyflexpack.com\/ro\/wp-json\/wp\/v2\/media?parent=5911"}],"wp:term":[{"taxonomy":"product_brand","embeddable":true,"href":"https:\/\/www.hyflexpack.com\/ro\/wp-json\/wp\/v2\/product_brand?post=5911"},{"taxonomy":"product_cat","embeddable":true,"href":"https:\/\/www.hyflexpack.com\/ro\/wp-json\/wp\/v2\/product_cat?post=5911"},{"taxonomy":"product_tag","embeddable":true,"href":"https:\/\/www.hyflexpack.com\/ro\/wp-json\/wp\/v2\/product_tag?post=5911"}],"curies":[{"name":"wp","href":"https:\/\/api.w.org\/{rel}","templated":true}]}}