{"id":5886,"date":"2024-12-24T07:02:58","date_gmt":"2024-12-24T07:02:58","guid":{"rendered":"https:\/\/www.hyflexpack.com\/?post_type=product&#038;p=5886"},"modified":"2025-10-23T08:18:07","modified_gmt":"2025-10-23T08:18:07","slug":"custom-chocolate-cereal-packaging","status":"publish","type":"product","link":"https:\/\/www.hyflexpack.com\/ro\/product\/custom-chocolate-cereal-packaging\/","title":{"rendered":"OEM Chocolate Cereal Packaging, pungi personalizate Snack cu logo-ul Trei Side Seal Pouch"},"content":{"rendered":"<div class=\"wp-block-columns is-layout-flex wp-container-core-columns-is-layout-9d6595d7 wp-block-columns-is-layout-flex\">\n<div class=\"wp-block-column is-layout-flow wp-block-column-is-layout-flow\">\n<h2 class=\"wp-block-heading\">Caracteristici ale ambalajelor pentru cereale cu ciocolat\u0103<\/h2>\n\n\n\n<p><\/p>\n\n\n\n<ul class=\"wp-block-list\">\n<li><strong>Pungi personalizate pentru ambalarea cerealelor cu ciocolat\u0103<\/strong>: v\u0103 poate ajuta s\u0103 v\u0103 prezenta\u021bi brandul \u0219i logo-ul pentru a crea ambalaje unice \u0219i atractive pentru cerealele cu ciocolat\u0103.<\/li>\n<\/ul>\n\n\n\n<p><\/p>\n\n\n\n<ul class=\"wp-block-list\">\n<li><strong>Design de pung\u0103 cu sigiliu pe trei p\u0103r\u021bi<\/strong>: Este o structur\u0103 bine asamblat\u0103, cu o \u00eenchidere sigur\u0103 pe cele trei p\u0103r\u021bi, care p\u0103streaz\u0103 prospe\u021bimea, nu s\u00e2ngereaz\u0103 \u0219i, cel mai probabil, este destinat\u0103 ambal\u0103rii.<\/li>\n<\/ul>\n\n\n\n<p><\/p>\n\n\n\n<ul class=\"wp-block-list\">\n<li><strong>Protec\u021bie foarte ridicat\u0103 a barierei<\/strong>: Materiale de calitate care ofer\u0103 bariere excelente de umiditate, oxigen \u0219i lumin\u0103 \u0219i prelungesc prospe\u021bimea ve\u0219nic\u0103 a ciocolatei pentru cereale.<\/li>\n<\/ul>\n\n\n\n<p><\/p>\n\n\n\n<ul class=\"wp-block-list\">\n<li><strong>Durabil \u0219i sigilat termic: <\/strong>Potrivit pentru ma\u0219inile de sigilat cu c\u0103ldur\u0103, asigur\u00e2nd astfel ambalaje inviolabile \u0219i etan\u0219e.<\/li>\n<\/ul>\n\n\n\n<p><\/p>\n\n\n\n<ul class=\"wp-block-list\">\n<li><strong>Op\u021biuni ecologice<\/strong>: Tipurile sunt reciclabile, precum \u0219i biodegradabile pentru ambalarea cerealelor de ciocolat\u0103 care ar fi durabile.<\/li>\n<\/ul>\n\n\n\n<p><\/p>\n\n\n\n<ul class=\"wp-block-list\">\n<li><strong>Flexibilitate Op\u021biuni variate<\/strong>: Au dimensiuni \u0219i forme diferite, precum \u0219i op\u021biuni de materiale pentru a se potrivi cerin\u021belor lor pentru produs \u0219i branding.<\/li>\n<\/ul>\n\n\n\n<p><\/p>\n\n\n\n<ul class=\"wp-block-list\">\n<li><strong>Folosit pentru<\/strong>: Se potrivesc perfect cu trei pungi de gust\u0103ri cu pung\u0103 de etan\u0219are lateral\u0103 cu cereale de ciocolat\u0103, gust\u0103ri \u0219i alimente uscate, care sunt utile \u0219i ideale.<\/li>\n<\/ul>\n<\/div>\n\n\n\n<div class=\"wp-block-column is-layout-flow wp-block-column-is-layout-flow\">\n<figure class=\"wp-block-image size-full\"><img fetchpriority=\"high\" decoding=\"async\" width=\"750\" height=\"750\" src=\"https:\/\/www.hyflexpack.com\/wp-content\/uploads\/2024\/12\/Custom-Individually-Snacks-Packaged1.webp\" alt=\"OEM Chocolate Cereal Packaging, pungi personalizate Snack cu logo-ul Trei Side Seal Pouch\" class=\"wp-image-5865\" srcset=\"https:\/\/www.hyflexpack.com\/wp-content\/uploads\/2024\/12\/Custom-Individually-Snacks-Packaged1.webp 750w, https:\/\/www.hyflexpack.com\/wp-content\/uploads\/2024\/12\/Custom-Individually-Snacks-Packaged1-300x300.webp 300w, https:\/\/www.hyflexpack.com\/wp-content\/uploads\/2024\/12\/Custom-Individually-Snacks-Packaged1-150x150.webp 150w, https:\/\/www.hyflexpack.com\/wp-content\/uploads\/2024\/12\/Custom-Individually-Snacks-Packaged1-12x12.webp 12w, https:\/\/www.hyflexpack.com\/wp-content\/uploads\/2024\/12\/Custom-Individually-Snacks-Packaged1-285x285.webp 285w, https:\/\/www.hyflexpack.com\/wp-content\/uploads\/2024\/12\/Custom-Individually-Snacks-Packaged1-270x270.webp 270w, https:\/\/www.hyflexpack.com\/wp-content\/uploads\/2024\/12\/Custom-Individually-Snacks-Packaged1-540x540.webp 540w, https:\/\/www.hyflexpack.com\/wp-content\/uploads\/2024\/12\/Custom-Individually-Snacks-Packaged1-660x660.webp 660w\" sizes=\"(max-width: 750px) 100vw, 750px\" \/><\/figure>\n<\/div>\n<\/div>\n\n\n\n<p><\/p>","protected":false},"excerpt":{"rendered":"<p>Crea\u021bi ambalaje deosebite pentru cereale cu ciocolat\u0103 cu pungile noastre personalizate pentru gust\u0103ri cu logo-ul dvs. Pungile noastre personalizate, de \u00eenalt\u0103 calitate, sunt perfecte pentru cereale \u0219i gust\u0103ri cu ciocolat\u0103. Contacta\u021bi-ne ast\u0103zi pentru mostre gratuite \u0219i descoperi\u021bi solu\u021bia perfect\u0103 de ambalare pentru marca dvs.<\/p>\n<h3>Avantajele angrosistului de ambalaje pentru cereale cu ciocolat\u0103<\/h3>\n<p>&nbsp;<\/p>\n<ul>\n<li><strong>Design personalizat<\/strong>: Putem face materiale personalizate, dimensiuni \u0219i modele de imprimare \u00een func\u021bie de cerin\u021bele clien\u021bilor no\u0219tri;\u00a0<a href=\"https:\/\/www.hyflexpack.com\/ro\/ambalaje-flexibile-personalizate\/\"><strong>OEM \u0219i ODM sunt acceptate<\/strong><\/a>.<\/li>\n<li><strong>Produc\u021bie<\/strong>: Am putea termina comenzile noastre cu o calitate excelent\u0103 \u00een timp cu echipamente \u0219i tehnologii avansate.<\/li>\n<li><strong>Controlul calit\u0103\u021bii<\/strong>: Produc\u021bia ar trebui s\u0103 fie \u00een strict\u0103 conformitate cu standardele de calitate \u0219i cu cerin\u021bele privind siguran\u021ba alimentar\u0103 pentru a se asigura c\u0103 produsele sunt conforme cu standardele.<\/li>\n<li><strong>Echipa de asisten\u021b\u0103 tehnic\u0103<\/strong>: Personalul nostru are o experien\u021b\u0103 bogat\u0103 \u00een industrie \u0219i cuno\u0219tin\u021be profesionale. Suportul tehnic \u0219i serviciile de consultan\u021b\u0103 pot fi furnizate 24 de ore.<\/li>\n<li><strong>Certific\u0103ri:<\/strong>\u00a0\u00a0BRC, ISO, QS, FDA<\/li>\n<li><strong>Mostr\u0103 gratuit\u0103<\/strong>: Serviciu gratuit de e\u0219antionare pentru a verifica calitatea stocului de role de film.<\/li>\n<\/ul>","protected":false},"featured_media":5865,"comment_status":"open","ping_status":"closed","template":"","meta":[],"product_brand":[],"product_cat":[57],"product_tag":[],"class_list":{"0":"post-5886","1":"product","2":"type-product","3":"status-publish","4":"has-post-thumbnail","6":"product_cat-snack-packaging-bags-wholesale","8":"first","9":"instock","10":"shipping-taxable","11":"product-type-simple"},"_links":{"self":[{"href":"https:\/\/www.hyflexpack.com\/ro\/wp-json\/wp\/v2\/product\/5886","targetHints":{"allow":["GET"]}}],"collection":[{"href":"https:\/\/www.hyflexpack.com\/ro\/wp-json\/wp\/v2\/product"}],"about":[{"href":"https:\/\/www.hyflexpack.com\/ro\/wp-json\/wp\/v2\/types\/product"}],"replies":[{"embeddable":true,"href":"https:\/\/www.hyflexpack.com\/ro\/wp-json\/wp\/v2\/comments?post=5886"}],"wp:featuredmedia":[{"embeddable":true,"href":"https:\/\/www.hyflexpack.com\/ro\/wp-json\/wp\/v2\/media\/5865"}],"wp:attachment":[{"href":"https:\/\/www.hyflexpack.com\/ro\/wp-json\/wp\/v2\/media?parent=5886"}],"wp:term":[{"taxonomy":"product_brand","embeddable":true,"href":"https:\/\/www.hyflexpack.com\/ro\/wp-json\/wp\/v2\/product_brand?post=5886"},{"taxonomy":"product_cat","embeddable":true,"href":"https:\/\/www.hyflexpack.com\/ro\/wp-json\/wp\/v2\/product_cat?post=5886"},{"taxonomy":"product_tag","embeddable":true,"href":"https:\/\/www.hyflexpack.com\/ro\/wp-json\/wp\/v2\/product_tag?post=5886"}],"curies":[{"name":"wp","href":"https:\/\/api.w.org\/{rel}","templated":true}]}}