{"id":5851,"date":"2024-12-25T06:22:33","date_gmt":"2024-12-25T06:22:33","guid":{"rendered":"https:\/\/www.hyflexpack.com\/?post_type=product&#038;p=5851"},"modified":"2025-10-23T08:17:59","modified_gmt":"2025-10-23T08:17:59","slug":"printed-tortilla-packaging-bag-factory","status":"publish","type":"product","link":"https:\/\/www.hyflexpack.com\/ro\/product\/printed-tortilla-packaging-bag-factory\/","title":{"rendered":"Imprimate Tortilla ambalaj Stand Up Pouches cu fereastr\u0103 transparent\u0103 Produc\u0103tor"},"content":{"rendered":"<div class=\"wp-block-columns is-layout-flex wp-container-core-columns-is-layout-9d6595d7 wp-block-columns-is-layout-flex\">\n<div class=\"wp-block-column is-layout-flow wp-block-column-is-layout-flow\">\n<h2 class=\"wp-block-heading\">Caracteristici ale produc\u0103torului de ambalaje tip\u0103rite pentru tortilla<\/h2>\n\n\n\n<p><\/p>\n\n\n\n<p><strong>Design transparent pentru ferestre<\/strong>: Ambalajul nostru pentru tortilla include o fereastr\u0103 transparent\u0103, care permite clien\u021bilor s\u0103 vad\u0103 tortilla proasp\u0103t\u0103 din interior, sporind atractivitatea la raft.<\/p>\n\n\n\n<p><strong>Materiale premium<\/strong>: Fabricate din materiale compozite multistrat de calitate alimentar\u0103, aceste pungi stand up personalizate ofer\u0103 o rezisten\u021b\u0103 excelent\u0103 la umiditate, asigur\u00e2nd p\u0103strarea prospe\u021bimii \u0219i aromei.<\/p>\n\n\n\n<p><strong>Stand-Up Design<\/strong>: Structura robust\u0103 asigur\u0103 c\u0103 punga st\u0103 \u00een pozi\u021bie vertical\u0103 pe rafturi, maximiz\u00e2nd eficien\u021ba afi\u0219\u0103rii \u0219i economisind spa\u021biu de depozitare.<\/p>\n\n\n\n<p><strong>Imprimare de \u00eenalt\u0103 calitate<\/strong>: Op\u021biunile de imprimare personalizabile pun \u00een valoare brandingul, logo-urile \u0219i informa\u021biile despre produs, sporind recunoa\u0219terea \u0219i impactul pe pia\u021b\u0103.<\/p>\n\n\n\n<p><strong>Sigilabilitate superioar\u0103<\/strong>: \u00cenchiderile termosigilabile ofer\u0103 o etan\u0219are ermetic\u0103, prelungind durata de valabilitate \u0219i protej\u00e2nd tortilla de contaminare.<\/p>\n\n\n\n<p><strong>Dimensiuni personalizabile<\/strong>: Aceste pungi personalizate stand up sunt disponibile \u00een diferite dimensiuni, perfecte pentru por\u021bii unice sau ambalaje Tortilla \u00een vrac.<\/p>\n<\/div>\n\n\n\n<div class=\"wp-block-column is-layout-flow wp-block-column-is-layout-flow\">\n<figure class=\"wp-block-image size-full\"><img fetchpriority=\"high\" decoding=\"async\" width=\"750\" height=\"750\" src=\"https:\/\/www.hyflexpack.com\/wp-content\/uploads\/2024\/12\/Printed-Tortilla-Packaging-Bag-Manufacturer-\uff081\uff09.webp\" alt=\"Imprimate Tortilla ambalare sac produc\u0103tor\" class=\"wp-image-5844\" srcset=\"https:\/\/www.hyflexpack.com\/wp-content\/uploads\/2024\/12\/Printed-Tortilla-Packaging-Bag-Manufacturer-\uff081\uff09.webp 750w, https:\/\/www.hyflexpack.com\/wp-content\/uploads\/2024\/12\/Printed-Tortilla-Packaging-Bag-Manufacturer-\uff081\uff09-300x300.webp 300w, https:\/\/www.hyflexpack.com\/wp-content\/uploads\/2024\/12\/Printed-Tortilla-Packaging-Bag-Manufacturer-\uff081\uff09-150x150.webp 150w, https:\/\/www.hyflexpack.com\/wp-content\/uploads\/2024\/12\/Printed-Tortilla-Packaging-Bag-Manufacturer-\uff081\uff09-12x12.webp 12w, https:\/\/www.hyflexpack.com\/wp-content\/uploads\/2024\/12\/Printed-Tortilla-Packaging-Bag-Manufacturer-\uff081\uff09-285x285.webp 285w, https:\/\/www.hyflexpack.com\/wp-content\/uploads\/2024\/12\/Printed-Tortilla-Packaging-Bag-Manufacturer-\uff081\uff09-270x270.webp 270w, https:\/\/www.hyflexpack.com\/wp-content\/uploads\/2024\/12\/Printed-Tortilla-Packaging-Bag-Manufacturer-\uff081\uff09-540x540.webp 540w, https:\/\/www.hyflexpack.com\/wp-content\/uploads\/2024\/12\/Printed-Tortilla-Packaging-Bag-Manufacturer-\uff081\uff09-660x660.webp 660w\" sizes=\"(max-width: 750px) 100vw, 750px\" \/><\/figure>\n<\/div>\n<\/div>\n\n\n\n<p><\/p>","protected":false},"excerpt":{"rendered":"<p>Descoperi\u021bi ambalajele noastre pentru tortilla \u00een pungi stand up personalizate cu ferestre transparente pentru vizibilitate, imprimare vibrant\u0103 \u0219i materiale ecologice. Contacta\u021bi-ne ast\u0103zi pentru o mostr\u0103 gratuit\u0103!<\/p>\n<h3>Avantajele furnizorului de ambalaje Tortilla<\/h3>\n<ul>\n<li><strong>Proiectare personalizat\u0103<\/strong>: Oferim materiale personalizate, dimensiuni \u0219i personalizarea modelului de imprimare pentru a satisface nevoile clien\u021bilor \u0219i\u00a0<a href=\"https:\/\/www.hyflexpack.com\/ro\/ambalaje-flexibile-personalizate\/\"><strong>suport OEM \u0219i ODM<\/strong><\/a>.<\/li>\n<li><strong>Produc\u021bie<\/strong>: Cu echipamente \u0219i tehnologii avansate, putem finaliza produc\u021bia de comenzi cu o eficien\u021b\u0103 ridicat\u0103 \u0219i o calitate ridicat\u0103 \u0219i putem livra la timp.<\/li>\n<li><strong>Inspec\u021bia calit\u0103\u021bii<\/strong>: Respecta\u021bi cu stricte\u021be standardele de calitate \u0219i cerin\u021bele de siguran\u021b\u0103 alimentar\u0103 pentru a v\u0103 asigura c\u0103 produsele \u00eendeplinesc standardele.<\/li>\n<li><strong>Echipa de asisten\u021b\u0103 tehnic\u0103<\/strong>: Echipa noastr\u0103 are o experien\u021b\u0103 bogat\u0103 \u00een industrie \u0219i cuno\u0219tin\u021be profesionale \u0219i poate oferi clien\u021bilor no\u0219tri asisten\u021b\u0103 tehnic\u0103 \u0219i servicii de consultan\u021b\u0103 24 de ore din 24.<\/li>\n<li><strong>Mostr\u0103 gratuit\u0103<\/strong>: Oferi\u021bi servicii gratuite de e\u0219antionare pentru a evalua produsele.<\/li>\n<\/ul>","protected":false},"featured_media":5844,"comment_status":"open","ping_status":"closed","template":"","meta":[],"product_brand":[],"product_cat":[57],"product_tag":[],"class_list":{"0":"post-5851","1":"product","2":"type-product","3":"status-publish","4":"has-post-thumbnail","6":"product_cat-snack-packaging-bags-wholesale","8":"first","9":"instock","10":"shipping-taxable","11":"product-type-simple"},"_links":{"self":[{"href":"https:\/\/www.hyflexpack.com\/ro\/wp-json\/wp\/v2\/product\/5851","targetHints":{"allow":["GET"]}}],"collection":[{"href":"https:\/\/www.hyflexpack.com\/ro\/wp-json\/wp\/v2\/product"}],"about":[{"href":"https:\/\/www.hyflexpack.com\/ro\/wp-json\/wp\/v2\/types\/product"}],"replies":[{"embeddable":true,"href":"https:\/\/www.hyflexpack.com\/ro\/wp-json\/wp\/v2\/comments?post=5851"}],"wp:featuredmedia":[{"embeddable":true,"href":"https:\/\/www.hyflexpack.com\/ro\/wp-json\/wp\/v2\/media\/5844"}],"wp:attachment":[{"href":"https:\/\/www.hyflexpack.com\/ro\/wp-json\/wp\/v2\/media?parent=5851"}],"wp:term":[{"taxonomy":"product_brand","embeddable":true,"href":"https:\/\/www.hyflexpack.com\/ro\/wp-json\/wp\/v2\/product_brand?post=5851"},{"taxonomy":"product_cat","embeddable":true,"href":"https:\/\/www.hyflexpack.com\/ro\/wp-json\/wp\/v2\/product_cat?post=5851"},{"taxonomy":"product_tag","embeddable":true,"href":"https:\/\/www.hyflexpack.com\/ro\/wp-json\/wp\/v2\/product_tag?post=5851"}],"curies":[{"name":"wp","href":"https:\/\/api.w.org\/{rel}","templated":true}]}}