{"id":5847,"date":"2024-12-21T09:40:39","date_gmt":"2024-12-21T09:40:39","guid":{"rendered":"https:\/\/www.hyflexpack.com\/?post_type=product&#038;p=5847"},"modified":"2025-10-23T08:44:51","modified_gmt":"2025-10-23T08:44:51","slug":"custom-granola-packaging-bag","status":"publish","type":"product","link":"https:\/\/www.hyflexpack.com\/ro\/product\/custom-granola-packaging-bag\/","title":{"rendered":"Personalizat Granola ambalaj sac cu fereastra Creative Stand Up Pouch furnizor"},"content":{"rendered":"<div class=\"wp-block-columns is-layout-flex wp-container-core-columns-is-layout-9d6595d7 wp-block-columns-is-layout-flex\">\n<div class=\"wp-block-column is-layout-flow wp-block-column-is-layout-flow\">\n<h3 class=\"wp-block-heading\">Caracteristici ale sacului de ambalare Granola personalizat<\/h3>\n\n\n\n<p><strong>Design creativ pentru ambalaje de granola<\/strong>:<\/p>\n\n\n\n<ul class=\"wp-block-list\">\n<li>Ferestrele transparente permit clien\u021bilor s\u0103 vad\u0103 granola, sporind atractivitatea vizual\u0103 \u0219i consolid\u00e2nd \u00eencrederea \u00een produs.<\/li>\n\n\n\n<li>Stiluri \u0219i grafic\u0103 personalizabile pentru a se alinia cu identitatea m\u0103rcii dvs.<\/li>\n<\/ul>\n\n\n\n<p><strong>Material durabil \u0219i sigur<\/strong>:<\/p>\n\n\n\n<ul class=\"wp-block-list\">\n<li>Fabricat din materiale de \u00eenalt\u0103 calitate, de calitate alimentar\u0103, cu propriet\u0103\u021bi excelente de barier\u0103 pentru a proteja granola de umiditate, aer \u0219i mirosuri.<\/li>\n\n\n\n<li>Ofer\u0103 un aspect profesional, lustruit, care completeaz\u0103 produsele premium <strong>ambalare granola<\/strong>.<\/li>\n<\/ul>\n\n\n\n<p><strong>Structur\u0103 Stand-Up Pouch<\/strong>:<\/p>\n\n\n\n<ul class=\"wp-block-list\">\n<li>Un burduf inferior \u00eent\u0103rit asigur\u0103 stabilitate pentru o mai bun\u0103 expunere pe raft \u0219i depozitare convenabil\u0103.<\/li>\n\n\n\n<li>Perfect pentru <strong>ambalaje personalizate pentru granola<\/strong> \u00een cadrul comer\u021bului cu am\u0103nuntul \u0219i al comer\u021bului electronic.<\/li>\n<\/ul>\n\n\n\n<p><strong>Convenien\u021b\u0103 resigilabil\u0103<\/strong>:<\/p>\n\n\n\n<ul class=\"wp-block-list\">\n<li>Echipate cu \u00eenchiz\u0103tori cu fermoar pentru a p\u0103stra granola proasp\u0103t\u0103 pentru mai mult timp \u0219i pentru a facilita utilizarea pentru consumatori.<\/li>\n<\/ul>\n\n\n\n<p><strong>Op\u021biuni ecologice<\/strong>:<\/p>\n\n\n\n<ul class=\"wp-block-list\">\n<li>Alege\u021bi materiale reciclabile sau biodegradabile pentru a crea materiale durabile <strong>ambalare granola<\/strong> solu\u021bii.<\/li>\n<\/ul>\n\n\n\n<p><strong>Aplica\u021bii versatile<\/strong>:<\/p>\n\n\n\n<ul class=\"wp-block-list\">\n<li>Ideal pentru granola, amestecuri, nuci \u0219i alte produse alimentare uscate.<\/li>\n<\/ul>\n<\/div>\n\n\n\n<div class=\"wp-block-column is-layout-flow wp-block-column-is-layout-flow\">\n<figure class=\"wp-block-image size-full\"><img fetchpriority=\"high\" decoding=\"async\" width=\"750\" height=\"750\" src=\"https:\/\/www.hyflexpack.com\/wp-content\/uploads\/2024\/12\/Custom-Plastic-Powder-Bag\uff081\uff09.webp\" alt=\"Granola personalizate ambalare sac Wholesaler\" class=\"wp-image-5835\" srcset=\"https:\/\/www.hyflexpack.com\/wp-content\/uploads\/2024\/12\/Custom-Plastic-Powder-Bag\uff081\uff09.webp 750w, https:\/\/www.hyflexpack.com\/wp-content\/uploads\/2024\/12\/Custom-Plastic-Powder-Bag\uff081\uff09-300x300.webp 300w, https:\/\/www.hyflexpack.com\/wp-content\/uploads\/2024\/12\/Custom-Plastic-Powder-Bag\uff081\uff09-150x150.webp 150w, https:\/\/www.hyflexpack.com\/wp-content\/uploads\/2024\/12\/Custom-Plastic-Powder-Bag\uff081\uff09-12x12.webp 12w, https:\/\/www.hyflexpack.com\/wp-content\/uploads\/2024\/12\/Custom-Plastic-Powder-Bag\uff081\uff09-285x285.webp 285w, https:\/\/www.hyflexpack.com\/wp-content\/uploads\/2024\/12\/Custom-Plastic-Powder-Bag\uff081\uff09-270x270.webp 270w, https:\/\/www.hyflexpack.com\/wp-content\/uploads\/2024\/12\/Custom-Plastic-Powder-Bag\uff081\uff09-540x540.webp 540w, https:\/\/www.hyflexpack.com\/wp-content\/uploads\/2024\/12\/Custom-Plastic-Powder-Bag\uff081\uff09-660x660.webp 660w\" sizes=\"(max-width: 750px) 100vw, 750px\" \/><\/figure>\n<\/div>\n<\/div>\n\n\n\n<p><\/p>","protected":false},"excerpt":{"rendered":"<p>Pungile noastre personalizate pentru ambalarea granola combin\u0103 func\u021bionalitatea \u0219i aspectul estetic, concepute pentru a p\u0103stra prospe\u021bimea \u00een timp ce pun \u00een valoare produsul. Aceste pungi stand-up cu ferestre creative sunt perfecte pentru granola \u0219i alte produse uscate, oferind o calitate excelent\u0103 \u0219i op\u021biuni versatile de personalizare.<\/p>\n<h3>Avantajele furnizorului de ambalaje Granola<\/h3>\n<ul>\n<li><strong>Proiectare personalizat\u0103<\/strong>: Oferi\u021bi solu\u021bii de design personalizate, <a href=\"https:\/\/www.hyflexpack.com\/ro\/ambalaje-flexibile-personalizate\/\"><strong>suport OEM\/ODM<\/strong><\/a>, personalizate cu diferite specifica\u021bii, dimensiuni, modele de imprimare, etc.<\/li>\n<li><strong>Asigurarea calit\u0103\u021bii<\/strong>: Controla\u021bi procesul de produc\u021bie \u0219i dispune\u021bi de materiale de \u00eenalt\u0103 calitate \u0219i echipamente avansate pentru a asigura calitatea produselor.<\/li>\n<li><strong>Livrare la timp<\/strong>: Optimizarea procesului de produc\u021bie \u0219i \u00eembun\u0103t\u0103\u021birea eficien\u021bei produc\u021biei pentru a asigura livrarea la timp \u0219i pentru a satisface nevoile urgente ale clien\u021bilor.<\/li>\n<li><strong>Asisten\u021b\u0103 tehnic\u0103 profesional\u0103<\/strong>: Echipa tehnic\u0103 cu experien\u021b\u0103 ofer\u0103 asisten\u021b\u0103 tehnic\u0103 profesional\u0103 \u0219i servicii de consultan\u021b\u0103 post-v\u00e2nzare 24 de ore din 24.<\/li>\n<li><strong>Mostr\u0103 gratuit\u0103<\/strong>: Oferi\u021bi servicii gratuite de e\u0219antionare pentru a evalua produsele.<\/li>\n<\/ul>\n<p>&nbsp;<\/p>","protected":false},"featured_media":5835,"comment_status":"open","ping_status":"closed","template":"","meta":[],"product_brand":[],"product_cat":[97],"product_tag":[],"class_list":{"0":"post-5847","1":"product","2":"type-product","3":"status-publish","4":"has-post-thumbnail","6":"product_cat-cereal-packaging-bags","8":"first","9":"instock","10":"shipping-taxable","11":"product-type-simple"},"_links":{"self":[{"href":"https:\/\/www.hyflexpack.com\/ro\/wp-json\/wp\/v2\/product\/5847","targetHints":{"allow":["GET"]}}],"collection":[{"href":"https:\/\/www.hyflexpack.com\/ro\/wp-json\/wp\/v2\/product"}],"about":[{"href":"https:\/\/www.hyflexpack.com\/ro\/wp-json\/wp\/v2\/types\/product"}],"replies":[{"embeddable":true,"href":"https:\/\/www.hyflexpack.com\/ro\/wp-json\/wp\/v2\/comments?post=5847"}],"wp:featuredmedia":[{"embeddable":true,"href":"https:\/\/www.hyflexpack.com\/ro\/wp-json\/wp\/v2\/media\/5835"}],"wp:attachment":[{"href":"https:\/\/www.hyflexpack.com\/ro\/wp-json\/wp\/v2\/media?parent=5847"}],"wp:term":[{"taxonomy":"product_brand","embeddable":true,"href":"https:\/\/www.hyflexpack.com\/ro\/wp-json\/wp\/v2\/product_brand?post=5847"},{"taxonomy":"product_cat","embeddable":true,"href":"https:\/\/www.hyflexpack.com\/ro\/wp-json\/wp\/v2\/product_cat?post=5847"},{"taxonomy":"product_tag","embeddable":true,"href":"https:\/\/www.hyflexpack.com\/ro\/wp-json\/wp\/v2\/product_tag?post=5847"}],"curies":[{"name":"wp","href":"https:\/\/api.w.org\/{rel}","templated":true}]}}