{"id":5799,"date":"2024-12-05T18:39:34","date_gmt":"2024-12-05T18:39:34","guid":{"rendered":"https:\/\/www.hyflexpack.com\/?post_type=product&#038;p=5799"},"modified":"2025-09-09T10:56:17","modified_gmt":"2025-09-09T10:56:17","slug":"custom-cosmetic-packaging-3-side-seal","status":"publish","type":"product","link":"https:\/\/www.hyflexpack.com\/ro\/product\/custom-cosmetic-packaging-3-side-seal\/","title":{"rendered":"Ambalaje cosmetice personalizate 3 Side Seal Pouch, Beauty Face Mask Package Bag"},"content":{"rendered":"<div class=\"wp-block-columns is-layout-flex wp-container-core-columns-is-layout-9d6595d7 wp-block-columns-is-layout-flex\">\n<div class=\"wp-block-column is-layout-flow wp-block-column-is-layout-flow\">\n<h3 class=\"wp-block-heading\">Caracteristici ale ambalajelor cosmetice personalizate<\/h3>\n\n\n\n<ul class=\"wp-block-list\">\n<li><strong>Material de \u00eenalt\u0103 calitate<\/strong>: materialul de ambalare flexibil de \u00eenalt\u0103 calitate este utilizat pentru a asigura rezisten\u021ba \u0219i durabilitatea pungii, care poate proteja eficient produsul de contaminarea extern\u0103 \u0219i poate asigura prospe\u021bimea \u0219i eficacitatea m\u0103\u0219tii de frumuse\u021be. <\/li>\n\n\n\n<li><strong>Design cu etan\u0219are pe trei p\u0103r\u021bi<\/strong>: Structura unic\u0103 de etan\u0219are pe trei fe\u021be ofer\u0103 un efect de etan\u0219are bun pentru a evita scurgerea sau umiditatea produsului de masc\u0103 \u0219i asigur\u0103 siguran\u021ba \u0219i completitudinea ambalajului cosmetic personalizat.<\/li>\n\n\n\n<li><strong>Ecologic \u0219i reciclabil<\/strong>: Utilizarea materialelor reciclabile \u0219i ecologice \u00een conformitate cu standardele globale de mediu contribuie la satisfacerea cererii consumatorului modern de dezvoltare durabil\u0103 \u0219i de reducere a impactului asupra mediului.<\/li>\n\n\n\n<li><strong>Efect de imprimare de \u00eenalt\u0103 calitate<\/strong>: Tehnologia avansat\u0103 de imprimare ofer\u0103 modele clare, vibrante \u0219i durabile, eviden\u021biind imaginea m\u0103rcii \u0219i calitatea produsului \u0219i atr\u0103g\u00e2nd aten\u021bia clien\u021bilor.<\/li>\n\n\n\n<li><strong>U\u0219oare \u0219i convenabile<\/strong>: designul u\u0219or face ca punga cu 3 sigilii laterale s\u0103 fie mai convenabil\u0103 pentru uz personal \u0219i mai multe canale de v\u00e2nz\u0103ri, \u00een special pentru v\u00e2nz\u0103rile cu am\u0103nuntul \u0219i online.<\/li>\n\n\n\n<li><strong>Personalizare<\/strong>: Oferim o gam\u0103 complet\u0103 de servicii de personalizare, inclusiv dimensiuni, culori, modele \u0219i materiale, pentru a r\u0103spunde nevoilor unice ale proprietarilor de m\u0103rci \u0219i pentru a spori competitivitatea pe pia\u021b\u0103.<\/li>\n\n\n\n<li><strong>Rezistent la umezeal\u0103 \u0219i antioxidativ<\/strong>: strat special de folie de aluminiu sau film combinat, folosind performan\u021be superioare de rezisten\u021b\u0103 la umiditate \u0219i ac\u021biune antioxidativ\u0103 pentru a men\u021bine efectul de mascare al celor mai bune pentru o lung\u0103 perioad\u0103 de timp.<\/li>\n\n\n\n<li><strong>Domeniul de aplicare<\/strong>: se aplic\u0103 la diverse m\u0103\u0219ti de frumuse\u021be, produse de \u00eengrijire a pielii \u0219i ambalaje pentru \u00eengrijirea pielii faciale, \u00eendeplinind cerin\u021bele consumatorilor \u00een ambalaje cosmetice personalizate high-end.<\/li>\n<\/ul>\n<\/div>\n\n\n\n<div class=\"wp-block-column is-layout-flow wp-block-column-is-layout-flow\">\n<h2 class=\"wp-block-heading\"><\/h2>\n\n\n\n<figure class=\"wp-block-image size-full\"><img fetchpriority=\"high\" decoding=\"async\" width=\"750\" height=\"750\" src=\"https:\/\/www.hyflexpack.com\/wp-content\/uploads\/2024\/11\/Custom-Flexible-Packaging-Bags1.webp\" alt=\"Ambalaje cosmetice personalizate - 3 Side Seal Pouch\" class=\"wp-image-5786\" srcset=\"https:\/\/www.hyflexpack.com\/wp-content\/uploads\/2024\/11\/Custom-Flexible-Packaging-Bags1.webp 750w, https:\/\/www.hyflexpack.com\/wp-content\/uploads\/2024\/11\/Custom-Flexible-Packaging-Bags1-300x300.webp 300w, https:\/\/www.hyflexpack.com\/wp-content\/uploads\/2024\/11\/Custom-Flexible-Packaging-Bags1-150x150.webp 150w, https:\/\/www.hyflexpack.com\/wp-content\/uploads\/2024\/11\/Custom-Flexible-Packaging-Bags1-12x12.webp 12w, https:\/\/www.hyflexpack.com\/wp-content\/uploads\/2024\/11\/Custom-Flexible-Packaging-Bags1-285x285.webp 285w, https:\/\/www.hyflexpack.com\/wp-content\/uploads\/2024\/11\/Custom-Flexible-Packaging-Bags1-270x270.webp 270w, https:\/\/www.hyflexpack.com\/wp-content\/uploads\/2024\/11\/Custom-Flexible-Packaging-Bags1-540x540.webp 540w, https:\/\/www.hyflexpack.com\/wp-content\/uploads\/2024\/11\/Custom-Flexible-Packaging-Bags1-660x660.webp 660w\" sizes=\"(max-width: 750px) 100vw, 750px\" \/><\/figure>\n<\/div>\n<\/div>\n\n\n\n<p><\/p>","protected":false},"excerpt":{"rendered":"<p>C\u0103uta\u021bi o solu\u021bie personalizat\u0103 pentru ambalarea produselor cosmetice? Punga noastr\u0103 cu 3 p\u0103r\u021bi sigilate este perfect potrivit\u0103 pentru ambalarea m\u0103\u0219tilor de frumuse\u021be. Ofer\u0103 protec\u021bie \u00eempotriva umezelii \u0219i oxid\u0103rii \u0219i sus\u021bine personalizarea ambalajelor cosmetice pentru a \u00eembun\u0103t\u0103\u021bi imaginea m\u0103rcii \u0219i a atrage mai mul\u021bi consumatori. Contacta\u021bi-ne ast\u0103zi pentru a afla mai multe!<\/p>\n<h3>Avantajele furnizorului de ambalaje cosmetice<\/h3>\n<ul>\n<li>\n<p><strong>Ambalaje cosmetice personalizate<\/strong><span style=\"font-size: 16px;\">: Oferim materiale personalizate, dimensiuni \u0219i personalizarea modelului de imprimare pentru a satisface nevoile clien\u021bilor \u0219i <\/span><a style=\"font-size: 16px;\" href=\"https:\/\/www.hyflexpack.com\/ro\/ambalaje-flexibile-personalizate\/\"><strong>suport OEM \u0219i ODM<\/strong><\/a><span style=\"font-size: 16px;\">.<\/span><\/p>\n<\/li>\n<li><strong>Produc\u021bie<\/strong>: Cu echipamente \u0219i tehnologii avansate, putem finaliza produc\u021bia de comenzi cu o eficien\u021b\u0103 ridicat\u0103 \u0219i o calitate ridicat\u0103 \u0219i putem livra la timp.<\/li>\n<li><strong>Inspec\u021bia calit\u0103\u021bii<\/strong>: Respecta\u021bi cu stricte\u021be standardele de calitate \u0219i cerin\u021bele de siguran\u021b\u0103 alimentar\u0103 pentru a v\u0103 asigura c\u0103 produsele \u00eendeplinesc standardele.<\/li>\n<li><strong>Echipa de asisten\u021b\u0103 tehnic\u0103<\/strong>: Echipa noastr\u0103 are o experien\u021b\u0103 bogat\u0103 \u00een industrie \u0219i cuno\u0219tin\u021be profesionale \u0219i poate oferi clien\u021bilor no\u0219tri asisten\u021b\u0103 tehnic\u0103 \u0219i servicii de consultan\u021b\u0103 24 de ore din 24.<\/li>\n<li><strong>Mostr\u0103 gratuit\u0103<\/strong>: Oferi\u021bi un serviciu gratuit de e\u0219antionare pentru a evalua punga de etan\u0219are cu 3 p\u0103r\u021bi.<\/li>\n<\/ul>","protected":false},"featured_media":5788,"comment_status":"open","ping_status":"closed","template":"","meta":[],"product_brand":[],"product_cat":[52],"product_tag":[],"class_list":{"0":"post-5799","1":"product","2":"type-product","3":"status-publish","4":"has-post-thumbnail","6":"product_cat-custom-daily-chemical-packaging","8":"first","9":"instock","10":"shipping-taxable","11":"product-type-simple"},"_links":{"self":[{"href":"https:\/\/www.hyflexpack.com\/ro\/wp-json\/wp\/v2\/product\/5799","targetHints":{"allow":["GET"]}}],"collection":[{"href":"https:\/\/www.hyflexpack.com\/ro\/wp-json\/wp\/v2\/product"}],"about":[{"href":"https:\/\/www.hyflexpack.com\/ro\/wp-json\/wp\/v2\/types\/product"}],"replies":[{"embeddable":true,"href":"https:\/\/www.hyflexpack.com\/ro\/wp-json\/wp\/v2\/comments?post=5799"}],"wp:featuredmedia":[{"embeddable":true,"href":"https:\/\/www.hyflexpack.com\/ro\/wp-json\/wp\/v2\/media\/5788"}],"wp:attachment":[{"href":"https:\/\/www.hyflexpack.com\/ro\/wp-json\/wp\/v2\/media?parent=5799"}],"wp:term":[{"taxonomy":"product_brand","embeddable":true,"href":"https:\/\/www.hyflexpack.com\/ro\/wp-json\/wp\/v2\/product_brand?post=5799"},{"taxonomy":"product_cat","embeddable":true,"href":"https:\/\/www.hyflexpack.com\/ro\/wp-json\/wp\/v2\/product_cat?post=5799"},{"taxonomy":"product_tag","embeddable":true,"href":"https:\/\/www.hyflexpack.com\/ro\/wp-json\/wp\/v2\/product_tag?post=5799"}],"curies":[{"name":"wp","href":"https:\/\/api.w.org\/{rel}","templated":true}]}}