{"id":5749,"date":"2024-11-24T13:37:41","date_gmt":"2024-11-24T13:37:41","guid":{"rendered":"https:\/\/www.hyflexpack.com\/?post_type=product&#038;p=5749"},"modified":"2025-10-23T08:23:26","modified_gmt":"2025-10-23T08:23:26","slug":"custom-frozen-food-packaging","status":"publish","type":"product","link":"https:\/\/www.hyflexpack.com\/ro\/product\/custom-frozen-food-packaging\/","title":{"rendered":"Ambalaje personalizate pentru alimente congelate pentru afaceri mici Pachete de gust\u0103ri Stand Up Pouches"},"content":{"rendered":"<div class=\"wp-block-columns is-layout-flex wp-container-core-columns-is-layout-9d6595d7 wp-block-columns-is-layout-flex\">\n<div class=\"wp-block-column is-layout-flow wp-block-column-is-layout-flow\">\n<h3 class=\"wp-block-heading\">Caracteristici ale sacului personalizat de ambalare a alimentelor congelate<\/h3>\n\n\n\n<h4 class=\"wp-block-heading\">Material durabil pentru depozitare congelat\u0103<\/h4>\n\n\n\n<ul class=\"wp-block-list\">\n<li>Fabricat din materiale de calitate alimentar\u0103, cu bariere \u00eenalte, pentru a asigura prospe\u021bimea, a preveni arderea la congelator \u0219i a men\u021bine calitatea produselor.<\/li>\n<\/ul>\n\n\n\n<h4 class=\"wp-block-heading\">Design stand-up pentru comoditate<\/h4>\n\n\n\n<ul class=\"wp-block-list\">\n<li>Acest format stand-up ofer\u0103 o stabilitate mare \u0219i este foarte u\u0219or de plasat \u00een congelatoare \u0219i pe standurile de v\u00e2nzare cu am\u0103nuntul, maximiz\u00e2nd astfel spa\u021biul \u0219i vizibilitatea.<\/li>\n<\/ul>\n\n\n\n<h4 class=\"wp-block-heading\">Personalizabile pentru gust\u0103ri de afaceri mici<\/h4>\n\n\n\n<ul class=\"wp-block-list\">\n<li>Op\u021biunile de personalizare a dimensiunii, formei, culorii \u0219i imprim\u0103rii fac ca acest produs s\u0103 se potriveasc\u0103 perfect pentru orice nevoi unice de ambalare a alimentelor congelate pe care marca dvs. le poate avea.<\/li>\n<\/ul>\n\n\n\n<h4 class=\"wp-block-heading\">Rezistent la temperatur\u0103<\/h4>\n\n\n\n<ul class=\"wp-block-list\">\n<li>Conceput pentru a nu cr\u0103pa la temperaturi sc\u0103zute, pentru a v\u0103 p\u0103stra produsele congelate foarte bine protejate.<\/li>\n<\/ul>\n\n\n\n<h4 class=\"wp-block-heading\">Resigilabil \u0219i u\u0219or de operat<\/h4>\n\n\n\n<ul class=\"wp-block-list\">\n<li>Dispun\u00e2nd de fermoare sau crest\u0103turi pentru a facilita deschiderea \u0219i resigilarea, acest lucru \u00eembun\u0103t\u0103\u021be\u0219te confortul \u0219i satisfac\u021bia consumatorilor.<\/li>\n<\/ul>\n\n\n\n<h4 class=\"wp-block-heading\">Op\u021biuni ecologice disponibile<\/h4>\n\n\n\n<ul class=\"wp-block-list\">\n<li>Alege\u021bi materiale reciclabile sau biodegradabile pentru a v\u0103 alinia practicilor de afaceri durabile.<\/li>\n<\/ul>\n<\/div>\n\n\n\n<div class=\"wp-block-column is-layout-flow wp-block-column-is-layout-flow\">\n<figure class=\"wp-block-image size-full\"><img fetchpriority=\"high\" decoding=\"async\" width=\"750\" height=\"750\" src=\"https:\/\/www.hyflexpack.com\/wp-content\/uploads\/2024\/11\/Customize-Healthy-Snacks-Packages1.webp\" alt=\"Pungi personalizate pentru ambalarea alimentelor congelate\" class=\"wp-image-5730\" srcset=\"https:\/\/www.hyflexpack.com\/wp-content\/uploads\/2024\/11\/Customize-Healthy-Snacks-Packages1.webp 750w, https:\/\/www.hyflexpack.com\/wp-content\/uploads\/2024\/11\/Customize-Healthy-Snacks-Packages1-300x300.webp 300w, https:\/\/www.hyflexpack.com\/wp-content\/uploads\/2024\/11\/Customize-Healthy-Snacks-Packages1-150x150.webp 150w, https:\/\/www.hyflexpack.com\/wp-content\/uploads\/2024\/11\/Customize-Healthy-Snacks-Packages1-12x12.webp 12w, https:\/\/www.hyflexpack.com\/wp-content\/uploads\/2024\/11\/Customize-Healthy-Snacks-Packages1-285x285.webp 285w, https:\/\/www.hyflexpack.com\/wp-content\/uploads\/2024\/11\/Customize-Healthy-Snacks-Packages1-270x270.webp 270w, https:\/\/www.hyflexpack.com\/wp-content\/uploads\/2024\/11\/Customize-Healthy-Snacks-Packages1-540x540.webp 540w, https:\/\/www.hyflexpack.com\/wp-content\/uploads\/2024\/11\/Customize-Healthy-Snacks-Packages1-660x660.webp 660w\" sizes=\"(max-width: 750px) 100vw, 750px\" \/><\/figure>\n<\/div>\n<\/div>\n\n\n\n<p><\/p>","protected":false},"excerpt":{"rendered":"<p>Stimula\u021bi-v\u0103 brandul cu ambalajele noastre personalizate pentru alimente congelate! Aceste pungi durabile \u0219i resigilabile pentru ambalarea alimentelor congelate sunt perfecte pentru a v\u0103 p\u0103stra gust\u0103rile proaspete \u0219i preg\u0103tite pentru congelator. Contacta\u021bi-ne ast\u0103zi pentru o ofert\u0103. Ne angaj\u0103m s\u0103 oferim solu\u021bii unice de ambalare ecologice \u0219i de \u00eenalt\u0103 calitate.<\/p>\n<h3>Avantajele furnizorului de pungi pentru ambalarea alimentelor congelate<\/h3>\n<ul>\n<li><strong>Serviciu personalizat<\/strong>: Oferim servicii personalizate complete, de la dimensiuni \u0219i materiale la designul de imprimare, pentru a satisface nevoile personalizate ale diferi\u021bilor clien\u021bi.<\/li>\n<li><strong>Livrare rapid\u0103<\/strong>: Proces de produc\u021bie eficient \u0219i gestionarea stocurilor pentru a asigura o produc\u021bie rapid\u0103 \u0219i livrarea la timp a comenzilor de volum mare.<\/li>\n<li><strong>Asisten\u021b\u0103 profesional\u0103<\/strong>: Oferim proiectare profesional\u0103 a ambalajelor \u0219i asisten\u021b\u0103 tehnic\u0103 pentru a ajuta clien\u021bii s\u0103 optimizeze solu\u021biile de ambalare \u0219i s\u0103 sporeasc\u0103 competitivitatea produselor.<\/li>\n<li><strong>Inspec\u021bia calit\u0103\u021bii<\/strong>: Respecta\u021bi cu stricte\u021be standardele de calitate \u0219i cerin\u021bele de siguran\u021b\u0103 alimentar\u0103 pentru a v\u0103 asigura c\u0103 produsele \u00eendeplinesc cerin\u021bele standard.<\/li>\n<li><strong>Raportul cost-eficacitate<\/strong>: Oferim pre\u021buri competitive prin optimizarea produc\u021biei \u0219i a logisticii pentru a ajuta clien\u021bii s\u0103 reduc\u0103 costurile \u0219i s\u0103 creasc\u0103 profiturile.<\/li>\n<\/ul>","protected":false},"featured_media":5730,"comment_status":"open","ping_status":"closed","template":"","meta":[],"product_brand":[],"product_cat":[57],"product_tag":[],"class_list":{"0":"post-5749","1":"product","2":"type-product","3":"status-publish","4":"has-post-thumbnail","6":"product_cat-snack-packaging-bags-wholesale","8":"first","9":"instock","10":"shipping-taxable","11":"product-type-simple"},"_links":{"self":[{"href":"https:\/\/www.hyflexpack.com\/ro\/wp-json\/wp\/v2\/product\/5749","targetHints":{"allow":["GET"]}}],"collection":[{"href":"https:\/\/www.hyflexpack.com\/ro\/wp-json\/wp\/v2\/product"}],"about":[{"href":"https:\/\/www.hyflexpack.com\/ro\/wp-json\/wp\/v2\/types\/product"}],"replies":[{"embeddable":true,"href":"https:\/\/www.hyflexpack.com\/ro\/wp-json\/wp\/v2\/comments?post=5749"}],"wp:featuredmedia":[{"embeddable":true,"href":"https:\/\/www.hyflexpack.com\/ro\/wp-json\/wp\/v2\/media\/5730"}],"wp:attachment":[{"href":"https:\/\/www.hyflexpack.com\/ro\/wp-json\/wp\/v2\/media?parent=5749"}],"wp:term":[{"taxonomy":"product_brand","embeddable":true,"href":"https:\/\/www.hyflexpack.com\/ro\/wp-json\/wp\/v2\/product_brand?post=5749"},{"taxonomy":"product_cat","embeddable":true,"href":"https:\/\/www.hyflexpack.com\/ro\/wp-json\/wp\/v2\/product_cat?post=5749"},{"taxonomy":"product_tag","embeddable":true,"href":"https:\/\/www.hyflexpack.com\/ro\/wp-json\/wp\/v2\/product_tag?post=5749"}],"curies":[{"name":"wp","href":"https:\/\/api.w.org\/{rel}","templated":true}]}}