{"id":5719,"date":"2024-11-23T08:41:47","date_gmt":"2024-11-23T08:41:47","guid":{"rendered":"https:\/\/www.hyflexpack.com\/?post_type=product&#038;p=5719"},"modified":"2025-05-17T06:48:35","modified_gmt":"2025-05-17T06:48:35","slug":"candy-twist-wrap-packaging-film","status":"publish","type":"product","link":"https:\/\/www.hyflexpack.com\/ro\/product\/candy-twist-wrap-packaging-film\/","title":{"rendered":"OEM Bomboane Twist Wrap Film de ambalare Furnizor de ambalaje flexibile"},"content":{"rendered":"<div class=\"wp-block-columns is-layout-flex wp-container-core-columns-is-layout-9d6595d7 wp-block-columns-is-layout-flex\">\n<div class=\"wp-block-column is-layout-flow wp-block-column-is-layout-flow\">\n<h3 class=\"wp-block-heading\">Caracteristici de \u00eenalt\u0103 calitate Candy Twist Wrap Film de ambalare<\/h3>\n\n\n\n<ul class=\"wp-block-list\">\n<li><strong>Materiale ecologice<\/strong>: Filmul de ambalaj twist wrap este fabricat din materiale de film de ambalare de \u00eenalt\u0103 calitate, siguran\u021b\u0103 alimentar\u0103, non-toxic \u0219i inodor. Ferm \u0219i durabil pentru a servi o gam\u0103 larg\u0103 de nevoi de ambalare a alimentelor.<\/li>\n<\/ul>\n\n\n\n<p><\/p>\n\n\n\n<ul class=\"wp-block-list\">\n<li><strong>Ambalare eficient\u0103<\/strong>: Este potrivit pentru echipamentele de ambalare automat\u0103 pentru a cre\u0219te eficien\u021ba produc\u021biei. Designul rolei de film, cu netezime \u00een interior, garanteaz\u0103 c\u0103 nu vor exista blocaje de h\u00e2rtie \u00een timpul ambal\u0103rii de mare vitez\u0103.<\/li>\n<\/ul>\n\n\n\n<p><\/p>\n\n\n\n<ul class=\"wp-block-list\">\n<li><strong>Performan\u021b\u0103 superioar\u0103 de protec\u021bie<\/strong>: poate preveni \u00een mod eficient umiditatea \u0219i praful \u0219i poate prelungi durata de valabilitate a bomboanelor. Buna rezisten\u021b\u0103 la rupere protejeaz\u0103 integritatea produsului \u00een timpul transportului \u0219i depozit\u0103rii.<\/li>\n<\/ul>\n\n\n\n<p><\/p>\n\n\n\n<ul class=\"wp-block-list\">\n<li><strong>Protec\u021bia mediului<\/strong>: sprijin\u0103 utilizarea materialelor biodegradabile \u0219i reciclabile, de asemenea, sunt oferite op\u021biuni privind grosimea filmului pentru a reduce de\u0219eurile de materiale \u0219i amprenta de carbon.<\/li>\n<\/ul>\n\n\n\n<p><\/p>\n\n\n\n<ul class=\"wp-block-list\">\n<li><strong>Convenabil de utilizat<\/strong>: Rola de film plastic este convenabil\u0103 pentru sigilarea termic\u0103, care asigur\u0103 etan\u0219eitatea; rolele de film sunt u\u0219or de depozitat \u0219i manipulat, economisind spa\u021biul din depozit.<\/li>\n<\/ul>\n<\/div>\n\n\n\n<div class=\"wp-block-column is-layout-flow wp-block-column-is-layout-flow\">\n<figure class=\"wp-block-image size-full\"><img fetchpriority=\"high\" decoding=\"async\" width=\"750\" height=\"750\" src=\"https:\/\/www.hyflexpack.com\/wp-content\/uploads\/2024\/11\/OEM-Candy-Twist-Film1.webp\" alt=\"OEM Candy Twist Wrap Film de ambalare Furnizor\" class=\"wp-image-5708\" srcset=\"https:\/\/www.hyflexpack.com\/wp-content\/uploads\/2024\/11\/OEM-Candy-Twist-Film1.webp 750w, https:\/\/www.hyflexpack.com\/wp-content\/uploads\/2024\/11\/OEM-Candy-Twist-Film1-300x300.webp 300w, https:\/\/www.hyflexpack.com\/wp-content\/uploads\/2024\/11\/OEM-Candy-Twist-Film1-150x150.webp 150w, https:\/\/www.hyflexpack.com\/wp-content\/uploads\/2024\/11\/OEM-Candy-Twist-Film1-12x12.webp 12w, https:\/\/www.hyflexpack.com\/wp-content\/uploads\/2024\/11\/OEM-Candy-Twist-Film1-285x285.webp 285w, https:\/\/www.hyflexpack.com\/wp-content\/uploads\/2024\/11\/OEM-Candy-Twist-Film1-270x270.webp 270w, https:\/\/www.hyflexpack.com\/wp-content\/uploads\/2024\/11\/OEM-Candy-Twist-Film1-540x540.webp 540w, https:\/\/www.hyflexpack.com\/wp-content\/uploads\/2024\/11\/OEM-Candy-Twist-Film1-660x660.webp 660w\" sizes=\"(max-width: 750px) 100vw, 750px\" \/><\/figure>\n<\/div>\n<\/div>\n\n\n\n<p><\/p>","protected":false},"excerpt":{"rendered":"<p>Folia de ambalaj de \u00eenalt\u0103 calitate pentru ambalaje cu r\u0103sucire OEM asigur\u0103 un control complet pentru o r\u0103sucire sigur\u0103 \u0219i o deschidere u\u0219oar\u0103, men\u021bin\u00e2nd bomboanele bine \u00eenchise \u00een timpul produc\u021biei \u0219i transportului, perfect pentru nevoile de ambalare flexibil\u0103.<\/p>\n<h3>Avantajele furnizorului de film de ambalare Twist Wrap<\/h3>\n<ul>\n<li>Servicii personalizate: Furniza\u021bi <a href=\"https:\/\/www.hyflexpack.com\/ro\/ambalaje-flexibile-personalizate\/\"><strong>Servicii ODM \u0219i ODM<\/strong><\/a>, personaliza\u021bi dimensiunea, imprimarea \u0219i materialul \u00een func\u021bie de nevoile clientului.<\/li>\n<li>Livrare rapid\u0103: Proces de produc\u021bie eficient \u0219i gestionarea lan\u021bului de aprovizionare pentru a asigura livrarea la timp a comenzilor pentru a satisface nevoile urgente ale clien\u021bilor.<\/li>\n<li>Asigurarea calit\u0103\u021bii: Un sistem strict de control al calit\u0103\u021bii asigur\u0103 c\u0103 fiecare produs \u00eendepline\u0219te cerin\u021bele \u0219i standardele clien\u021bilor.<\/li>\n<li>Eficien\u021ba costurilor: Oferirea de pre\u021buri competitive \u0219i reducerea costurilor de achizi\u021bie ale clien\u021bilor prin optimizarea proceselor de produc\u021bie \u0219i a gestion\u0103rii costurilor.<\/li>\n<li>E\u0219antion gratuit: Oferim un serviciu de mostre gratuite pentru a v\u0103 evalua produsele.<\/li>\n<\/ul>","protected":false},"featured_media":5709,"comment_status":"open","ping_status":"closed","template":"","meta":[],"product_brand":[],"product_cat":[53,89],"product_tag":[],"class_list":{"0":"post-5719","1":"product","2":"type-product","3":"status-publish","4":"has-post-thumbnail","6":"product_cat-packaging-film-supplier","7":"product_cat-custom-twist-film","9":"first","10":"instock","11":"shipping-taxable","12":"product-type-simple"},"_links":{"self":[{"href":"https:\/\/www.hyflexpack.com\/ro\/wp-json\/wp\/v2\/product\/5719","targetHints":{"allow":["GET"]}}],"collection":[{"href":"https:\/\/www.hyflexpack.com\/ro\/wp-json\/wp\/v2\/product"}],"about":[{"href":"https:\/\/www.hyflexpack.com\/ro\/wp-json\/wp\/v2\/types\/product"}],"replies":[{"embeddable":true,"href":"https:\/\/www.hyflexpack.com\/ro\/wp-json\/wp\/v2\/comments?post=5719"}],"wp:featuredmedia":[{"embeddable":true,"href":"https:\/\/www.hyflexpack.com\/ro\/wp-json\/wp\/v2\/media\/5709"}],"wp:attachment":[{"href":"https:\/\/www.hyflexpack.com\/ro\/wp-json\/wp\/v2\/media?parent=5719"}],"wp:term":[{"taxonomy":"product_brand","embeddable":true,"href":"https:\/\/www.hyflexpack.com\/ro\/wp-json\/wp\/v2\/product_brand?post=5719"},{"taxonomy":"product_cat","embeddable":true,"href":"https:\/\/www.hyflexpack.com\/ro\/wp-json\/wp\/v2\/product_cat?post=5719"},{"taxonomy":"product_tag","embeddable":true,"href":"https:\/\/www.hyflexpack.com\/ro\/wp-json\/wp\/v2\/product_tag?post=5719"}],"curies":[{"name":"wp","href":"https:\/\/api.w.org\/{rel}","templated":true}]}}