{"id":5717,"date":"2024-11-23T09:04:58","date_gmt":"2024-11-23T09:04:58","guid":{"rendered":"https:\/\/www.hyflexpack.com\/?post_type=product&#038;p=5717"},"modified":"2024-12-04T02:09:59","modified_gmt":"2024-12-04T02:09:59","slug":"wholesale-milk-powder-sachets-film-roll","status":"publish","type":"product","link":"https:\/\/www.hyflexpack.com\/ro\/product\/wholesale-milk-powder-sachets-film-roll\/","title":{"rendered":"Personalizate imprimate lapte praf Sachets, Film Roll Packaging PE grad alimentar Laminating"},"content":{"rendered":"<div class=\"wp-block-columns is-layout-flex wp-container-core-columns-is-layout-9d6595d7 wp-block-columns-is-layout-flex\">\n<div class=\"wp-block-column is-layout-flow wp-block-column-is-layout-flow\">\n<h3 class=\"wp-block-heading\">Caracteristici ale filmului Roll pentru plicule\u021be de lapte praf de \u00eenalt\u0103 calitate<\/h3>\n\n\n\n<p><strong>Logo personalizat:<\/strong> Pungi de lapte praf personalizate cu imprimare personalizat\u0103 de \u00eenalt\u0103 calitate pentru a v\u0103 eviden\u021bia marca.<\/p>\n\n\n\n<p><\/p>\n\n\n\n<p><strong>Siguran\u021b\u0103 alimentar\u0103:<\/strong> Fabricate cu ambalaje cu role de film pentru a asigura siguran\u021ba alimentar\u0103 \u0219i prospe\u021bimea produsului.<\/p>\n\n\n\n<p><\/p>\n\n\n\n<p><strong>Protec\u021bie superioar\u0103:<\/strong> Ofer\u0103 bariere excelente \u00eempotriva umidit\u0103\u021bii, aerului \u0219i luminii, p\u0103str\u00e2nd plicurile de lapte praf proaspete \u0219i sigure.<\/p>\n\n\n\n<p><\/p>\n\n\n\n<p><strong>Ambalare eficient\u0103:<\/strong> Formatul rolei de folie de ambalaj laminat\u0103 imprimat\u0103 cu plastic este proiectat pentru utilizarea f\u0103r\u0103 \u00eentreruperi cu ma\u0219inile automate de ambalare.<\/p>\n\n\n\n<p><\/p>\n\n\n\n<p><strong>Durabil \u0219i flexibil:<\/strong> Folia de laminare puternic\u0103 asigur\u0103 rezisten\u021ba plicule\u021belor la rupere \u0219i men\u021binerea integrit\u0103\u021bii \u00een timpul transportului \u0219i depozit\u0103rii.<\/p>\n\n\n\n<p><\/p>\n\n\n\n<p><strong>Op\u021biuni eco-con\u0219tiente:<\/strong> Disponibil \u00een materiale ecologice pentru a sprijini practicile durabile.<\/p>\n<\/div>\n\n\n\n<div class=\"wp-block-column is-layout-flow wp-block-column-is-layout-flow\">\n<figure class=\"wp-block-image size-full\"><img fetchpriority=\"high\" decoding=\"async\" width=\"750\" height=\"750\" src=\"https:\/\/www.hyflexpack.com\/wp-content\/uploads\/2024\/11\/Custom-Milk-Packaging-Film-2.webp\" alt=\"Personalizate imprimate lapte praf s\u0103cule\u021bi Roll Film cu ridicata\" class=\"wp-image-5701\" srcset=\"https:\/\/www.hyflexpack.com\/wp-content\/uploads\/2024\/11\/Custom-Milk-Packaging-Film-2.webp 750w, https:\/\/www.hyflexpack.com\/wp-content\/uploads\/2024\/11\/Custom-Milk-Packaging-Film-2-300x300.webp 300w, https:\/\/www.hyflexpack.com\/wp-content\/uploads\/2024\/11\/Custom-Milk-Packaging-Film-2-150x150.webp 150w, https:\/\/www.hyflexpack.com\/wp-content\/uploads\/2024\/11\/Custom-Milk-Packaging-Film-2-12x12.webp 12w, https:\/\/www.hyflexpack.com\/wp-content\/uploads\/2024\/11\/Custom-Milk-Packaging-Film-2-285x285.webp 285w, https:\/\/www.hyflexpack.com\/wp-content\/uploads\/2024\/11\/Custom-Milk-Packaging-Film-2-270x270.webp 270w, https:\/\/www.hyflexpack.com\/wp-content\/uploads\/2024\/11\/Custom-Milk-Packaging-Film-2-540x540.webp 540w, https:\/\/www.hyflexpack.com\/wp-content\/uploads\/2024\/11\/Custom-Milk-Packaging-Film-2-660x660.webp 660w\" sizes=\"(max-width: 750px) 100vw, 750px\" \/><\/figure>\n<\/div>\n<\/div>\n\n\n\n<h3 class=\"wp-block-heading\">Cel mai bun plastic imprimat laminat ambalaj Film Roll Angrosist<\/h3>\n\n\n\n<div class=\"wp-block-columns is-layout-flex wp-container-core-columns-is-layout-9d6595d7 wp-block-columns-is-layout-flex\">\n<div class=\"wp-block-column is-layout-flow wp-block-column-is-layout-flow\" style=\"flex-basis:66.66%\">\n<figure class=\"wp-block-embed is-type-video is-provider-youtube wp-block-embed-youtube wp-embed-aspect-16-9 wp-has-aspect-ratio\"><div class=\"wp-block-embed__wrapper\">\n<iframe title=\"Film de ambalare pentru lapte\" width=\"940\" height=\"529\" src=\"https:\/\/www.youtube.com\/embed\/yncP8To0N5A?feature=oembed\" frameborder=\"0\" allow=\"accelerometer; autoplay; clipboard-write; encrypted-media; gyroscope; picture-in-picture; web-share\" referrerpolicy=\"strict-origin-when-cross-origin\" allowfullscreen><\/iframe>\n<\/div><figcaption class=\"wp-element-caption\">Folie laminat\u0103 pentru ambalarea laptelui<\/figcaption><\/figure>\n<\/div>\n\n\n\n<div class=\"wp-block-column is-layout-flow wp-block-column-is-layout-flow\" style=\"flex-basis:33.33%\"><\/div>\n<\/div>\n\n\n\n<p><\/p>","protected":false},"excerpt":{"rendered":"<p>Ambalare cu role de film de laminare premium pentru plicule\u021be de lapte praf imprimate personalizat, oferind o protec\u021bie excelent\u0103 \u00eempotriva prospe\u021bimii \u0219i solu\u021bii de ambalare eficiente \u0219i ecologice. \u00centreba\u021bi-ne pentru mai multe pre\u021buri cu ridicata \u0219i ob\u021bine\u021bi pre\u021buri gratuite!<\/p>\n<h3>Avantajele furnizorului de plicule\u021be de lapte praf<\/h3>\n<ul>\n<li>Proiectare personalizat\u0103: Oferim servicii personalizate, inclusiv personalizarea materialelor, dimensiunilor \u0219i modelelor de imprimare pentru a satisface nevoile clien\u021bilor \u0219i\u00a0<a href=\"https:\/\/www.hyflexpack.com\/ro\/ambalaje-flexibile-personalizate\/\"><strong>suport OEM \u0219i ODM<\/strong><\/a>.<\/li>\n<li>Produc\u021bie: Cu echipamente \u0219i tehnologii avansate, putem finaliza produc\u021bia comenzii \u00een mod eficient \u0219i cu o calitate ridicat\u0103 \u0219i putem livra la timp.<\/li>\n<li>Inspec\u021bia calit\u0103\u021bii: Produc\u021bia se realizeaz\u0103 \u00een strict\u0103 conformitate cu standardele de calitate \u0219i cerin\u021bele de siguran\u021b\u0103 alimentar\u0103 pentru a se asigura c\u0103 produsele \u00eendeplinesc standardele.<\/li>\n<li>Certificare<strong>\uff1a<\/strong>\u00a0<strong>FDA\/BRC\/ISO 9001\/RoHS<\/strong><\/li>\n<li>Serviciul clien\u021bi:\u00a0<strong>24 de ore<\/strong>\u00a0pentru a oferi un r\u0103spuns rapid \u0219i un serviciu de asisten\u021b\u0103 pentru clien\u021bi grijuliu.<\/li>\n<li>E\u0219antion gratuit: Oferi\u021bi un serviciu de e\u0219antion gratuit pentru a evalua produsul.<\/li>\n<\/ul>","protected":false},"featured_media":5700,"comment_status":"open","ping_status":"closed","template":"","meta":[],"product_brand":[],"product_cat":[53],"product_tag":[],"class_list":{"0":"post-5717","1":"product","2":"type-product","3":"status-publish","4":"has-post-thumbnail","6":"product_cat-packaging-film-supplier","8":"first","9":"instock","10":"shipping-taxable","11":"product-type-simple"},"_links":{"self":[{"href":"https:\/\/www.hyflexpack.com\/ro\/wp-json\/wp\/v2\/product\/5717","targetHints":{"allow":["GET"]}}],"collection":[{"href":"https:\/\/www.hyflexpack.com\/ro\/wp-json\/wp\/v2\/product"}],"about":[{"href":"https:\/\/www.hyflexpack.com\/ro\/wp-json\/wp\/v2\/types\/product"}],"replies":[{"embeddable":true,"href":"https:\/\/www.hyflexpack.com\/ro\/wp-json\/wp\/v2\/comments?post=5717"}],"wp:featuredmedia":[{"embeddable":true,"href":"https:\/\/www.hyflexpack.com\/ro\/wp-json\/wp\/v2\/media\/5700"}],"wp:attachment":[{"href":"https:\/\/www.hyflexpack.com\/ro\/wp-json\/wp\/v2\/media?parent=5717"}],"wp:term":[{"taxonomy":"product_brand","embeddable":true,"href":"https:\/\/www.hyflexpack.com\/ro\/wp-json\/wp\/v2\/product_brand?post=5717"},{"taxonomy":"product_cat","embeddable":true,"href":"https:\/\/www.hyflexpack.com\/ro\/wp-json\/wp\/v2\/product_cat?post=5717"},{"taxonomy":"product_tag","embeddable":true,"href":"https:\/\/www.hyflexpack.com\/ro\/wp-json\/wp\/v2\/product_tag?post=5717"}],"curies":[{"name":"wp","href":"https:\/\/api.w.org\/{rel}","templated":true}]}}