{"id":5716,"date":"2024-11-23T07:59:52","date_gmt":"2024-11-23T07:59:52","guid":{"rendered":"https:\/\/www.hyflexpack.com\/?post_type=product&#038;p=5716"},"modified":"2024-11-23T07:59:58","modified_gmt":"2024-11-23T07:59:58","slug":"china-custom-tea-bag-packaging","status":"publish","type":"product","link":"https:\/\/www.hyflexpack.com\/ro\/product\/china-custom-tea-bag-packaging\/","title":{"rendered":"China personalizat ceai sac ambalare plastic laminate Stand Up Pouch cu fermoar"},"content":{"rendered":"<div class=\"wp-block-columns is-layout-flex wp-container-core-columns-is-layout-9d6595d7 wp-block-columns-is-layout-flex\">\n<div class=\"wp-block-column is-layout-flow wp-block-column-is-layout-flow\">\n<h3 class=\"wp-block-heading\">Caracteristici ale ambalajelor personalizate pentru pungi de ceai<\/h3>\n\n\n\n<p><strong>\u021aes\u0103turi ecologice<\/strong>: Proiectat folosind materiale durabile, inclusiv op\u021biuni biodegradabile sau cu balamale conforme cu principiile de conservare a mediului pentru a reduce efectele negative asupra mediului.<\/p>\n\n\n\n<p><\/p>\n\n\n\n<p><strong>Materiale alimentare de \u00eenalt\u0103 performan\u021b\u0103<\/strong>: Pungi de ambalare moi personalizate produse din materiale sigure, ecologice, cu barier\u0103 ridicat\u0103, cum ar fi PET, PE \u0219i folie de aluminiu, pentru a oferi rezisten\u021b\u0103 la umiditate, efect anti-oxidare \u0219i prelungirea duratei de valabilitate pentru protec\u021bia produselor.<\/p>\n\n\n\n<p><\/p>\n\n\n\n<p><strong>\u00cenchidere u\u0219oar\u0103 cu fermoar<\/strong>: Dispune de un fermoar \u00eencorporat care permite resigilarea pungii dup\u0103 deschidere, permi\u021b\u00e2nd mai multe utiliz\u0103ri \u0219i protej\u00e2nd \u00een acela\u0219i timp con\u021binutul de umiditatea aerului extern \u0219i de p\u0103trunderea d\u0103un\u0103torilor.<\/p>\n\n\n\n<p><\/p>\n\n\n\n<p><strong>Funduri autoportante<\/strong>: Pungi cu fundul sigilat \u00eent\u0103rit, cu o structur\u0103 stabil\u0103, care le permite s\u0103 fie expuse \u00een pozi\u021bie vertical\u0103 pe raft pentru o prezentare mai bun\u0103 \u0219i un volum suplimentar.<\/p>\n\n\n\n<p><\/p>\n\n\n\n<p><strong>Caracteristic\u0103 fereastr\u0103 transparent\u0103<\/strong>: Este prev\u0103zut\u0103 o fereastr\u0103 din material transparent pentru a facilita examinarea de c\u0103tre client a produselor interioare.<\/p>\n<\/div>\n\n\n\n<div class=\"wp-block-column is-layout-flow wp-block-column-is-layout-flow\">\n<figure class=\"wp-block-image size-full\"><img fetchpriority=\"high\" decoding=\"async\" width=\"750\" height=\"750\" src=\"https:\/\/www.hyflexpack.com\/wp-content\/uploads\/2024\/11\/Custom-Tea-Bag-Packaging1.webp\" alt=\"Custom ceai sac de ambalare en-gros\" class=\"wp-image-5696\" srcset=\"https:\/\/www.hyflexpack.com\/wp-content\/uploads\/2024\/11\/Custom-Tea-Bag-Packaging1.webp 750w, https:\/\/www.hyflexpack.com\/wp-content\/uploads\/2024\/11\/Custom-Tea-Bag-Packaging1-300x300.webp 300w, https:\/\/www.hyflexpack.com\/wp-content\/uploads\/2024\/11\/Custom-Tea-Bag-Packaging1-150x150.webp 150w, https:\/\/www.hyflexpack.com\/wp-content\/uploads\/2024\/11\/Custom-Tea-Bag-Packaging1-12x12.webp 12w, https:\/\/www.hyflexpack.com\/wp-content\/uploads\/2024\/11\/Custom-Tea-Bag-Packaging1-285x285.webp 285w, https:\/\/www.hyflexpack.com\/wp-content\/uploads\/2024\/11\/Custom-Tea-Bag-Packaging1-270x270.webp 270w, https:\/\/www.hyflexpack.com\/wp-content\/uploads\/2024\/11\/Custom-Tea-Bag-Packaging1-540x540.webp 540w, https:\/\/www.hyflexpack.com\/wp-content\/uploads\/2024\/11\/Custom-Tea-Bag-Packaging1-660x660.webp 660w\" sizes=\"(max-width: 750px) 100vw, 750px\" \/><\/figure>\n<\/div>\n<\/div>\n\n\n\n<p><\/p>","protected":false},"excerpt":{"rendered":"<p class=\"product_title entry-title elementor-heading-title elementor-size-default\">Solu\u021bii creative personalizate de ambalare a plicurilor de ceai cu pungi stand-up laminate \u0219i fermoare, perfecte pentru ambalarea cu ridicata a plicurilor de ceai pentru a v\u0103 p\u0103stra produsele proaspete \u0219i preg\u0103tite pentru pia\u021b\u0103.Contacta\u021bi-ne pentru o mostr\u0103 gratuit\u0103!<\/p>\n<h3>Avantajele produc\u0103torului de ambalaje personalizate pentru pungi de ceai<\/h3>\n<ul>\n<li>Design personalizat: Oferim servicii personalizate de ambalare sac, inclusiv materiale, dimensiuni \u0219i personalizarea modelului de imprimare pentru a satisface nevoile clien\u021bilor \u0219i <a href=\"https:\/\/www.hyflexpack.com\/ro\/ambalaje-flexibile-personalizate\/\"><strong>suport OEM \u0219i ODM<\/strong><\/a>.<\/li>\n<li>Produc\u021bie: Cu echipamente \u0219i tehnologii avansate, putem finaliza produc\u021bia comenzii cu eficien\u021b\u0103 ridicat\u0103 \u0219i calitate ridicat\u0103 \u0219i putem livra la timp.<\/li>\n<li>Inspec\u021bia calit\u0103\u021bii: Respecta\u021bi cu stricte\u021be standardele de calitate \u0219i cerin\u021bele de siguran\u021b\u0103 alimentar\u0103 pentru produc\u021bie, pentru a v\u0103 asigura c\u0103 produsele \u00eendeplinesc standardele.<\/li>\n<li>Serviciul Clien\u021bi: 24 de ore pentru a oferi un r\u0103spuns rapid \u0219i un serviciu de asisten\u021b\u0103 pentru clien\u021bi grijuliu.<\/li>\n<li>E\u0219antion gratuit\uff1a Furniza\u021bi servicii gratuite de e\u0219antionare pentru a evalua produsele.<\/li>\n<\/ul>","protected":false},"featured_media":5696,"comment_status":"open","ping_status":"closed","template":"","meta":[],"product_brand":[],"product_cat":[51,58],"product_tag":[],"class_list":{"0":"post-5716","1":"product","2":"type-product","3":"status-publish","4":"has-post-thumbnail","6":"product_cat-custom-food-packaging-bags","7":"product_cat-tea-bag-packaging","9":"first","10":"instock","11":"shipping-taxable","12":"product-type-simple"},"_links":{"self":[{"href":"https:\/\/www.hyflexpack.com\/ro\/wp-json\/wp\/v2\/product\/5716","targetHints":{"allow":["GET"]}}],"collection":[{"href":"https:\/\/www.hyflexpack.com\/ro\/wp-json\/wp\/v2\/product"}],"about":[{"href":"https:\/\/www.hyflexpack.com\/ro\/wp-json\/wp\/v2\/types\/product"}],"replies":[{"embeddable":true,"href":"https:\/\/www.hyflexpack.com\/ro\/wp-json\/wp\/v2\/comments?post=5716"}],"wp:featuredmedia":[{"embeddable":true,"href":"https:\/\/www.hyflexpack.com\/ro\/wp-json\/wp\/v2\/media\/5696"}],"wp:attachment":[{"href":"https:\/\/www.hyflexpack.com\/ro\/wp-json\/wp\/v2\/media?parent=5716"}],"wp:term":[{"taxonomy":"product_brand","embeddable":true,"href":"https:\/\/www.hyflexpack.com\/ro\/wp-json\/wp\/v2\/product_brand?post=5716"},{"taxonomy":"product_cat","embeddable":true,"href":"https:\/\/www.hyflexpack.com\/ro\/wp-json\/wp\/v2\/product_cat?post=5716"},{"taxonomy":"product_tag","embeddable":true,"href":"https:\/\/www.hyflexpack.com\/ro\/wp-json\/wp\/v2\/product_tag?post=5716"}],"curies":[{"name":"wp","href":"https:\/\/api.w.org\/{rel}","templated":true}]}}