{"id":5564,"date":"2025-03-14T06:38:28","date_gmt":"2025-03-14T06:38:28","guid":{"rendered":"https:\/\/www.hyflexpack.com\/?post_type=product&#038;p=5564"},"modified":"2025-03-14T06:39:51","modified_gmt":"2025-03-14T06:39:51","slug":"supplier-quad-seal-pouch-plastic-stand-up-pouch-coffee-bags-wholesale","status":"publish","type":"product","link":"https:\/\/www.hyflexpack.com\/ro\/product\/supplier-quad-seal-pouch-plastic-stand-up-pouch-coffee-bags-wholesale\/","title":{"rendered":"Furnizor Quad Seal Pouch Plastic Stand Up Pouch Pungi de cafea cu ridicata"},"content":{"rendered":"<div class=\"wp-block-columns is-layout-flex wp-container-core-columns-is-layout-9d6595d7 wp-block-columns-is-layout-flex\">\n<div class=\"wp-block-column is-layout-flow wp-block-column-is-layout-flow\">\n<h2 class=\"wp-block-heading\">Caracteristici ale pungii Quad Seal Pouch<\/h2>\n\n\n\n<ul class=\"wp-block-list\">\n<li>Materiale ecologice: Utiliza\u021bi materiale ecologice care \u00eendeplinesc cerin\u021bele de protec\u021bie a mediului, cum ar fi materialele biodegradabile sau materialele reciclabile, pentru a reduce impactul asupra mediului. 2. Materiale cu bariere \u00eenalte de calitate alimentar\u0103: Pungile de ambalare moi personalizate utilizeaz\u0103 materiale antistatice cu bariere \u00eenalte ecologice, cum ar fi PET, PE, folie de aluminiu etc., pentru a asigura usc\u0103ciunea \u0219i siguran\u021ba produsului, rezistent la umiditate, anti-oxidare \u0219i pentru a prelungi durata de valabilitate. 3. Sigiliu cu fermoar: Sigiliul cu fermoar \u00eencorporat este convenabil pentru deschiderea sigiliului de mai multe ori, men\u021bin\u00e2nd pulberea uscat\u0103 \u0219i \u00eempiedic\u00e2nd p\u0103trunderea d\u0103un\u0103torilor \u0219i a aerului exterior. 4. Design cu fund plat: Permite produsului s\u0103 stea mai bine pe raft \u0219i s\u0103 atrag\u0103 aten\u021bia consumatorilor 5. Design cu supap\u0103 de aer unidirec\u021bional\u0103: Elibereaz\u0103 aerul din curea<\/li>\n<\/ul>\n<\/div>\n\n\n\n<div class=\"wp-block-column is-layout-flow wp-block-column-is-layout-flow\">\n<figure class=\"wp-block-image size-full\"><img fetchpriority=\"high\" decoding=\"async\" width=\"750\" height=\"750\" src=\"https:\/\/www.hyflexpack.com\/wp-content\/uploads\/2024\/10\/Supplier-Quad-Seal-Pouch-\uff081\uff09.webp\" alt=\"Furnizor Quad Seal Pouch\" class=\"wp-image-5553\" srcset=\"https:\/\/www.hyflexpack.com\/wp-content\/uploads\/2024\/10\/Supplier-Quad-Seal-Pouch-\uff081\uff09.webp 750w, https:\/\/www.hyflexpack.com\/wp-content\/uploads\/2024\/10\/Supplier-Quad-Seal-Pouch-\uff081\uff09-300x300.webp 300w, https:\/\/www.hyflexpack.com\/wp-content\/uploads\/2024\/10\/Supplier-Quad-Seal-Pouch-\uff081\uff09-150x150.webp 150w, https:\/\/www.hyflexpack.com\/wp-content\/uploads\/2024\/10\/Supplier-Quad-Seal-Pouch-\uff081\uff09-12x12.webp 12w, https:\/\/www.hyflexpack.com\/wp-content\/uploads\/2024\/10\/Supplier-Quad-Seal-Pouch-\uff081\uff09-285x285.webp 285w, https:\/\/www.hyflexpack.com\/wp-content\/uploads\/2024\/10\/Supplier-Quad-Seal-Pouch-\uff081\uff09-270x270.webp 270w, https:\/\/www.hyflexpack.com\/wp-content\/uploads\/2024\/10\/Supplier-Quad-Seal-Pouch-\uff081\uff09-540x540.webp 540w, https:\/\/www.hyflexpack.com\/wp-content\/uploads\/2024\/10\/Supplier-Quad-Seal-Pouch-\uff081\uff09-660x660.webp 660w\" sizes=\"(max-width: 750px) 100vw, 750px\" \/><\/figure>\n<\/div>\n<\/div>\n\n\n\n<p><\/p>","protected":false},"excerpt":{"rendered":"<p>Caracteristici ale pungii Quad Seal Pouch<\/p>","protected":false},"featured_media":5553,"comment_status":"open","ping_status":"closed","template":"","meta":[],"product_brand":[],"product_cat":[55],"product_tag":[],"class_list":{"0":"post-5564","1":"product","2":"type-product","3":"status-publish","4":"has-post-thumbnail","6":"product_cat-custom-coffee-packaging","8":"first","9":"instock","10":"shipping-taxable","11":"product-type-simple"},"_links":{"self":[{"href":"https:\/\/www.hyflexpack.com\/ro\/wp-json\/wp\/v2\/product\/5564","targetHints":{"allow":["GET"]}}],"collection":[{"href":"https:\/\/www.hyflexpack.com\/ro\/wp-json\/wp\/v2\/product"}],"about":[{"href":"https:\/\/www.hyflexpack.com\/ro\/wp-json\/wp\/v2\/types\/product"}],"replies":[{"embeddable":true,"href":"https:\/\/www.hyflexpack.com\/ro\/wp-json\/wp\/v2\/comments?post=5564"}],"wp:featuredmedia":[{"embeddable":true,"href":"https:\/\/www.hyflexpack.com\/ro\/wp-json\/wp\/v2\/media\/5553"}],"wp:attachment":[{"href":"https:\/\/www.hyflexpack.com\/ro\/wp-json\/wp\/v2\/media?parent=5564"}],"wp:term":[{"taxonomy":"product_brand","embeddable":true,"href":"https:\/\/www.hyflexpack.com\/ro\/wp-json\/wp\/v2\/product_brand?post=5564"},{"taxonomy":"product_cat","embeddable":true,"href":"https:\/\/www.hyflexpack.com\/ro\/wp-json\/wp\/v2\/product_cat?post=5564"},{"taxonomy":"product_tag","embeddable":true,"href":"https:\/\/www.hyflexpack.com\/ro\/wp-json\/wp\/v2\/product_tag?post=5564"}],"curies":[{"name":"wp","href":"https:\/\/api.w.org\/{rel}","templated":true}]}}