{"id":5520,"date":"2024-10-26T06:31:39","date_gmt":"2024-10-26T06:31:39","guid":{"rendered":"https:\/\/www.hyflexpack.com\/?post_type=product&#038;p=5520"},"modified":"2024-12-13T07:27:59","modified_gmt":"2024-12-13T07:27:59","slug":"custom-cookie-packaging-ideas-for-bags","status":"publish","type":"product","link":"https:\/\/www.hyflexpack.com\/ro\/product\/custom-cookie-packaging-ideas-for-bags\/","title":{"rendered":"Idei creative de ambalare a pr\u0103jiturilor Stand Up Pouches personalizate Produc\u0103tor de ambalaje de grad alimentar"},"content":{"rendered":"<div class=\"wp-block-columns is-layout-flex wp-container-core-columns-is-layout-9d6595d7 wp-block-columns-is-layout-flex\">\n<div class=\"wp-block-column is-layout-flow wp-block-column-is-layout-flow\">\n<h3 class=\"wp-block-heading\">Caracteristici ale ideilor creative de ambalare a pr\u0103jiturilor pentru pungi<\/h3>\n\n\n\n<ul class=\"wp-block-list\">\n<li><strong>Calitatea materialului<\/strong>: Materiile prime utilizate la personalizarea ambalajului acestor pr\u0103jituri sunt de calitate alimentar\u0103 \u0219i sigure, garant\u00e2nd astfel depozitarea \u00een siguran\u021b\u0103 a pr\u0103jiturilor \u0219i men\u021binerea prospe\u021bimii \u0219i gustului acestora.<\/li>\n\n\n\n<li><strong>Pung\u0103 personalizabil\u0103 pentru ambalarea biscui\u021bilor<\/strong>: Ofer\u0103 branding individual care va permite cookie-urilor dvs. s\u0103 se eviden\u021bieze prin logo-uri, scheme de culori \u0219i forme creative.<\/li>\n\n\n\n<li><strong>Modele \u00een picioare<\/strong>: Capacitatea de a \u00eembun\u0103t\u0103\u021bi expunerea pe un raft face ca aceste idei de pungi pentru fursecuri s\u0103 arate \u0219i s\u0103 se simt\u0103 high-end; prin urmare, atr\u0103g\u0103toare pentru consumator.<\/li>\n\n\n\n<li><strong>Rezisten\u021b\u0103 la umezeal\u0103 \u0219i prospe\u021bime<\/strong>: Acest ambalaj pentru fursecuri implic\u0103 o tehnologie de barier\u0103 multistrat care protejeaz\u0103 fursecurile de umiditate \u0219i aer, ceea ce ajut\u0103 la prelungirea duratei de via\u021b\u0103 a fursecurilor \u0219i le men\u021bine textura proasp\u0103t\u0103.<\/li>\n\n\n\n<li><strong>Alegere ecologic\u0103<\/strong>: Materialele biodegradabile \u0219i reciclabile sunt furnizate pentru a reduce impactul asupra mediului, permi\u021b\u00e2nd ambalarea durabil\u0103.<\/li>\n\n\n\n<li><strong>Capac cu deschidere estic\u0103 \u0219i sigilare u\u0219oar\u0103: <\/strong>Con\u021bine o \u00eenchidere cu fermoar u\u0219or de desprins \u0219i resigilabil, care face ca deschiderea fursecurilor s\u0103 fie destul de u\u0219oar\u0103 \u0219i rapid\u0103. De asemenea, dup\u0103 deschidere, acestea pot fi p\u0103strate \u00een siguran\u021b\u0103 pentru a p\u0103stra prospe\u021bimea.<\/li>\n<\/ul>\n<\/div>\n\n\n\n<div class=\"wp-block-column is-layout-flow wp-block-column-is-layout-flow\">\n<figure class=\"wp-block-image size-full\"><img fetchpriority=\"high\" decoding=\"async\" width=\"750\" height=\"750\" src=\"https:\/\/www.hyflexpack.com\/wp-content\/uploads\/2024\/10\/Manufacturer-Cookie-Packaging-Bags\uff081\uff09.webp\" alt=\"Produc\u0103tor Cookie ambalare pungi\" class=\"wp-image-5507\" srcset=\"https:\/\/www.hyflexpack.com\/wp-content\/uploads\/2024\/10\/Manufacturer-Cookie-Packaging-Bags\uff081\uff09.webp 750w, https:\/\/www.hyflexpack.com\/wp-content\/uploads\/2024\/10\/Manufacturer-Cookie-Packaging-Bags\uff081\uff09-300x300.webp 300w, https:\/\/www.hyflexpack.com\/wp-content\/uploads\/2024\/10\/Manufacturer-Cookie-Packaging-Bags\uff081\uff09-150x150.webp 150w, https:\/\/www.hyflexpack.com\/wp-content\/uploads\/2024\/10\/Manufacturer-Cookie-Packaging-Bags\uff081\uff09-12x12.webp 12w, https:\/\/www.hyflexpack.com\/wp-content\/uploads\/2024\/10\/Manufacturer-Cookie-Packaging-Bags\uff081\uff09-285x285.webp 285w, https:\/\/www.hyflexpack.com\/wp-content\/uploads\/2024\/10\/Manufacturer-Cookie-Packaging-Bags\uff081\uff09-270x270.webp 270w, https:\/\/www.hyflexpack.com\/wp-content\/uploads\/2024\/10\/Manufacturer-Cookie-Packaging-Bags\uff081\uff09-540x540.webp 540w, https:\/\/www.hyflexpack.com\/wp-content\/uploads\/2024\/10\/Manufacturer-Cookie-Packaging-Bags\uff081\uff09-660x660.webp 660w\" sizes=\"(max-width: 750px) 100vw, 750px\" \/><\/figure>\n<\/div>\n<\/div>\n\n\n\n<p><\/p>","protected":false},"excerpt":{"rendered":"<p>Afla\u021bi cum ideile noastre creative personalizate de ambalare a fursecurilor pentru pungi sunt realizate cu folii de ambalaj compozite ecologice de calitate alimentar\u0103. Aplicarea materialelor compozite poate oferi func\u021bii bune de rezisten\u021b\u0103 la umiditate \u0219i antioxidare, iar propriet\u0103\u021bile de barier\u0103 ridicate asigur\u0103 uscarea \u0219i siguran\u021ba produselor, asigur\u00e2nd c\u0103 produsele nu se vor deteriora din cauza umidit\u0103\u021bii. Designul cus\u0103turilor laterale \u0219i inferioare l\u0103rgite face ca \u00eentreaga pung\u0103 s\u0103 fie mai cuprinz\u0103toare. Contacta\u021bi-ne ast\u0103zi pentru o ofert\u0103, ne angaj\u0103m s\u0103 oferim solu\u021bii unice de ambalare ecologice \u0219i de \u00eenalt\u0103 calitate.<\/p>\n<h3>Avantajele ideilor de ambalare Cookie pentru produc\u0103torii de pungi<\/h3>\n<ul>\n<li>Design personalizat: Oferim servicii personalizate de ambalare a pungilor, inclusiv personalizarea materialelor, dimensiunilor \u0219i modelelor de imprimare pentru a satisface nevoile clien\u021bilor \u0219i sprijinim OEM \u0219i ODM.<\/li>\n<li>Produc\u021bie: Cu echipamente \u0219i tehnologii avansate, putem finaliza produc\u021bia comenzii cu eficien\u021b\u0103 ridicat\u0103 \u0219i calitate ridicat\u0103 \u0219i putem livra la timp.<\/li>\n<li>Inspec\u021bia calit\u0103\u021bii: Respecta\u021bi cu stricte\u021be standardele de calitate \u0219i cerin\u021bele de siguran\u021b\u0103 alimentar\u0103 pentru produc\u021bie, pentru a v\u0103 asigura c\u0103 produsele \u00eendeplinesc standardele.<\/li>\n<li>Serviciul Clien\u021bi: 24 de ore pentru a oferi un r\u0103spuns rapid \u0219i un serviciu de asisten\u021b\u0103 pentru clien\u021bi grijuliu.<\/li>\n<li>E\u0219antion gratuit\uff1a Furniza\u021bi servicii gratuite de e\u0219antionare pentru a evalua produsele.<\/li>\n<\/ul>\n<p><a href=\"https:\/\/www.hyflexpack.com\/ro\/\"><strong>Ambalaje Huiyang<\/strong><\/a> se angajeaz\u0103 s\u0103 ofere clien\u021bilor pungi personalizate de \u00eenalt\u0103 calitate pentru ambalarea pr\u0103jiturilor, pentru a ajuta clien\u021bii s\u0103-\u0219i \u00eembun\u0103t\u0103\u021beasc\u0103 imaginea produselor \u0219i s\u0103-\u0219i sporeasc\u0103 competitivitatea pe pia\u021b\u0103.<\/p>","protected":false},"featured_media":5507,"comment_status":"open","ping_status":"closed","template":"","meta":[],"product_brand":[],"product_cat":[51,57],"product_tag":[],"class_list":{"0":"post-5520","1":"product","2":"type-product","3":"status-publish","4":"has-post-thumbnail","6":"product_cat-custom-food-packaging-bags","7":"product_cat-snack-packaging-bags-wholesale","9":"first","10":"instock","11":"shipping-taxable","12":"product-type-simple"},"_links":{"self":[{"href":"https:\/\/www.hyflexpack.com\/ro\/wp-json\/wp\/v2\/product\/5520","targetHints":{"allow":["GET"]}}],"collection":[{"href":"https:\/\/www.hyflexpack.com\/ro\/wp-json\/wp\/v2\/product"}],"about":[{"href":"https:\/\/www.hyflexpack.com\/ro\/wp-json\/wp\/v2\/types\/product"}],"replies":[{"embeddable":true,"href":"https:\/\/www.hyflexpack.com\/ro\/wp-json\/wp\/v2\/comments?post=5520"}],"wp:featuredmedia":[{"embeddable":true,"href":"https:\/\/www.hyflexpack.com\/ro\/wp-json\/wp\/v2\/media\/5507"}],"wp:attachment":[{"href":"https:\/\/www.hyflexpack.com\/ro\/wp-json\/wp\/v2\/media?parent=5520"}],"wp:term":[{"taxonomy":"product_brand","embeddable":true,"href":"https:\/\/www.hyflexpack.com\/ro\/wp-json\/wp\/v2\/product_brand?post=5520"},{"taxonomy":"product_cat","embeddable":true,"href":"https:\/\/www.hyflexpack.com\/ro\/wp-json\/wp\/v2\/product_cat?post=5520"},{"taxonomy":"product_tag","embeddable":true,"href":"https:\/\/www.hyflexpack.com\/ro\/wp-json\/wp\/v2\/product_tag?post=5520"}],"curies":[{"name":"wp","href":"https:\/\/api.w.org\/{rel}","templated":true}]}}