{"id":5457,"date":"2024-10-15T01:55:41","date_gmt":"2024-10-15T01:55:41","guid":{"rendered":"https:\/\/www.hyflexpack.com\/?post_type=product&#038;p=5457"},"modified":"2024-12-13T06:49:16","modified_gmt":"2024-12-13T06:49:16","slug":"custom-chips-packaging-roll-film","status":"publish","type":"product","link":"https:\/\/www.hyflexpack.com\/ro\/product\/custom-chips-packaging-roll-film\/","title":{"rendered":"Chips personalizat de ambalare Roll Film, Popcorn Snack pungi de ambalare Laminating Film"},"content":{"rendered":"<div class=\"wp-block-columns is-layout-flex wp-container-core-columns-is-layout-9d6595d7 wp-block-columns-is-layout-flex\">\n<div class=\"wp-block-column is-layout-flow wp-block-column-is-layout-flow\">\n<h3 class=\"wp-block-heading\">Caracteristici ale filmului de \u00eenalt\u0103 calitate pentru ambalarea cipurilor<\/h3>\n\n\n\n<ul class=\"wp-block-list\">\n<li><strong>Material de \u00eenalt\u0103 calitate<\/strong>: Pungile de popcorn pentru gust\u0103ri sunt fabricate din materiale de film de ambalare de \u00eenalt\u0103 calitate, care asigur\u0103 siguran\u021ba alimentar\u0103, non-toxic\u0103 \u0219i inodor\u0103. Puternic \u0219i durabil, este potrivit pentru o varietate de ambalaje alimentare.<\/li>\n\n\n\n<li><strong>Ambalare eficient\u0103<\/strong>: Este proiectat pentru echipamente automate de ambalare, cu scopul de a \u00eembun\u0103t\u0103\u021bi eficien\u021ba produc\u021biei. Designul neted al foliei pentru role de ambalare a chipsurilor asigur\u0103 c\u0103 nu vor exista blocaje de h\u00e2rtie \u00een timpul ambal\u0103rii la vitez\u0103 mare.<\/li>\n\n\n\n<li><strong>Performan\u021b\u0103 excelent\u0103 de protec\u021bie<\/strong>: evit\u0103 \u00een mod eficient umiditatea \u0219i praful, prelungind durata de valabilitate a chipsurilor. Buna rezisten\u021b\u0103 la rupere protejeaz\u0103 integritatea cipurilor \u00een timpul transportului \u0219i depozit\u0103rii.<\/li>\n\n\n\n<li><strong>Op\u021biune ecologic\u0103<\/strong>: Suport\u0103 materiale biodegradabile \u0219i reciclabile pentru cerin\u021bele de protec\u021bie a mediului. De asemenea, sunt oferite op\u021biuni privind grosimea filmului pentru a reduce risipa de material \u0219i amprenta de carbon.<\/li>\n\n\n\n<li><strong>Convenabil de utilizat<\/strong>: Rola de film pentru ambalarea chipsurilor este u\u0219or de sigilat termic, ceea ce o poate face suficient de str\u00e2ns\u0103 pentru a proteja chipsurile de cartofi de umiditate. Rolele de film sunt u\u0219or de depozitat \u0219i manipulat, economisind spa\u021biul din depozit.<\/li>\n<\/ul>\n<\/div>\n\n\n\n<div class=\"wp-block-column is-layout-flow wp-block-column-is-layout-flow\">\n<figure class=\"wp-block-image size-full\"><img decoding=\"async\" src=\"https:\/\/www.hyflexpack.com\/wp-content\/uploads\/2024\/10\/wholesale-chips-packaging-roll3.webp\" alt=\"rulou de ambalare chipsuri en-gros\" class=\"wp-image-5445\"\/><\/figure>\n<\/div>\n<\/div>\n\n\n\n<p><\/p>","protected":false},"excerpt":{"rendered":"<p>Premium chips-uri personalizate de ambalare rola de film pentru en-gros, ideal pentru gust\u0103ri ambalaje flexibile cu folie de laminare durabil, perfect pentru p\u0103strarea prospe\u021bimii \u0219i \u00eembun\u0103t\u0103\u021birea apel raft. Nu ezita\u021bi s\u0103 ne contacta\u021bi pentru design gratuit \u0219i mostre!<\/p>\n<h3>Avantajele furnizorului de film pentru ambalarea cipurilor<\/h3>\n<ul>\n<li>Proiectare personalizat\u0103: Oferim servicii personalizate, inclusiv personalizarea materialelor, dimensiunilor \u0219i modelelor de imprimare pentru a satisface nevoile clien\u021bilor \u0219i sus\u021binem OEM \u0219i ODM.<\/li>\n<li>Produc\u021bie: Cu echipamente \u0219i tehnologii avansate, putem finaliza produc\u021bia comenzii \u00een mod eficient \u0219i cu o calitate ridicat\u0103 \u0219i putem livra la timp.<\/li>\n<li>Inspec\u021bia calit\u0103\u021bii: Produc\u021bia se realizeaz\u0103 \u00een strict\u0103 conformitate cu standardele de calitate \u0219i cerin\u021bele de siguran\u021b\u0103 alimentar\u0103 pentru a se asigura c\u0103 produsele \u00eendeplinesc standardele.<\/li>\n<li>Certificare<strong>\uff1a<\/strong>\u00a0FDA\/BRC\/ISO 9001\/RoHS<\/li>\n<li>Serviciul clien\u021bi: 24 de ore pentru a oferi un r\u0103spuns rapid \u0219i un suport atent pentru serviciul clien\u021bi.<\/li>\n<li>E\u0219antion gratuit: Oferi\u021bi un serviciu de e\u0219antion gratuit pentru a evalua produsul.<\/li>\n<\/ul>\n<p><strong>Ambalaje Huiyang<\/strong> se angajeaz\u0103 s\u0103 furnizeze clien\u021bilor pungi de popcorn de calitate alimentar\u0103 pentru a ajuta clien\u021bii s\u0103-\u0219i \u00eembun\u0103t\u0103\u021beasc\u0103 imaginea produsului \u0219i s\u0103-\u0219i sporeasc\u0103 competitivitatea pe pia\u021b\u0103.<\/p>","protected":false},"featured_media":5445,"comment_status":"open","ping_status":"closed","template":"","meta":[],"product_brand":[],"product_cat":[53,57],"product_tag":[],"class_list":{"0":"post-5457","1":"product","2":"type-product","3":"status-publish","4":"has-post-thumbnail","6":"product_cat-packaging-film-supplier","7":"product_cat-snack-packaging-bags-wholesale","9":"first","10":"instock","11":"shipping-taxable","12":"product-type-simple"},"_links":{"self":[{"href":"https:\/\/www.hyflexpack.com\/ro\/wp-json\/wp\/v2\/product\/5457","targetHints":{"allow":["GET"]}}],"collection":[{"href":"https:\/\/www.hyflexpack.com\/ro\/wp-json\/wp\/v2\/product"}],"about":[{"href":"https:\/\/www.hyflexpack.com\/ro\/wp-json\/wp\/v2\/types\/product"}],"replies":[{"embeddable":true,"href":"https:\/\/www.hyflexpack.com\/ro\/wp-json\/wp\/v2\/comments?post=5457"}],"wp:featuredmedia":[{"embeddable":true,"href":"https:\/\/www.hyflexpack.com\/ro\/wp-json\/wp\/v2\/media\/5445"}],"wp:attachment":[{"href":"https:\/\/www.hyflexpack.com\/ro\/wp-json\/wp\/v2\/media?parent=5457"}],"wp:term":[{"taxonomy":"product_brand","embeddable":true,"href":"https:\/\/www.hyflexpack.com\/ro\/wp-json\/wp\/v2\/product_brand?post=5457"},{"taxonomy":"product_cat","embeddable":true,"href":"https:\/\/www.hyflexpack.com\/ro\/wp-json\/wp\/v2\/product_cat?post=5457"},{"taxonomy":"product_tag","embeddable":true,"href":"https:\/\/www.hyflexpack.com\/ro\/wp-json\/wp\/v2\/product_tag?post=5457"}],"curies":[{"name":"wp","href":"https:\/\/api.w.org\/{rel}","templated":true}]}}