{"id":5403,"date":"2024-09-28T03:41:43","date_gmt":"2024-09-28T03:41:43","guid":{"rendered":"https:\/\/www.hyflexpack.com\/?post_type=product&#038;p=5403"},"modified":"2025-11-04T09:12:14","modified_gmt":"2025-11-04T09:12:14","slug":"wholesale-fruit-juice-packaging-bags","status":"publish","type":"product","link":"https:\/\/www.hyflexpack.com\/ro\/product\/wholesale-fruit-juice-packaging-bags\/","title":{"rendered":"Cu ridicata suc de fructe Ambalaje din aluminiu Spout Pouch Stand Up Food Pouch"},"content":{"rendered":"<div class=\"wp-block-columns is-layout-flex wp-container-core-columns-is-layout-9d6595d7 wp-block-columns-is-layout-flex\">\n<div class=\"wp-block-column is-layout-flow wp-block-column-is-layout-flow\">\n<h3 class=\"wp-block-heading\">Caracteristici ale sacului de ambalare a sucului de fructe de \u00eenalt\u0103 calitate<\/h3>\n\n\n\n<ul class=\"wp-block-list\">\n<li><strong>Material din aluminiu premium: The <\/strong>Punga de ambalare a sucului este fabricat\u0103 din folie de aluminiu de \u00eenalt\u0103 calitate cu un<strong> <\/strong>barier\u0103 ridicat\u0103 la umiditate \u0219i lumin\u0103 cu pungi de suc cu rezisten\u021b\u0103 ridicat\u0103 la perforare pentru a asigura ambalarea sucului proasp\u0103t pentru o perioad\u0103 lung\u0103 de timp.<\/li>\n<\/ul>\n\n\n\n<p><\/p>\n\n\n\n<ul class=\"wp-block-list\">\n<li><strong>Pung\u0103 de folie cu gura de scurgere<\/strong>: Ambalajul pentru sucuri de fructe este prev\u0103zut cu o duz\u0103 u\u0219or de deschis, cu un gura de scurgere care se poate \u00eenchide din nou \u0219i cu caracteristici resigilabile pentru copii \u0219i familii.<\/li>\n<\/ul>\n\n\n\n<p><\/p>\n\n\n\n<ul class=\"wp-block-list\">\n<li><strong>Stand-Up Design<\/strong>: Designul unic al fundului stand-up, u\u0219or de afi\u0219at \u0219i aranjat, economisind spa\u021biu de depozitare.<\/li>\n<\/ul>\n\n\n\n<p><\/p>\n\n\n\n<ul class=\"wp-block-list\">\n<li><strong>Finisaj de suprafa\u021b\u0103<\/strong>: Imprimare mat\u0103, lucioas\u0103 sau par\u021bial UV, full-color, p\u00e2n\u0103 la 10 culori.<\/li>\n<\/ul>\n\n\n\n<p><\/p>\n\n\n\n<ul class=\"wp-block-list\">\n<li><strong>U\u0219or \u0219i portabil<\/strong>: Design u\u0219or, u\u0219or \u0219i u\u0219or de transportat, perfect pentru utilizare pe drum.<\/li>\n<\/ul>\n\n\n\n<p><\/p>\n\n\n\n<ul class=\"wp-block-list\">\n<li><strong>Materiale ecologice<\/strong>: Materialele reciclabile pot fi utilizate pentru a \u00eendeplini cerin\u021bele de mediu \u0219i pentru a atrage consumatorii preocupa\u021bi de mediu.<\/li>\n<\/ul>\n<\/div>\n\n\n\n<div class=\"wp-block-column is-layout-flow wp-block-column-is-layout-flow\">\n<figure class=\"wp-block-image size-full\"><img fetchpriority=\"high\" decoding=\"async\" width=\"750\" height=\"750\" src=\"https:\/\/www.hyflexpack.com\/wp-content\/uploads\/2024\/09\/Manufacturers-Juice-Packaging\uff081\uff09.webp\" alt=\"Cu ridicata suc de fructe Ambalaje din aluminiu Spout Pouch\" class=\"wp-image-5404\" srcset=\"https:\/\/www.hyflexpack.com\/wp-content\/uploads\/2024\/09\/Manufacturers-Juice-Packaging\uff081\uff09.webp 750w, https:\/\/www.hyflexpack.com\/wp-content\/uploads\/2024\/09\/Manufacturers-Juice-Packaging\uff081\uff09-300x300.webp 300w, https:\/\/www.hyflexpack.com\/wp-content\/uploads\/2024\/09\/Manufacturers-Juice-Packaging\uff081\uff09-150x150.webp 150w, https:\/\/www.hyflexpack.com\/wp-content\/uploads\/2024\/09\/Manufacturers-Juice-Packaging\uff081\uff09-12x12.webp 12w, https:\/\/www.hyflexpack.com\/wp-content\/uploads\/2024\/09\/Manufacturers-Juice-Packaging\uff081\uff09-285x285.webp 285w, https:\/\/www.hyflexpack.com\/wp-content\/uploads\/2024\/09\/Manufacturers-Juice-Packaging\uff081\uff09-270x270.webp 270w, https:\/\/www.hyflexpack.com\/wp-content\/uploads\/2024\/09\/Manufacturers-Juice-Packaging\uff081\uff09-540x540.webp 540w, https:\/\/www.hyflexpack.com\/wp-content\/uploads\/2024\/09\/Manufacturers-Juice-Packaging\uff081\uff09-660x660.webp 660w\" sizes=\"(max-width: 750px) 100vw, 750px\" \/><\/figure>\n<\/div>\n<\/div>\n\n\n\n<p><\/p>","protected":false},"excerpt":{"rendered":"<p>Pungile noastre de ambalare pentru sucuri de fructe cu rezisten\u021b\u0103 ridicat\u0103 la perforare, proiectate creativ, sunt fabricate din material alimentar cu barier\u0103 ridicat\u0103 la oxigen, Huiyang Packaging ofer\u0103 pungi de suc de \u00eenalt\u0103 calitate cu termen de livrare scurt la un pre\u021b competitiv. Sunt disponibile diverse forme \u0219i modele. Modelele, formele \u0219i logo-urile personalizate sunt acceptabile. Bine a\u021bi venit s\u0103 ne contacta\u021bi pentru a comanda.<\/p>\n<h3>Avantajele furnizorului de ambalaje pentru sucuri de fructe<\/h3>\n<p>\u25cf Proiectare personalizat\u0103: Oferim servicii personalizate pentru pungi de ambalare a sucului, inclusiv personalizarea materialului, dimensiunii \u0219i modelului de imprimare pentru a satisface nevoile clien\u021bilor \u0219i pentru a sprijini OEM \u0219i ODM.<\/p>\n<p>\u25cf Produc\u021bie: Cu echipamente \u0219i tehnologii avansate, putem finaliza produc\u021bia de comand\u0103 eficient \u0219i de \u00eenalt\u0103 calitate \u0219i putem livra la timp.<\/p>\n<p>\u25cfInspec\u021bia calit\u0103\u021bii: Produc\u021bia se realizeaz\u0103 \u00een strict\u0103 conformitate cu standardele de calitate \u0219i cerin\u021bele de siguran\u021b\u0103 alimentar\u0103 pentru a se asigura c\u0103 produsele \u00eendeplinesc standardele.<\/p>\n<p>\u25cf Serviciul pentru clien\u021bi: 24 de ore pentru a oferi un r\u0103spuns rapid \u0219i un serviciu de asisten\u021b\u0103 pentru clien\u021bi atent.<\/p>\n<p>\u25cf E\u0219antion gratuit: Serviciul de e\u0219antion gratuit v\u0103 este oferit pentru a evalua produsul.\u00a0<\/p>","protected":false},"featured_media":5404,"comment_status":"open","ping_status":"closed","template":"","meta":[],"product_brand":[],"product_cat":[51,103],"product_tag":[],"class_list":{"0":"post-5403","1":"product","2":"type-product","3":"status-publish","4":"has-post-thumbnail","6":"product_cat-custom-food-packaging-bags","7":"product_cat-beverage-packaging-bags-supplier","9":"first","10":"instock","11":"shipping-taxable","12":"product-type-simple"},"_links":{"self":[{"href":"https:\/\/www.hyflexpack.com\/ro\/wp-json\/wp\/v2\/product\/5403","targetHints":{"allow":["GET"]}}],"collection":[{"href":"https:\/\/www.hyflexpack.com\/ro\/wp-json\/wp\/v2\/product"}],"about":[{"href":"https:\/\/www.hyflexpack.com\/ro\/wp-json\/wp\/v2\/types\/product"}],"replies":[{"embeddable":true,"href":"https:\/\/www.hyflexpack.com\/ro\/wp-json\/wp\/v2\/comments?post=5403"}],"wp:featuredmedia":[{"embeddable":true,"href":"https:\/\/www.hyflexpack.com\/ro\/wp-json\/wp\/v2\/media\/5404"}],"wp:attachment":[{"href":"https:\/\/www.hyflexpack.com\/ro\/wp-json\/wp\/v2\/media?parent=5403"}],"wp:term":[{"taxonomy":"product_brand","embeddable":true,"href":"https:\/\/www.hyflexpack.com\/ro\/wp-json\/wp\/v2\/product_brand?post=5403"},{"taxonomy":"product_cat","embeddable":true,"href":"https:\/\/www.hyflexpack.com\/ro\/wp-json\/wp\/v2\/product_cat?post=5403"},{"taxonomy":"product_tag","embeddable":true,"href":"https:\/\/www.hyflexpack.com\/ro\/wp-json\/wp\/v2\/product_tag?post=5403"}],"curies":[{"name":"wp","href":"https:\/\/api.w.org\/{rel}","templated":true}]}}