{"id":5395,"date":"2024-09-28T06:24:18","date_gmt":"2024-09-28T06:24:18","guid":{"rendered":"https:\/\/www.hyflexpack.com\/?post_type=product&#038;p=5395"},"modified":"2025-11-04T08:20:31","modified_gmt":"2025-11-04T08:20:31","slug":"custom-candy-bags-packaging","status":"publish","type":"product","link":"https:\/\/www.hyflexpack.com\/ro\/product\/custom-candy-bags-packaging\/","title":{"rendered":"Personalizat imprimate pungi de bomboane ambalare Stand Up Food Pouch Factory"},"content":{"rendered":"<div class=\"wp-block-columns is-layout-flex wp-container-core-columns-is-layout-9d6595d7 wp-block-columns-is-layout-flex\">\n<div class=\"wp-block-column is-layout-flow wp-block-column-is-layout-flow\">\n<h3 class=\"wp-block-heading\">Caracteristici ale sacilor de bomboane imprimate personalizate Premium<\/h3>\n\n\n\n<ul class=\"wp-block-list\">\n<li><strong>Design autoportant<\/strong>: pungile de bomboane resigilabile sunt proiectate cu un fund autoportant unic pentru plasarea \u0219i expunerea corespunz\u0103toare, economisind spa\u021biu de depozitare.<\/li>\n<\/ul>\n\n\n\n<p><\/p>\n\n\n\n<ul class=\"wp-block-list\">\n<li><strong>Material cu bariere \u00eenalte: <\/strong>acest lucru permite bomboanelor din pungile de bomboane cu imprimare personalizat\u0103 s\u0103 r\u0103m\u00e2n\u0103 proaspete mai mult timp dec\u00e2t ambalajele tradi\u021bionale de bomboane, prelungind astfel durata de valabilitate! P\u0103streaz\u0103 dulciurile proaspete \u0219i aromate.<\/li>\n<\/ul>\n\n\n\n<p><\/p>\n\n\n\n<ul class=\"wp-block-list\">\n<li><strong>Specifica\u021bii multiple<\/strong>: Ofer\u0103 o varietate de op\u021biuni de m\u0103rime \u0219i capacitate pentru a r\u0103spunde diferitelor nevoi de produse.<\/li>\n<\/ul>\n\n\n\n<p><\/p>\n\n\n\n<ul class=\"wp-block-list\">\n<li><strong>U\u0219or de \u00eenchis<\/strong>: sunt prev\u0103zute fermoare, ceea ce permite clien\u021bilor s\u0103 depoziteze bomboane \u00een mod flexibil, asigur\u00e2nd integritatea ambalajului \u0219i protej\u00e2ndu-l de umiditate \u0219i praf.<\/li>\n<\/ul>\n\n\n\n<p><\/p>\n\n\n\n<ul class=\"wp-block-list\">\n<li><strong>Op\u021biuni ecologice<\/strong>: Materialele reciclabile sau biodegradabile sunt disponibile pentru a respecta standardele de mediu \u0219i pentru a atrage consumatorii preocupa\u021bi de mediu.<\/li>\n<\/ul>\n\n\n\n<p><\/p>\n\n\n\n<ul class=\"wp-block-list\">\n<li><strong>Reducerea costurilor: <\/strong>ambalarea \u00een pungi flexibile poate reduce costurile \u00een compara\u021bie cu op\u021biuni mai scumpe, cum ar fi cutiile de carton.<\/li>\n<\/ul>\n<\/div>\n\n\n\n<div class=\"wp-block-column is-layout-flow wp-block-column-is-layout-flow\">\n<figure class=\"wp-block-image size-full\"><img fetchpriority=\"high\" decoding=\"async\" width=\"750\" height=\"750\" src=\"https:\/\/www.hyflexpack.com\/wp-content\/uploads\/2024\/09\/Custom-Candy-Wrapper-Packaging\uff082\uff09.webp\" alt=\"Pungi de bomboane imprimate personalizate\" class=\"wp-image-5397\" srcset=\"https:\/\/www.hyflexpack.com\/wp-content\/uploads\/2024\/09\/Custom-Candy-Wrapper-Packaging\uff082\uff09.webp 750w, https:\/\/www.hyflexpack.com\/wp-content\/uploads\/2024\/09\/Custom-Candy-Wrapper-Packaging\uff082\uff09-300x300.webp 300w, https:\/\/www.hyflexpack.com\/wp-content\/uploads\/2024\/09\/Custom-Candy-Wrapper-Packaging\uff082\uff09-150x150.webp 150w, https:\/\/www.hyflexpack.com\/wp-content\/uploads\/2024\/09\/Custom-Candy-Wrapper-Packaging\uff082\uff09-12x12.webp 12w, https:\/\/www.hyflexpack.com\/wp-content\/uploads\/2024\/09\/Custom-Candy-Wrapper-Packaging\uff082\uff09-285x285.webp 285w, https:\/\/www.hyflexpack.com\/wp-content\/uploads\/2024\/09\/Custom-Candy-Wrapper-Packaging\uff082\uff09-270x270.webp 270w, https:\/\/www.hyflexpack.com\/wp-content\/uploads\/2024\/09\/Custom-Candy-Wrapper-Packaging\uff082\uff09-540x540.webp 540w, https:\/\/www.hyflexpack.com\/wp-content\/uploads\/2024\/09\/Custom-Candy-Wrapper-Packaging\uff082\uff09-660x660.webp 660w\" sizes=\"(max-width: 750px) 100vw, 750px\" \/><\/figure>\n<\/div>\n<\/div>\n\n\n\n<p><\/p>","protected":false},"excerpt":{"rendered":"<p>Sunte\u021bi interesat de pungi de bomboane personalizate cu ridicata? Huiyang Packaging ofer\u0103 ambalaje flexibile pentru bomboane \u00eentr-o varietate de formate \u0219i finisaje diferite care pot fi personalizate cu grafica companiei dvs.<\/p>\n<h3>Avantajele furnizorului de pungi de bomboane<\/h3>\n<ul>\n<li><strong style=\"box-sizing: border-box;\">Proiectare personalizat\u0103<\/strong>: Oferi\u021bi solu\u021bii personalizate de proiectare, sprijini\u021bi OEM \/ ODM, personalizate cu diferite specifica\u021bii, dimensiuni, modele de imprimare etc.<\/li>\n<li><strong style=\"box-sizing: border-box;\">Asigurarea calit\u0103\u021bii<\/strong>: Controla\u021bi procesul de produc\u021bie \u0219i dispune\u021bi de materiale de \u00eenalt\u0103 calitate \u0219i echipamente avansate pentru a asigura calitatea produselor.<\/li>\n<li><strong style=\"box-sizing: border-box;\">Livrare la timp<\/strong>: Optimizarea procesului de produc\u021bie \u0219i \u00eembun\u0103t\u0103\u021birea eficien\u021bei produc\u021biei pentru a asigura livrarea la timp \u0219i pentru a satisface nevoile urgente ale clien\u021bilor.<\/li>\n<li><strong style=\"box-sizing: border-box;\">Asisten\u021b\u0103 tehnic\u0103 profesional\u0103<\/strong>: Echipa tehnic\u0103 cu experien\u021b\u0103 ofer\u0103 asisten\u021b\u0103 tehnic\u0103 profesional\u0103 \u0219i servicii de consultan\u021b\u0103 post-v\u00e2nzare 24 de ore din 24.<\/li>\n<li><strong style=\"box-sizing: border-box;\">Mostr\u0103 gratuit\u0103<\/strong>: Oferi\u021bi servicii gratuite de e\u0219antionare pentru a evalua produsele.<\/li>\n<\/ul>\n<p><a href=\"https:\/\/www.hyflexpack.com\/ro\/\"><strong>Ambalaje Huiyang<\/strong><\/a> ofer\u0103 pungi de bomboane distractive pentru linii de ambalare de mare vitez\u0103. Rezistente la umezeal\u0103 \u0219i abraziune; barier\u0103 ridicat\u0103 la oxigen \u0219i lumin\u0103 pentru ambalarea produselor pentru perioade lungi de timp. Face\u021bi ca pungile dvs. personalizate pentru bomboane s\u0103 creasc\u0103 notorietatea m\u0103rcii cu pungi economice imprimate cu logo-ul companiei dvs.<\/p>\n<p>&nbsp;<\/p>","protected":false},"featured_media":5396,"comment_status":"open","ping_status":"closed","template":"","meta":[],"product_brand":[],"product_cat":[51,107,57],"product_tag":[],"class_list":{"0":"post-5395","1":"product","2":"type-product","3":"status-publish","4":"has-post-thumbnail","6":"product_cat-custom-food-packaging-bags","7":"product_cat-candy-packaging-bags-wholesale","8":"product_cat-snack-packaging-bags-wholesale","10":"first","11":"instock","12":"shipping-taxable","13":"product-type-simple"},"_links":{"self":[{"href":"https:\/\/www.hyflexpack.com\/ro\/wp-json\/wp\/v2\/product\/5395","targetHints":{"allow":["GET"]}}],"collection":[{"href":"https:\/\/www.hyflexpack.com\/ro\/wp-json\/wp\/v2\/product"}],"about":[{"href":"https:\/\/www.hyflexpack.com\/ro\/wp-json\/wp\/v2\/types\/product"}],"replies":[{"embeddable":true,"href":"https:\/\/www.hyflexpack.com\/ro\/wp-json\/wp\/v2\/comments?post=5395"}],"wp:featuredmedia":[{"embeddable":true,"href":"https:\/\/www.hyflexpack.com\/ro\/wp-json\/wp\/v2\/media\/5396"}],"wp:attachment":[{"href":"https:\/\/www.hyflexpack.com\/ro\/wp-json\/wp\/v2\/media?parent=5395"}],"wp:term":[{"taxonomy":"product_brand","embeddable":true,"href":"https:\/\/www.hyflexpack.com\/ro\/wp-json\/wp\/v2\/product_brand?post=5395"},{"taxonomy":"product_cat","embeddable":true,"href":"https:\/\/www.hyflexpack.com\/ro\/wp-json\/wp\/v2\/product_cat?post=5395"},{"taxonomy":"product_tag","embeddable":true,"href":"https:\/\/www.hyflexpack.com\/ro\/wp-json\/wp\/v2\/product_tag?post=5395"}],"curies":[{"name":"wp","href":"https:\/\/api.w.org\/{rel}","templated":true}]}}