{"id":5363,"date":"2024-09-23T03:54:19","date_gmt":"2024-09-23T03:54:19","guid":{"rendered":"https:\/\/www.hyflexpack.com\/?post_type=product&#038;p=5363"},"modified":"2024-12-13T07:42:15","modified_gmt":"2024-12-13T07:42:15","slug":"custom-packaging-bags","status":"publish","type":"product","link":"https:\/\/www.hyflexpack.com\/ro\/product\/custom-packaging-bags\/","title":{"rendered":"Pungi de ambalare personalizate de chipsuri, Snack Pouch Produc\u0103tor de ambalaje alimentare"},"content":{"rendered":"<div class=\"wp-block-columns is-layout-flex wp-container-core-columns-is-layout-9d6595d7 wp-block-columns-is-layout-flex\">\n<div class=\"wp-block-column is-layout-flow wp-block-column-is-layout-flow\">\n<h3 class=\"wp-block-heading\">Caracteristici ale pungi de ambalare personalizate de \u00eenalt\u0103 calitate de chips-uri<\/h3>\n\n\n\n<ul class=\"wp-block-list\">\n<li><strong>Material premium<\/strong>: fabricat din material biodegradabil de calitate alimentar\u0103, pachetul este separat de mediul exterior pentru a asigura siguran\u021ba \u0219i inofensivitatea, precum \u0219i interiorul pungii, poate fi \u00een contact direct cu alimentele.<\/li>\n<\/ul>\n\n\n\n<p><\/p>\n\n\n\n<ul class=\"wp-block-list\">\n<li><strong>Design sigilabil<\/strong>: pungile de ambalare personalizate au o structur\u0103 unic\u0103 de etan\u0219are, prevenind \u00een mod eficient umiditatea \u0219i uleiul \u0219i men\u021bin\u00e2nd cartofii pr\u0103ji\u021bi proaspe\u021bi \u0219i crocan\u021bi.<\/li>\n<\/ul>\n\n\n\n<p><\/p>\n\n\n\n<ul class=\"wp-block-list\">\n<li><strong>Stand-Up Design<\/strong>: aceast\u0103 pung\u0103 stand-up este conceput\u0103 pentru a fi u\u0219or de expus \u00een diverse ocazii \u0219i pentru a atrage aten\u021bia clien\u021bilor.<\/li>\n<\/ul>\n\n\n\n<p><\/p>\n\n\n\n<ul class=\"wp-block-list\">\n<li><strong>Imprimare personalizat\u0103:<\/strong> Imprimarea personalizat\u0103 poate fi realizat\u0103 \u00een func\u021bie de nevoile clientului pentru a afi\u0219a informa\u021bii despre marc\u0103 \u0219i modele creative.<\/li>\n<\/ul>\n\n\n\n<p><\/p>\n\n\n\n<ul class=\"wp-block-list\">\n<li><strong>Utilizare multifunc\u021bional\u0103<\/strong>: Pungile de ambalare personalizate sunt potrivite pentru chipsuri, gust\u0103ri \u0219i alte ambalaje de fast-food pentru a satisface diferitele cerin\u021be ale pie\u021bei.<\/li>\n<\/ul>\n<\/div>\n\n\n\n<div class=\"wp-block-column is-layout-flow wp-block-column-is-layout-flow\">\n<figure class=\"wp-block-image size-full\"><img fetchpriority=\"high\" decoding=\"async\" width=\"750\" height=\"750\" src=\"https:\/\/www.hyflexpack.com\/wp-content\/uploads\/2024\/09\/Custom-Packaging-Bags1.webp\" alt=\"Pungi de ambalare personalizate\" class=\"wp-image-5345\" srcset=\"https:\/\/www.hyflexpack.com\/wp-content\/uploads\/2024\/09\/Custom-Packaging-Bags1.webp 750w, https:\/\/www.hyflexpack.com\/wp-content\/uploads\/2024\/09\/Custom-Packaging-Bags1-300x300.webp 300w, https:\/\/www.hyflexpack.com\/wp-content\/uploads\/2024\/09\/Custom-Packaging-Bags1-150x150.webp 150w, https:\/\/www.hyflexpack.com\/wp-content\/uploads\/2024\/09\/Custom-Packaging-Bags1-12x12.webp 12w, https:\/\/www.hyflexpack.com\/wp-content\/uploads\/2024\/09\/Custom-Packaging-Bags1-285x285.webp 285w, https:\/\/www.hyflexpack.com\/wp-content\/uploads\/2024\/09\/Custom-Packaging-Bags1-270x270.webp 270w, https:\/\/www.hyflexpack.com\/wp-content\/uploads\/2024\/09\/Custom-Packaging-Bags1-540x540.webp 540w, https:\/\/www.hyflexpack.com\/wp-content\/uploads\/2024\/09\/Custom-Packaging-Bags1-660x660.webp 660w\" sizes=\"(max-width: 750px) 100vw, 750px\" \/><\/figure>\n<\/div>\n<\/div>\n\n\n\n<p><\/p>","protected":false},"excerpt":{"rendered":"<p>C\u0103uta\u021bi pungi en-gros de calitate pentru chipsuri? Pungile noastre personalizate pentru ambalarea chipsurilor sunt fabricate din materiale de calitate alimentar\u0103 cu propriet\u0103\u021bi bune de etan\u0219are, care pot men\u021bine \u00een mod eficient prospe\u021bimea \u0219i gustul cartofilor pr\u0103ji\u021bi.<\/p>\n<h3>Avantajele furnizorului de saci de chipsuri<\/h3>\n<ul>\n<li><strong>Design personalizat<\/strong>: Oferim servicii personalizate de ambalare a sacilor de chipsuri, inclusiv personalizarea materialului, dimensiunii \u0219i modelului de imprimare pentru a satisface nevoile clien\u021bilor \u0219i pentru a sprijini OEM \u0219i ODM.<\/li>\n<li><strong>Produc\u021bie<\/strong>: Cu echipamente \u0219i tehnologii avansate, putem finaliza produc\u021bia de comenzi cu o eficien\u021b\u0103 ridicat\u0103 \u0219i o calitate ridicat\u0103 \u0219i putem livra la timp.<\/li>\n<li><strong>Inspec\u021bia calit\u0103\u021bii<\/strong>: Respecta\u021bi cu stricte\u021be standardele de calitate \u0219i cerin\u021bele de siguran\u021b\u0103 alimentar\u0103 pentru a v\u0103 asigura c\u0103 produsele \u00eendeplinesc standardele.<\/li>\n<li><strong>Echipa de asisten\u021b\u0103 tehnic\u0103<\/strong>: Echipa noastr\u0103 are o experien\u021b\u0103 bogat\u0103 \u00een industrie \u0219i cuno\u0219tin\u021be profesionale \u0219i poate oferi clien\u021bilor no\u0219tri asisten\u021b\u0103 tehnic\u0103 \u0219i servicii de consultan\u021b\u0103 24 de ore din 24.<\/li>\n<li><strong>Mostr\u0103 gratuit\u0103<\/strong>: Oferi\u021bi servicii gratuite de e\u0219antionare pentru a evalua produsele.<\/li>\n<\/ul>","protected":false},"featured_media":5345,"comment_status":"open","ping_status":"closed","template":"","meta":[],"product_brand":[],"product_cat":[51,57],"product_tag":[],"class_list":{"0":"post-5363","1":"product","2":"type-product","3":"status-publish","4":"has-post-thumbnail","6":"product_cat-custom-food-packaging-bags","7":"product_cat-snack-packaging-bags-wholesale","9":"first","10":"instock","11":"shipping-taxable","12":"product-type-simple"},"_links":{"self":[{"href":"https:\/\/www.hyflexpack.com\/ro\/wp-json\/wp\/v2\/product\/5363","targetHints":{"allow":["GET"]}}],"collection":[{"href":"https:\/\/www.hyflexpack.com\/ro\/wp-json\/wp\/v2\/product"}],"about":[{"href":"https:\/\/www.hyflexpack.com\/ro\/wp-json\/wp\/v2\/types\/product"}],"replies":[{"embeddable":true,"href":"https:\/\/www.hyflexpack.com\/ro\/wp-json\/wp\/v2\/comments?post=5363"}],"wp:featuredmedia":[{"embeddable":true,"href":"https:\/\/www.hyflexpack.com\/ro\/wp-json\/wp\/v2\/media\/5345"}],"wp:attachment":[{"href":"https:\/\/www.hyflexpack.com\/ro\/wp-json\/wp\/v2\/media?parent=5363"}],"wp:term":[{"taxonomy":"product_brand","embeddable":true,"href":"https:\/\/www.hyflexpack.com\/ro\/wp-json\/wp\/v2\/product_brand?post=5363"},{"taxonomy":"product_cat","embeddable":true,"href":"https:\/\/www.hyflexpack.com\/ro\/wp-json\/wp\/v2\/product_cat?post=5363"},{"taxonomy":"product_tag","embeddable":true,"href":"https:\/\/www.hyflexpack.com\/ro\/wp-json\/wp\/v2\/product_tag?post=5363"}],"curies":[{"name":"wp","href":"https:\/\/api.w.org\/{rel}","templated":true}]}}