{"id":5354,"date":"2024-09-23T04:15:15","date_gmt":"2024-09-23T04:15:15","guid":{"rendered":"https:\/\/www.hyflexpack.com\/?post_type=product&#038;p=5354"},"modified":"2025-10-23T08:45:51","modified_gmt":"2025-10-23T08:45:51","slug":"custom-juice-pouch-supplier","status":"publish","type":"product","link":"https:\/\/www.hyflexpack.com\/ro\/product\/custom-juice-pouch-supplier\/","title":{"rendered":"Personalizat suc Pouch ambalare plastic resigilabile Stand Up pungi"},"content":{"rendered":"<div class=\"wp-block-columns is-layout-flex wp-container-core-columns-is-layout-9d6595d7 wp-block-columns-is-layout-flex\">\n<div class=\"wp-block-column is-layout-flow wp-block-column-is-layout-flow\">\n<h3 class=\"wp-block-heading\">Caracteristici ale pungilor Pouch de suc de \u00eenalt\u0103 calitate<\/h3>\n\n\n\n<ul class=\"wp-block-list\">\n<li>P\u0103stra\u021bi proaspete: cu un design deta\u0219abil de etan\u0219are, prevenind deteriorarea pungilor de suc din cauza oxid\u0103rii, pute\u021bi prelungi durata de depozitare.<\/li>\n<\/ul>\n\n\n\n<p><\/p>\n\n\n\n<ul class=\"wp-block-list\">\n<li>Protec\u021bie UV: pungile noastre de suc personalizate sunt protejate de razele ultraviolete ale soarelui, men\u021bin\u00e2nd aroma \u0219i nutri\u021bia sucului.<\/li>\n<\/ul>\n\n\n\n<p><\/p>\n\n\n\n<ul class=\"wp-block-list\">\n<li>Sigur \u0219i igienic: previne contaminarea cu impurit\u0103\u021bi \u0219i asigur\u0103 siguran\u021ba b\u0103uturilor.<\/li>\n<\/ul>\n\n\n\n<p><\/p>\n\n\n\n<ul class=\"wp-block-list\">\n<li>Convenabil de utilizat: U\u0219or de deschis, u\u0219or de transportat \u0219i de depozitat.<\/li>\n<\/ul>\n\n\n\n<p><\/p>\n\n\n\n<ul class=\"wp-block-list\">\n<li>Robuste \u0219i durabile: Pungu\u021bele pentru sucuri au un strat exterior dur pentru a preveni d\u0103un\u0103torii, potrivite pentru copii.<\/li>\n<\/ul>\n\n\n\n<p><\/p>\n\n\n\n<ul class=\"wp-block-list\">\n<li>Ecologic \u0219i economic: Materiale reciclabile, accesibile \u0219i durabile.<\/li>\n<\/ul>\n<\/div>\n\n\n\n<div class=\"wp-block-column is-layout-flow wp-block-column-is-layout-flow\">\n<figure class=\"wp-block-image size-full\"><img fetchpriority=\"high\" decoding=\"async\" width=\"750\" height=\"750\" src=\"https:\/\/www.hyflexpack.com\/wp-content\/uploads\/2024\/09\/custom-stand-up-juice-pouch-bag2-2.webp\" alt=\"personalizat stand up sac de suc pouch\" class=\"wp-image-5361\" srcset=\"https:\/\/www.hyflexpack.com\/wp-content\/uploads\/2024\/09\/custom-stand-up-juice-pouch-bag2-2.webp 750w, https:\/\/www.hyflexpack.com\/wp-content\/uploads\/2024\/09\/custom-stand-up-juice-pouch-bag2-2-300x300.webp 300w, https:\/\/www.hyflexpack.com\/wp-content\/uploads\/2024\/09\/custom-stand-up-juice-pouch-bag2-2-150x150.webp 150w, https:\/\/www.hyflexpack.com\/wp-content\/uploads\/2024\/09\/custom-stand-up-juice-pouch-bag2-2-12x12.webp 12w, https:\/\/www.hyflexpack.com\/wp-content\/uploads\/2024\/09\/custom-stand-up-juice-pouch-bag2-2-285x285.webp 285w, https:\/\/www.hyflexpack.com\/wp-content\/uploads\/2024\/09\/custom-stand-up-juice-pouch-bag2-2-270x270.webp 270w, https:\/\/www.hyflexpack.com\/wp-content\/uploads\/2024\/09\/custom-stand-up-juice-pouch-bag2-2-540x540.webp 540w, https:\/\/www.hyflexpack.com\/wp-content\/uploads\/2024\/09\/custom-stand-up-juice-pouch-bag2-2-660x660.webp 660w\" sizes=\"(max-width: 750px) 100vw, 750px\" \/><\/figure>\n<\/div>\n<\/div>\n\n\n\n<p><\/p>","protected":false},"excerpt":{"rendered":"<p>\u00cen\u021belege\u021bi c\u0103 pungile personalizate pentru sucuri sunt fabricate din plastic de \u00eenalt\u0103 calitate \u0219i concepute ca ambalaje stand-up resigilabile pentru depozitare \u0219i portabilitate u\u0219oar\u0103. Satisface\u021bi nevoile diferi\u021bilor clien\u021bi. Chiar \u0219i \u00een ceea ce prive\u0219te pre\u021burile pungilor de suc, putem garanta pre\u021buri competitive pe pia\u021b\u0103. V\u0103 rug\u0103m s\u0103 nu ezita\u021bi s\u0103 ne contacta\u021bi pentru toate pungile dvs. de suc.<\/p>\n<h3>Avantajele furnizorului de pungi personalizate pentru sucuri<\/h3>\n<ul>\n<li><strong>Design personalizat<\/strong>: Oferim servicii personalizate de pungi de suc, inclusiv personalizarea materialului, dimensiunii \u0219i modelului de imprimare pentru a satisface nevoile clien\u021bilor \u0219i pentru a sprijini OEM \u0219i ODM.<\/li>\n<li><strong>Produc\u021bie<\/strong>: Cu echipamente \u0219i tehnologii avansate, putem finaliza produc\u021bia de comenzi cu o eficien\u021b\u0103 ridicat\u0103 \u0219i o calitate ridicat\u0103 \u0219i putem livra la timp.<\/li>\n<li><strong>Inspec\u021bia calit\u0103\u021bii<\/strong>: Respecta\u021bi cu stricte\u021be standardele de calitate \u0219i cerin\u021bele de siguran\u021b\u0103 alimentar\u0103 pentru a v\u0103 asigura c\u0103 produsele \u00eendeplinesc standardele.<\/li>\n<li><strong>Echipa de asisten\u021b\u0103 tehnic\u0103<\/strong>: Echipa noastr\u0103 are o experien\u021b\u0103 bogat\u0103 \u00een industrie \u0219i cuno\u0219tin\u021be profesionale \u0219i poate oferi clien\u021bilor no\u0219tri asisten\u021b\u0103 tehnic\u0103 \u0219i servicii de consultan\u021b\u0103 24 de ore din 24.<\/li>\n<li><strong>Mostr\u0103 gratuit\u0103<\/strong>: Oferi\u021bi servicii gratuite de e\u0219antionare pentru a evalua produsele.<\/li>\n<\/ul>","protected":false},"featured_media":5355,"comment_status":"open","ping_status":"closed","template":"","meta":[],"product_brand":[],"product_cat":[103],"product_tag":[],"class_list":{"0":"post-5354","1":"product","2":"type-product","3":"status-publish","4":"has-post-thumbnail","6":"product_cat-beverage-packaging-bags-supplier","8":"first","9":"instock","10":"shipping-taxable","11":"product-type-simple"},"_links":{"self":[{"href":"https:\/\/www.hyflexpack.com\/ro\/wp-json\/wp\/v2\/product\/5354","targetHints":{"allow":["GET"]}}],"collection":[{"href":"https:\/\/www.hyflexpack.com\/ro\/wp-json\/wp\/v2\/product"}],"about":[{"href":"https:\/\/www.hyflexpack.com\/ro\/wp-json\/wp\/v2\/types\/product"}],"replies":[{"embeddable":true,"href":"https:\/\/www.hyflexpack.com\/ro\/wp-json\/wp\/v2\/comments?post=5354"}],"wp:featuredmedia":[{"embeddable":true,"href":"https:\/\/www.hyflexpack.com\/ro\/wp-json\/wp\/v2\/media\/5355"}],"wp:attachment":[{"href":"https:\/\/www.hyflexpack.com\/ro\/wp-json\/wp\/v2\/media?parent=5354"}],"wp:term":[{"taxonomy":"product_brand","embeddable":true,"href":"https:\/\/www.hyflexpack.com\/ro\/wp-json\/wp\/v2\/product_brand?post=5354"},{"taxonomy":"product_cat","embeddable":true,"href":"https:\/\/www.hyflexpack.com\/ro\/wp-json\/wp\/v2\/product_cat?post=5354"},{"taxonomy":"product_tag","embeddable":true,"href":"https:\/\/www.hyflexpack.com\/ro\/wp-json\/wp\/v2\/product_tag?post=5354"}],"curies":[{"name":"wp","href":"https:\/\/api.w.org\/{rel}","templated":true}]}}