{"id":5353,"date":"2024-09-22T06:14:06","date_gmt":"2024-09-22T06:14:06","guid":{"rendered":"https:\/\/www.hyflexpack.com\/?post_type=product&#038;p=5353"},"modified":"2024-09-22T18:06:20","modified_gmt":"2024-09-22T18:06:20","slug":"custom-plantain-chips-packaging-bags","status":"publish","type":"product","link":"https:\/\/www.hyflexpack.com\/ro\/product\/custom-plantain-chips-packaging-bags\/","title":{"rendered":"Personalizat de imprimare Plantain Chips ambalare pungi Compozabil Stand Up Pouch"},"content":{"rendered":"<div class=\"wp-block-columns is-layout-flex wp-container-core-columns-is-layout-9d6595d7 wp-block-columns-is-layout-flex\">\n<div class=\"wp-block-column is-layout-flow wp-block-column-is-layout-flow\">\n<h3 class=\"wp-block-heading\">Caracteristici de \u00eenalt\u0103 calitate Plantain Chips pungi de ambalare<\/h3>\n\n\n\n<ul class=\"wp-block-list\">\n<li>Materiale ecologice: Utiliza\u021bi materiale ecologice care \u00eendeplinesc cerin\u021bele de protec\u021bie a mediului, cum ar fi materialele biodegradabile sau materialele reciclabile, pentru a reduce impactul asupra mediului. <\/li>\n<\/ul>\n\n\n\n<p><\/p>\n\n\n\n<ul class=\"wp-block-list\">\n<li>Materiale de calitate alimentar\u0103 cu barier\u0103 ridicat\u0103: Pungile de ambalare pentru chipsuri de plantain utilizeaz\u0103 materiale de calitate alimentar\u0103 pentru a se asigura c\u0103 alimentele sunt depozitate \u00eentr-un mediu curat \u0219i igienic. <\/li>\n<\/ul>\n\n\n\n<p><\/p>\n\n\n\n<ul class=\"wp-block-list\">\n<li>Sigiliu cu fermoar: Sigiliu cu fermoar \u00eencorporat, convenabil pentru deschideri multiple. <\/li>\n<\/ul>\n\n\n\n<p><\/p>\n\n\n\n<ul class=\"wp-block-list\">\n<li>Design stand-up sac: Structura \u00een picioare, mai cuprinz\u0103toare, poate sta ferm pe rafturi sau vitrine dup\u0103 ambalarea produselor, economisind spa\u021biu de afi\u0219are \u0219i \u00eembun\u0103t\u0103\u021bind efectele de afi\u0219are a produselor.<\/li>\n<\/ul>\n<\/div>\n\n\n\n<div class=\"wp-block-column is-layout-flow wp-block-column-is-layout-flow\">\n<figure class=\"wp-block-image size-full\"><img fetchpriority=\"high\" decoding=\"async\" width=\"750\" height=\"750\" src=\"https:\/\/www.hyflexpack.com\/wp-content\/uploads\/2024\/09\/plantain-chips-packaging-bags1.webp\" alt=\"Pungi de ambalare personalizate pentru chipsuri de plantain\" class=\"wp-image-5334\" srcset=\"https:\/\/www.hyflexpack.com\/wp-content\/uploads\/2024\/09\/plantain-chips-packaging-bags1.webp 750w, https:\/\/www.hyflexpack.com\/wp-content\/uploads\/2024\/09\/plantain-chips-packaging-bags1-300x300.webp 300w, https:\/\/www.hyflexpack.com\/wp-content\/uploads\/2024\/09\/plantain-chips-packaging-bags1-150x150.webp 150w, https:\/\/www.hyflexpack.com\/wp-content\/uploads\/2024\/09\/plantain-chips-packaging-bags1-12x12.webp 12w, https:\/\/www.hyflexpack.com\/wp-content\/uploads\/2024\/09\/plantain-chips-packaging-bags1-285x285.webp 285w, https:\/\/www.hyflexpack.com\/wp-content\/uploads\/2024\/09\/plantain-chips-packaging-bags1-270x270.webp 270w, https:\/\/www.hyflexpack.com\/wp-content\/uploads\/2024\/09\/plantain-chips-packaging-bags1-540x540.webp 540w, https:\/\/www.hyflexpack.com\/wp-content\/uploads\/2024\/09\/plantain-chips-packaging-bags1-660x660.webp 660w\" sizes=\"(max-width: 750px) 100vw, 750px\" \/><\/figure>\n<\/div>\n<\/div>\n\n\n\n<p><\/p>","protected":false},"excerpt":{"rendered":"<p>Ambalaj compostabil pentru chipsuri de plantain cu imprimare de \u00eenalt\u0103 calitate. Ofer\u0103 mai mult\u0103 protec\u021bie produsului, prezent\u00e2nd \u00een acela\u0219i timp designul personalizat vibrant al m\u0103rcii. Perfect pentru solu\u021bii durabile de ambalare a gust\u0103rilor.<\/p>\n<p>\u25cf<strong>Design personalizat<\/strong>: Oferim servicii personalizate pentru pungile de ambalare a chipsurilor de plantain, inclusiv personalizarea materialului, dimensiunii \u0219i modelului de imprimare pentru a satisface nevoile clien\u021bilor \u0219i pentru a sprijini OEM \u0219i ODM.<\/p>\n<p>\u25cf<strong>Produc\u021bie<\/strong>: Cu echipamente \u0219i tehnologii avansate, putem finaliza produc\u021bia de comand\u0103 eficient \u0219i de \u00eenalt\u0103 calitate \u0219i putem livra la timp.<\/p>\n<p>\u25cf<strong>Inspec\u021bia calit\u0103\u021bii<\/strong>: Produc\u021bia se realizeaz\u0103 \u00een strict\u0103 conformitate cu standardele de calitate \u0219i cerin\u021bele de siguran\u021b\u0103 alimentar\u0103 pentru a se asigura c\u0103 produsele \u00eendeplinesc standardele.<\/p>\n<p>\u25cf<strong>Serviciul clien\u021bi<\/strong>: 24 de ore pentru a oferi un r\u0103spuns rapid \u0219i un serviciu de asisten\u021b\u0103 pentru clien\u021bi grijuliu.<\/p>\n<p>\u25cf<strong>E\u0219antion gratuit<\/strong>: Oferi\u021bi un serviciu gratuit de e\u0219antionare pentru a evalua produsul. Huiyang Packaging se angajeaz\u0103 s\u0103 furnizeze clien\u021bilor pungi de ambalare pentru chipsuri de plantain de \u00eenalt\u0103 calitate pentru a ajuta clien\u021bii s\u0103-\u0219i \u00eembun\u0103t\u0103\u021beasc\u0103 imaginea produsului \u0219i s\u0103-\u0219i sporeasc\u0103 competitivitatea pe pia\u021b\u0103. \u00a0<\/p>","protected":false},"featured_media":5334,"comment_status":"open","ping_status":"closed","template":"","meta":[],"product_brand":[],"product_cat":[51],"product_tag":[],"class_list":{"0":"post-5353","1":"product","2":"type-product","3":"status-publish","4":"has-post-thumbnail","6":"product_cat-custom-food-packaging-bags","8":"first","9":"instock","10":"shipping-taxable","11":"product-type-simple"},"_links":{"self":[{"href":"https:\/\/www.hyflexpack.com\/ro\/wp-json\/wp\/v2\/product\/5353","targetHints":{"allow":["GET"]}}],"collection":[{"href":"https:\/\/www.hyflexpack.com\/ro\/wp-json\/wp\/v2\/product"}],"about":[{"href":"https:\/\/www.hyflexpack.com\/ro\/wp-json\/wp\/v2\/types\/product"}],"replies":[{"embeddable":true,"href":"https:\/\/www.hyflexpack.com\/ro\/wp-json\/wp\/v2\/comments?post=5353"}],"wp:featuredmedia":[{"embeddable":true,"href":"https:\/\/www.hyflexpack.com\/ro\/wp-json\/wp\/v2\/media\/5334"}],"wp:attachment":[{"href":"https:\/\/www.hyflexpack.com\/ro\/wp-json\/wp\/v2\/media?parent=5353"}],"wp:term":[{"taxonomy":"product_brand","embeddable":true,"href":"https:\/\/www.hyflexpack.com\/ro\/wp-json\/wp\/v2\/product_brand?post=5353"},{"taxonomy":"product_cat","embeddable":true,"href":"https:\/\/www.hyflexpack.com\/ro\/wp-json\/wp\/v2\/product_cat?post=5353"},{"taxonomy":"product_tag","embeddable":true,"href":"https:\/\/www.hyflexpack.com\/ro\/wp-json\/wp\/v2\/product_tag?post=5353"}],"curies":[{"name":"wp","href":"https:\/\/api.w.org\/{rel}","templated":true}]}}