{"id":5324,"date":"2024-09-15T02:09:08","date_gmt":"2024-09-15T02:09:08","guid":{"rendered":"https:\/\/www.hyflexpack.com\/?post_type=product&#038;p=5324"},"modified":"2024-09-15T02:09:10","modified_gmt":"2024-09-15T02:09:10","slug":"custom-food-pouches-packaging","status":"publish","type":"product","link":"https:\/\/www.hyflexpack.com\/ro\/product\/custom-food-pouches-packaging\/","title":{"rendered":"Pungi alimentare personalizate ambalare c\u0103ldur\u0103 sigiliu pungi Eco-Friendly Stand Up Pouches cu fermoar"},"content":{"rendered":"<div class=\"wp-block-columns is-layout-flex wp-container-core-columns-is-layout-9d6595d7 wp-block-columns-is-layout-flex\">\n<div class=\"wp-block-column is-layout-flow wp-block-column-is-layout-flow\">\n<h3 class=\"wp-block-heading\">Caracteristici ale ambalajelor pentru pungi alimentare de \u00eenalt\u0103 calitate<\/h3>\n\n\n\n<ul class=\"wp-block-list\">\n<li>Material ecologic: Fabricat cu materiale reciclabile \u0219i ecologice pentru a minimiza impactul asupra mediului \u0219i pentru a respecta standardele de dezvoltare durabil\u0103.<\/li>\n<\/ul>\n\n\n\n<p><\/p>\n\n\n\n<ul class=\"wp-block-list\">\n<li>Design cu sigiliu termic: Pungile cu sigiliu termic asigur\u0103 o etan\u0219are puternic\u0103 pentru a preveni p\u0103trunderea aerului \u0219i a umidit\u0103\u021bii, asigur\u00e2nd c\u0103 alimentele r\u0103m\u00e2n proaspete pentru o perioad\u0103 lung\u0103 de timp.<\/li>\n<\/ul>\n\n\n\n<p><\/p>\n\n\n\n<ul class=\"wp-block-list\">\n<li>Construc\u021bie autoportant\u0103: Designul ambalajelor personalizate pentru pungi alimentare permite ambalajului s\u0103 stea \u00een picioare, facilit\u00e2nd afi\u0219area acestuia pentru a fi v\u0103zut de cump\u0103r\u0103tori \u0219i \u00eembun\u0103t\u0103\u021bind prezentarea.<\/li>\n<\/ul>\n\n\n\n<p><\/p>\n\n\n\n<ul class=\"wp-block-list\">\n<li>Fermoar convenabil: Designul cu fermoar resigilabil faciliteaz\u0103 utilizatorilor s\u0103 utilizeze pachetul de mai multe ori pentru a p\u0103stra alimentele proaspete.<\/li>\n<\/ul>\n\n\n\n<p><\/p>\n\n\n\n<ul class=\"wp-block-list\">\n<li>Imprimare de \u00eenalt\u0103 calitate: Pungile cu sigiliu termic permit imprimarea personalizat\u0103 pentru a ajuta m\u0103rcile s\u0103 \u00eembun\u0103t\u0103\u021beasc\u0103 aspectul \u0219i recunoa\u0219terea pe pia\u021b\u0103 a produselor lor.<\/li>\n<\/ul>\n\n\n\n<p><\/p>\n\n\n\n<ul class=\"wp-block-list\">\n<li>Gam\u0103 larg\u0103 de aplica\u021bii: Pungile de ambalare a alimentelor sunt potrivite pentru o gam\u0103 larg\u0103 de nevoi de ambalare a alimentelor, cu performan\u021be puternice de barier\u0103, aplica\u021biile includ nuci, gust\u0103ri, condimente etc., pentru a satisface o gam\u0103 larg\u0103 de cerin\u021be de ambalare.<\/li>\n<\/ul>\n<\/div>\n\n\n\n<div class=\"wp-block-column is-layout-flow wp-block-column-is-layout-flow\">\n<figure class=\"wp-block-image size-full\"><img fetchpriority=\"high\" decoding=\"async\" width=\"750\" height=\"750\" src=\"https:\/\/www.hyflexpack.com\/wp-content\/uploads\/2024\/09\/Custom-sri-lanka-tea-packaging-bag1.webp\" alt=\"Pungi personalizate pentru ambalarea alimentelor\" class=\"wp-image-5325\" srcset=\"https:\/\/www.hyflexpack.com\/wp-content\/uploads\/2024\/09\/Custom-sri-lanka-tea-packaging-bag1.webp 750w, https:\/\/www.hyflexpack.com\/wp-content\/uploads\/2024\/09\/Custom-sri-lanka-tea-packaging-bag1-300x300.webp 300w, https:\/\/www.hyflexpack.com\/wp-content\/uploads\/2024\/09\/Custom-sri-lanka-tea-packaging-bag1-150x150.webp 150w, https:\/\/www.hyflexpack.com\/wp-content\/uploads\/2024\/09\/Custom-sri-lanka-tea-packaging-bag1-12x12.webp 12w, https:\/\/www.hyflexpack.com\/wp-content\/uploads\/2024\/09\/Custom-sri-lanka-tea-packaging-bag1-285x285.webp 285w, https:\/\/www.hyflexpack.com\/wp-content\/uploads\/2024\/09\/Custom-sri-lanka-tea-packaging-bag1-270x270.webp 270w, https:\/\/www.hyflexpack.com\/wp-content\/uploads\/2024\/09\/Custom-sri-lanka-tea-packaging-bag1-540x540.webp 540w, https:\/\/www.hyflexpack.com\/wp-content\/uploads\/2024\/09\/Custom-sri-lanka-tea-packaging-bag1-660x660.webp 660w\" sizes=\"(max-width: 750px) 100vw, 750px\" \/><\/figure>\n<\/div>\n<\/div>\n\n\n\n<p><\/p>","protected":false},"excerpt":{"rendered":"<p>Afla\u021bi mai multe despre ambalarea alimentelor \u00een pungi, unde folosim de obicei un singur material sau un compozit pentru a conferi ambalajului propriet\u0103\u021bi de barier\u0103 ridicate. Designul pungilor stand-up nu este doar inclusiv, ci \u0219i mai bun pentru prezentare. Contacta\u021bi-ne ast\u0103zi pentru o ofert\u0103. Ne angaj\u0103m s\u0103 oferim solu\u021bii unice de ambalare ecologice \u0219i de \u00eenalt\u0103 calitate.<\/p>\n<h3>Avantajele produc\u0103torului de ambalaje pentru pungi alimentare<\/h3>\n<p>\u25cf<strong>Design personalizat<\/strong>: Oferim servicii personalizate de ambalare a pungilor alimentare, inclusiv personalizarea materialelor, dimensiunilor \u0219i modelelor de imprimare pentru a satisface nevoile clien\u021bilor \u0219i sus\u021binem OEM \u0219i ODM.<\/p>\n<p>\u25cf<strong>Produc\u021bie<\/strong>: Cu echipamente \u0219i tehnologii avansate, putem finaliza produc\u021bia de comand\u0103 eficient \u0219i de \u00eenalt\u0103 calitate \u0219i putem livra la timp.<\/p>\n<p>\u25cf<strong>Inspec\u021bia calit\u0103\u021bii<\/strong>: Produc\u021bia se realizeaz\u0103 \u00een strict\u0103 conformitate cu standardele de calitate \u0219i cerin\u021bele de siguran\u021b\u0103 alimentar\u0103 pentru a se asigura c\u0103 produsele \u00eendeplinesc standardele.<\/p>\n<p>\u25cf<strong>Serviciul clien\u021bi<\/strong>: 24 de ore pentru a oferi un r\u0103spuns rapid \u0219i un serviciu de asisten\u021b\u0103 pentru clien\u021bi grijuliu.<\/p>\n<p>\u25cf<strong>Mostr\u0103 gratuit\u0103<\/strong>: Oferi\u021bi un serviciu de e\u0219antion gratuit pentru a evalua sacul de ambalare flexibil.<\/p>","protected":false},"featured_media":5325,"comment_status":"open","ping_status":"closed","template":"","meta":[],"product_brand":[],"product_cat":[51],"product_tag":[],"class_list":{"0":"post-5324","1":"product","2":"type-product","3":"status-publish","4":"has-post-thumbnail","6":"product_cat-custom-food-packaging-bags","8":"first","9":"instock","10":"shipping-taxable","11":"product-type-simple"},"_links":{"self":[{"href":"https:\/\/www.hyflexpack.com\/ro\/wp-json\/wp\/v2\/product\/5324","targetHints":{"allow":["GET"]}}],"collection":[{"href":"https:\/\/www.hyflexpack.com\/ro\/wp-json\/wp\/v2\/product"}],"about":[{"href":"https:\/\/www.hyflexpack.com\/ro\/wp-json\/wp\/v2\/types\/product"}],"replies":[{"embeddable":true,"href":"https:\/\/www.hyflexpack.com\/ro\/wp-json\/wp\/v2\/comments?post=5324"}],"wp:featuredmedia":[{"embeddable":true,"href":"https:\/\/www.hyflexpack.com\/ro\/wp-json\/wp\/v2\/media\/5325"}],"wp:attachment":[{"href":"https:\/\/www.hyflexpack.com\/ro\/wp-json\/wp\/v2\/media?parent=5324"}],"wp:term":[{"taxonomy":"product_brand","embeddable":true,"href":"https:\/\/www.hyflexpack.com\/ro\/wp-json\/wp\/v2\/product_brand?post=5324"},{"taxonomy":"product_cat","embeddable":true,"href":"https:\/\/www.hyflexpack.com\/ro\/wp-json\/wp\/v2\/product_cat?post=5324"},{"taxonomy":"product_tag","embeddable":true,"href":"https:\/\/www.hyflexpack.com\/ro\/wp-json\/wp\/v2\/product_tag?post=5324"}],"curies":[{"name":"wp","href":"https:\/\/api.w.org\/{rel}","templated":true}]}}