{"id":5305,"date":"2024-09-14T18:07:26","date_gmt":"2024-09-14T18:07:26","guid":{"rendered":"https:\/\/www.hyflexpack.com\/?post_type=product&#038;p=5305"},"modified":"2025-10-23T08:44:01","modified_gmt":"2025-10-23T08:44:01","slug":"custom-frozen-food-packaging-bags","status":"publish","type":"product","link":"https:\/\/www.hyflexpack.com\/ro\/product\/custom-frozen-food-packaging-bags\/","title":{"rendered":"Personalizat congelate pungi de ambalare alimentare, Stand sus imprimate alimentare Pouch Nylon Mylar saci"},"content":{"rendered":"<div class=\"wp-block-columns is-layout-flex wp-container-core-columns-is-layout-9d6595d7 wp-block-columns-is-layout-flex\">\n<div class=\"wp-block-column is-layout-flow wp-block-column-is-layout-flow\">\n<h3 class=\"wp-block-heading\">Caracteristici ale ambalajelor personalizate de \u00eenalt\u0103 calitate pentru alimente congelate<\/h3>\n\n\n\n<ul class=\"wp-block-list\">\n<li>Rezisten\u021b\u0103 la temperaturi sc\u0103zute: acesta este pentru proiectarea ambalajelor pentru alimente congelate, materialul sacului este dur \u0219i nu este u\u0219or de rupt sau deformat la temperaturi sc\u0103zute, pentru a asigura depozitarea \u00een siguran\u021b\u0103 a alimentelor.<\/li>\n<\/ul>\n\n\n\n<p><\/p>\n\n\n\n<ul class=\"wp-block-list\">\n<li>Imprimare personalizat\u0103: pungile pentru ambalarea alimentelor congelate suport\u0103 imprimarea personalizat\u0103 HD pentru a crea ambalaje unice pentru marca dvs. \u0219i pentru a \u00eembun\u0103t\u0103\u021bi recunoa\u0219terea m\u0103rcii.<\/li>\n<\/ul>\n\n\n\n<p><\/p>\n\n\n\n<ul class=\"wp-block-list\">\n<li>Design stand-up: cu un design stand-up pouch, este convenabil pentru afi\u0219area \u0219i depozitarea congelatorului, maximiz\u00e2nd economisirea spa\u021biului.<\/li>\n<\/ul>\n\n\n\n<p><\/p>\n\n\n\n<ul class=\"wp-block-list\">\n<li>Barier\u0103 ridicat\u0103: Materialul Nylon Mylar are propriet\u0103\u021bi excelente de barier\u0103, \u00eempiedic\u00e2nd p\u0103trunderea vaporilor de ap\u0103, a aerului \u0219i a luminii \u0219i prelungind durata de valabilitate a alimentelor.<\/li>\n<\/ul>\n\n\n\n<p><\/p>\n\n\n\n<ul class=\"wp-block-list\">\n<li>Op\u021biuni ecologice: Pungile personalizate pentru ambalarea alimentelor congelate respect\u0103 standardele interna\u021bionale de mediu \u0219i ofer\u0103 op\u021biuni de materiale reciclabile pentru a sus\u021bine ambalarea ecologic\u0103.<\/li>\n<\/ul>\n<\/div>\n\n\n\n<div class=\"wp-block-column is-layout-flow wp-block-column-is-layout-flow\">\n<figure class=\"wp-block-image size-full\"><img fetchpriority=\"high\" decoding=\"async\" width=\"750\" height=\"750\" src=\"https:\/\/www.hyflexpack.com\/wp-content\/uploads\/2024\/09\/Custom-Printed-Frozen-Food-Packaging\uff081\uff09.webp\" alt=\"Produc\u0103tori de ambalaje personalizate pentru alimente congelate\" class=\"wp-image-5306\" srcset=\"https:\/\/www.hyflexpack.com\/wp-content\/uploads\/2024\/09\/Custom-Printed-Frozen-Food-Packaging\uff081\uff09.webp 750w, https:\/\/www.hyflexpack.com\/wp-content\/uploads\/2024\/09\/Custom-Printed-Frozen-Food-Packaging\uff081\uff09-300x300.webp 300w, https:\/\/www.hyflexpack.com\/wp-content\/uploads\/2024\/09\/Custom-Printed-Frozen-Food-Packaging\uff081\uff09-150x150.webp 150w, https:\/\/www.hyflexpack.com\/wp-content\/uploads\/2024\/09\/Custom-Printed-Frozen-Food-Packaging\uff081\uff09-12x12.webp 12w, https:\/\/www.hyflexpack.com\/wp-content\/uploads\/2024\/09\/Custom-Printed-Frozen-Food-Packaging\uff081\uff09-285x285.webp 285w, https:\/\/www.hyflexpack.com\/wp-content\/uploads\/2024\/09\/Custom-Printed-Frozen-Food-Packaging\uff081\uff09-270x270.webp 270w, https:\/\/www.hyflexpack.com\/wp-content\/uploads\/2024\/09\/Custom-Printed-Frozen-Food-Packaging\uff081\uff09-540x540.webp 540w, https:\/\/www.hyflexpack.com\/wp-content\/uploads\/2024\/09\/Custom-Printed-Frozen-Food-Packaging\uff081\uff09-660x660.webp 660w\" sizes=\"(max-width: 750px) 100vw, 750px\" \/><\/figure>\n<\/div>\n<\/div>\n\n\n\n<p><\/p>","protected":false},"excerpt":{"rendered":"<p>Pentru pungile personalizate pentru ambalarea alimentelor congelate, folosim de obicei un singur material sau un material compozit. De asemenea, h\u00e2rtia poate fi utilizat\u0103 \u00een combina\u021bie cu folia de plastic pentru a \u00eendeplini cerin\u021bele de mediu f\u0103r\u0103 a pierde din func\u021bionalitate. Designul pungii stand-up nu este doar inclusiv, ci permite \u0219i o prezentare mai bun\u0103 a produsului. Contacta\u021bi-ne ast\u0103zi pentru o ofert\u0103. Ne angaj\u0103m s\u0103 oferim solu\u021bii unice de ambalare ecologice \u0219i de calitate.<\/p>\n<h3>Avantajele produc\u0103torului de ambalaje personalizate pentru alimente congelate<\/h3>\n<ul>\n<li><strong>Proiectare personalizat\u0103<\/strong>: Oferim servicii personalizate de ambalare a alimentelor congelate, inclusiv personalizarea materialului, dimensiunii \u0219i modelului de imprimare pentru a satisface nevoile clien\u021bilor \u0219i <a href=\"https:\/\/www.hyflexpack.com\/ro\/ambalaje-flexibile-personalizate\/\"><strong>suport OEM \u0219i ODM<\/strong><\/a>.<\/li>\n<li><strong>Produc\u021bie<\/strong>: Cu echipamente \u0219i tehnologii avansate, putem finaliza produc\u021bia de comand\u0103 eficient \u0219i de \u00eenalt\u0103 calitate \u0219i putem livra la timp.<\/li>\n<li><strong>Inspec\u021bia calit\u0103\u021bii<\/strong>: Respecta\u021bi cu stricte\u021be standardele de calitate \u0219i cerin\u021bele de siguran\u021b\u0103 alimentar\u0103 pentru a v\u0103 asigura c\u0103 produsele \u00eendeplinesc standardele.<\/li>\n<li><strong>Serviciul clien\u021bi<\/strong>: 24 de ore pentru a oferi un r\u0103spuns rapid \u0219i un serviciu de asisten\u021b\u0103 pentru clien\u021bi grijuliu.<\/li>\n<li><strong>Mostr\u0103 gratuit\u0103<\/strong>: Oferi\u021bi un serviciu gratuit de e\u0219antionare pentru a evalua produsul.<\/li>\n<\/ul>","protected":false},"featured_media":5306,"comment_status":"open","ping_status":"closed","template":"","meta":[],"product_brand":[],"product_cat":[60],"product_tag":[],"class_list":{"0":"post-5305","1":"product","2":"type-product","3":"status-publish","4":"has-post-thumbnail","6":"product_cat-custom-frozen-food-packaging","8":"first","9":"instock","10":"shipping-taxable","11":"product-type-simple"},"_links":{"self":[{"href":"https:\/\/www.hyflexpack.com\/ro\/wp-json\/wp\/v2\/product\/5305","targetHints":{"allow":["GET"]}}],"collection":[{"href":"https:\/\/www.hyflexpack.com\/ro\/wp-json\/wp\/v2\/product"}],"about":[{"href":"https:\/\/www.hyflexpack.com\/ro\/wp-json\/wp\/v2\/types\/product"}],"replies":[{"embeddable":true,"href":"https:\/\/www.hyflexpack.com\/ro\/wp-json\/wp\/v2\/comments?post=5305"}],"wp:featuredmedia":[{"embeddable":true,"href":"https:\/\/www.hyflexpack.com\/ro\/wp-json\/wp\/v2\/media\/5306"}],"wp:attachment":[{"href":"https:\/\/www.hyflexpack.com\/ro\/wp-json\/wp\/v2\/media?parent=5305"}],"wp:term":[{"taxonomy":"product_brand","embeddable":true,"href":"https:\/\/www.hyflexpack.com\/ro\/wp-json\/wp\/v2\/product_brand?post=5305"},{"taxonomy":"product_cat","embeddable":true,"href":"https:\/\/www.hyflexpack.com\/ro\/wp-json\/wp\/v2\/product_cat?post=5305"},{"taxonomy":"product_tag","embeddable":true,"href":"https:\/\/www.hyflexpack.com\/ro\/wp-json\/wp\/v2\/product_tag?post=5305"}],"curies":[{"name":"wp","href":"https:\/\/api.w.org\/{rel}","templated":true}]}}