{"id":5300,"date":"2024-09-14T16:54:39","date_gmt":"2024-09-14T16:54:39","guid":{"rendered":"https:\/\/www.hyflexpack.com\/?post_type=product&#038;p=5300"},"modified":"2025-05-13T03:18:10","modified_gmt":"2025-05-13T03:18:10","slug":"best-coffee-bags-wholesale","status":"publish","type":"product","link":"https:\/\/www.hyflexpack.com\/ro\/product\/best-coffee-bags-wholesale\/","title":{"rendered":"Cele mai bune pungi de cafea cu ridicata tip\u0103rite Zipper cafea ambalare \u00een picioare pungi de ambalare alimente"},"content":{"rendered":"<div class=\"wp-block-columns is-layout-flex wp-container-core-columns-is-layout-9d6595d7 wp-block-columns-is-layout-flex\">\n<div class=\"wp-block-column is-layout-flow wp-block-column-is-layout-flow\">\n<h3 class=\"wp-block-heading\">Caracteristici ale sacilor de cafea de \u00eenalt\u0103 calitate cu ridicata<\/h3>\n\n\n\n<ul class=\"wp-block-list\">\n<li><strong>Stand-Up Design<\/strong>: Cele mai bune pungi de cafea sunt concepute cu pungi stand-up, sunt u\u0219or de expus pe rafturi \u0219i sporesc vizibilitatea m\u0103rcii.<\/li>\n<\/ul>\n\n\n\n<p><\/p>\n\n\n\n<ul class=\"wp-block-list\">\n<li><strong>Material de grad alimentar<\/strong>: Acesta utilizeaz\u0103 materiale sigure pentru alimente, care respect\u0103 standardele interna\u021bionale pentru a asigura calitatea \u0219i siguran\u021ba cafelei.<\/li>\n<\/ul>\n\n\n\n<p><\/p>\n\n\n\n<ul class=\"wp-block-list\">\n<li><strong>Design cu fermoar<\/strong>: Pungile de cafea en-gros vin cu un fermoar convenabil pentru a asigura prospe\u021bimea cafelei \u0219i mai multe utiliz\u0103ri de deschidere \u0219i \u00eenchidere pentru depozitarea pe termen lung.<\/li>\n<\/ul>\n\n\n\n<p><\/p>\n\n\n\n<ul class=\"wp-block-list\">\n<li><strong>Rezistent la umezeal\u0103 \u0219i proasp\u0103t<\/strong>: Sacii au performan\u021be excelente de protec\u021bie \u00eempotriva umidit\u0103\u021bii, \u00eempiedic\u00e2nd p\u0103trunderea aerului \u0219i p\u0103str\u00e2nd aroma \u0219i gustul cafelei.<\/li>\n<\/ul>\n\n\n\n<p><\/p>\n\n\n\n<ul class=\"wp-block-list\">\n<li><strong>Imprimare personalizat\u0103<\/strong>: Pungi de cafea personalizate en-gros ofer\u0103 servicii de imprimare personalizate de \u00eenalt\u0103 calitate pentru a prezenta designul unic al m\u0103rcii dvs. \u0219i pentru a spori atractivitatea produsului.<\/li>\n<\/ul>\n<\/div>\n\n\n\n<div class=\"wp-block-column is-layout-flow wp-block-column-is-layout-flow\">\n<figure class=\"wp-block-image size-full\"><img fetchpriority=\"high\" decoding=\"async\" width=\"750\" height=\"750\" src=\"https:\/\/www.hyflexpack.com\/wp-content\/uploads\/2024\/09\/Coffee-Bags-Wholesale-Stand-Up-Pouches-1.webp\" alt=\"Pungi de cafea cu ridicata Stand Up Pouches (1)\" class=\"wp-image-6837\" srcset=\"https:\/\/www.hyflexpack.com\/wp-content\/uploads\/2024\/09\/Coffee-Bags-Wholesale-Stand-Up-Pouches-1.webp 750w, https:\/\/www.hyflexpack.com\/wp-content\/uploads\/2024\/09\/Coffee-Bags-Wholesale-Stand-Up-Pouches-1-300x300.webp 300w, https:\/\/www.hyflexpack.com\/wp-content\/uploads\/2024\/09\/Coffee-Bags-Wholesale-Stand-Up-Pouches-1-150x150.webp 150w, https:\/\/www.hyflexpack.com\/wp-content\/uploads\/2024\/09\/Coffee-Bags-Wholesale-Stand-Up-Pouches-1-12x12.webp 12w, https:\/\/www.hyflexpack.com\/wp-content\/uploads\/2024\/09\/Coffee-Bags-Wholesale-Stand-Up-Pouches-1-285x285.webp 285w, https:\/\/www.hyflexpack.com\/wp-content\/uploads\/2024\/09\/Coffee-Bags-Wholesale-Stand-Up-Pouches-1-270x270.webp 270w, https:\/\/www.hyflexpack.com\/wp-content\/uploads\/2024\/09\/Coffee-Bags-Wholesale-Stand-Up-Pouches-1-540x540.webp 540w, https:\/\/www.hyflexpack.com\/wp-content\/uploads\/2024\/09\/Coffee-Bags-Wholesale-Stand-Up-Pouches-1-660x660.webp 660w\" sizes=\"(max-width: 750px) 100vw, 750px\" \/><\/figure>\n<\/div>\n<\/div>\n\n\n\n<div class=\"wp-block-columns is-layout-flex wp-container-core-columns-is-layout-9d6595d7 wp-block-columns-is-layout-flex\">\n<div class=\"wp-block-column is-layout-flow wp-block-column-is-layout-flow\">\n<figure class=\"wp-block-image size-full\"><img decoding=\"async\" width=\"750\" height=\"750\" src=\"https:\/\/www.hyflexpack.com\/wp-content\/uploads\/2025\/05\/104946.webp\" alt=\"Pungi de cafea cu ridicata-3\" class=\"wp-image-6834\" srcset=\"https:\/\/www.hyflexpack.com\/wp-content\/uploads\/2025\/05\/104946.webp 750w, https:\/\/www.hyflexpack.com\/wp-content\/uploads\/2025\/05\/104946-300x300.webp 300w, https:\/\/www.hyflexpack.com\/wp-content\/uploads\/2025\/05\/104946-150x150.webp 150w, https:\/\/www.hyflexpack.com\/wp-content\/uploads\/2025\/05\/104946-12x12.webp 12w, https:\/\/www.hyflexpack.com\/wp-content\/uploads\/2025\/05\/104946-285x285.webp 285w, https:\/\/www.hyflexpack.com\/wp-content\/uploads\/2025\/05\/104946-270x270.webp 270w, https:\/\/www.hyflexpack.com\/wp-content\/uploads\/2025\/05\/104946-540x540.webp 540w, https:\/\/www.hyflexpack.com\/wp-content\/uploads\/2025\/05\/104946-660x660.webp 660w\" sizes=\"(max-width: 750px) 100vw, 750px\" \/><figcaption class=\"wp-element-caption\">Personalizat Stand Up Pouch pentru pulbere de cafea \/ boabe <\/figcaption><\/figure>\n<\/div>\n\n\n\n<div class=\"wp-block-column is-layout-flow wp-block-column-is-layout-flow\">\n<figure class=\"wp-block-image size-full\"><img decoding=\"async\" width=\"750\" height=\"750\" src=\"https:\/\/www.hyflexpack.com\/wp-content\/uploads\/2024\/09\/Coffee-Bags-Wholesale-Stand-Up-Pouches-4.webp\" alt=\"Pungi de cafea cu ridicata Stand Up Pouches (4)\" class=\"wp-image-6840\" srcset=\"https:\/\/www.hyflexpack.com\/wp-content\/uploads\/2024\/09\/Coffee-Bags-Wholesale-Stand-Up-Pouches-4.webp 750w, https:\/\/www.hyflexpack.com\/wp-content\/uploads\/2024\/09\/Coffee-Bags-Wholesale-Stand-Up-Pouches-4-300x300.webp 300w, https:\/\/www.hyflexpack.com\/wp-content\/uploads\/2024\/09\/Coffee-Bags-Wholesale-Stand-Up-Pouches-4-150x150.webp 150w, https:\/\/www.hyflexpack.com\/wp-content\/uploads\/2024\/09\/Coffee-Bags-Wholesale-Stand-Up-Pouches-4-12x12.webp 12w, https:\/\/www.hyflexpack.com\/wp-content\/uploads\/2024\/09\/Coffee-Bags-Wholesale-Stand-Up-Pouches-4-285x285.webp 285w, https:\/\/www.hyflexpack.com\/wp-content\/uploads\/2024\/09\/Coffee-Bags-Wholesale-Stand-Up-Pouches-4-270x270.webp 270w, https:\/\/www.hyflexpack.com\/wp-content\/uploads\/2024\/09\/Coffee-Bags-Wholesale-Stand-Up-Pouches-4-540x540.webp 540w, https:\/\/www.hyflexpack.com\/wp-content\/uploads\/2024\/09\/Coffee-Bags-Wholesale-Stand-Up-Pouches-4-660x660.webp 660w\" sizes=\"(max-width: 750px) 100vw, 750px\" \/><figcaption class=\"wp-element-caption\">Pungi de cafea resigilabile personalizate<\/figcaption><\/figure>\n<\/div>\n<\/div>","protected":false},"excerpt":{"rendered":"<p>C\u0103uta\u021bi cele mai bune pungi de cafea en-gros? Pungile noastre imprimate cu fermoar pentru ambalarea cafelei nu sunt doar ecologice \u0219i durabile, ci \u0219i resigilabile, p\u0103str\u00e2nd perfect prospe\u021bimea cafelei pentru depozitare \u0219i v\u00e2nzare pe termen lung.<\/p>\n<h3>Avantajele angrosistului de pungi de cafea<\/h3>\n<ul>\n<li><strong>Design personalizat<\/strong>: Oferi\u021bi solu\u021bii personalizate de proiectare, sprijini\u021bi OEM \/ ODM, personalizate cu diferite specifica\u021bii, dimensiuni, modele de imprimare etc.<\/li>\n<li><strong>Asigurarea calit\u0103\u021bii<\/strong>: Controla\u021bi procesul de produc\u021bie \u0219i dispune\u021bi de materiale de \u00eenalt\u0103 calitate \u0219i echipamente avansate pentru a asigura calitatea produselor.<\/li>\n<li><strong>Livrare la timp<\/strong>: Optimizarea procesului de produc\u021bie \u0219i \u00eembun\u0103t\u0103\u021birea eficien\u021bei produc\u021biei pentru a asigura livrarea la timp \u0219i pentru a satisface nevoile urgente ale clien\u021bilor.<\/li>\n<li><strong>Asisten\u021b\u0103 tehnic\u0103 profesional\u0103<\/strong>: Echipa tehnic\u0103 cu experien\u021b\u0103 ofer\u0103 asisten\u021b\u0103 tehnic\u0103 profesional\u0103 \u0219i servicii de consultan\u021b\u0103 post-v\u00e2nzare 24 de ore din 24.<\/li>\n<li><strong>Mostr\u0103 gratuit\u0103<\/strong>: Oferi\u021bi un serviciu gratuit de e\u0219antionare pentru a evalua produsele.<\/li>\n<\/ul>\n<p><a href=\"https:\/\/www.hyflexpack.com\/ro\/\"><strong>Ambalaje Huiyang<\/strong><\/a> se angajeaz\u0103 s\u0103 ofere clien\u021bilor pungi de cafea de \u00eenalt\u0103 calitate \u0219i personalizate pentru a ajuta clien\u021bii s\u0103-\u0219i \u00eembun\u0103t\u0103\u021beasc\u0103 imaginea produsului \u0219i s\u0103 sporeasc\u0103 competitivitatea pe pia\u021b\u0103.<\/p>","protected":false},"featured_media":6839,"comment_status":"open","ping_status":"closed","template":"","meta":[],"product_brand":[],"product_cat":[55,51],"product_tag":[],"class_list":{"0":"post-5300","1":"product","2":"type-product","3":"status-publish","4":"has-post-thumbnail","6":"product_cat-custom-coffee-packaging","7":"product_cat-custom-food-packaging-bags","9":"first","10":"instock","11":"shipping-taxable","12":"product-type-simple"},"_links":{"self":[{"href":"https:\/\/www.hyflexpack.com\/ro\/wp-json\/wp\/v2\/product\/5300","targetHints":{"allow":["GET"]}}],"collection":[{"href":"https:\/\/www.hyflexpack.com\/ro\/wp-json\/wp\/v2\/product"}],"about":[{"href":"https:\/\/www.hyflexpack.com\/ro\/wp-json\/wp\/v2\/types\/product"}],"replies":[{"embeddable":true,"href":"https:\/\/www.hyflexpack.com\/ro\/wp-json\/wp\/v2\/comments?post=5300"}],"wp:featuredmedia":[{"embeddable":true,"href":"https:\/\/www.hyflexpack.com\/ro\/wp-json\/wp\/v2\/media\/6839"}],"wp:attachment":[{"href":"https:\/\/www.hyflexpack.com\/ro\/wp-json\/wp\/v2\/media?parent=5300"}],"wp:term":[{"taxonomy":"product_brand","embeddable":true,"href":"https:\/\/www.hyflexpack.com\/ro\/wp-json\/wp\/v2\/product_brand?post=5300"},{"taxonomy":"product_cat","embeddable":true,"href":"https:\/\/www.hyflexpack.com\/ro\/wp-json\/wp\/v2\/product_cat?post=5300"},{"taxonomy":"product_tag","embeddable":true,"href":"https:\/\/www.hyflexpack.com\/ro\/wp-json\/wp\/v2\/product_tag?post=5300"}],"curies":[{"name":"wp","href":"https:\/\/api.w.org\/{rel}","templated":true}]}}