{"id":5263,"date":"2024-09-07T02:12:44","date_gmt":"2024-09-07T02:12:44","guid":{"rendered":"https:\/\/www.hyflexpack.com\/?post_type=product&#038;p=5263"},"modified":"2024-09-07T02:12:46","modified_gmt":"2024-09-07T02:12:46","slug":"custom-chip-bags-packaging","status":"publish","type":"product","link":"https:\/\/www.hyflexpack.com\/ro\/product\/custom-chip-bags-packaging\/","title":{"rendered":"Personalizat Chip pungi de ambalare Stand Up Pouch Produse alimentare de ambalare Bag Factory"},"content":{"rendered":"<div class=\"wp-block-columns is-layout-flex wp-container-core-columns-is-layout-9d6595d7 wp-block-columns-is-layout-flex\">\n<div class=\"wp-block-column is-layout-flow wp-block-column-is-layout-flow\">\n<h3 class=\"wp-block-heading\">Caracteristici de \u00eenalt\u0103 calitate personalizate Chip pungi de ambalare<\/h3>\n\n\n\n<ul class=\"wp-block-list\">\n<li><strong>Materiale ecologice<\/strong>: Utiliza\u021bi materiale ecologice care \u00eendeplinesc cerin\u021bele de mediu, cum ar fi materialele biodegradabile sau reciclabile, pentru a reduce impactul asupra mediului. <\/li>\n<\/ul>\n\n\n\n<p><\/p>\n\n\n\n<ul class=\"wp-block-list\">\n<li><strong>Materiale de \u00eenalt\u0103 puritate de calitate alimentar\u0103<\/strong>: Custom Chip Bags Packaging utilizeaz\u0103 materiale de calitate alimentar\u0103 cu bariere \u00eenalte, cum ar fi PET, PE, BOPP, MCPP, MPET, AL etc., pentru a se asigura c\u0103 chipsurile de cartofi sunt depozitate \u00eentr-un mediu uscat, rezistent la umiditate, anti-oxidare \u0219i pentru a prelungi durata de depozitare. <\/li>\n<\/ul>\n\n\n\n<p><\/p>\n\n\n\n<ul class=\"wp-block-list\">\n<li><strong>Fermoar de etan\u0219are<\/strong>: Sigiliul cu fermoar \u00eencorporat este convenabil pentru deschiderea sigiliului de mai multe ori, men\u021bin\u00e2nd gust\u0103rile proaspete \u0219i \u00eempiedic\u00e2nd intrarea aerului exterior. <\/li>\n<\/ul>\n\n\n\n<p><\/p>\n\n\n\n<ul class=\"wp-block-list\">\n<li><strong>Design de sac \u00een picioare<\/strong>: Structura sacului \u00een picioare permite sacului s\u0103 stea ferm pe raft sau dulap de afi\u0219are, economisind spa\u021biu de afi\u0219are \u0219i \u00eembun\u0103t\u0103\u021bind efectul de afi\u0219are a produsului.<\/li>\n<\/ul>\n<\/div>\n\n\n\n<div class=\"wp-block-column is-layout-flow wp-block-column-is-layout-flow\">\n<figure class=\"wp-block-image size-full\"><img fetchpriority=\"high\" decoding=\"async\" width=\"750\" height=\"750\" src=\"https:\/\/www.hyflexpack.com\/wp-content\/uploads\/2024\/09\/Customize-Chip-Bag-Packaging\uff081\uff09.webp\" alt=\"Personaliza\u021bi ambalajele pentru pungi de cipuri\" class=\"wp-image-5264\" srcset=\"https:\/\/www.hyflexpack.com\/wp-content\/uploads\/2024\/09\/Customize-Chip-Bag-Packaging\uff081\uff09.webp 750w, https:\/\/www.hyflexpack.com\/wp-content\/uploads\/2024\/09\/Customize-Chip-Bag-Packaging\uff081\uff09-300x300.webp 300w, https:\/\/www.hyflexpack.com\/wp-content\/uploads\/2024\/09\/Customize-Chip-Bag-Packaging\uff081\uff09-150x150.webp 150w, https:\/\/www.hyflexpack.com\/wp-content\/uploads\/2024\/09\/Customize-Chip-Bag-Packaging\uff081\uff09-12x12.webp 12w, https:\/\/www.hyflexpack.com\/wp-content\/uploads\/2024\/09\/Customize-Chip-Bag-Packaging\uff081\uff09-285x285.webp 285w, https:\/\/www.hyflexpack.com\/wp-content\/uploads\/2024\/09\/Customize-Chip-Bag-Packaging\uff081\uff09-270x270.webp 270w, https:\/\/www.hyflexpack.com\/wp-content\/uploads\/2024\/09\/Customize-Chip-Bag-Packaging\uff081\uff09-540x540.webp 540w, https:\/\/www.hyflexpack.com\/wp-content\/uploads\/2024\/09\/Customize-Chip-Bag-Packaging\uff081\uff09-660x660.webp 660w\" sizes=\"(max-width: 750px) 100vw, 750px\" \/><\/figure>\n<\/div>\n<\/div>\n\n\n\n<p><\/p>","protected":false},"excerpt":{"rendered":"<p>Huiyang Packaging ofer\u0103 pungi personalizate pentru chipsuri \u0219i ambalaje pentru alimente \u00een pungi stand-up concepute pentru a spori atractivitatea produselor \u0219i a asigura prospe\u021bimea - perfecte pentru comenzi \u00een vrac \u0219i solu\u021bii personalizate.<\/p>\n<h3>Avantajele furnizorului de ambalaje personalizate pentru pungi de cipuri<\/h3>\n<ul>\n<li><strong>Proiectare personalizat\u0103<\/strong>: Oferim servicii personalizate de ambalare a sacilor de cipuri, inclusiv personalizarea materialului, dimensiunii \u0219i modelului de imprimare pentru a satisface nevoile clien\u021bilor \u0219i pentru a sprijini OEM \u0219i ODM.<\/li>\n<li><strong>Produc\u021bie<\/strong>: Cu echipamente \u0219i tehnologii avansate, putem finaliza comenzile cu o eficien\u021b\u0103 ridicat\u0103 \u0219i o calitate ridicat\u0103 \u0219i putem livra la timp.<\/li>\n<li><strong>Inspec\u021bia calit\u0103\u021bii<\/strong>: Respecta\u021bi cu stricte\u021be standardele de calitate \u0219i cerin\u021bele de siguran\u021b\u0103 alimentar\u0103 pentru a v\u0103 asigura c\u0103 produsele \u00eendeplinesc standardele.<\/li>\n<li><strong>Echipa de asisten\u021b\u0103 tehnic\u0103<\/strong>: Echipa noastr\u0103 are o experien\u021b\u0103 bogat\u0103 \u00een industrie \u0219i cuno\u0219tin\u021be profesionale \u0219i poate oferi clien\u021bilor no\u0219tri asisten\u021b\u0103 tehnic\u0103 \u0219i servicii de consultan\u021b\u0103 24 de ore din 24.<\/li>\n<li><strong>Mostr\u0103 gratuit\u0103<\/strong>: Oferi\u021bi servicii gratuite de e\u0219antionare pentru a evalua produsele.<\/li>\n<\/ul>","protected":false},"featured_media":5264,"comment_status":"open","ping_status":"closed","template":"","meta":[],"product_brand":[],"product_cat":[51],"product_tag":[],"class_list":{"0":"post-5263","1":"product","2":"type-product","3":"status-publish","4":"has-post-thumbnail","6":"product_cat-custom-food-packaging-bags","8":"first","9":"instock","10":"shipping-taxable","11":"product-type-simple"},"_links":{"self":[{"href":"https:\/\/www.hyflexpack.com\/ro\/wp-json\/wp\/v2\/product\/5263","targetHints":{"allow":["GET"]}}],"collection":[{"href":"https:\/\/www.hyflexpack.com\/ro\/wp-json\/wp\/v2\/product"}],"about":[{"href":"https:\/\/www.hyflexpack.com\/ro\/wp-json\/wp\/v2\/types\/product"}],"replies":[{"embeddable":true,"href":"https:\/\/www.hyflexpack.com\/ro\/wp-json\/wp\/v2\/comments?post=5263"}],"wp:featuredmedia":[{"embeddable":true,"href":"https:\/\/www.hyflexpack.com\/ro\/wp-json\/wp\/v2\/media\/5264"}],"wp:attachment":[{"href":"https:\/\/www.hyflexpack.com\/ro\/wp-json\/wp\/v2\/media?parent=5263"}],"wp:term":[{"taxonomy":"product_brand","embeddable":true,"href":"https:\/\/www.hyflexpack.com\/ro\/wp-json\/wp\/v2\/product_brand?post=5263"},{"taxonomy":"product_cat","embeddable":true,"href":"https:\/\/www.hyflexpack.com\/ro\/wp-json\/wp\/v2\/product_cat?post=5263"},{"taxonomy":"product_tag","embeddable":true,"href":"https:\/\/www.hyflexpack.com\/ro\/wp-json\/wp\/v2\/product_tag?post=5263"}],"curies":[{"name":"wp","href":"https:\/\/api.w.org\/{rel}","templated":true}]}}