{"id":5258,"date":"2024-09-08T15:10:06","date_gmt":"2024-09-08T15:10:06","guid":{"rendered":"https:\/\/www.hyflexpack.com\/?post_type=product&#038;p=5258"},"modified":"2024-09-08T15:10:08","modified_gmt":"2024-09-08T15:10:08","slug":"customizable-cookie-packaging-bags","status":"publish","type":"product","link":"https:\/\/www.hyflexpack.com\/ro\/product\/customizable-cookie-packaging-bags\/","title":{"rendered":"Personalizabile Cookie ambalare pungi \u00een form\u0103 de Stand Up Pouches cu ridicata"},"content":{"rendered":"<div class=\"wp-block-columns is-layout-flex wp-container-core-columns-is-layout-9d6595d7 wp-block-columns-is-layout-flex\">\n<div class=\"wp-block-column is-layout-flow wp-block-column-is-layout-flow\">\n<h3 class=\"wp-block-heading\">Caracteristici de \u00eenalt\u0103 calitate personalizabile cookie ambalare saci<\/h3>\n\n\n\n<ul class=\"wp-block-list\">\n<li><strong>Materiale ecologice<\/strong>: Utiliza\u021bi materiale ecologice care \u00eendeplinesc cerin\u021bele de protec\u021bie a mediului, cum ar fi materialele biodegradabile sau materialele reciclabile, pentru a reduce impactul asupra mediului. <\/li>\n<\/ul>\n\n\n\n<p><\/p>\n\n\n\n<ul class=\"wp-block-list\">\n<li><strong>Materiale de \u00eenalt\u0103 bariere de calitate alimentar\u0103<\/strong>: Pungile personalizate pentru ambalarea pr\u0103jiturilor utilizeaz\u0103 materiale de \u00eenalt\u0103 puritate de calitate alimentar\u0103, cum ar fi PET, PE, BOPP, CPP etc., pentru a se asigura c\u0103 bomboanele sunt depozitate \u00eentr-un mediu uscat, rezistent la umiditate, anti-oxidare \u0219i prelungesc durata de depozitare.<\/li>\n<\/ul>\n\n\n\n<p><\/p>\n\n\n\n<ul class=\"wp-block-list\">\n<li><strong>Designul g\u0103urii de ag\u0103\u021bare<\/strong>: Exist\u0103 g\u0103uri de ag\u0103\u021bare proiectate \u00een interiorul pungii de ambalare cookie, care este convenabil pentru ag\u0103\u021barea \u0219i afi\u0219area \u00een magazin, sporind popularitatea \u0219i atractivitatea produsului. <\/li>\n<\/ul>\n\n\n\n<p><\/p>\n\n\n\n<ul class=\"wp-block-list\">\n<li><strong>Design atr\u0103g\u0103tor<\/strong>: Concepute pentru a atrage aten\u021bia, pungile modelate ofer\u0103 flexibilitate creativ\u0103 pentru ambalarea produselor inovatoare. <\/li>\n<\/ul>\n\n\n\n<p><\/p>\n\n\n\n<ul class=\"wp-block-list\">\n<li><strong>Stand-Up Pouch Shape<\/strong>: Proiectat cu o baz\u0103 stabil\u0103 pentru afi\u0219are u\u0219oar\u0103 pe rafturile magazinului \u0219i depozitare convenabil\u0103.<\/li>\n<\/ul>\n<\/div>\n\n\n\n<div class=\"wp-block-column is-layout-flow wp-block-column-is-layout-flow\">\n<figure class=\"wp-block-image size-full\"><img fetchpriority=\"high\" decoding=\"async\" width=\"750\" height=\"750\" src=\"https:\/\/www.hyflexpack.com\/wp-content\/uploads\/2024\/09\/Customizable-cookie-packaging-bags\uff081\uff09.webp\" alt=\"Pungi de ambalare cookie personalizabile\" class=\"wp-image-5259\" srcset=\"https:\/\/www.hyflexpack.com\/wp-content\/uploads\/2024\/09\/Customizable-cookie-packaging-bags\uff081\uff09.webp 750w, https:\/\/www.hyflexpack.com\/wp-content\/uploads\/2024\/09\/Customizable-cookie-packaging-bags\uff081\uff09-300x300.webp 300w, https:\/\/www.hyflexpack.com\/wp-content\/uploads\/2024\/09\/Customizable-cookie-packaging-bags\uff081\uff09-150x150.webp 150w, https:\/\/www.hyflexpack.com\/wp-content\/uploads\/2024\/09\/Customizable-cookie-packaging-bags\uff081\uff09-12x12.webp 12w, https:\/\/www.hyflexpack.com\/wp-content\/uploads\/2024\/09\/Customizable-cookie-packaging-bags\uff081\uff09-285x285.webp 285w, https:\/\/www.hyflexpack.com\/wp-content\/uploads\/2024\/09\/Customizable-cookie-packaging-bags\uff081\uff09-270x270.webp 270w, https:\/\/www.hyflexpack.com\/wp-content\/uploads\/2024\/09\/Customizable-cookie-packaging-bags\uff081\uff09-540x540.webp 540w, https:\/\/www.hyflexpack.com\/wp-content\/uploads\/2024\/09\/Customizable-cookie-packaging-bags\uff081\uff09-660x660.webp 660w\" sizes=\"(max-width: 750px) 100vw, 750px\" \/><\/figure>\n<\/div>\n<\/div>","protected":false},"excerpt":{"rendered":"<p>Afla\u021bi despre pungile noastre personalizabile pentru ambalarea pr\u0103jiturilor cu materiale compozite cu barier\u0103 ridicat\u0103, rezisten\u021b\u0103 la umiditate, blocare puternic\u0103 a luminii \u0219i rezisten\u021b\u0103 puternic\u0103 la oxidare. Designul pungii de form\u0103 este mai atr\u0103g\u0103tor, iar designul pungii stand-up poate afi\u0219a mai bine produsul. Contacta\u021bi-ne acum pentru o ofert\u0103. Ne angaj\u0103m s\u0103 oferim solu\u021bii unice de ambalare ecologice \u0219i de calitate.<\/p>\n<h3>Avantajele produc\u0103torului de pungi pentru ambalarea biscui\u021bilor<\/h3>\n<ul>\n<li><strong>Proiectare personalizat\u0103<\/strong>: Oferim servicii personalizabile de ambalare a cookie-urilor, inclusiv personalizarea materialului, dimensiunii \u0219i modelului de imprimare pentru a satisface nevoile clien\u021bilor \u0219i pentru a sprijini OEM \u0219i ODM.<\/li>\n<li><strong>Produc\u021bie<\/strong>: Cu echipamente \u0219i tehnologii avansate, putem finaliza produc\u021bia comenzii cu eficien\u021b\u0103 ridicat\u0103 \u0219i calitate ridicat\u0103 \u0219i putem livra la timp.<\/li>\n<li><strong>Inspec\u021bia calit\u0103\u021bii<\/strong>: Respecta\u021bi cu stricte\u021be standardele de calitate \u0219i cerin\u021bele de siguran\u021b\u0103 alimentar\u0103 pentru produc\u021bie, pentru a v\u0103 asigura c\u0103 produsele \u00eendeplinesc standardele.<\/li>\n<li><strong>Serviciul clien\u021bi<\/strong>: 24 de ore pentru a oferi un r\u0103spuns rapid \u0219i un serviciu de asisten\u021b\u0103 pentru clien\u021bi grijuliu.<\/li>\n<li><strong>Mostr\u0103 gratuit\u0103<\/strong>\uff1a Furniza\u021bi servicii gratuite de e\u0219antionare pentru a evalua produsele.<\/li>\n<\/ul>\n<p>Huiyang Packaging se angajeaz\u0103 s\u0103 ofere clien\u021bilor pungi de ambalare personalizate, de \u00eenalt\u0103 calitate, pentru a ajuta clien\u021bii s\u0103-\u0219i \u00eembun\u0103t\u0103\u021beasc\u0103 imaginea produsului \u0219i s\u0103 sporeasc\u0103 competitivitatea pe pia\u021b\u0103.<\/p>","protected":false},"featured_media":5259,"comment_status":"open","ping_status":"closed","template":"","meta":[],"product_brand":[],"product_cat":[51],"product_tag":[],"class_list":{"0":"post-5258","1":"product","2":"type-product","3":"status-publish","4":"has-post-thumbnail","6":"product_cat-custom-food-packaging-bags","8":"first","9":"instock","10":"shipping-taxable","11":"product-type-simple"},"_links":{"self":[{"href":"https:\/\/www.hyflexpack.com\/ro\/wp-json\/wp\/v2\/product\/5258","targetHints":{"allow":["GET"]}}],"collection":[{"href":"https:\/\/www.hyflexpack.com\/ro\/wp-json\/wp\/v2\/product"}],"about":[{"href":"https:\/\/www.hyflexpack.com\/ro\/wp-json\/wp\/v2\/types\/product"}],"replies":[{"embeddable":true,"href":"https:\/\/www.hyflexpack.com\/ro\/wp-json\/wp\/v2\/comments?post=5258"}],"wp:featuredmedia":[{"embeddable":true,"href":"https:\/\/www.hyflexpack.com\/ro\/wp-json\/wp\/v2\/media\/5259"}],"wp:attachment":[{"href":"https:\/\/www.hyflexpack.com\/ro\/wp-json\/wp\/v2\/media?parent=5258"}],"wp:term":[{"taxonomy":"product_brand","embeddable":true,"href":"https:\/\/www.hyflexpack.com\/ro\/wp-json\/wp\/v2\/product_brand?post=5258"},{"taxonomy":"product_cat","embeddable":true,"href":"https:\/\/www.hyflexpack.com\/ro\/wp-json\/wp\/v2\/product_cat?post=5258"},{"taxonomy":"product_tag","embeddable":true,"href":"https:\/\/www.hyflexpack.com\/ro\/wp-json\/wp\/v2\/product_tag?post=5258"}],"curies":[{"name":"wp","href":"https:\/\/api.w.org\/{rel}","templated":true}]}}