{"id":5226,"date":"2024-08-30T18:00:37","date_gmt":"2024-08-30T18:00:37","guid":{"rendered":"https:\/\/www.hyflexpack.com\/?post_type=product&#038;p=5226"},"modified":"2025-03-14T06:43:28","modified_gmt":"2025-03-14T06:43:28","slug":"wholesale-green-tea-bag","status":"publish","type":"product","link":"https:\/\/www.hyflexpack.com\/ro\/product\/wholesale-green-tea-bag\/","title":{"rendered":"Cu ridicata Herbal Green Tea Bag Plastic reutilizabil Standup Pouch Producator"},"content":{"rendered":"<div class=\"wp-block-columns is-layout-flex wp-container-core-columns-is-layout-9d6595d7 wp-block-columns-is-layout-flex\">\n<div class=\"wp-block-column is-layout-flow wp-block-column-is-layout-flow\">\n<h3 class=\"wp-block-heading\">Features of Custom Green Tea Bag<\/h3>\n\n\n\n<ul class=\"wp-block-list\">\n<li><strong>Materiale ecologice<\/strong>: Utiliza\u021bi materiale ecologice care \u00eendeplinesc cerin\u021bele de protec\u021bie a mediului, cum ar fi materialele biodegradabile sau materialele reciclabile, pentru a reduce impactul asupra mediului.<\/li>\n<\/ul>\n\n\n\n<p><\/p>\n\n\n\n<ul class=\"wp-block-list\">\n<li><strong>Materiale de \u00eenalt\u0103 puritate de calitate alimentar\u0103<\/strong>: Custom green tea bags use environmentally friendly high-barrier materials, such as PET, PE, aluminum foil, etc., to ensure the dryness and safety of the product, moisture-proof, anti-oxidation, and extend the shelf life.<\/li>\n<\/ul>\n\n\n\n<p><\/p>\n\n\n\n<ul class=\"wp-block-list\">\n<li><strong>Excellent Sealing<\/strong>: Ensure to maximize the freshness and aroma of the herbal tea and prevent moisture and air from affecting the quality.<\/li>\n<\/ul>\n\n\n\n<p><\/p>\n\n\n\n<ul class=\"wp-block-list\">\n<li><strong>Fermoar de etan\u0219are<\/strong>: Built-in zipper seal, convenient to open the seal multiple times, keep the product dry, prevent pests and outside air from entering.<\/li>\n<\/ul>\n\n\n\n<p><\/p>\n\n\n\n<ul class=\"wp-block-list\">\n<li><strong>Automatic bottom seal design<\/strong>: This makes the bag more inclusive and can stand better on the shelf for display.<\/li>\n<\/ul>\n<\/div>\n\n\n\n<div class=\"wp-block-column is-layout-flow wp-block-column-is-layout-flow\">\n<figure class=\"wp-block-image size-full\"><img fetchpriority=\"high\" decoding=\"async\" width=\"750\" height=\"750\" src=\"https:\/\/www.hyflexpack.com\/wp-content\/uploads\/2024\/08\/Tea-Bag-manufacturer1.webp\" alt=\"\" class=\"wp-image-5232\" srcset=\"https:\/\/www.hyflexpack.com\/wp-content\/uploads\/2024\/08\/Tea-Bag-manufacturer1.webp 750w, https:\/\/www.hyflexpack.com\/wp-content\/uploads\/2024\/08\/Tea-Bag-manufacturer1-300x300.webp 300w, https:\/\/www.hyflexpack.com\/wp-content\/uploads\/2024\/08\/Tea-Bag-manufacturer1-150x150.webp 150w, https:\/\/www.hyflexpack.com\/wp-content\/uploads\/2024\/08\/Tea-Bag-manufacturer1-12x12.webp 12w, https:\/\/www.hyflexpack.com\/wp-content\/uploads\/2024\/08\/Tea-Bag-manufacturer1-285x285.webp 285w, https:\/\/www.hyflexpack.com\/wp-content\/uploads\/2024\/08\/Tea-Bag-manufacturer1-270x270.webp 270w, https:\/\/www.hyflexpack.com\/wp-content\/uploads\/2024\/08\/Tea-Bag-manufacturer1-540x540.webp 540w, https:\/\/www.hyflexpack.com\/wp-content\/uploads\/2024\/08\/Tea-Bag-manufacturer1-660x660.webp 660w\" sizes=\"(max-width: 750px) 100vw, 750px\" \/><\/figure>\n<\/div>\n<\/div>","protected":false},"excerpt":{"rendered":"<p>Knowing that our wholesale green tea bags are made of composite material application, which can resist moisture, antioxidant, and high barrier performance to ensure that the tea, leaves will not be affected by moisture and spoiled. The wider bottom makes the whole bag more inclusive.\u00a0<\/p>\n<h3>Advantages of Herbal Green Tea Bag Supplier<\/h3>\n<ul>\n<li><strong>Proiectare personalizat\u0103<\/strong>: We provide custom green tea bag service, including material, size, and printing pattern customization to meet customer needs, and support OEM and ODM.<\/li>\n<li><strong>Produc\u021bie<\/strong>: Cu echipamente \u0219i tehnologii avansate, putem finaliza produc\u021bia comenzii cu eficien\u021b\u0103 ridicat\u0103 \u0219i calitate ridicat\u0103 \u0219i putem livra la timp.<\/li>\n<li><strong>Inspec\u021bia calit\u0103\u021bii<\/strong>: Respecta\u021bi cu stricte\u021be standardele de calitate \u0219i cerin\u021bele de siguran\u021b\u0103 alimentar\u0103 pentru produc\u021bie, pentru a v\u0103 asigura c\u0103 produsele \u00eendeplinesc standardele.<\/li>\n<li><strong>Serviciul clien\u021bi<\/strong>: 24 de ore pentru a oferi un r\u0103spuns rapid \u0219i un serviciu de asisten\u021b\u0103 pentru clien\u021bi grijuliu.<\/li>\n<li><strong>Mostr\u0103 gratuit\u0103<\/strong>\uff1a Furniza\u021bi servicii gratuite de e\u0219antionare pentru a evalua produsele.<\/li>\n<\/ul>\n<p>Huiyang Packaging is committed to providing customers with high-quality, custom <strong>Herbal Green Tea bags<\/strong> to help customers improve their product image and enhance market competitiveness.<\/p>","protected":false},"featured_media":5228,"comment_status":"open","ping_status":"closed","template":"","meta":[],"product_brand":[],"product_cat":[58],"product_tag":[],"class_list":{"0":"post-5226","1":"product","2":"type-product","3":"status-publish","4":"has-post-thumbnail","6":"product_cat-tea-bag-packaging","8":"first","9":"instock","10":"shipping-taxable","11":"product-type-simple"},"_links":{"self":[{"href":"https:\/\/www.hyflexpack.com\/ro\/wp-json\/wp\/v2\/product\/5226","targetHints":{"allow":["GET"]}}],"collection":[{"href":"https:\/\/www.hyflexpack.com\/ro\/wp-json\/wp\/v2\/product"}],"about":[{"href":"https:\/\/www.hyflexpack.com\/ro\/wp-json\/wp\/v2\/types\/product"}],"replies":[{"embeddable":true,"href":"https:\/\/www.hyflexpack.com\/ro\/wp-json\/wp\/v2\/comments?post=5226"}],"wp:featuredmedia":[{"embeddable":true,"href":"https:\/\/www.hyflexpack.com\/ro\/wp-json\/wp\/v2\/media\/5228"}],"wp:attachment":[{"href":"https:\/\/www.hyflexpack.com\/ro\/wp-json\/wp\/v2\/media?parent=5226"}],"wp:term":[{"taxonomy":"product_brand","embeddable":true,"href":"https:\/\/www.hyflexpack.com\/ro\/wp-json\/wp\/v2\/product_brand?post=5226"},{"taxonomy":"product_cat","embeddable":true,"href":"https:\/\/www.hyflexpack.com\/ro\/wp-json\/wp\/v2\/product_cat?post=5226"},{"taxonomy":"product_tag","embeddable":true,"href":"https:\/\/www.hyflexpack.com\/ro\/wp-json\/wp\/v2\/product_tag?post=5226"}],"curies":[{"name":"wp","href":"https:\/\/api.w.org\/{rel}","templated":true}]}}