{"id":5220,"date":"2024-08-30T16:40:28","date_gmt":"2024-08-30T16:40:28","guid":{"rendered":"https:\/\/www.hyflexpack.com\/?post_type=product&#038;p=5220"},"modified":"2025-03-14T06:43:43","modified_gmt":"2025-03-14T06:43:43","slug":"custom-tea-packaging-bags","status":"publish","type":"product","link":"https:\/\/www.hyflexpack.com\/ro\/product\/custom-tea-packaging-bags\/","title":{"rendered":"Custom ceai ambalare pungi cu ridicata h\u00e2rtie Stand Up Zipper Pouch cu design"},"content":{"rendered":"<div class=\"wp-block-columns is-layout-flex wp-container-core-columns-is-layout-9d6595d7 wp-block-columns-is-layout-flex\">\n<div class=\"wp-block-column is-layout-flow wp-block-column-is-layout-flow\">\n<h3 class=\"wp-block-heading\">Caracteristici ale ambalajelor personalizate de ceai de \u00eenalt\u0103 calitate <\/h3>\n\n\n\n<ul class=\"wp-block-list\">\n<li>Material ecologic: aceste pungi personalizate pentru ambalarea ceaiului sunt fabricate din material durabil, ecologic, asigur\u00e2ndu-se c\u0103 ceaiul r\u0103m\u00e2ne proasp\u0103t \u0219i sus\u021bin\u00e2nd \u00een acela\u0219i timp durabilitatea.<\/li>\n<\/ul>\n\n\n\n<p><\/p>\n\n\n\n<ul class=\"wp-block-list\">\n<li>\u00cenchidere convenabil\u0103 cu fermoar: fermoarul \u00eencorporat permite resigilarea u\u0219oar\u0103, p\u0103str\u00e2nd prospe\u021bimea \u0219i aroma ceaiului pentru o perioad\u0103 lung\u0103 de timp.<\/li>\n<\/ul>\n\n\n\n<p><\/p>\n\n\n\n<ul class=\"wp-block-list\">\n<li>Design de pung\u0103 stand-up: Designul cu fund plat ofer\u0103 stabilitate pentru plasarea u\u0219oar\u0103 pe rafturile magazinului sau \u00een c\u0103mar\u0103.<\/li>\n<\/ul>\n\n\n\n<p><\/p>\n\n\n\n<ul class=\"wp-block-list\">\n<li>Rezistent la umiditate \u0219i lumin\u0103: Materialul trebuie s\u0103 fie rezistent la umiditate \u0219i lumin\u0103 pentru a preveni deteriorarea ceaiului din cauza umidit\u0103\u021bii \u0219i a luminii, prelungind durata de valabilitate.<\/li>\n<\/ul>\n\n\n\n<p><\/p>\n\n\n\n<ul class=\"wp-block-list\">\n<li>Durabile: Pungile personalizate pentru ambalarea ceaiului trebuie s\u0103 aib\u0103 o bun\u0103 durabilitate \u0219i s\u0103 nu fie u\u0219or rupte sau deteriorate pentru a asigura depozitarea \u00een siguran\u021b\u0103 a ceaiului.<\/li>\n<\/ul>\n\n\n\n<p><\/p>\n\n\n\n<ul class=\"wp-block-list\">\n<li>U\u0219or de depozitat \u0219i transportat: Proiectat pentru a fi u\u0219or \u0219i u\u0219or de depozitat \u0219i transportat pentru utilizarea zilnic\u0103 a consumatorilor.<\/li>\n<\/ul>\n<\/div>\n\n\n\n<div class=\"wp-block-column is-layout-flow wp-block-column-is-layout-flow\">\n<figure class=\"wp-block-image size-full\"><img fetchpriority=\"high\" decoding=\"async\" width=\"750\" height=\"750\" src=\"https:\/\/www.hyflexpack.com\/wp-content\/uploads\/2024\/08\/custom-tea-packaging-bag\uff081\uff09-1.webp\" alt=\"\" class=\"wp-image-5225\" srcset=\"https:\/\/www.hyflexpack.com\/wp-content\/uploads\/2024\/08\/custom-tea-packaging-bag\uff081\uff09-1.webp 750w, https:\/\/www.hyflexpack.com\/wp-content\/uploads\/2024\/08\/custom-tea-packaging-bag\uff081\uff09-1-300x300.webp 300w, https:\/\/www.hyflexpack.com\/wp-content\/uploads\/2024\/08\/custom-tea-packaging-bag\uff081\uff09-1-150x150.webp 150w, https:\/\/www.hyflexpack.com\/wp-content\/uploads\/2024\/08\/custom-tea-packaging-bag\uff081\uff09-1-12x12.webp 12w, https:\/\/www.hyflexpack.com\/wp-content\/uploads\/2024\/08\/custom-tea-packaging-bag\uff081\uff09-1-285x285.webp 285w, https:\/\/www.hyflexpack.com\/wp-content\/uploads\/2024\/08\/custom-tea-packaging-bag\uff081\uff09-1-270x270.webp 270w, https:\/\/www.hyflexpack.com\/wp-content\/uploads\/2024\/08\/custom-tea-packaging-bag\uff081\uff09-1-540x540.webp 540w, https:\/\/www.hyflexpack.com\/wp-content\/uploads\/2024\/08\/custom-tea-packaging-bag\uff081\uff09-1-660x660.webp 660w\" sizes=\"(max-width: 750px) 100vw, 750px\" \/><\/figure>\n<\/div>\n<\/div>","protected":false},"excerpt":{"rendered":"<p>Explora\u021bi pungile noastre personalizate pentru ambalarea ceaiului, care sunt realizate din folie de ambalaj compozit\u0103 de calitate alimentar\u0103 ecologic\u0103. Contacta\u021bi-ne ast\u0103zi pentru o ofert\u0103 gratuit\u0103. Ne angaj\u0103m s\u0103 oferim solu\u021bii unice de ambalare ecologice \u0219i de calitate.<\/p>\n<h3>Avantajele furnizorului de ambalaje personalizate pentru ceai<\/h3>\n<ul>\n<li><strong>Proiectare personalizat\u0103<\/strong>: Oferim servicii personalizate de ambalare a ceaiului, inclusiv personalizarea materialului, a dimensiunii \u0219i a modelului de imprimare pentru a satisface nevoile clien\u021bilor \u0219i a sprijini OEM \u0219i ODM.<\/li>\n<li><strong>Produc\u021bie<\/strong>: Cu echipamente \u0219i tehnologii avansate, putem finaliza produc\u021bia comenzii cu eficien\u021b\u0103 ridicat\u0103 \u0219i calitate ridicat\u0103 \u0219i putem livra la timp.<\/li>\n<li><strong>Inspec\u021bia calit\u0103\u021bii<\/strong>: Respecta\u021bi cu stricte\u021be standardele de calitate \u0219i cerin\u021bele de siguran\u021b\u0103 alimentar\u0103 pentru produc\u021bie, pentru a v\u0103 asigura c\u0103 produsele \u00eendeplinesc standardele.<\/li>\n<li><strong>Serviciul clien\u021bi<\/strong>: 24 de ore pentru a oferi un r\u0103spuns rapid \u0219i un serviciu de asisten\u021b\u0103 pentru clien\u021bi grijuliu.<\/li>\n<li><strong>Mostr\u0103 gratuit\u0103<\/strong>\uff1a Furniza\u021bi servicii gratuite de e\u0219antionare pentru a evalua produsele.<\/li>\n<\/ul>","protected":false},"featured_media":5221,"comment_status":"open","ping_status":"closed","template":"","meta":[],"product_brand":[],"product_cat":[58],"product_tag":[],"class_list":{"0":"post-5220","1":"product","2":"type-product","3":"status-publish","4":"has-post-thumbnail","6":"product_cat-tea-bag-packaging","8":"first","9":"instock","10":"shipping-taxable","11":"product-type-simple"},"_links":{"self":[{"href":"https:\/\/www.hyflexpack.com\/ro\/wp-json\/wp\/v2\/product\/5220","targetHints":{"allow":["GET"]}}],"collection":[{"href":"https:\/\/www.hyflexpack.com\/ro\/wp-json\/wp\/v2\/product"}],"about":[{"href":"https:\/\/www.hyflexpack.com\/ro\/wp-json\/wp\/v2\/types\/product"}],"replies":[{"embeddable":true,"href":"https:\/\/www.hyflexpack.com\/ro\/wp-json\/wp\/v2\/comments?post=5220"}],"wp:featuredmedia":[{"embeddable":true,"href":"https:\/\/www.hyflexpack.com\/ro\/wp-json\/wp\/v2\/media\/5221"}],"wp:attachment":[{"href":"https:\/\/www.hyflexpack.com\/ro\/wp-json\/wp\/v2\/media?parent=5220"}],"wp:term":[{"taxonomy":"product_brand","embeddable":true,"href":"https:\/\/www.hyflexpack.com\/ro\/wp-json\/wp\/v2\/product_brand?post=5220"},{"taxonomy":"product_cat","embeddable":true,"href":"https:\/\/www.hyflexpack.com\/ro\/wp-json\/wp\/v2\/product_cat?post=5220"},{"taxonomy":"product_tag","embeddable":true,"href":"https:\/\/www.hyflexpack.com\/ro\/wp-json\/wp\/v2\/product_tag?post=5220"}],"curies":[{"name":"wp","href":"https:\/\/api.w.org\/{rel}","templated":true}]}}