{"id":5217,"date":"2024-08-30T16:15:55","date_gmt":"2024-08-30T16:15:55","guid":{"rendered":"https:\/\/www.hyflexpack.com\/?post_type=product&#038;p=5217"},"modified":"2025-03-14T06:43:58","modified_gmt":"2025-03-14T06:43:58","slug":"custom-coffee-bean-bags","status":"publish","type":"product","link":"https:\/\/www.hyflexpack.com\/ro\/product\/custom-coffee-bean-bags\/","title":{"rendered":"Pungi personalizate de boabe de cafea, pung\u0103 de fund plat cu Valve Resealable pungi de plastic"},"content":{"rendered":"<div class=\"wp-block-columns is-layout-flex wp-container-core-columns-is-layout-9d6595d7 wp-block-columns-is-layout-flex\">\n<div class=\"wp-block-column is-layout-flow wp-block-column-is-layout-flow\">\n<h3 class=\"wp-block-heading\">Strengths and highlights of High-Quality Coffee Bean Bags Wholesale<\/h3>\n\n\n\n<ul class=\"wp-block-list\">\n<li><strong>Eco-Friendly and Sustainable<\/strong>: use materials that meet environmental standards, such as biodegradable or recyclable materials, to minimize the impact on the environment.<\/li>\n<\/ul>\n\n\n\n<p><\/p>\n\n\n\n<ul class=\"wp-block-list\">\n<li><strong>Food Grade High Barrier Material<\/strong>: The custom coffee bean bags use environmentally friendly high barrier and anti-static materials, such as PET, PE, aluminum foil, etc., to ensure that the products are dry and safe, moisture-proof, oxidation-proof, and prolong the shelf life.<\/li>\n<\/ul>\n\n\n\n<p><\/p>\n\n\n\n<ul class=\"wp-block-list\">\n<li><strong>Zipper Seal<\/strong>: Built-in zipper seal, easy to open the seal many times, keeps the powder dry and prevents pests and outside air from entering.<\/li>\n<\/ul>\n\n\n\n<p><\/p>\n\n\n\n<ul class=\"wp-block-list\">\n<li><strong>Side Seal Design<\/strong>: This side seal design can make the coffee bean bag packaging bag more inclusive.<\/li>\n<\/ul>\n<\/div>\n\n\n\n<div class=\"wp-block-column is-layout-flow wp-block-column-is-layout-flow\">\n<figure class=\"wp-block-image size-full\"><img fetchpriority=\"high\" decoding=\"async\" width=\"750\" height=\"750\" src=\"https:\/\/www.hyflexpack.com\/wp-content\/uploads\/2024\/08\/custom-coffee-bags\uff081\uff09-1.webp\" alt=\"\" class=\"wp-image-5219\" srcset=\"https:\/\/www.hyflexpack.com\/wp-content\/uploads\/2024\/08\/custom-coffee-bags\uff081\uff09-1.webp 750w, https:\/\/www.hyflexpack.com\/wp-content\/uploads\/2024\/08\/custom-coffee-bags\uff081\uff09-1-300x300.webp 300w, https:\/\/www.hyflexpack.com\/wp-content\/uploads\/2024\/08\/custom-coffee-bags\uff081\uff09-1-150x150.webp 150w, https:\/\/www.hyflexpack.com\/wp-content\/uploads\/2024\/08\/custom-coffee-bags\uff081\uff09-1-12x12.webp 12w, https:\/\/www.hyflexpack.com\/wp-content\/uploads\/2024\/08\/custom-coffee-bags\uff081\uff09-1-285x285.webp 285w, https:\/\/www.hyflexpack.com\/wp-content\/uploads\/2024\/08\/custom-coffee-bags\uff081\uff09-1-270x270.webp 270w, https:\/\/www.hyflexpack.com\/wp-content\/uploads\/2024\/08\/custom-coffee-bags\uff081\uff09-1-540x540.webp 540w, https:\/\/www.hyflexpack.com\/wp-content\/uploads\/2024\/08\/custom-coffee-bags\uff081\uff09-1-660x660.webp 660w\" sizes=\"(max-width: 750px) 100vw, 750px\" \/><\/figure>\n<\/div>\n<\/div>\n\n\n\n<p><\/p>","protected":false},"excerpt":{"rendered":"<p>Find out how our custom coffee bean bags are made with eco-friendly food-grade laminated packaging film. Contact us today for a quote, we are committed to providing one-stop environmentally friendly, and quality packaging solutions.<\/p>\n<h3>Advantages of Coffee Bean Bags Supplier<\/h3>\n<ul>\n<li><a href=\"https:\/\/www.hyflexpack.com\/ro\/ambalaje-flexibile-personalizate\/\"><strong>Proiectare personalizat\u0103<\/strong><\/a>: Provide personalized design solutions with different specifications, sizes, and printing patterns according to customer needs.<\/li>\n<li><strong>Asigurarea calit\u0103\u021bii<\/strong>: Controla\u021bi cu stricte\u021be procesul de produc\u021bie \u0219i alege\u021bi materiale de \u00eenalt\u0103 calitate \u0219i echipamente avansate pentru a asigura o calitate stabil\u0103 \u0219i fiabil\u0103 a produselor.<\/li>\n<li><strong>Livrare la timp<\/strong>: Optimizarea procesului de produc\u021bie, \u00eembun\u0103t\u0103\u021birea eficien\u021bei produc\u021biei, pentru a asigura livrarea la timp a comenzilor clien\u021bilor, pentru a satisface nevoile urgente ale clien\u021bilor.<\/li>\n<li><strong>Asisten\u021b\u0103 tehnic\u0103 profesional\u0103<\/strong>: Echipa tehnic\u0103 experimentat\u0103 pentru a oferi asisten\u021b\u0103 tehnic\u0103 profesional\u0103 \u0219i servicii post-v\u00e2nzare pentru a asigura un r\u0103spuns \u00een timp util \u0219i o solu\u021bie la cerere.<\/li>\n<li><strong>Mostr\u0103 gratuit\u0103<\/strong>: Oferi\u021bi servicii gratuite de e\u0219antionare pentru a evalua produsele.<\/li>\n<\/ul>\n<p>Huiyang Packaging is committed to providing customers with high-quality, custom coffee bean bags to help customers improve their product image and enhance market competitiveness.<\/p>","protected":false},"featured_media":5211,"comment_status":"open","ping_status":"closed","template":"","meta":[],"product_brand":[],"product_cat":[55],"product_tag":[],"class_list":{"0":"post-5217","1":"product","2":"type-product","3":"status-publish","4":"has-post-thumbnail","6":"product_cat-custom-coffee-packaging","8":"first","9":"instock","10":"shipping-taxable","11":"product-type-simple"},"_links":{"self":[{"href":"https:\/\/www.hyflexpack.com\/ro\/wp-json\/wp\/v2\/product\/5217","targetHints":{"allow":["GET"]}}],"collection":[{"href":"https:\/\/www.hyflexpack.com\/ro\/wp-json\/wp\/v2\/product"}],"about":[{"href":"https:\/\/www.hyflexpack.com\/ro\/wp-json\/wp\/v2\/types\/product"}],"replies":[{"embeddable":true,"href":"https:\/\/www.hyflexpack.com\/ro\/wp-json\/wp\/v2\/comments?post=5217"}],"wp:featuredmedia":[{"embeddable":true,"href":"https:\/\/www.hyflexpack.com\/ro\/wp-json\/wp\/v2\/media\/5211"}],"wp:attachment":[{"href":"https:\/\/www.hyflexpack.com\/ro\/wp-json\/wp\/v2\/media?parent=5217"}],"wp:term":[{"taxonomy":"product_brand","embeddable":true,"href":"https:\/\/www.hyflexpack.com\/ro\/wp-json\/wp\/v2\/product_brand?post=5217"},{"taxonomy":"product_cat","embeddable":true,"href":"https:\/\/www.hyflexpack.com\/ro\/wp-json\/wp\/v2\/product_cat?post=5217"},{"taxonomy":"product_tag","embeddable":true,"href":"https:\/\/www.hyflexpack.com\/ro\/wp-json\/wp\/v2\/product_tag?post=5217"}],"curies":[{"name":"wp","href":"https:\/\/api.w.org\/{rel}","templated":true}]}}