{"id":5184,"date":"2024-08-25T09:44:35","date_gmt":"2024-08-25T09:44:35","guid":{"rendered":"https:\/\/www.hyflexpack.com\/?post_type=product&#038;p=5184"},"modified":"2025-03-14T06:44:07","modified_gmt":"2025-03-14T06:44:07","slug":"custom-coffee-packaging-bags-2","status":"publish","type":"product","link":"https:\/\/www.hyflexpack.com\/ro\/product\/custom-coffee-packaging-bags-2\/","title":{"rendered":"Pungi personalizate de ambalare a cafelei Pungi de buruieni Pung\u0103 de zi pentru mirosuri Stand-Up Pouch"},"content":{"rendered":"<div class=\"wp-block-columns is-layout-flex wp-container-core-columns-is-layout-9d6595d7 wp-block-columns-is-layout-flex\">\n<div class=\"wp-block-column is-layout-flow wp-block-column-is-layout-flow\">\n<h3 class=\"wp-block-heading\">Caracteristici ale pungilor pentru ambalarea cafelei<\/h3>\n\n\n\n<ul class=\"wp-block-list\">\n<li>Materiale ecologice: Utiliza\u021bi materiale ecologice care \u00eendeplinesc cerin\u021bele de protec\u021bie a mediului, cum ar fi materialele biodegradabile sau reciclabile, pentru a reduce impactul asupra mediului.<\/li>\n<\/ul>\n\n\n\n<p><\/p>\n\n\n\n<ul class=\"wp-block-list\">\n<li>Materiale cu bariere \u00eenalte de calitate alimentar\u0103: Pungile personalizate de ambalare a cafelei utilizeaz\u0103 materiale antistatice cu bariere \u00eenalte ecologice, cum ar fi PET, PE, folie de aluminiu etc., pentru a asigura usc\u0103ciunea \u0219i siguran\u021ba produsului, rezistent la umiditate, anti-oxidare \u0219i pentru a prelungi durata de depozitare.<\/li>\n<\/ul>\n\n\n\n<p><\/p>\n\n\n\n<ul class=\"wp-block-list\">\n<li>Design cu m\u00e2ner: Exist\u0103 g\u0103uri de ag\u0103\u021bat \u00een interiorul sacului, care este convenabil pentru ag\u0103\u021bat \u0219i afi\u0219at \u00een magazin, sporind popularitatea \u0219i atractivitatea produsului.<\/li>\n<\/ul>\n\n\n\n<p><\/p>\n\n\n\n<ul class=\"wp-block-list\">\n<li>Sigiliu cu fermoar: Sigiliul cu fermoar \u00eencorporat este convenabil pentru deschiderea sigiliului de mai multe ori, men\u021bin\u00e2nd pulberea uscat\u0103 \u0219i \u00eempiedic\u00e2nd p\u0103trunderea d\u0103un\u0103torilor \u0219i a aerului exterior. <\/li>\n<\/ul>\n\n\n\n<p><\/p>\n\n\n\n<ul class=\"wp-block-list\">\n<li>Design de etan\u0219are lateral\u0103: Cre\u0219te\u021bi capacitatea \u0219i durabilitatea pungii, proteja\u021bi mai bine punga de ambalare a cafelei.<\/li>\n<\/ul>\n<\/div>\n\n\n\n<div class=\"wp-block-column is-layout-flow wp-block-column-is-layout-flow\">\n<figure class=\"wp-block-image size-full\"><img fetchpriority=\"high\" decoding=\"async\" width=\"750\" height=\"750\" src=\"https:\/\/www.hyflexpack.com\/wp-content\/uploads\/2024\/08\/Customize-Coffee-Packaging-Bags-\uff081\uff09-1.webp\" alt=\"\" class=\"wp-image-5189\" srcset=\"https:\/\/www.hyflexpack.com\/wp-content\/uploads\/2024\/08\/Customize-Coffee-Packaging-Bags-\uff081\uff09-1.webp 750w, https:\/\/www.hyflexpack.com\/wp-content\/uploads\/2024\/08\/Customize-Coffee-Packaging-Bags-\uff081\uff09-1-300x300.webp 300w, https:\/\/www.hyflexpack.com\/wp-content\/uploads\/2024\/08\/Customize-Coffee-Packaging-Bags-\uff081\uff09-1-150x150.webp 150w, https:\/\/www.hyflexpack.com\/wp-content\/uploads\/2024\/08\/Customize-Coffee-Packaging-Bags-\uff081\uff09-1-12x12.webp 12w, https:\/\/www.hyflexpack.com\/wp-content\/uploads\/2024\/08\/Customize-Coffee-Packaging-Bags-\uff081\uff09-1-285x285.webp 285w, https:\/\/www.hyflexpack.com\/wp-content\/uploads\/2024\/08\/Customize-Coffee-Packaging-Bags-\uff081\uff09-1-270x270.webp 270w, https:\/\/www.hyflexpack.com\/wp-content\/uploads\/2024\/08\/Customize-Coffee-Packaging-Bags-\uff081\uff09-1-540x540.webp 540w, https:\/\/www.hyflexpack.com\/wp-content\/uploads\/2024\/08\/Customize-Coffee-Packaging-Bags-\uff081\uff09-1-660x660.webp 660w\" sizes=\"(max-width: 750px) 100vw, 750px\" \/><\/figure>\n<\/div>\n<\/div>\n\n\n\n<p><\/p>","protected":false},"excerpt":{"rendered":"<p>Explora\u021bi pungile noastre de ambalare a cafelei, aplicarea materialului compozit poate oferi o func\u021bie bun\u0103 de umiditate \u0219i anti-static\u0103 \u0219i o performan\u021b\u0103 ridicat\u0103 de barier\u0103 pentru a asigura c\u0103 cafeaua este uscat\u0103 \u0219i sigur\u0103 \u0219i c\u0103 boabele de cafea nu vor fi stricate de umiditate. Fundul mai lat face ca \u00eentreaga pung\u0103 s\u0103 fie mai cuprinz\u0103toare. Contacta\u021bi-ne ast\u0103zi pentru o ofert\u0103 gratuit\u0103, ne angaj\u0103m s\u0103 oferim solu\u021bii unice de ambalare ecologice \u0219i de calitate.<\/p>\n<h3>Avantajele furnizorului de pungi pentru ambalarea cafelei<\/h3>\n<ul>\n<li><strong>Design personalizat<\/strong>: Oferi\u021bi solu\u021bii personalizate de proiectare pentru a \u00eendeplini diferite specifica\u021bii, dimensiuni \u0219i cerin\u021be de imprimare de p\u00e2n\u0103 la 10 culori \u00een func\u021bie de nevoile clien\u021bilor, sprijini\u021bi personalizarea OEM \u0219i ODM.<\/li>\n<li><strong>Asigurarea calit\u0103\u021bii<\/strong>: Controlul strict al procesului de produc\u021bie, folosind materii prime de \u00eenalt\u0103 calitate \u0219i echipamente de produc\u021bie avansate pentru a asigura o calitate stabil\u0103 \u0219i fiabil\u0103 a produsului.<\/li>\n<li><strong>Asisten\u021b\u0103 tehnic\u0103 profesional\u0103<\/strong>: Cu echipa noastr\u0103 tehnic\u0103 experimentat\u0103, oferim asisten\u021b\u0103 tehnic\u0103 profesional\u0103 \u0219i servicii post-v\u00e2nzare pentru a ne asigura c\u0103 nevoile clien\u021bilor sunt solu\u021bionate \u0219i rezolvate prompt.<\/li>\n<li><strong>Mostr\u0103 gratuit\u0103<\/strong>: Oferi\u021bi servicii gratuite de e\u0219antionare pentru a evalua produsele.<\/li>\n<\/ul>\n<p>Huiyang Packaging este dedicat\u0103 oferirii de pungi de ambalare pentru cafea personalizate, de \u00eenalt\u0103 calitate, care \u00eembun\u0103t\u0103\u021besc imaginea produsului \u0219i sporesc competitivitatea pe pia\u021b\u0103 pentru clien\u021bii no\u0219tri.<\/p>","protected":false},"featured_media":5185,"comment_status":"open","ping_status":"closed","template":"","meta":[],"product_brand":[],"product_cat":[55],"product_tag":[],"class_list":{"0":"post-5184","1":"product","2":"type-product","3":"status-publish","4":"has-post-thumbnail","6":"product_cat-custom-coffee-packaging","8":"first","9":"instock","10":"shipping-taxable","11":"product-type-simple"},"_links":{"self":[{"href":"https:\/\/www.hyflexpack.com\/ro\/wp-json\/wp\/v2\/product\/5184","targetHints":{"allow":["GET"]}}],"collection":[{"href":"https:\/\/www.hyflexpack.com\/ro\/wp-json\/wp\/v2\/product"}],"about":[{"href":"https:\/\/www.hyflexpack.com\/ro\/wp-json\/wp\/v2\/types\/product"}],"replies":[{"embeddable":true,"href":"https:\/\/www.hyflexpack.com\/ro\/wp-json\/wp\/v2\/comments?post=5184"}],"wp:featuredmedia":[{"embeddable":true,"href":"https:\/\/www.hyflexpack.com\/ro\/wp-json\/wp\/v2\/media\/5185"}],"wp:attachment":[{"href":"https:\/\/www.hyflexpack.com\/ro\/wp-json\/wp\/v2\/media?parent=5184"}],"wp:term":[{"taxonomy":"product_brand","embeddable":true,"href":"https:\/\/www.hyflexpack.com\/ro\/wp-json\/wp\/v2\/product_brand?post=5184"},{"taxonomy":"product_cat","embeddable":true,"href":"https:\/\/www.hyflexpack.com\/ro\/wp-json\/wp\/v2\/product_cat?post=5184"},{"taxonomy":"product_tag","embeddable":true,"href":"https:\/\/www.hyflexpack.com\/ro\/wp-json\/wp\/v2\/product_tag?post=5184"}],"curies":[{"name":"wp","href":"https:\/\/api.w.org\/{rel}","templated":true}]}}