{"id":5164,"date":"2024-08-24T10:23:43","date_gmt":"2024-08-24T10:23:43","guid":{"rendered":"https:\/\/www.hyflexpack.com\/?post_type=product&#038;p=5164"},"modified":"2025-10-23T04:07:05","modified_gmt":"2025-10-23T04:07:05","slug":"custom-bread-packaging-bag","status":"publish","type":"product","link":"https:\/\/www.hyflexpack.com\/ro\/product\/custom-bread-packaging-bag\/","title":{"rendered":"P\u00e2ine personalizat\u0103 de ambalare sac transparent de ambalare alimente Stand Up Pouch"},"content":{"rendered":"<div class=\"wp-block-columns is-layout-flex wp-container-core-columns-is-layout-9d6595d7 wp-block-columns-is-layout-flex\">\n<div class=\"wp-block-column is-layout-flow wp-block-column-is-layout-flow\">\n<h3 class=\"wp-block-heading\">Features of High Quality Custom Bread Packaging Bag<\/h3>\n\n\n\n<ul class=\"wp-block-list\">\n<li>Materiale ecologice: Utiliza\u021bi materiale ecologice care \u00eendeplinesc cerin\u021bele de protec\u021bie a mediului, cum ar fi materialele biodegradabile sau materialele reciclabile, pentru a reduce impactul asupra mediului.<\/li>\n<\/ul>\n\n\n\n<p><\/p>\n\n\n\n<ul class=\"wp-block-list\">\n<li>Food-grade high-barrier materials: Custom bread packaging bags use food-grade high-barrier materials, such as PET, PE, aluminum foil, etc., to ensure the freshness and safety of bread, moisture-proof, anti-oxidation, and extend the shelf life. <\/li>\n<\/ul>\n\n\n\n<p><\/p>\n\n\n\n<ul class=\"wp-block-list\">\n<li>Design cu g\u0103uri de ag\u0103\u021bare: Exist\u0103 g\u0103uri de ag\u0103\u021bat proiectate \u00een interiorul pungii, care este convenabil pentru ag\u0103\u021barea \u0219i afi\u0219area \u00een magazin, sporind popularitatea \u0219i atractivitatea produsului. <\/li>\n<\/ul>\n\n\n\n<p><\/p>\n\n\n\n<ul class=\"wp-block-list\">\n<li>Zipper closure: The built-in zipper closure is convenient for opening the closure multiple times, keeping the bread fresh and preventing outside air from entering. <\/li>\n<\/ul>\n\n\n\n<p><\/p>\n\n\n\n<ul class=\"wp-block-list\">\n<li>Standing bag design: The standing bag structure allows the bag to stand firmly on the shelf or display cabinet, saving display space and enhancing the product display effect.<\/li>\n<\/ul>\n<\/div>\n\n\n\n<div class=\"wp-block-column is-layout-flow wp-block-column-is-layout-flow\">\n<figure class=\"wp-block-image size-full\"><img fetchpriority=\"high\" decoding=\"async\" width=\"750\" height=\"750\" src=\"https:\/\/www.hyflexpack.com\/wp-content\/uploads\/2024\/08\/Custom-bread-packaging-\uff081\uff09-1.webp\" alt=\"\" class=\"wp-image-5170\" srcset=\"https:\/\/www.hyflexpack.com\/wp-content\/uploads\/2024\/08\/Custom-bread-packaging-\uff081\uff09-1.webp 750w, https:\/\/www.hyflexpack.com\/wp-content\/uploads\/2024\/08\/Custom-bread-packaging-\uff081\uff09-1-300x300.webp 300w, https:\/\/www.hyflexpack.com\/wp-content\/uploads\/2024\/08\/Custom-bread-packaging-\uff081\uff09-1-150x150.webp 150w, https:\/\/www.hyflexpack.com\/wp-content\/uploads\/2024\/08\/Custom-bread-packaging-\uff081\uff09-1-12x12.webp 12w, https:\/\/www.hyflexpack.com\/wp-content\/uploads\/2024\/08\/Custom-bread-packaging-\uff081\uff09-1-285x285.webp 285w, https:\/\/www.hyflexpack.com\/wp-content\/uploads\/2024\/08\/Custom-bread-packaging-\uff081\uff09-1-270x270.webp 270w, https:\/\/www.hyflexpack.com\/wp-content\/uploads\/2024\/08\/Custom-bread-packaging-\uff081\uff09-1-540x540.webp 540w, https:\/\/www.hyflexpack.com\/wp-content\/uploads\/2024\/08\/Custom-bread-packaging-\uff081\uff09-1-660x660.webp 660w\" sizes=\"(max-width: 750px) 100vw, 750px\" \/><\/figure>\n<\/div>\n<\/div>","protected":false},"excerpt":{"rendered":"<p>Discover how our custom bread packaging bags are made with eco-friendly, food-grade laminated packaging film. Contact us today for a free quote and design. We are committed to providing one-stop environmentally friendly and quality packaging solutions.<\/p>\n<h3>Advantages of Bread Packaging Bag Supplier<\/h3>\n<ul>\n<li><strong>Proiectare personalizat\u0103<\/strong>: Provide personalized design solutions and custom bread packaging with different specifications, sizes, and printing patterns according to customer needs.<\/li>\n<li><strong>Asigurarea calit\u0103\u021bii<\/strong>: Controla\u021bi cu stricte\u021be procesul de produc\u021bie \u0219i alege\u021bi materiale de \u00eenalt\u0103 calitate \u0219i echipamente avansate pentru a asigura o calitate stabil\u0103 \u0219i fiabil\u0103 a produselor.<\/li>\n<li><strong>Livrare la timp<\/strong>: Optimizarea procesului de produc\u021bie, \u00eembun\u0103t\u0103\u021birea eficien\u021bei produc\u021biei, pentru a asigura livrarea la timp a comenzilor clien\u021bilor, pentru a satisface nevoile urgente ale clien\u021bilor.<\/li>\n<li><strong>Asisten\u021b\u0103 tehnic\u0103 profesional\u0103<\/strong>: Echipa tehnic\u0103 experimentat\u0103 pentru a oferi asisten\u021b\u0103 tehnic\u0103 profesional\u0103 \u0219i servicii post-v\u00e2nzare pentru a asigura un r\u0103spuns \u00een timp util \u0219i o solu\u021bie la cerere.<\/li>\n<li><strong>Mostr\u0103 gratuit\u0103<\/strong>: Oferi\u021bi servicii gratuite de e\u0219antionare pentru a evalua produsele.<\/li>\n<\/ul>","protected":false},"featured_media":5165,"comment_status":"open","ping_status":"closed","template":"","meta":[],"product_brand":[],"product_cat":[51,102],"product_tag":[],"class_list":{"0":"post-5164","1":"product","2":"type-product","3":"status-publish","4":"has-post-thumbnail","6":"product_cat-custom-food-packaging-bags","7":"product_cat-bakery-packaging-bags-wholesale","9":"first","10":"instock","11":"shipping-taxable","12":"product-type-simple"},"_links":{"self":[{"href":"https:\/\/www.hyflexpack.com\/ro\/wp-json\/wp\/v2\/product\/5164","targetHints":{"allow":["GET"]}}],"collection":[{"href":"https:\/\/www.hyflexpack.com\/ro\/wp-json\/wp\/v2\/product"}],"about":[{"href":"https:\/\/www.hyflexpack.com\/ro\/wp-json\/wp\/v2\/types\/product"}],"replies":[{"embeddable":true,"href":"https:\/\/www.hyflexpack.com\/ro\/wp-json\/wp\/v2\/comments?post=5164"}],"wp:featuredmedia":[{"embeddable":true,"href":"https:\/\/www.hyflexpack.com\/ro\/wp-json\/wp\/v2\/media\/5165"}],"wp:attachment":[{"href":"https:\/\/www.hyflexpack.com\/ro\/wp-json\/wp\/v2\/media?parent=5164"}],"wp:term":[{"taxonomy":"product_brand","embeddable":true,"href":"https:\/\/www.hyflexpack.com\/ro\/wp-json\/wp\/v2\/product_brand?post=5164"},{"taxonomy":"product_cat","embeddable":true,"href":"https:\/\/www.hyflexpack.com\/ro\/wp-json\/wp\/v2\/product_cat?post=5164"},{"taxonomy":"product_tag","embeddable":true,"href":"https:\/\/www.hyflexpack.com\/ro\/wp-json\/wp\/v2\/product_tag?post=5164"}],"curies":[{"name":"wp","href":"https:\/\/api.w.org\/{rel}","templated":true}]}}