{"id":5163,"date":"2024-08-25T09:26:08","date_gmt":"2024-08-25T09:26:08","guid":{"rendered":"https:\/\/www.hyflexpack.com\/?post_type=product&#038;p=5163"},"modified":"2024-08-25T09:26:10","modified_gmt":"2024-08-25T09:26:10","slug":"custom-rice-packaging-bags","status":"publish","type":"product","link":"https:\/\/www.hyflexpack.com\/ro\/product\/custom-rice-packaging-bags\/","title":{"rendered":"Pungile personalizate pentru ambalarea orezului Stand Up Pouch Mylar Packaging Bag"},"content":{"rendered":"<div class=\"wp-block-columns is-layout-flex wp-container-core-columns-is-layout-9d6595d7 wp-block-columns-is-layout-flex\">\n<div class=\"wp-block-column is-layout-flow wp-block-column-is-layout-flow\">\n<h3 class=\"wp-block-heading\">Caracteristici de \u00eenalt\u0103 calitate de orez personalizat ambalare sac<\/h3>\n\n\n\n<ul class=\"wp-block-list\">\n<li>Materiale ecologice: Materialele ecologice care \u00eendeplinesc cerin\u021bele de protec\u021bie a mediului, cum ar fi cele biodegradabile sau reciclabile, sunt utilizate pentru a reduce impactul asupra mediului.<\/li>\n<\/ul>\n\n\n\n<p><\/p>\n\n\n\n<ul class=\"wp-block-list\">\n<li>Materiale cu bariere \u00eenalte de calitate alimentar\u0103: Pungile personalizate pentru ambalarea orezului folosesc materiale antistatice cu bariere \u00eenalte de calitate alimentar\u0103, cum ar fi PET, PE, folie de aluminiu etc., pentru a asigura prospe\u021bimea \u0219i siguran\u021ba produsului, rezisten\u021ba la umiditate, antioxidarea \u0219i prelungirea perioadei de valabilitate. <\/li>\n<\/ul>\n\n\n\n<p><\/p>\n\n\n\n<ul class=\"wp-block-list\">\n<li>Atrac\u021bie vizual\u0103: designul pungii de ambalare a orezului este simplu \u0219i generos \u0219i suport\u0103 imprimarea personalizat\u0103 a logo-urilor de marc\u0103 \u0219i a informa\u021biilor despre produs pentru a \u00eembun\u0103t\u0103\u021bi cunoa\u0219terea m\u0103rcii.<\/li>\n<\/ul>\n\n\n\n<p><\/p>\n\n\n\n<ul class=\"wp-block-list\">\n<li>Sigiliu cu fermoar: Sigiliul cu fermoar \u00eencorporat este convenabil pentru deschiderea sigiliului de mai multe ori, men\u021bin\u00e2nd orezul proasp\u0103t \u0219i uscat \u0219i \u00eempiedic\u00e2nd p\u0103trunderea d\u0103un\u0103torilor \u0219i a aerului exterior. <\/li>\n<\/ul>\n\n\n\n<p><\/p>\n\n\n\n<ul class=\"wp-block-list\">\n<li>Design de sac \u00een picioare: Structura sacului \u00een picioare permite sacului s\u0103 stea ferm pe raft sau dulap de afi\u0219are, economisind spa\u021biu de afi\u0219are \u0219i \u00eembun\u0103t\u0103\u021bind efectul de afi\u0219are a produsului<\/li>\n<\/ul>\n<\/div>\n\n\n\n<div class=\"wp-block-column is-layout-flow wp-block-column-is-layout-flow\">\n<figure class=\"wp-block-image size-full\"><img fetchpriority=\"high\" decoding=\"async\" width=\"750\" height=\"750\" src=\"https:\/\/www.hyflexpack.com\/wp-content\/uploads\/2024\/08\/Custom-Rice-Packaging-Bags\uff081\uff09-1.webp\" alt=\"\" class=\"wp-image-5175\" srcset=\"https:\/\/www.hyflexpack.com\/wp-content\/uploads\/2024\/08\/Custom-Rice-Packaging-Bags\uff081\uff09-1.webp 750w, https:\/\/www.hyflexpack.com\/wp-content\/uploads\/2024\/08\/Custom-Rice-Packaging-Bags\uff081\uff09-1-300x300.webp 300w, https:\/\/www.hyflexpack.com\/wp-content\/uploads\/2024\/08\/Custom-Rice-Packaging-Bags\uff081\uff09-1-150x150.webp 150w, https:\/\/www.hyflexpack.com\/wp-content\/uploads\/2024\/08\/Custom-Rice-Packaging-Bags\uff081\uff09-1-12x12.webp 12w, https:\/\/www.hyflexpack.com\/wp-content\/uploads\/2024\/08\/Custom-Rice-Packaging-Bags\uff081\uff09-1-285x285.webp 285w, https:\/\/www.hyflexpack.com\/wp-content\/uploads\/2024\/08\/Custom-Rice-Packaging-Bags\uff081\uff09-1-270x270.webp 270w, https:\/\/www.hyflexpack.com\/wp-content\/uploads\/2024\/08\/Custom-Rice-Packaging-Bags\uff081\uff09-1-540x540.webp 540w, https:\/\/www.hyflexpack.com\/wp-content\/uploads\/2024\/08\/Custom-Rice-Packaging-Bags\uff081\uff09-1-660x660.webp 660w\" sizes=\"(max-width: 750px) 100vw, 750px\" \/><\/figure>\n<\/div>\n<\/div>","protected":false},"excerpt":{"rendered":"<p>Afla\u021bi cum sunt fabricate pungile pentru ambalarea orezului folosind folie de ambalaj compozit\u0103 de calitate alimentar\u0103 ecologic\u0103. Ofer\u0103 o rezisten\u021b\u0103 excelent\u0103 la umiditate \u0219i oxidare, precum \u0219i propriet\u0103\u021bi de barier\u0103 ridicate pentru a asigura alimente uscate \u0219i sigure. Contacta\u021bi-ne ast\u0103zi, ne angaj\u0103m s\u0103 oferim solu\u021bii unice de ambalare ecologice \u0219i de calitate!<\/p>\n<h3>Avantajele furnizorului de pungi pentru ambalarea orezului<\/h3>\n<ul>\n<li><strong>Design personalizat<\/strong>: Oferim ambalaje de orez cu design personalizat, inclusiv materiale, dimensiuni \u0219i personalizare a modelului de imprimare pentru a satisface nevoile de branding ale clien\u021bilor \u0219i sus\u021binem OEM \u0219i ODM.<\/li>\n<li><strong>Produc\u021bie<\/strong>: Cu echipamente \u0219i tehnologii avansate, putem finaliza produc\u021bia comenzii cu eficien\u021b\u0103 ridicat\u0103 \u0219i calitate ridicat\u0103 \u0219i putem livra la timp.<\/li>\n<li><strong>Inspec\u021bia calit\u0103\u021bii<\/strong>: Respecta\u021bi cu stricte\u021be standardele de calitate \u0219i cerin\u021bele de siguran\u021b\u0103 alimentar\u0103 pentru a v\u0103 asigura c\u0103 produsele \u00eendeplinesc standardele.<\/li>\n<li><strong>Serviciul clien\u021bi<\/strong>: Oferi\u021bi un r\u0103spuns rapid \u0219i un serviciu de asisten\u021b\u0103 pentru clien\u021bi atent 24 de ore pe zi.<\/li>\n<li><strong>Mostr\u0103 gratuit\u0103<\/strong>: Oferi\u021bi servicii gratuite de e\u0219antionare pentru a evalua produsele.<\/li>\n<\/ul>","protected":false},"featured_media":5171,"comment_status":"open","ping_status":"closed","template":"","meta":[],"product_brand":[],"product_cat":[51],"product_tag":[],"class_list":{"0":"post-5163","1":"product","2":"type-product","3":"status-publish","4":"has-post-thumbnail","6":"product_cat-custom-food-packaging-bags","8":"first","9":"instock","10":"shipping-taxable","11":"product-type-simple"},"_links":{"self":[{"href":"https:\/\/www.hyflexpack.com\/ro\/wp-json\/wp\/v2\/product\/5163","targetHints":{"allow":["GET"]}}],"collection":[{"href":"https:\/\/www.hyflexpack.com\/ro\/wp-json\/wp\/v2\/product"}],"about":[{"href":"https:\/\/www.hyflexpack.com\/ro\/wp-json\/wp\/v2\/types\/product"}],"replies":[{"embeddable":true,"href":"https:\/\/www.hyflexpack.com\/ro\/wp-json\/wp\/v2\/comments?post=5163"}],"wp:featuredmedia":[{"embeddable":true,"href":"https:\/\/www.hyflexpack.com\/ro\/wp-json\/wp\/v2\/media\/5171"}],"wp:attachment":[{"href":"https:\/\/www.hyflexpack.com\/ro\/wp-json\/wp\/v2\/media?parent=5163"}],"wp:term":[{"taxonomy":"product_brand","embeddable":true,"href":"https:\/\/www.hyflexpack.com\/ro\/wp-json\/wp\/v2\/product_brand?post=5163"},{"taxonomy":"product_cat","embeddable":true,"href":"https:\/\/www.hyflexpack.com\/ro\/wp-json\/wp\/v2\/product_cat?post=5163"},{"taxonomy":"product_tag","embeddable":true,"href":"https:\/\/www.hyflexpack.com\/ro\/wp-json\/wp\/v2\/product_tag?post=5163"}],"curies":[{"name":"wp","href":"https:\/\/api.w.org\/{rel}","templated":true}]}}