{"id":5155,"date":"2024-08-24T10:04:50","date_gmt":"2024-08-24T10:04:50","guid":{"rendered":"https:\/\/www.hyflexpack.com\/?post_type=product&#038;p=5155"},"modified":"2025-10-23T08:56:27","modified_gmt":"2025-10-23T08:56:27","slug":"supply-snack-packaging-bags","status":"publish","type":"product","link":"https:\/\/www.hyflexpack.com\/ro\/product\/supply-snack-packaging-bags\/","title":{"rendered":"Furnizor Snack ambalare pungi din plastic personalizate Stand p\u00e2n\u0103 pungi cu logo-ul"},"content":{"rendered":"<div class=\"wp-block-columns is-layout-flex wp-container-core-columns-is-layout-9d6595d7 wp-block-columns-is-layout-flex\">\n<div class=\"wp-block-column is-layout-flow wp-block-column-is-layout-flow\">\n<h3 class=\"wp-block-heading\">Caracteristici ale ambalajelor personalizate de gust\u0103ri de \u00eenalt\u0103 calitate<\/h3>\n\n\n\n<ul class=\"wp-block-list\">\n<li>Materiale ecologice: Utiliza\u021bi materiale ecologice care \u00eendeplinesc cerin\u021bele de protec\u021bie a mediului, cum ar fi materialele biodegradabile sau materialele reciclabile, pentru a reduce impactul asupra mediului. <\/li>\n\n\n\n<li>Materiale de \u00eenalt\u0103 rezisten\u021b\u0103 de calitate alimentar\u0103: Pungile personalizate pentru ambalarea gust\u0103rilor utilizeaz\u0103 materiale de \u00eenalt\u0103 rezisten\u021b\u0103 de calitate alimentar\u0103, cum ar fi PET, PE, folie de aluminiu etc., pentru a asigura prospe\u021bimea \u0219i siguran\u021ba gust\u0103rilor, rezisten\u021ba la umiditate, antioxidarea \u0219i prelungirea perioadei de valabilitate. <\/li>\n\n\n\n<li>Design cu g\u0103uri de ag\u0103\u021bare: Exist\u0103 g\u0103uri de ag\u0103\u021bat proiectate \u00een interiorul pungii, care este convenabil pentru ag\u0103\u021barea \u0219i afi\u0219area \u00een magazin, sporind popularitatea \u0219i atractivitatea produsului. <\/li>\n\n\n\n<li>\u00cenchidere cu fermoar: \u00cenchiderea cu fermoar \u00eencorporat\u0103 este convenabil\u0103 pentru a deschide \u00eenchiderea de mai multe ori, men\u021bin\u00e2nd gust\u0103rile proaspete \u0219i \u00eempiedic\u00e2nd intrarea aerului exterior.<\/li>\n\n\n\n<li>Design de sac \u00een picioare: Structura sacului \u00een picioare permite sacului s\u0103 stea ferm pe raft sau dulap de afi\u0219are, economisind spa\u021biu de afi\u0219are \u0219i \u00eembun\u0103t\u0103\u021bind efectul de afi\u0219are a produsului<\/li>\n<\/ul>\n<\/div>\n\n\n\n<div class=\"wp-block-column is-layout-flow wp-block-column-is-layout-flow\">\n<figure class=\"wp-block-image size-full\"><img fetchpriority=\"high\" decoding=\"async\" width=\"750\" height=\"750\" src=\"https:\/\/www.hyflexpack.com\/wp-content\/uploads\/2024\/08\/Snack-Packaging-Supplier\uff081\uff09-1.webp\" alt=\"\" class=\"wp-image-5160\" srcset=\"https:\/\/www.hyflexpack.com\/wp-content\/uploads\/2024\/08\/Snack-Packaging-Supplier\uff081\uff09-1.webp 750w, https:\/\/www.hyflexpack.com\/wp-content\/uploads\/2024\/08\/Snack-Packaging-Supplier\uff081\uff09-1-300x300.webp 300w, https:\/\/www.hyflexpack.com\/wp-content\/uploads\/2024\/08\/Snack-Packaging-Supplier\uff081\uff09-1-150x150.webp 150w, https:\/\/www.hyflexpack.com\/wp-content\/uploads\/2024\/08\/Snack-Packaging-Supplier\uff081\uff09-1-12x12.webp 12w, https:\/\/www.hyflexpack.com\/wp-content\/uploads\/2024\/08\/Snack-Packaging-Supplier\uff081\uff09-1-285x285.webp 285w, https:\/\/www.hyflexpack.com\/wp-content\/uploads\/2024\/08\/Snack-Packaging-Supplier\uff081\uff09-1-270x270.webp 270w, https:\/\/www.hyflexpack.com\/wp-content\/uploads\/2024\/08\/Snack-Packaging-Supplier\uff081\uff09-1-540x540.webp 540w, https:\/\/www.hyflexpack.com\/wp-content\/uploads\/2024\/08\/Snack-Packaging-Supplier\uff081\uff09-1-660x660.webp 660w\" sizes=\"(max-width: 750px) 100vw, 750px\" \/><\/figure>\n<\/div>\n<\/div>","protected":false},"excerpt":{"rendered":"<p>Explora\u021bi pungile noastre ecologice, de calitate alimentar\u0103, pentru ambalarea gust\u0103rilor, cu materiale compozite din aluminiu pentru o protec\u021bie superioar\u0103 \u00eempotriva umidit\u0103\u021bii, oxigenului \u0219i luminii. Un fermoar sigur men\u021bine alimentele proaspete, \u00een timp ce fundul l\u0103rgit asigur\u0103 stabilitate. Contacta\u021bi-ne pentru o ofert\u0103 \u0219i descoperi\u021bi solu\u021biile noastre unice de ambalare.<\/p>\n<h3>Avantajele furnizorului de pungi pentru ambalarea snacks-urilor<\/h3>\n<ul>\n<li><strong>Proiectare personalizat\u0103<\/strong>: Oferim servicii de proiectare personalizate, inclusiv personalizarea materialelor, dimensiunilor \u0219i modelelor de imprimare pentru a satisface nevoile clien\u021bilor \u0219i sus\u021binem OEM \u0219i ODM.<\/li>\n<li><strong>Produc\u021bie<\/strong>: Cu echipamente \u0219i tehnologii avansate, putem finaliza comenzile cu o eficien\u021b\u0103 ridicat\u0103 \u0219i o calitate ridicat\u0103 \u0219i putem livra la timp.<\/li>\n<li><strong>Inspec\u021bia calit\u0103\u021bii<\/strong>: Respecta\u021bi cu stricte\u021be standardele de calitate \u0219i cerin\u021bele de siguran\u021b\u0103 alimentar\u0103 pentru a v\u0103 asigura c\u0103 produsele \u00eendeplinesc standardele.<\/li>\n<li><strong>Echipa de asisten\u021b\u0103 tehnic\u0103<\/strong>: Echipa noastr\u0103 are o experien\u021b\u0103 bogat\u0103 \u00een industrie \u0219i cuno\u0219tin\u021be profesionale \u0219i poate oferi clien\u021bilor no\u0219tri asisten\u021b\u0103 tehnic\u0103 \u0219i servicii de consultan\u021b\u0103 24 de ore din 24.<\/li>\n<li><strong>Mostr\u0103 gratuit\u0103<\/strong>: Oferi\u021bi servicii gratuite de e\u0219antionare pentru a evalua produsele.<\/li>\n<\/ul>","protected":false},"featured_media":5156,"comment_status":"open","ping_status":"closed","template":"","meta":[],"product_brand":[],"product_cat":[57],"product_tag":[],"class_list":{"0":"post-5155","1":"product","2":"type-product","3":"status-publish","4":"has-post-thumbnail","6":"product_cat-snack-packaging-bags-wholesale","8":"first","9":"instock","10":"shipping-taxable","11":"product-type-simple"},"_links":{"self":[{"href":"https:\/\/www.hyflexpack.com\/ro\/wp-json\/wp\/v2\/product\/5155","targetHints":{"allow":["GET"]}}],"collection":[{"href":"https:\/\/www.hyflexpack.com\/ro\/wp-json\/wp\/v2\/product"}],"about":[{"href":"https:\/\/www.hyflexpack.com\/ro\/wp-json\/wp\/v2\/types\/product"}],"replies":[{"embeddable":true,"href":"https:\/\/www.hyflexpack.com\/ro\/wp-json\/wp\/v2\/comments?post=5155"}],"wp:featuredmedia":[{"embeddable":true,"href":"https:\/\/www.hyflexpack.com\/ro\/wp-json\/wp\/v2\/media\/5156"}],"wp:attachment":[{"href":"https:\/\/www.hyflexpack.com\/ro\/wp-json\/wp\/v2\/media?parent=5155"}],"wp:term":[{"taxonomy":"product_brand","embeddable":true,"href":"https:\/\/www.hyflexpack.com\/ro\/wp-json\/wp\/v2\/product_brand?post=5155"},{"taxonomy":"product_cat","embeddable":true,"href":"https:\/\/www.hyflexpack.com\/ro\/wp-json\/wp\/v2\/product_cat?post=5155"},{"taxonomy":"product_tag","embeddable":true,"href":"https:\/\/www.hyflexpack.com\/ro\/wp-json\/wp\/v2\/product_tag?post=5155"}],"curies":[{"name":"wp","href":"https:\/\/api.w.org\/{rel}","templated":true}]}}