{"id":5117,"date":"2024-08-18T16:37:52","date_gmt":"2024-08-18T16:37:52","guid":{"rendered":"https:\/\/www.hyflexpack.com\/?post_type=product&#038;p=5117"},"modified":"2024-08-22T09:54:13","modified_gmt":"2024-08-22T09:54:13","slug":"wholesale-charcoal-bags","status":"publish","type":"product","link":"https:\/\/www.hyflexpack.com\/ro\/product\/wholesale-charcoal-bags\/","title":{"rendered":"Pungile de c\u0103rbune cu ridicata, pungi de ambalaj din plastic pentru c\u0103rbune Degradabil Stand Up Pouch"},"content":{"rendered":"<div class=\"wp-block-columns is-layout-flex wp-container-core-columns-is-layout-9d6595d7 wp-block-columns-is-layout-flex\">\n<div class=\"wp-block-column is-layout-flow wp-block-column-is-layout-flow\">\n<h3 class=\"wp-block-heading\">Caracteristici ale pungilor laminate personalizate<\/h3>\n\n\n\n<ul class=\"wp-block-list\">\n<li>Rezisten\u021b\u0103 ridicat\u0103 \u0219i durabilitate: aceast\u0103 pung\u0103 de ambalare compozit\u0103 proiectat\u0103 pentru c\u0103rbune este realizat\u0103 din structur\u0103 de material puternic, rezistent\u0103 la rupere \u0219i rezistent\u0103 la perforare, dac\u0103 lua\u021bi \u00een considerare greutatea \u0219i marginile ascu\u021bite ale c\u0103rbunelui, aceasta asigur\u0103 cu siguran\u021b\u0103 c\u0103 nu este u\u0219or de rupt \u00een timpul transportului \u0219i depozit\u0103rii.<\/li>\n<\/ul>\n\n\n\n<p><\/p>\n\n\n\n<ul class=\"wp-block-list\">\n<li>Umiditate \u0219i impermeabilitate: pungile de c\u0103rbune sunt fabricate din material rezistent la umiditate \u0219i impermeabil, care poate bloca umiditatea \u0219i mediul cu ap\u0103, men\u021bine c\u0103rbunele uscat \u0219i \u00eempiedic\u0103 umiditatea s\u0103 afecteze efectul de utilizare.<\/li>\n<\/ul>\n\n\n\n<p><\/p>\n\n\n\n<ul class=\"wp-block-list\">\n<li>Materiale biodegradabile ecologice: sacul vertical prev\u0103zut cu materiale degradabile compostabile respect\u0103 standardele de mediu \u0219i se potrive\u0219te nevoilor m\u0103rcilor care se concentreaz\u0103 pe dezvoltarea durabil\u0103.<\/li>\n<\/ul>\n\n\n\n<p><\/p>\n\n\n\n<ul class=\"wp-block-list\">\n<li>U\u0219or de transportat \u0219i depozitat: Sacii verticali sunt concepu\u021bi pentru afi\u0219are \u0219i depozitare u\u0219oar\u0103, potrivi\u021bi pentru utilizarea la domiciliu \u0219i la gr\u0103tar \u00een aer liber, convenabili pentru transportul consumatorilor.<\/li>\n<\/ul>\n\n\n\n<p><\/p>\n\n\n\n<ul class=\"wp-block-list\">\n<li>Mai multe dimensiuni disponibile: sacii de c\u0103rbune sunt disponibili \u00een diferite dimensiuni pentru a satisface nevoile diversificate, de la saci mici la ambalaje de mare capacitate.<\/li>\n<\/ul>\n<\/div>\n\n\n\n<div class=\"wp-block-column is-layout-flow wp-block-column-is-layout-flow\">\n<figure class=\"wp-block-image size-full\"><img fetchpriority=\"high\" decoding=\"async\" width=\"750\" height=\"750\" src=\"https:\/\/www.hyflexpack.com\/wp-content\/uploads\/2024\/08\/Bespoke-Charcoal-Packaging-bag\uff086\uff09-1.webp\" alt=\"\" class=\"wp-image-5132\" srcset=\"https:\/\/www.hyflexpack.com\/wp-content\/uploads\/2024\/08\/Bespoke-Charcoal-Packaging-bag\uff086\uff09-1.webp 750w, https:\/\/www.hyflexpack.com\/wp-content\/uploads\/2024\/08\/Bespoke-Charcoal-Packaging-bag\uff086\uff09-1-300x300.webp 300w, https:\/\/www.hyflexpack.com\/wp-content\/uploads\/2024\/08\/Bespoke-Charcoal-Packaging-bag\uff086\uff09-1-150x150.webp 150w, https:\/\/www.hyflexpack.com\/wp-content\/uploads\/2024\/08\/Bespoke-Charcoal-Packaging-bag\uff086\uff09-1-12x12.webp 12w, https:\/\/www.hyflexpack.com\/wp-content\/uploads\/2024\/08\/Bespoke-Charcoal-Packaging-bag\uff086\uff09-1-285x285.webp 285w, https:\/\/www.hyflexpack.com\/wp-content\/uploads\/2024\/08\/Bespoke-Charcoal-Packaging-bag\uff086\uff09-1-270x270.webp 270w, https:\/\/www.hyflexpack.com\/wp-content\/uploads\/2024\/08\/Bespoke-Charcoal-Packaging-bag\uff086\uff09-1-540x540.webp 540w, https:\/\/www.hyflexpack.com\/wp-content\/uploads\/2024\/08\/Bespoke-Charcoal-Packaging-bag\uff086\uff09-1-660x660.webp 660w\" sizes=\"(max-width: 750px) 100vw, 750px\" \/><\/figure>\n<\/div>\n<\/div>","protected":false},"excerpt":{"rendered":"<p>Afla\u021bi mai multe despre pungile noastre de c\u0103rbune en-gros, material biodegradabil, aplicarea materialului compozit din aluminiu poate oferi o bun\u0103 rezisten\u021b\u0103 la umiditate, oxigen \u0219i lumin\u0103, iar fermoarul de \u00eenalt\u0103 calitate poate oferi un efect de etan\u0219are bun pentru a preveni p\u0103trunderea prafului, umidit\u0103\u021bii sau d\u0103un\u0103torilor \u00een pung\u0103. Designul inferior mai lat face ca pungile stand-up s\u0103 stea mai ferm. Contacta\u021bi-ne ast\u0103zi pentru o ofert\u0103. Ne angaj\u0103m s\u0103 oferim solu\u021bii unice de ambalare ecologice \u0219i de calitate.<\/p>\n<h3>Avantajele pungilor de c\u0103rbune <strong>Furnizor<\/strong><\/h3>\n<ul>\n<li><a href=\"https:\/\/www.hyflexpack.com\/ro\/ambalaje-flexibile-personalizate\/\">Proiectare personalizat\u0103<\/a>: Oferim servicii personalizate de ambalare a sacului de c\u0103rbune, inclusiv personalizarea materialului, dimensiunii \u0219i modelului de imprimare pentru a satisface nevoile clien\u021bilor \u0219i pentru a sprijini OEM \u0219i ODM.<\/li>\n<li>Produc\u021bie: Cu echipamente \u0219i tehnologii avansate, putem finaliza produc\u021bia comenzii cu eficien\u021b\u0103 ridicat\u0103 \u0219i calitate ridicat\u0103 \u0219i putem livra la timp.<\/li>\n<li>Inspec\u021bia calit\u0103\u021bii: Respecta\u021bi cu stricte\u021be standardele de calitate \u0219i cerin\u021bele de siguran\u021b\u0103 alimentar\u0103 pentru produc\u021bie, pentru a v\u0103 asigura c\u0103 produsele \u00eendeplinesc standardele.<\/li>\n<li>Serviciul Clien\u021bi: 24 de ore pentru a oferi un r\u0103spuns rapid \u0219i un serviciu de asisten\u021b\u0103 pentru clien\u021bi grijuliu.<\/li>\n<li>E\u0219antion gratuit\uff1a Furniza\u021bi servicii de e\u0219antion gratuit pentru a evalua sacii de c\u0103rbune.<\/li>\n<\/ul>\n<p>Huiyang Packaging se angajeaz\u0103 s\u0103 furnizeze clien\u021bilor pungi personalizate de \u00eenalt\u0103 calitate pentru a ajuta clien\u021bii s\u0103-\u0219i \u00eembun\u0103t\u0103\u021beasc\u0103 imaginea produsului \u0219i s\u0103 sporeasc\u0103 competitivitatea pe pia\u021b\u0103.<\/p>","protected":false},"featured_media":5123,"comment_status":"open","ping_status":"closed","template":"","meta":[],"product_brand":[],"product_cat":[52],"product_tag":[],"class_list":{"0":"post-5117","1":"product","2":"type-product","3":"status-publish","4":"has-post-thumbnail","6":"product_cat-custom-daily-chemical-packaging","8":"first","9":"instock","10":"shipping-taxable","11":"product-type-simple"},"_links":{"self":[{"href":"https:\/\/www.hyflexpack.com\/ro\/wp-json\/wp\/v2\/product\/5117","targetHints":{"allow":["GET"]}}],"collection":[{"href":"https:\/\/www.hyflexpack.com\/ro\/wp-json\/wp\/v2\/product"}],"about":[{"href":"https:\/\/www.hyflexpack.com\/ro\/wp-json\/wp\/v2\/types\/product"}],"replies":[{"embeddable":true,"href":"https:\/\/www.hyflexpack.com\/ro\/wp-json\/wp\/v2\/comments?post=5117"}],"wp:featuredmedia":[{"embeddable":true,"href":"https:\/\/www.hyflexpack.com\/ro\/wp-json\/wp\/v2\/media\/5123"}],"wp:attachment":[{"href":"https:\/\/www.hyflexpack.com\/ro\/wp-json\/wp\/v2\/media?parent=5117"}],"wp:term":[{"taxonomy":"product_brand","embeddable":true,"href":"https:\/\/www.hyflexpack.com\/ro\/wp-json\/wp\/v2\/product_brand?post=5117"},{"taxonomy":"product_cat","embeddable":true,"href":"https:\/\/www.hyflexpack.com\/ro\/wp-json\/wp\/v2\/product_cat?post=5117"},{"taxonomy":"product_tag","embeddable":true,"href":"https:\/\/www.hyflexpack.com\/ro\/wp-json\/wp\/v2\/product_tag?post=5117"}],"curies":[{"name":"wp","href":"https:\/\/api.w.org\/{rel}","templated":true}]}}