{"id":4999,"date":"2024-08-03T09:24:53","date_gmt":"2024-08-03T09:24:53","guid":{"rendered":"https:\/\/www.hyflexpack.com\/?post_type=product&#038;p=4999"},"modified":"2024-08-03T09:24:54","modified_gmt":"2024-08-03T09:24:54","slug":"plastic-film-roll-packaging","status":"publish","type":"product","link":"https:\/\/www.hyflexpack.com\/ro\/product\/plastic-film-roll-packaging\/","title":{"rendered":"Film de plastic rola de ambalare personalizate Candy materiale de ambalare automat\u0103 folie de ambalaj"},"content":{"rendered":"<div class=\"wp-block-columns is-layout-flex wp-container-core-columns-is-layout-9d6595d7 wp-block-columns-is-layout-flex\">\n<div class=\"wp-block-column is-layout-flow wp-block-column-is-layout-flow\">\n<h3 class=\"wp-block-heading\">Caracteristici ale ambalajelor din folie de plastic de \u00eenalt\u0103 calitate<\/h3>\n\n\n\n<ul class=\"wp-block-list\">\n<li>Material premium: utiliza\u021bi material de film de ambalare de \u00eenalt\u0103 calitate pentru a asigura siguran\u021ba alimentar\u0103, non-toxic \u0219i inodor. Puternic \u0219i durabil, potrivit pentru o varietate de nevoi de ambalare a alimentelor.<\/li>\n\n\n\n<li>Ambalare eficient\u0103: potrivit\u0103 pentru echipamentele automate de ambalare pentru a \u00eembun\u0103t\u0103\u021bi eficien\u021ba produc\u021biei. Designul neted al rolelor de film asigur\u0103 lipsa blocajelor \u00een timpul ambal\u0103rii la vitez\u0103 mare.<\/li>\n\n\n\n<li>Performan\u021b\u0103 superioar\u0103 de protec\u021bie: protec\u021bie eficient\u0103 \u00eempotriva umidit\u0103\u021bii, \u00eempotriva prafului, prelungind durata de valabilitate a bomboanelor. Bun\u0103 rezisten\u021b\u0103 la rupere pentru a proteja integritatea dulciurilor \u00een timpul transportului \u0219i depozit\u0103rii.<\/li>\n\n\n\n<li>Op\u021biuni ecologice: sprijin\u0103 utilizarea de materiale biodegradabile \u0219i reciclabile pentru a \u00eendeplini cerin\u021bele de mediu. De asemenea, sunt disponibile op\u021biuni privind grosimea filmului pentru a reduce risipa de materiale \u0219i amprenta de carbon.<\/li>\n\n\n\n<li>U\u0219or de utilizat: rolele de folie de plastic sunt u\u0219or de sigilat termic, asigur\u00e2nd o \u00eenchidere etan\u0219\u0103 \u0219i protej\u00e2nd bomboanele de umiditate. Rulourile de folie sunt u\u0219or de depozitat \u0219i manipulat, economisind spa\u021biu \u00een depozit.<\/li>\n<\/ul>\n<\/div>\n\n\n\n<div class=\"wp-block-column is-layout-flow wp-block-column-is-layout-flow\">\n<figure class=\"wp-block-image size-full\"><img fetchpriority=\"high\" decoding=\"async\" width=\"750\" height=\"750\" src=\"https:\/\/www.hyflexpack.com\/wp-content\/uploads\/2024\/08\/Custom-Plastic-Film-Roll-Packaging-8.webp\" alt=\"Film de plastic cu ridicata Roll Packaging\" class=\"wp-image-5007\" srcset=\"https:\/\/www.hyflexpack.com\/wp-content\/uploads\/2024\/08\/Custom-Plastic-Film-Roll-Packaging-8.webp 750w, https:\/\/www.hyflexpack.com\/wp-content\/uploads\/2024\/08\/Custom-Plastic-Film-Roll-Packaging-8-300x300.webp 300w, https:\/\/www.hyflexpack.com\/wp-content\/uploads\/2024\/08\/Custom-Plastic-Film-Roll-Packaging-8-150x150.webp 150w, https:\/\/www.hyflexpack.com\/wp-content\/uploads\/2024\/08\/Custom-Plastic-Film-Roll-Packaging-8-12x12.webp 12w, https:\/\/www.hyflexpack.com\/wp-content\/uploads\/2024\/08\/Custom-Plastic-Film-Roll-Packaging-8-285x285.webp 285w, https:\/\/www.hyflexpack.com\/wp-content\/uploads\/2024\/08\/Custom-Plastic-Film-Roll-Packaging-8-270x270.webp 270w, https:\/\/www.hyflexpack.com\/wp-content\/uploads\/2024\/08\/Custom-Plastic-Film-Roll-Packaging-8-540x540.webp 540w, https:\/\/www.hyflexpack.com\/wp-content\/uploads\/2024\/08\/Custom-Plastic-Film-Roll-Packaging-8-660x660.webp 660w\" sizes=\"(max-width: 750px) 100vw, 750px\" \/><\/figure>\n<\/div>\n<\/div>\n\n\n\n<p><\/p>","protected":false},"excerpt":{"rendered":"<p>Ambalajele noastre din role de film plastic sunt fabricate din materiale sigure de calitate alimentar\u0103, potrivite pentru echipamente automate de ambalare \u0219i ofer\u0103 o gam\u0103 larg\u0103 de specifica\u021bii \u0219i modele frumoase pentru personalizare, ceea ce le face cea mai bun\u0103 alegere pentru a v\u0103 \u00eembun\u0103t\u0103\u021bi imaginea de brand. Contacta\u021bi-ne ast\u0103zi pentru mai multe solu\u021bii de ambalare flexibil\u0103!<\/p>\n<h3>Avantajele furnizorului de ambalaje cu role de film din plastic<\/h3>\n<ul>\n<li><strong>Serviciu personalizat<\/strong>: Oferim ODM \u0219i OEM, de la dimensiune \u0219i material la design de imprimare, pentru a satisface nevoile personalizate ale diferi\u021bilor clien\u021bi.<\/li>\n<li><strong>Livrare rapid\u0103<\/strong>: Proces de produc\u021bie eficient \u0219i gestionarea stocurilor pentru a asigura o produc\u021bie rapid\u0103 \u0219i livrarea la timp a comenzilor de volum mare.<\/li>\n<li><strong>Asisten\u021b\u0103 profesional\u0103<\/strong>: Oferim proiectare profesional\u0103 a ambalajelor \u0219i asisten\u021b\u0103 tehnic\u0103 pentru a ajuta clien\u021bii s\u0103 optimizeze solu\u021biile de ambalare \u0219i s\u0103 sporeasc\u0103 competitivitatea produselor.<\/li>\n<li><strong>Inspec\u021bia calit\u0103\u021bii<\/strong>: Respecta\u021bi cu stricte\u021be standardele de calitate \u0219i cerin\u021bele de siguran\u021b\u0103 alimentar\u0103 pentru a v\u0103 asigura c\u0103 produsele \u00eendeplinesc cerin\u021bele standard.<\/li>\n<\/ul>\n<p>Huiyang Packaging se angajeaz\u0103 s\u0103 ofere clien\u021bilor ambalaje personalizate de \u00eenalt\u0103 calitate pentru role de film plastic, pentru a-i ajuta s\u0103-\u0219i \u00eembun\u0103t\u0103\u021beasc\u0103 imaginea produsului \u0219i competitivitatea pe pia\u021b\u0103.<\/p>","protected":false},"featured_media":5007,"comment_status":"open","ping_status":"closed","template":"","meta":[],"product_brand":[],"product_cat":[53],"product_tag":[],"class_list":{"0":"post-4999","1":"product","2":"type-product","3":"status-publish","4":"has-post-thumbnail","6":"product_cat-packaging-film-supplier","8":"first","9":"instock","10":"shipping-taxable","11":"product-type-simple"},"_links":{"self":[{"href":"https:\/\/www.hyflexpack.com\/ro\/wp-json\/wp\/v2\/product\/4999","targetHints":{"allow":["GET"]}}],"collection":[{"href":"https:\/\/www.hyflexpack.com\/ro\/wp-json\/wp\/v2\/product"}],"about":[{"href":"https:\/\/www.hyflexpack.com\/ro\/wp-json\/wp\/v2\/types\/product"}],"replies":[{"embeddable":true,"href":"https:\/\/www.hyflexpack.com\/ro\/wp-json\/wp\/v2\/comments?post=4999"}],"wp:featuredmedia":[{"embeddable":true,"href":"https:\/\/www.hyflexpack.com\/ro\/wp-json\/wp\/v2\/media\/5007"}],"wp:attachment":[{"href":"https:\/\/www.hyflexpack.com\/ro\/wp-json\/wp\/v2\/media?parent=4999"}],"wp:term":[{"taxonomy":"product_brand","embeddable":true,"href":"https:\/\/www.hyflexpack.com\/ro\/wp-json\/wp\/v2\/product_brand?post=4999"},{"taxonomy":"product_cat","embeddable":true,"href":"https:\/\/www.hyflexpack.com\/ro\/wp-json\/wp\/v2\/product_cat?post=4999"},{"taxonomy":"product_tag","embeddable":true,"href":"https:\/\/www.hyflexpack.com\/ro\/wp-json\/wp\/v2\/product_tag?post=4999"}],"curies":[{"name":"wp","href":"https:\/\/api.w.org\/{rel}","templated":true}]}}