{"id":4881,"date":"2024-07-24T15:32:39","date_gmt":"2024-07-24T15:32:39","guid":{"rendered":"https:\/\/www.hyflexpack.com\/?post_type=product&#038;p=4881"},"modified":"2024-07-24T15:32:40","modified_gmt":"2024-07-24T15:32:40","slug":"cartoon-cookies-bag-wholesale","status":"publish","type":"product","link":"https:\/\/www.hyflexpack.com\/ro\/product\/cartoon-cookies-bag-wholesale\/","title":{"rendered":"Cartoon Cookies Bag cu ridicata Bear Cookies Easy Tear Stand-Up Pouch Packaging"},"content":{"rendered":"<div class=\"wp-block-columns is-layout-flex wp-container-core-columns-is-layout-9d6595d7 wp-block-columns-is-layout-flex\">\n<div class=\"wp-block-column is-layout-flow wp-block-column-is-layout-flow\">\n<h3 class=\"wp-block-heading\">Caracteristici de \u00eenalt\u0103 calitate Cartoon Cookies Bag<\/h3>\n\n\n\n<ul class=\"wp-block-list\">\n<li>Design de desene animate: Un model dr\u0103gu\u021b de urs de desene animate atrage aten\u021bia copiilor \u0219i a clien\u021bilor de familie \u0219i spore\u0219te distrac\u021bia \u0219i atractivitatea produsului.<\/li>\n<\/ul>\n\n\n\n<p><\/p>\n\n\n\n<ul class=\"wp-block-list\">\n<li>Design u\u0219or de rupt: Designul unic de deschidere u\u0219or de rupt face convenabil pentru consumatori s\u0103 deschid\u0103 cu u\u0219urin\u021b\u0103 pachetul \u0219i \u00eembun\u0103t\u0103\u021be\u0219te experien\u021ba utilizatorului.<\/li>\n<\/ul>\n\n\n\n<p><\/p>\n\n\n\n<ul class=\"wp-block-list\">\n<li>Structur\u0103 \u00een picioare: Designul sacului \u00een picioare nu numai c\u0103 faciliteaz\u0103 afi\u0219area pe raft, dar economise\u0219te \u0219i spa\u021biu de depozitare \u0219i asigur\u0103 cea mai bun\u0103 afi\u0219are a produsului.<\/li>\n<\/ul>\n\n\n\n<p><\/p>\n\n\n\n<ul class=\"wp-block-list\">\n<li>Materiale de \u00eenalt\u0103 calitate: punga pentru fursecuri este fabricat\u0103 din materiale de calitate alimentar\u0103 pentru a asigura prospe\u021bimea \u0219i siguran\u021ba fursecurilor \u0219i pentru a oferi o protec\u021bie superioar\u0103.<\/li>\n\n\n\n<li><\/li>\n<\/ul>\n\n\n\n<p><\/p>\n\n\n\n<ul class=\"wp-block-list\">\n<li>Op\u021biuni ecologice: sprijin\u0103 utilizarea de materiale biodegradabile sau reciclabile, r\u0103spunz\u00e2nd tendin\u021belor de mediu \u0219i satisf\u0103c\u00e2nd cererea de consum ecologic.<\/li>\n<\/ul>\n<\/div>\n\n\n\n<div class=\"wp-block-column is-layout-flow wp-block-column-is-layout-flow\">\n<figure class=\"wp-block-image size-full\"><img fetchpriority=\"high\" decoding=\"async\" width=\"750\" height=\"750\" src=\"https:\/\/www.hyflexpack.com\/wp-content\/uploads\/2024\/07\/Cookie-Bags-Wholesale-1.webp\" alt=\"Pungi cookie cu ridicata\" class=\"wp-image-4882\" srcset=\"https:\/\/www.hyflexpack.com\/wp-content\/uploads\/2024\/07\/Cookie-Bags-Wholesale-1.webp 750w, https:\/\/www.hyflexpack.com\/wp-content\/uploads\/2024\/07\/Cookie-Bags-Wholesale-1-300x300.webp 300w, https:\/\/www.hyflexpack.com\/wp-content\/uploads\/2024\/07\/Cookie-Bags-Wholesale-1-150x150.webp 150w, https:\/\/www.hyflexpack.com\/wp-content\/uploads\/2024\/07\/Cookie-Bags-Wholesale-1-12x12.webp 12w, https:\/\/www.hyflexpack.com\/wp-content\/uploads\/2024\/07\/Cookie-Bags-Wholesale-1-285x285.webp 285w, https:\/\/www.hyflexpack.com\/wp-content\/uploads\/2024\/07\/Cookie-Bags-Wholesale-1-270x270.webp 270w, https:\/\/www.hyflexpack.com\/wp-content\/uploads\/2024\/07\/Cookie-Bags-Wholesale-1-540x540.webp 540w, https:\/\/www.hyflexpack.com\/wp-content\/uploads\/2024\/07\/Cookie-Bags-Wholesale-1-660x660.webp 660w\" sizes=\"(max-width: 750px) 100vw, 750px\" \/><\/figure>\n<\/div>\n<\/div>","protected":false},"excerpt":{"rendered":"<p>Alege\u021bi ambalajele noastre en-gros pentru pungi de pr\u0103jituri cu ursule\u021b de desene animate pentru a v\u0103 \u00eembun\u0103t\u0103\u021bi imaginea de marc\u0103 a gust\u0103rilor! Disponibil \u00een cantit\u0103\u021bi mari cu pre\u021buri competitive, contacta\u021bi-ne ast\u0103zi pentru mai multe op\u021biuni de personalizare \u0219i en-gros pentru a v\u0103 face produsele s\u0103 ias\u0103 \u00een eviden\u021b\u0103 pe pia\u021b\u0103!<\/p>\n<h3>Avantajele furnizorului de pungi pentru fursecuri de desene animate<\/h3>\n<ul>\n<li><strong>Proiectare personalizat\u0103<\/strong>: Oferim servicii personalizate de sac de cookie de desene animate, inclusiv materiale, dimensiuni \u0219i personalizarea modelului de imprimare pentru a satisface nevoile clien\u021bilor \u0219i pentru a sprijini OEM \u0219i ODM.<\/li>\n<li><strong>Produc\u021bie<\/strong>: Cu echipamente \u0219i tehnologii avansate, putem finaliza comenzile cu o eficien\u021b\u0103 ridicat\u0103 \u0219i o calitate ridicat\u0103 \u0219i putem livra la timp.<\/li>\n<li><strong>Inspec\u021bia calit\u0103\u021bii<\/strong>: Respecta\u021bi cu stricte\u021be standardele de calitate \u0219i cerin\u021bele de siguran\u021b\u0103 alimentar\u0103 pentru a v\u0103 asigura c\u0103 produsele \u00eendeplinesc standardele.<\/li>\n<li><strong>Echipa de asisten\u021b\u0103 tehnic\u0103<\/strong>: Echipa noastr\u0103 are o experien\u021b\u0103 bogat\u0103 \u00een industrie \u0219i cuno\u0219tin\u021be profesionale \u0219i poate oferi clien\u021bilor no\u0219tri asisten\u021b\u0103 tehnic\u0103 \u0219i servicii de consultan\u021b\u0103 24 de ore din 24.<\/li>\n<li><strong>Mostr\u0103 gratuit\u0103<\/strong>: Oferi\u021bi servicii gratuite de e\u0219antionare pentru a evalua produsele.<\/li>\n<\/ul>\n<p>Huiyang Packaging se angajeaz\u0103 s\u0103 furnizeze clien\u021bilor pungi de cookie-uri personalizate \u0219i de \u00eenalt\u0103 calitate pentru a ajuta clien\u021bii s\u0103-\u0219i \u00eembun\u0103t\u0103\u021beasc\u0103 imaginea produsului \u0219i s\u0103 sporeasc\u0103 competitivitatea pe pia\u021b\u0103.<\/p>","protected":false},"featured_media":4887,"comment_status":"open","ping_status":"closed","template":"","meta":[],"product_brand":[],"product_cat":[51],"product_tag":[],"class_list":{"0":"post-4881","1":"product","2":"type-product","3":"status-publish","4":"has-post-thumbnail","6":"product_cat-custom-food-packaging-bags","8":"first","9":"instock","10":"shipping-taxable","11":"product-type-simple"},"_links":{"self":[{"href":"https:\/\/www.hyflexpack.com\/ro\/wp-json\/wp\/v2\/product\/4881","targetHints":{"allow":["GET"]}}],"collection":[{"href":"https:\/\/www.hyflexpack.com\/ro\/wp-json\/wp\/v2\/product"}],"about":[{"href":"https:\/\/www.hyflexpack.com\/ro\/wp-json\/wp\/v2\/types\/product"}],"replies":[{"embeddable":true,"href":"https:\/\/www.hyflexpack.com\/ro\/wp-json\/wp\/v2\/comments?post=4881"}],"wp:featuredmedia":[{"embeddable":true,"href":"https:\/\/www.hyflexpack.com\/ro\/wp-json\/wp\/v2\/media\/4887"}],"wp:attachment":[{"href":"https:\/\/www.hyflexpack.com\/ro\/wp-json\/wp\/v2\/media?parent=4881"}],"wp:term":[{"taxonomy":"product_brand","embeddable":true,"href":"https:\/\/www.hyflexpack.com\/ro\/wp-json\/wp\/v2\/product_brand?post=4881"},{"taxonomy":"product_cat","embeddable":true,"href":"https:\/\/www.hyflexpack.com\/ro\/wp-json\/wp\/v2\/product_cat?post=4881"},{"taxonomy":"product_tag","embeddable":true,"href":"https:\/\/www.hyflexpack.com\/ro\/wp-json\/wp\/v2\/product_tag?post=4881"}],"curies":[{"name":"wp","href":"https:\/\/api.w.org\/{rel}","templated":true}]}}