{"id":4837,"date":"2024-07-20T02:02:26","date_gmt":"2024-07-20T02:02:26","guid":{"rendered":"https:\/\/www.hyflexpack.com\/?post_type=product&#038;p=4837"},"modified":"2025-10-23T08:36:58","modified_gmt":"2025-10-23T08:36:58","slug":"custom-creative-biscuit-packaging-design","status":"publish","type":"product","link":"https:\/\/www.hyflexpack.com\/ro\/product\/custom-creative-biscuit-packaging-design\/","title":{"rendered":"Personalizat Creative Biscuit ambalare Design model aspect sigilabile Stand-Up Pouches"},"content":{"rendered":"<div class=\"wp-block-columns is-layout-flex wp-container-core-columns-is-layout-9d6595d7 wp-block-columns-is-layout-flex\">\n<div class=\"wp-block-column is-layout-flow wp-block-column-is-layout-flow\">\n<h3 class=\"wp-block-heading\">Caracteristici ale ambalajelor de biscui\u021bi de \u00eenalt\u0103 calitate<\/h3>\n\n\n\n<ul class=\"wp-block-list\">\n<li>Model creativ: Un design de model unic \u0219i atr\u0103g\u0103tor face ca punga de ambalare a biscui\u021bilor s\u0103 fie mai vie, cre\u0219te atractivitatea vizual\u0103 \u0219i atrage mai mul\u021bi consumatori.<\/li>\n<\/ul>\n\n\n\n<p><\/p>\n\n\n\n<ul class=\"wp-block-list\">\n<li>Ambalare sigilat\u0103: Cu o func\u021bie de etan\u0219are de \u00eenalt\u0103 calitate, \u00eempiedic\u0103 \u00een mod eficient p\u0103trunderea aerului \u0219i a umidit\u0103\u021bii, asigur\u00e2nd c\u0103 biscui\u021bii r\u0103m\u00e2n proaspe\u021bi \u0219i crocan\u021bi pentru o perioad\u0103 lung\u0103 de timp.<\/li>\n<\/ul>\n\n\n\n<p><\/p>\n\n\n\n<ul class=\"wp-block-list\">\n<li>Design de pung\u0103 stand-up: Designul pungii stand-up nu este numai convenabil pentru afi\u0219are \u0219i \u00eembun\u0103t\u0103\u021be\u0219te efectul de afi\u0219are la raft, ci \u0219i convenabil pentru consumatori s\u0103 stocheze \u0219i s\u0103 ia, \u00eembun\u0103t\u0103\u021bind experien\u021ba utilizatorului.<\/li>\n<\/ul>\n\n\n\n<p><\/p>\n\n\n\n<ul class=\"wp-block-list\">\n<li>Materiale ecologice: Ambalajul biscui\u021bilor utilizeaz\u0103 materiale ecologice reciclabile pentru a reduce impactul asupra mediului \u0219i pentru a satisface nevoile consumatorilor moderni de dezvoltare durabil\u0103.<\/li>\n<\/ul>\n\n\n\n<p><\/p>\n\n\n\n<ul class=\"wp-block-list\">\n<li>Durabilitate puternic\u0103: Materialul de ambalare este robust \u0219i durabil pentru a preveni deteriorarea \u00een timpul transportului \u0219i depozit\u0103rii, asigur\u00e2ndu-se c\u0103 produsul este livrat \u00een siguran\u021b\u0103 consumatorilor.<\/li>\n<\/ul>\n<\/div>\n\n\n\n<div class=\"wp-block-column is-layout-flow wp-block-column-is-layout-flow\">\n<figure class=\"wp-block-image size-full\"><img fetchpriority=\"high\" decoding=\"async\" width=\"750\" height=\"750\" src=\"https:\/\/www.hyflexpack.com\/wp-content\/uploads\/2024\/07\/Custom-Creative-Biscuit-Packaging-Design-7.webp\" alt=\"Design personalizat pentru ambalaje de biscui\u021bi\" class=\"wp-image-4842\" srcset=\"https:\/\/www.hyflexpack.com\/wp-content\/uploads\/2024\/07\/Custom-Creative-Biscuit-Packaging-Design-7.webp 750w, https:\/\/www.hyflexpack.com\/wp-content\/uploads\/2024\/07\/Custom-Creative-Biscuit-Packaging-Design-7-300x300.webp 300w, https:\/\/www.hyflexpack.com\/wp-content\/uploads\/2024\/07\/Custom-Creative-Biscuit-Packaging-Design-7-150x150.webp 150w, https:\/\/www.hyflexpack.com\/wp-content\/uploads\/2024\/07\/Custom-Creative-Biscuit-Packaging-Design-7-12x12.webp 12w, https:\/\/www.hyflexpack.com\/wp-content\/uploads\/2024\/07\/Custom-Creative-Biscuit-Packaging-Design-7-285x285.webp 285w, https:\/\/www.hyflexpack.com\/wp-content\/uploads\/2024\/07\/Custom-Creative-Biscuit-Packaging-Design-7-270x270.webp 270w, https:\/\/www.hyflexpack.com\/wp-content\/uploads\/2024\/07\/Custom-Creative-Biscuit-Packaging-Design-7-540x540.webp 540w, https:\/\/www.hyflexpack.com\/wp-content\/uploads\/2024\/07\/Custom-Creative-Biscuit-Packaging-Design-7-660x660.webp 660w\" sizes=\"(max-width: 750px) 100vw, 750px\" \/><\/figure>\n<\/div>\n<\/div>","protected":false},"excerpt":{"rendered":"<p>Descoperi\u021bi solu\u021biile noastre creative personalizate de ambalare a biscui\u021bilor pentru ca produsele dvs. s\u0103 ias\u0103 \u00een eviden\u021b\u0103 pe pia\u021b\u0103 \u0219i s\u0103 atrag\u0103 mai mul\u021bi consumatori. Contacta\u021bi-ne acum pentru mai multe informa\u021bii \u0219i solu\u021bii personalizate!<\/p>\n<h3>Avantajele furnizorului de ambalaje pentru biscui\u021bi<\/h3>\n<ul>\n<li><strong>Design personalizat<\/strong>: Oferi\u021bi solu\u021bii personalizate de proiectare pentru a \u00eendeplini diferite specifica\u021bii, dimensiuni \u0219i cerin\u021be de imprimare de p\u00e2n\u0103 la 10 culori \u00een func\u021bie de nevoile clien\u021bilor, sprijini\u021bi personalizarea OEM \u0219i ODM.<\/li>\n<li><strong>Asigurarea calit\u0103\u021bii<\/strong>: Controlul strict al procesului de produc\u021bie, folosind materii prime de \u00eenalt\u0103 calitate \u0219i echipamente de produc\u021bie avansate pentru a asigura o calitate stabil\u0103 \u0219i fiabil\u0103 a produsului.<\/li>\n<li><strong>Asisten\u021b\u0103 tehnic\u0103 profesional\u0103<\/strong>: Cu echipa noastr\u0103 tehnic\u0103 experimentat\u0103, oferim asisten\u021b\u0103 tehnic\u0103 profesional\u0103 \u0219i servicii post-v\u00e2nzare pentru a ne asigura c\u0103 nevoile clien\u021bilor sunt solu\u021bionate \u0219i rezolvate prompt.<\/li>\n<li><strong>Mostr\u0103 gratuit\u0103<\/strong>: Furniza\u021bi servicii gratuite de e\u0219antionare, astfel \u00eenc\u00e2t s\u0103 pute\u021bi evalua produsele.<\/li>\n<\/ul>\n<p>Huiyang Packaging este dedicat\u0103 oferirii de solu\u021bii personalizate de ambalare a biscui\u021bilor de \u00eenalt\u0103 calitate, care \u00eembun\u0103t\u0103\u021besc imaginea produsului \u0219i sporesc competitivitatea pe pia\u021b\u0103 pentru clien\u021bii no\u0219tri.<\/p>","protected":false},"featured_media":4838,"comment_status":"open","ping_status":"closed","template":"","meta":[],"product_brand":[],"product_cat":[57],"product_tag":[],"class_list":{"0":"post-4837","1":"product","2":"type-product","3":"status-publish","4":"has-post-thumbnail","6":"product_cat-snack-packaging-bags-wholesale","8":"first","9":"instock","10":"shipping-taxable","11":"product-type-simple"},"_links":{"self":[{"href":"https:\/\/www.hyflexpack.com\/ro\/wp-json\/wp\/v2\/product\/4837","targetHints":{"allow":["GET"]}}],"collection":[{"href":"https:\/\/www.hyflexpack.com\/ro\/wp-json\/wp\/v2\/product"}],"about":[{"href":"https:\/\/www.hyflexpack.com\/ro\/wp-json\/wp\/v2\/types\/product"}],"replies":[{"embeddable":true,"href":"https:\/\/www.hyflexpack.com\/ro\/wp-json\/wp\/v2\/comments?post=4837"}],"wp:featuredmedia":[{"embeddable":true,"href":"https:\/\/www.hyflexpack.com\/ro\/wp-json\/wp\/v2\/media\/4838"}],"wp:attachment":[{"href":"https:\/\/www.hyflexpack.com\/ro\/wp-json\/wp\/v2\/media?parent=4837"}],"wp:term":[{"taxonomy":"product_brand","embeddable":true,"href":"https:\/\/www.hyflexpack.com\/ro\/wp-json\/wp\/v2\/product_brand?post=4837"},{"taxonomy":"product_cat","embeddable":true,"href":"https:\/\/www.hyflexpack.com\/ro\/wp-json\/wp\/v2\/product_cat?post=4837"},{"taxonomy":"product_tag","embeddable":true,"href":"https:\/\/www.hyflexpack.com\/ro\/wp-json\/wp\/v2\/product_tag?post=4837"}],"curies":[{"name":"wp","href":"https:\/\/api.w.org\/{rel}","templated":true}]}}