{"id":4778,"date":"2024-07-19T08:34:04","date_gmt":"2024-07-19T08:34:04","guid":{"rendered":"https:\/\/www.hyflexpack.com\/?post_type=product&#038;p=4778"},"modified":"2024-07-19T08:34:05","modified_gmt":"2024-07-19T08:34:05","slug":"custom-pouch-packaging-for-nuts","status":"publish","type":"product","link":"https:\/\/www.hyflexpack.com\/ro\/product\/custom-pouch-packaging-for-nuts\/","title":{"rendered":"Ambalaje personalizate pentru nuci cu fermoar resigilabile Stand Up Pouches"},"content":{"rendered":"<div class=\"wp-block-columns is-layout-flex wp-container-core-columns-is-layout-9d6595d7 wp-block-columns-is-layout-flex\">\n<div class=\"wp-block-column is-layout-flow wp-block-column-is-layout-flow\">\n<h3 class=\"wp-block-heading\">Caracteristici ale ambalajelor personalizate de \u00eenalt\u0103 calitate pentru nuci<\/h3>\n\n\n\n<ul class=\"wp-block-list\">\n<li>Material de \u00eenalt\u0103 calitate: ambalajul personalizat \u00een pung\u0103 pentru nuci este fabricat din materiale de calitate alimentar\u0103 \u0219i sigure pentru a asigura robuste\u021bea \u0219i durabilitatea \u0219i pentru a proteja calitatea \u0219i prospe\u021bimea nucilor.<\/li>\n<\/ul>\n\n\n\n<p><\/p>\n\n\n\n<ul class=\"wp-block-list\">\n<li>Design autoportant: design de sac autoportant, u\u0219or de afi\u0219at \u0219i depozitat, economisind spa\u021biu.<\/li>\n<\/ul>\n\n\n\n<p><\/p>\n\n\n\n<ul class=\"wp-block-list\">\n<li>Fermoar de etan\u0219are: Echipat cu un fermoar de etan\u0219are care este u\u0219or de deschis \u0219i \u00eenchis, utiliz\u0103rile multiple p\u0103streaz\u0103 nucile proaspete \u0219i uscate.<\/li>\n<\/ul>\n\n\n\n<p><\/p>\n\n\n\n<ul class=\"wp-block-list\">\n<li>Performan\u021b\u0103 de barier\u0103: fabricat din material compozit multistrat cu o bun\u0103 rezisten\u021b\u0103 la umiditate \u0219i oxidare, asigur\u00e2nd c\u0103 nucile nu sunt deteriorate \u00een timpul depozit\u0103rii \u0219i transportului.<\/li>\n<\/ul>\n\n\n\n<p><\/p>\n\n\n\n<ul class=\"wp-block-list\">\n<li>Strat de imprimare de calitate: Materialul exterior (cum ar fi PET sau BOPP) are o imprimare excelent\u0103, permi\u021b\u00e2nd imprimarea \u00een culori de \u00eenalt\u0103 calitate, asigur\u00e2nd c\u0103 pungile arat\u0103 bine \u0219i \u00eembun\u0103t\u0103\u021bind imaginea m\u0103rcii.<\/li>\n<\/ul>\n<\/div>\n\n\n\n<div class=\"wp-block-column is-layout-flow wp-block-column-is-layout-flow\">\n<figure class=\"wp-block-image size-full\"><img fetchpriority=\"high\" decoding=\"async\" width=\"750\" height=\"750\" src=\"https:\/\/www.hyflexpack.com\/wp-content\/uploads\/2024\/07\/Custom-Pouch-Packaging-For-Nuts-2.webp\" alt=\"Ambalaje personalizate \u00een pungi pentru nuci\" class=\"wp-image-4780\" srcset=\"https:\/\/www.hyflexpack.com\/wp-content\/uploads\/2024\/07\/Custom-Pouch-Packaging-For-Nuts-2.webp 750w, https:\/\/www.hyflexpack.com\/wp-content\/uploads\/2024\/07\/Custom-Pouch-Packaging-For-Nuts-2-300x300.webp 300w, https:\/\/www.hyflexpack.com\/wp-content\/uploads\/2024\/07\/Custom-Pouch-Packaging-For-Nuts-2-150x150.webp 150w, https:\/\/www.hyflexpack.com\/wp-content\/uploads\/2024\/07\/Custom-Pouch-Packaging-For-Nuts-2-12x12.webp 12w, https:\/\/www.hyflexpack.com\/wp-content\/uploads\/2024\/07\/Custom-Pouch-Packaging-For-Nuts-2-285x285.webp 285w, https:\/\/www.hyflexpack.com\/wp-content\/uploads\/2024\/07\/Custom-Pouch-Packaging-For-Nuts-2-270x270.webp 270w, https:\/\/www.hyflexpack.com\/wp-content\/uploads\/2024\/07\/Custom-Pouch-Packaging-For-Nuts-2-540x540.webp 540w, https:\/\/www.hyflexpack.com\/wp-content\/uploads\/2024\/07\/Custom-Pouch-Packaging-For-Nuts-2-660x660.webp 660w\" sizes=\"(max-width: 750px) 100vw, 750px\" \/><\/figure>\n<\/div>\n<\/div>","protected":false},"excerpt":{"rendered":"<p>Ambalarea noastr\u0103 personalizat\u0103 \u00een pungi pentru nuci este realizat\u0103 din material alimentar de \u00eenalt\u0103 calitate \u0219i este robust\u0103 \u0219i durabil\u0103 pentru a asigura prospe\u021bimea \u0219i calitatea nucilor. Alege\u021bi-ne pentru protec\u021bia \u0219i prezentarea optim\u0103 a produselor dvs. \u0219i ob\u021bine\u021bi o ofert\u0103 ast\u0103zi.<\/p>\n<h3>Avantajele furnizorului de ambalaje personalizate pentru pungi<\/h3>\n<ul>\n<li><strong>Proiectare personalizat\u0103<\/strong>: Oferi\u021bi solu\u021bii personalizate de proiectare, sprijini\u021bi OEM \/ ODM, personalizate cu diferite specifica\u021bii, dimensiuni, modele de imprimare etc.<\/li>\n<li><strong>Asigurarea calit\u0103\u021bii<\/strong>: Controla\u021bi procesul de produc\u021bie \u0219i dispune\u021bi de materiale de \u00eenalt\u0103 calitate \u0219i echipamente avansate pentru a asigura calitatea produselor.<\/li>\n<li><strong>Livrare la timp<\/strong>: Optimizarea procesului de produc\u021bie \u0219i \u00eembun\u0103t\u0103\u021birea eficien\u021bei produc\u021biei pentru a asigura livrarea la timp \u0219i pentru a satisface nevoile urgente ale clien\u021bilor.<\/li>\n<li><strong>Asisten\u021b\u0103 tehnic\u0103 profesional\u0103<\/strong>: Echipa tehnic\u0103 cu experien\u021b\u0103 ofer\u0103 asisten\u021b\u0103 tehnic\u0103 profesional\u0103 \u0219i servicii de consultan\u021b\u0103 post-v\u00e2nzare 24 de ore din 24.<\/li>\n<li><strong>Mostr\u0103 gratuit\u0103<\/strong>: Furniza\u021bi servicii gratuite de e\u0219antionare, astfel \u00eenc\u00e2t s\u0103 pute\u021bi evalua produsele.<\/li>\n<\/ul>\n<p>Huiyang Packaging se angajeaz\u0103 s\u0103 furnizeze clien\u021bilor ambalaje de \u00eenalt\u0103 calitate \u0219i personalizate pentru nuci pentru a ajuta clien\u021bii s\u0103-\u0219i \u00eembun\u0103t\u0103\u021beasc\u0103 imaginea produsului \u0219i s\u0103 sporeasc\u0103 competitivitatea pe pia\u021b\u0103<\/p>","protected":false},"featured_media":4779,"comment_status":"open","ping_status":"closed","template":"","meta":[],"product_brand":[],"product_cat":[51],"product_tag":[],"class_list":{"0":"post-4778","1":"product","2":"type-product","3":"status-publish","4":"has-post-thumbnail","6":"product_cat-custom-food-packaging-bags","8":"first","9":"instock","10":"shipping-taxable","11":"product-type-simple"},"_links":{"self":[{"href":"https:\/\/www.hyflexpack.com\/ro\/wp-json\/wp\/v2\/product\/4778","targetHints":{"allow":["GET"]}}],"collection":[{"href":"https:\/\/www.hyflexpack.com\/ro\/wp-json\/wp\/v2\/product"}],"about":[{"href":"https:\/\/www.hyflexpack.com\/ro\/wp-json\/wp\/v2\/types\/product"}],"replies":[{"embeddable":true,"href":"https:\/\/www.hyflexpack.com\/ro\/wp-json\/wp\/v2\/comments?post=4778"}],"wp:featuredmedia":[{"embeddable":true,"href":"https:\/\/www.hyflexpack.com\/ro\/wp-json\/wp\/v2\/media\/4779"}],"wp:attachment":[{"href":"https:\/\/www.hyflexpack.com\/ro\/wp-json\/wp\/v2\/media?parent=4778"}],"wp:term":[{"taxonomy":"product_brand","embeddable":true,"href":"https:\/\/www.hyflexpack.com\/ro\/wp-json\/wp\/v2\/product_brand?post=4778"},{"taxonomy":"product_cat","embeddable":true,"href":"https:\/\/www.hyflexpack.com\/ro\/wp-json\/wp\/v2\/product_cat?post=4778"},{"taxonomy":"product_tag","embeddable":true,"href":"https:\/\/www.hyflexpack.com\/ro\/wp-json\/wp\/v2\/product_tag?post=4778"}],"curies":[{"name":"wp","href":"https:\/\/api.w.org\/{rel}","templated":true}]}}