{"id":4746,"date":"2024-07-12T06:38:39","date_gmt":"2024-07-12T06:38:39","guid":{"rendered":"https:\/\/www.hyflexpack.com\/?post_type=product&#038;p=4746"},"modified":"2025-05-17T07:35:32","modified_gmt":"2025-05-17T07:35:32","slug":"custom-bottle-labels","status":"publish","type":"product","link":"https:\/\/www.hyflexpack.com\/ro\/product\/custom-bottle-labels\/","title":{"rendered":"Etichete personalizate pentru sticle Imprimare personalizat\u0103 pentru diferite dimensiuni de etichete pentru sticle de ap\u0103"},"content":{"rendered":"<div class=\"wp-block-columns is-layout-flex wp-container-core-columns-is-layout-9d6595d7 wp-block-columns-is-layout-flex\">\n<div class=\"wp-block-column is-layout-flow wp-block-column-is-layout-flow\">\n<h3 class=\"wp-block-heading\">Caracteristici ale etichetei de sticl\u0103 de \u00eenalt\u0103 calitate<\/h3>\n\n\n\n<ul class=\"wp-block-list\">\n<li>Imprimare personalizat\u0103: Etichetele pentru sticle sunt disponibile \u00eentr-o varietate de op\u021biuni de personalizare, inclusiv culoare \u0219i suprafe\u021be exterioare, pentru a satisface nevoile de design ale diferi\u021bilor clien\u021bi.<\/li>\n<\/ul>\n\n\n\n<p><\/p>\n\n\n\n<ul class=\"wp-block-list\">\n<li>Potrivit pentru toate dimensiunile: Etichetele pot fi f\u0103cute pentru a se potrivi diferitelor dimensiuni ale sticlelor de ap\u0103, fie c\u0103 este vorba de o sticl\u0103 de c\u0103l\u0103torie mic\u0103 sau de o sticl\u0103 sport mare.<\/li>\n<\/ul>\n\n\n\n<p><\/p>\n\n\n\n<ul class=\"wp-block-list\">\n<li>Rezistent la ap\u0103 \u0219i durabil: Fabricat\u0103 din materiale de \u00eenalt\u0103 calitate, eticheta r\u0103m\u00e2ne clar\u0103 \u0219i intact\u0103 \u00een medii umede.<\/li>\n<\/ul>\n\n\n\n<p><\/p>\n\n\n\n<ul class=\"wp-block-list\">\n<li>U\u0219or de aplicat: Designul suportului adeziv face ca eticheta s\u0103 fie u\u0219or de ata\u0219at \u0219i de \u00eendep\u0103rtat, f\u0103r\u0103 a l\u0103sa reziduuri de lipici.<\/li>\n<\/ul>\n<\/div>\n\n\n\n<div class=\"wp-block-column is-layout-flow wp-block-column-is-layout-flow\">\n<figure class=\"wp-block-image size-full is-resized\"><img fetchpriority=\"high\" decoding=\"async\" width=\"750\" height=\"750\" src=\"https:\/\/www.hyflexpack.com\/wp-content\/uploads\/2024\/07\/Custom-Bottle-Labels-1.webp\" alt=\"Etichete personalizate pentru sticle\" class=\"wp-image-4747\" style=\"width:354px;height:auto\" srcset=\"https:\/\/www.hyflexpack.com\/wp-content\/uploads\/2024\/07\/Custom-Bottle-Labels-1.webp 750w, https:\/\/www.hyflexpack.com\/wp-content\/uploads\/2024\/07\/Custom-Bottle-Labels-1-300x300.webp 300w, https:\/\/www.hyflexpack.com\/wp-content\/uploads\/2024\/07\/Custom-Bottle-Labels-1-150x150.webp 150w, https:\/\/www.hyflexpack.com\/wp-content\/uploads\/2024\/07\/Custom-Bottle-Labels-1-12x12.webp 12w, https:\/\/www.hyflexpack.com\/wp-content\/uploads\/2024\/07\/Custom-Bottle-Labels-1-285x285.webp 285w, https:\/\/www.hyflexpack.com\/wp-content\/uploads\/2024\/07\/Custom-Bottle-Labels-1-270x270.webp 270w, https:\/\/www.hyflexpack.com\/wp-content\/uploads\/2024\/07\/Custom-Bottle-Labels-1-540x540.webp 540w, https:\/\/www.hyflexpack.com\/wp-content\/uploads\/2024\/07\/Custom-Bottle-Labels-1-660x660.webp 660w\" sizes=\"(max-width: 750px) 100vw, 750px\" \/><\/figure>\n<\/div>\n<\/div>","protected":false},"excerpt":{"rendered":"<p>Etichete tip\u0103rite personalizate pentru sticle de ap\u0103 pentru toate dimensiunile de sticle de ap\u0103. Etichetele sunt impermeabile \u0219i durabile \u0219i sunt realizate din materiale de \u00eenalt\u0103 calitate pentru a se asigura c\u0103 r\u0103m\u00e2n clare \u0219i frumoase \u00een orice mediu. Fie c\u0103 este pentru sport, c\u0103l\u0103torii sau uz zilnic, aceste etichete sunt ideale pentru dvs.<\/p>\n<h3>Avantajele furnizorului de etichete pentru sticle<\/h3>\n<ul>\n<li><strong>Design personalizat<\/strong>: Oferi\u021bi solu\u021bii personalizate de proiectare pentru a \u00eendeplini diferite specifica\u021bii, dimensiuni \u0219i cerin\u021be de imprimare de p\u00e2n\u0103 la 10 culori \u00een func\u021bie de nevoile clien\u021bilor, sprijini\u021bi personalizarea OEM \u0219i ODM.<\/li>\n<li><strong>Asigurarea calit\u0103\u021bii<\/strong>: Controlul strict al procesului de produc\u021bie, folosind materii prime de \u00eenalt\u0103 calitate \u0219i echipamente de produc\u021bie avansate pentru a asigura o calitate stabil\u0103 \u0219i fiabil\u0103 a produsului.<\/li>\n<li><strong>Asisten\u021b\u0103 tehnic\u0103 profesional\u0103<\/strong>: Cu echipa tehnic\u0103 experimentat\u0103, oferim asisten\u021b\u0103 tehnic\u0103 profesional\u0103 \u0219i servicii post-v\u00e2nzare pentru a ne asigura c\u0103 nevoile clien\u021bilor sunt solu\u021bionate \u0219i rezolvate cu promptitudine.<\/li>\n<li><strong>Mostr\u0103 gratuit\u0103<\/strong>: Oferi\u021bi servicii gratuite de e\u0219antionare pentru a evalua produsele.<\/li>\n<\/ul>\n<p>Huiyang Packaging este dedicat oferirii de etichete personalizate de \u00eenalt\u0103 calitate pentru sticle, care \u00eembun\u0103t\u0103\u021besc imaginea produsului \u0219i sporesc competitivitatea pe pia\u021b\u0103 pentru clien\u021bii no\u0219tri.<\/p>","protected":false},"featured_media":4749,"comment_status":"open","ping_status":"closed","template":"","meta":[],"product_brand":[],"product_cat":[53,90],"product_tag":[],"class_list":{"0":"post-4746","1":"product","2":"type-product","3":"status-publish","4":"has-post-thumbnail","6":"product_cat-packaging-film-supplier","7":"product_cat-custom-bottle-label","9":"first","10":"instock","11":"shipping-taxable","12":"product-type-simple"},"_links":{"self":[{"href":"https:\/\/www.hyflexpack.com\/ro\/wp-json\/wp\/v2\/product\/4746","targetHints":{"allow":["GET"]}}],"collection":[{"href":"https:\/\/www.hyflexpack.com\/ro\/wp-json\/wp\/v2\/product"}],"about":[{"href":"https:\/\/www.hyflexpack.com\/ro\/wp-json\/wp\/v2\/types\/product"}],"replies":[{"embeddable":true,"href":"https:\/\/www.hyflexpack.com\/ro\/wp-json\/wp\/v2\/comments?post=4746"}],"wp:featuredmedia":[{"embeddable":true,"href":"https:\/\/www.hyflexpack.com\/ro\/wp-json\/wp\/v2\/media\/4749"}],"wp:attachment":[{"href":"https:\/\/www.hyflexpack.com\/ro\/wp-json\/wp\/v2\/media?parent=4746"}],"wp:term":[{"taxonomy":"product_brand","embeddable":true,"href":"https:\/\/www.hyflexpack.com\/ro\/wp-json\/wp\/v2\/product_brand?post=4746"},{"taxonomy":"product_cat","embeddable":true,"href":"https:\/\/www.hyflexpack.com\/ro\/wp-json\/wp\/v2\/product_cat?post=4746"},{"taxonomy":"product_tag","embeddable":true,"href":"https:\/\/www.hyflexpack.com\/ro\/wp-json\/wp\/v2\/product_tag?post=4746"}],"curies":[{"name":"wp","href":"https:\/\/api.w.org\/{rel}","templated":true}]}}