{"id":4719,"date":"2024-07-04T09:23:02","date_gmt":"2024-07-04T09:23:02","guid":{"rendered":"https:\/\/www.hyflexpack.com\/?post_type=product&#038;p=4719"},"modified":"2025-03-14T06:44:40","modified_gmt":"2025-03-14T06:44:40","slug":"best-dog-treat-pouch-wholesale","status":"publish","type":"product","link":"https:\/\/www.hyflexpack.com\/ro\/product\/best-dog-treat-pouch-wholesale\/","title":{"rendered":"Cel mai bun c\u00e2ine Treat Pouch cu ridicata Repetabil Sealable Food Packaging Stand Up Pouches"},"content":{"rendered":"<div class=\"wp-block-columns is-layout-flex wp-container-core-columns-is-layout-9d6595d7 wp-block-columns-is-layout-flex\">\n<div class=\"wp-block-column is-layout-flow wp-block-column-is-layout-flow\">\n<h3 class=\"wp-block-heading\">Caracteristici de \u00eenalt\u0103 calitate c\u00e2ine Treat Pouch<\/h3>\n\n\n\n<ul class=\"wp-block-list\">\n<li><strong>Material alimentar<\/strong>: Material de pung\u0103 pentru dulciuri pentru c\u00e2ini pentru dulciuri s\u0103n\u0103toase \u0219i sigure pentru c\u00e2ini.<\/li>\n<\/ul>\n\n\n\n<p><\/p>\n\n\n\n<ul class=\"wp-block-list\">\n<li><strong>Design resigilabil<\/strong>: Echipat cu un fermoar de \u00eenalt\u0103 calitate, este u\u0219or de deschis \u0219i \u00eenchis \u00een mod repetat, p\u0103str\u00e2nd gust\u0103rile din interior proaspete.<\/li>\n<\/ul>\n\n\n\n<p><\/p>\n\n\n\n<ul class=\"wp-block-list\">\n<li><strong>Design \u00een picioare<\/strong>: Designul \u00eengro\u0219at al fundului men\u021bine geanta ferm \u00een picioare \u0219i \u00eembun\u0103t\u0103\u021be\u0219te afi\u0219area acesteia pe un raft.<\/li>\n<\/ul>\n\n\n\n<p><\/p>\n\n\n\n<ul class=\"wp-block-list\">\n<li><strong>Func\u021bie rezistent\u0103 la ap\u0103 \u0219i aer<\/strong>: Structura multistrat a pungii de tratament pentru c\u00e2ini evit\u0103 \u00een mod eficient intrarea umezelii \u0219i a oxigenului, prelungind via\u021ba proprie a gust\u0103rilor.<\/li>\n<\/ul>\n\n\n\n<p><\/p>\n\n\n\n<ul class=\"wp-block-list\">\n<li><strong>Design de deschidere u\u0219or de rupt<\/strong>: Design unic de deschidere u\u0219or de rupt, care este u\u0219or de utilizat f\u0103r\u0103 foarfece.<\/li>\n<\/ul>\n\n\n\n<p><\/p>\n\n\n\n<ul class=\"wp-block-list\">\n<li><strong>Prietenos cu mediul<\/strong>: Materialul utilizat este reciclabil \u0219i \u00een conformitate cu cerin\u021bele de mediu, reduc\u00e2nd poluarea mediului.<\/li>\n<\/ul>\n<\/div>\n\n\n\n<div class=\"wp-block-column is-layout-flow wp-block-column-is-layout-flow\">\n<figure class=\"wp-block-image size-full\"><img fetchpriority=\"high\" decoding=\"async\" width=\"750\" height=\"750\" src=\"https:\/\/www.hyflexpack.com\/wp-content\/uploads\/2024\/07\/Dog-Treat-Pouch-Wholesale-2.webp\" alt=\"C\u00e2ine Treat Pouch cu ridicata\" class=\"wp-image-4721\" srcset=\"https:\/\/www.hyflexpack.com\/wp-content\/uploads\/2024\/07\/Dog-Treat-Pouch-Wholesale-2.webp 750w, https:\/\/www.hyflexpack.com\/wp-content\/uploads\/2024\/07\/Dog-Treat-Pouch-Wholesale-2-300x300.webp 300w, https:\/\/www.hyflexpack.com\/wp-content\/uploads\/2024\/07\/Dog-Treat-Pouch-Wholesale-2-150x150.webp 150w, https:\/\/www.hyflexpack.com\/wp-content\/uploads\/2024\/07\/Dog-Treat-Pouch-Wholesale-2-12x12.webp 12w, https:\/\/www.hyflexpack.com\/wp-content\/uploads\/2024\/07\/Dog-Treat-Pouch-Wholesale-2-285x285.webp 285w, https:\/\/www.hyflexpack.com\/wp-content\/uploads\/2024\/07\/Dog-Treat-Pouch-Wholesale-2-270x270.webp 270w, https:\/\/www.hyflexpack.com\/wp-content\/uploads\/2024\/07\/Dog-Treat-Pouch-Wholesale-2-540x540.webp 540w, https:\/\/www.hyflexpack.com\/wp-content\/uploads\/2024\/07\/Dog-Treat-Pouch-Wholesale-2-660x660.webp 660w\" sizes=\"(max-width: 750px) 100vw, 750px\" \/><\/figure>\n<\/div>\n<\/div>","protected":false},"excerpt":{"rendered":"<p>Proiectat\u0103 cu materiale de calitate alimentar\u0103 \u0219i fermoare premium, cea mai bun\u0103 pung\u0103 de dulciuri pentru c\u00e2ini este disponibil\u0103 \u00eentr-o varietate de dimensiuni \u0219i imprimat\u0103 personalizat cu p\u00e2n\u0103 la 10 op\u021biuni de culoare pentru a satisface nevoile individuale ale m\u0103rcii dvs. Adresa\u021bi-v\u0103 ast\u0103zi pentru mai multe detalii acum!<\/p>\n<h3>Avantajele furnizorului de pungi pentru tratamente pentru c\u00e2ini<\/h3>\n<ul>\n<li><strong>Proiectare personalizat\u0103<\/strong>: Oferi\u021bi solu\u021bii personalizate de proiectare, sprijini\u021bi OEM \/ ODM, personalizate cu diferite specifica\u021bii, dimensiuni, modele de imprimare etc.<\/li>\n<li><strong>Asigurarea calit\u0103\u021bii<\/strong>: Controla\u021bi procesul de produc\u021bie \u0219i dispune\u021bi de materiale de \u00eenalt\u0103 calitate \u0219i echipamente avansate pentru a asigura calitatea produselor.<\/li>\n<li><strong>Livrare la timp<\/strong>: Optimizarea procesului de produc\u021bie \u0219i \u00eembun\u0103t\u0103\u021birea eficien\u021bei produc\u021biei pentru a asigura livrarea la timp \u0219i pentru a satisface nevoile urgente ale clien\u021bilor.<\/li>\n<li><strong>Asisten\u021b\u0103 tehnic\u0103 profesional\u0103<\/strong>: Echipa tehnic\u0103 cu experien\u021b\u0103 ofer\u0103 asisten\u021b\u0103 tehnic\u0103 profesional\u0103 \u0219i servicii de consultan\u021b\u0103 post-v\u00e2nzare 24 de ore din 24.<\/li>\n<li><strong>Mostr\u0103 gratuit\u0103<\/strong>: Oferi\u021bi servicii gratuite de e\u0219antionare pentru a evalua produsele.<\/li>\n<\/ul>\n<p>Huiyang Packaging se angajeaz\u0103 s\u0103 furnizeze clien\u021bilor pungi de \u00eenalt\u0103 calitate \u0219i personalizate pentru tratarea c\u00e2inilor pentru a ajuta clien\u021bii s\u0103-\u0219i \u00eembun\u0103t\u0103\u021beasc\u0103 imaginea produsului \u0219i s\u0103 sporeasc\u0103 competitivitatea pe pia\u021b\u0103<\/p>","protected":false},"featured_media":4721,"comment_status":"open","ping_status":"closed","template":"","meta":[],"product_brand":[],"product_cat":[56],"product_tag":[],"class_list":{"0":"post-4719","1":"product","2":"type-product","3":"status-publish","4":"has-post-thumbnail","6":"product_cat-custom-pet-food-packaging","8":"first","9":"instock","10":"shipping-taxable","11":"product-type-simple"},"_links":{"self":[{"href":"https:\/\/www.hyflexpack.com\/ro\/wp-json\/wp\/v2\/product\/4719","targetHints":{"allow":["GET"]}}],"collection":[{"href":"https:\/\/www.hyflexpack.com\/ro\/wp-json\/wp\/v2\/product"}],"about":[{"href":"https:\/\/www.hyflexpack.com\/ro\/wp-json\/wp\/v2\/types\/product"}],"replies":[{"embeddable":true,"href":"https:\/\/www.hyflexpack.com\/ro\/wp-json\/wp\/v2\/comments?post=4719"}],"wp:featuredmedia":[{"embeddable":true,"href":"https:\/\/www.hyflexpack.com\/ro\/wp-json\/wp\/v2\/media\/4721"}],"wp:attachment":[{"href":"https:\/\/www.hyflexpack.com\/ro\/wp-json\/wp\/v2\/media?parent=4719"}],"wp:term":[{"taxonomy":"product_brand","embeddable":true,"href":"https:\/\/www.hyflexpack.com\/ro\/wp-json\/wp\/v2\/product_brand?post=4719"},{"taxonomy":"product_cat","embeddable":true,"href":"https:\/\/www.hyflexpack.com\/ro\/wp-json\/wp\/v2\/product_cat?post=4719"},{"taxonomy":"product_tag","embeddable":true,"href":"https:\/\/www.hyflexpack.com\/ro\/wp-json\/wp\/v2\/product_tag?post=4719"}],"curies":[{"name":"wp","href":"https:\/\/api.w.org\/{rel}","templated":true}]}}