{"id":4684,"date":"2024-07-04T06:36:37","date_gmt":"2024-07-04T06:36:37","guid":{"rendered":"https:\/\/www.hyflexpack.com\/?post_type=product&#038;p=4684"},"modified":"2024-07-04T06:36:40","modified_gmt":"2024-07-04T06:36:40","slug":"custom-printed-face-mask-packaging","status":"publish","type":"product","link":"https:\/\/www.hyflexpack.com\/ro\/product\/custom-printed-face-mask-packaging\/","title":{"rendered":"Personalizate imprimate fata Masca de ambalare pentru cosmetice Sheet Mask Bag"},"content":{"rendered":"<div class=\"wp-block-columns is-layout-flex wp-container-core-columns-is-layout-9d6595d7 wp-block-columns-is-layout-flex\">\n<div class=\"wp-block-column is-layout-flow wp-block-column-is-layout-flow\">\n<h3 class=\"wp-block-heading\">Caracteristici ale ambalajului de \u00eenalt\u0103 calitate pentru m\u0103\u0219ti de fa\u021b\u0103<\/h3>\n\n\n\n<ul class=\"wp-block-list\">\n<li>Materiale de \u00eenalt\u0103 calitate: ambalajul m\u0103\u0219tilor faciale este fabricat din materiale ecologice \u0219i durabile pentru a se asigura c\u0103 m\u0103\u0219tile nu sunt deteriorate \u00een timpul transportului \u0219i depozit\u0103rii. Materialele de barier\u0103 din folie de poliester pot fi, de asemenea, personalizate, oferind materiale transparente acoperite cu EVOH, PVDC care permit vizualizarea articolelor, men\u021bin\u00e2nd \u00een acela\u0219i timp o barier\u0103 de protec\u021bie. Ambalajul nostru personalizat pentru m\u0103\u0219ti este sigur c\u0103 va satisface nevoile tuturor produselor dvs. cu m\u0103\u0219ti.<\/li>\n<\/ul>\n\n\n\n<p><\/p>\n\n\n\n<ul class=\"wp-block-list\">\n<li>Etan\u0219are superioar\u0103: Un design special de etan\u0219are asigur\u0103 prospe\u021bimea m\u0103\u0219tii \u0219i nicio pierdere de ingrediente active.<\/li>\n<\/ul>\n\n\n\n<p><\/p>\n\n\n\n<ul class=\"wp-block-list\">\n<li>Imprimare fin\u0103: Tehnologia de imprimare de \u00eenalt\u0103 defini\u021bie este utilizat\u0103 pentru a afi\u0219a logo-ul m\u0103rcii \u0219i informa\u021biile despre produs pentru a \u00eembun\u0103t\u0103\u021bi imaginea m\u0103rcii.<\/li>\n<\/ul>\n\n\n\n<p><\/p>\n\n\n\n<ul class=\"wp-block-list\">\n<li>Design u\u0219or de utilizat: configura\u021bi un design convenabil de deschidere u\u0219or de smuls, convenabil pentru consumatori s\u0103 utilizeze.<\/li>\n<\/ul>\n\n\n\n<p><\/p>\n\n\n\n<ul class=\"wp-block-list\">\n<li>Sigur \u0219i non-toxic: materialul \u00eendepline\u0219te standardele interna\u021bionale de siguran\u021b\u0103 pentru a asigura o utilizare sigur\u0103.<\/li>\n<\/ul>\n<\/div>\n\n\n\n<div class=\"wp-block-column is-layout-flow wp-block-column-is-layout-flow\">\n<figure class=\"wp-block-image size-full\"><img fetchpriority=\"high\" decoding=\"async\" width=\"750\" height=\"750\" src=\"https:\/\/www.hyflexpack.com\/wp-content\/uploads\/2024\/07\/Custom-Printed-Face-Mask-Packaging-1.webp\" alt=\"Ambalaje personalizate imprimate pentru m\u0103\u0219ti de fa\u021b\u0103\" class=\"wp-image-4685\" srcset=\"https:\/\/www.hyflexpack.com\/wp-content\/uploads\/2024\/07\/Custom-Printed-Face-Mask-Packaging-1.webp 750w, https:\/\/www.hyflexpack.com\/wp-content\/uploads\/2024\/07\/Custom-Printed-Face-Mask-Packaging-1-300x300.webp 300w, https:\/\/www.hyflexpack.com\/wp-content\/uploads\/2024\/07\/Custom-Printed-Face-Mask-Packaging-1-150x150.webp 150w, https:\/\/www.hyflexpack.com\/wp-content\/uploads\/2024\/07\/Custom-Printed-Face-Mask-Packaging-1-12x12.webp 12w, https:\/\/www.hyflexpack.com\/wp-content\/uploads\/2024\/07\/Custom-Printed-Face-Mask-Packaging-1-285x285.webp 285w, https:\/\/www.hyflexpack.com\/wp-content\/uploads\/2024\/07\/Custom-Printed-Face-Mask-Packaging-1-270x270.webp 270w, https:\/\/www.hyflexpack.com\/wp-content\/uploads\/2024\/07\/Custom-Printed-Face-Mask-Packaging-1-540x540.webp 540w, https:\/\/www.hyflexpack.com\/wp-content\/uploads\/2024\/07\/Custom-Printed-Face-Mask-Packaging-1-660x660.webp 660w\" sizes=\"(max-width: 750px) 100vw, 750px\" \/><\/figure>\n<\/div>\n<\/div>","protected":false},"excerpt":{"rendered":"<p>Explora\u021bi ambalajul nostru pentru m\u0103\u0219ti cosmetice este o form\u0103 elegant\u0103 \u0219i modern\u0103 de ambalare. \u00cembun\u0103t\u0103\u021birea imaginii m\u0103rcii dvs. \u00eencepe cu ambalajul! Crea\u021bi o personalitate de brand pentru dvs. Oferind o gam\u0103 larg\u0103 de op\u021biuni de personalizare, nu ezita\u021bi s\u0103 \u00eentreba\u021bi pentru o ofert\u0103 gratuit\u0103 \u0219i mostre.<\/p>\n<h3>Avantajele furnizorului de ambalaje pentru m\u0103\u0219ti de fa\u021b\u0103<\/h3>\n<ul>\n<li><strong>Proiectare personalizat\u0103<\/strong>: Oferi\u021bi solu\u021bii personalizate de proiectare, sprijini\u021bi OEM \/ ODM, personalizate cu diferite specifica\u021bii, dimensiuni, modele de imprimare etc.<\/li>\n<li><strong>Asigurarea calit\u0103\u021bii<\/strong>: Controla\u021bi procesul de produc\u021bie \u0219i dispune\u021bi de materiale de \u00eenalt\u0103 calitate \u0219i echipamente avansate pentru a asigura calitatea produselor.<\/li>\n<li><strong>Livrare la timp<\/strong>: Optimizarea procesului de produc\u021bie \u0219i \u00eembun\u0103t\u0103\u021birea eficien\u021bei produc\u021biei pentru a asigura livrarea la timp \u0219i pentru a satisface nevoile urgente ale clien\u021bilor.<\/li>\n<li><strong>Asisten\u021b\u0103 tehnic\u0103 profesional\u0103<\/strong>: Echipa tehnic\u0103 cu experien\u021b\u0103 ofer\u0103 asisten\u021b\u0103 tehnic\u0103 profesional\u0103 \u0219i servicii de consultan\u021b\u0103 post-v\u00e2nzare 24 de ore din 24.<\/li>\n<li><strong>Mostr\u0103 gratuit\u0103<\/strong>: Oferi\u021bi servicii gratuite de e\u0219antionare pentru a evalua produsele.<\/li>\n<\/ul>\n<p>Huiyang Packaging se angajeaz\u0103 s\u0103 furnizeze clien\u021bilor ambalaje de \u00eenalt\u0103 calitate \u0219i personalizate pentru m\u0103\u0219ti faciale, pentru a ajuta clien\u021bii s\u0103-\u0219i \u00eembun\u0103t\u0103\u021beasc\u0103 imaginea produsului \u0219i s\u0103-\u0219i sporeasc\u0103 competitivitatea pe pia\u021b\u0103.<\/p>","protected":false},"featured_media":4693,"comment_status":"open","ping_status":"closed","template":"","meta":[],"product_brand":[],"product_cat":[52],"product_tag":[],"class_list":{"0":"post-4684","1":"product","2":"type-product","3":"status-publish","4":"has-post-thumbnail","6":"product_cat-custom-daily-chemical-packaging","8":"first","9":"instock","10":"shipping-taxable","11":"product-type-simple"},"_links":{"self":[{"href":"https:\/\/www.hyflexpack.com\/ro\/wp-json\/wp\/v2\/product\/4684","targetHints":{"allow":["GET"]}}],"collection":[{"href":"https:\/\/www.hyflexpack.com\/ro\/wp-json\/wp\/v2\/product"}],"about":[{"href":"https:\/\/www.hyflexpack.com\/ro\/wp-json\/wp\/v2\/types\/product"}],"replies":[{"embeddable":true,"href":"https:\/\/www.hyflexpack.com\/ro\/wp-json\/wp\/v2\/comments?post=4684"}],"wp:featuredmedia":[{"embeddable":true,"href":"https:\/\/www.hyflexpack.com\/ro\/wp-json\/wp\/v2\/media\/4693"}],"wp:attachment":[{"href":"https:\/\/www.hyflexpack.com\/ro\/wp-json\/wp\/v2\/media?parent=4684"}],"wp:term":[{"taxonomy":"product_brand","embeddable":true,"href":"https:\/\/www.hyflexpack.com\/ro\/wp-json\/wp\/v2\/product_brand?post=4684"},{"taxonomy":"product_cat","embeddable":true,"href":"https:\/\/www.hyflexpack.com\/ro\/wp-json\/wp\/v2\/product_cat?post=4684"},{"taxonomy":"product_tag","embeddable":true,"href":"https:\/\/www.hyflexpack.com\/ro\/wp-json\/wp\/v2\/product_tag?post=4684"}],"curies":[{"name":"wp","href":"https:\/\/api.w.org\/{rel}","templated":true}]}}