{"id":4660,"date":"2024-06-28T07:18:39","date_gmt":"2024-06-28T07:18:39","guid":{"rendered":"https:\/\/www.hyflexpack.com\/?post_type=product&#038;p=4660"},"modified":"2024-06-28T07:18:40","modified_gmt":"2024-06-28T07:18:40","slug":"custom-stand-up-pouch-packaging","status":"publish","type":"product","link":"https:\/\/www.hyflexpack.com\/ro\/product\/custom-stand-up-pouch-packaging\/","title":{"rendered":"Personalizat Stand Up Pouch ambalare meri\u0219oare uscate Snack ambalare pungi biodegradabile cu fermoar"},"content":{"rendered":"<div class=\"wp-block-columns is-layout-flex wp-container-core-columns-is-layout-9d6595d7 wp-block-columns-is-layout-flex\">\n<div class=\"wp-block-column is-layout-flow wp-block-column-is-layout-flow\">\n<h3 class=\"wp-block-heading\">Caracteristici de \u00eenalt\u0103 calitate Stand Up Pouch ambalare<\/h3>\n\n\n\n<ul class=\"wp-block-list\">\n<li>Biodegradabil: Stand Up Pouch Packaging este fabricat din materiale ecologice, aceste pungi cu fermoar sunt biodegradabile, reduc\u00e2nd impactul asupra mediului.<\/li>\n<\/ul>\n\n\n\n<p><\/p>\n\n\n\n<ul class=\"wp-block-list\">\n<li>Design resigilat: Designul cu fermoar de \u00eenalt\u0103 calitate \u00eel face u\u0219or de deschis \u0219i \u00eenchis de mai multe ori pentru a p\u0103stra gust\u0103rile proaspete \u0219i gustoase.<\/li>\n<\/ul>\n\n\n\n<p><\/p>\n\n\n\n<ul class=\"wp-block-list\">\n<li>Design autoportant: designul autoportant inferior face ca pungile s\u0103 fie mai stabile \u00een timpul expunerii \u0219i \u00eembun\u0103t\u0103\u021be\u0219te prezentarea produsului.<\/li>\n<\/ul>\n\n\n\n<p><\/p>\n\n\n\n<ul class=\"wp-block-list\">\n<li>Barier\u0103 ridicat\u0103: Structura multistrat asigur\u0103 o rezisten\u021b\u0103 excelent\u0103 la umiditate, oxigen \u0219i lumin\u0103, asigur\u00e2nd conservarea pe termen lung a meri\u0219oarelor uscate.<\/li>\n<\/ul>\n\n\n\n<p><\/p>\n\n\n\n<ul class=\"wp-block-list\">\n<li>Imprimare personalizat\u0103: Sprijin\u0103 imprimarea personalizat\u0103 a m\u0103rcii pentru a spori recunoa\u0219terea m\u0103rcii \u0219i a atrage aten\u021bia consumatorilor.<\/li>\n<\/ul>\n<\/div>\n\n\n\n<div class=\"wp-block-column is-layout-flow wp-block-column-is-layout-flow\">\n<figure class=\"wp-block-image size-full\"><img fetchpriority=\"high\" decoding=\"async\" width=\"750\" height=\"750\" src=\"https:\/\/www.hyflexpack.com\/wp-content\/uploads\/2024\/06\/Custom-Stand-Up-Pouch-Packaging-5.webp\" alt=\"Ambalaje personalizate Stand Up Pouch\" class=\"wp-image-4665\" srcset=\"https:\/\/www.hyflexpack.com\/wp-content\/uploads\/2024\/06\/Custom-Stand-Up-Pouch-Packaging-5.webp 750w, https:\/\/www.hyflexpack.com\/wp-content\/uploads\/2024\/06\/Custom-Stand-Up-Pouch-Packaging-5-300x300.webp 300w, https:\/\/www.hyflexpack.com\/wp-content\/uploads\/2024\/06\/Custom-Stand-Up-Pouch-Packaging-5-150x150.webp 150w, https:\/\/www.hyflexpack.com\/wp-content\/uploads\/2024\/06\/Custom-Stand-Up-Pouch-Packaging-5-12x12.webp 12w, https:\/\/www.hyflexpack.com\/wp-content\/uploads\/2024\/06\/Custom-Stand-Up-Pouch-Packaging-5-285x285.webp 285w, https:\/\/www.hyflexpack.com\/wp-content\/uploads\/2024\/06\/Custom-Stand-Up-Pouch-Packaging-5-270x270.webp 270w, https:\/\/www.hyflexpack.com\/wp-content\/uploads\/2024\/06\/Custom-Stand-Up-Pouch-Packaging-5-540x540.webp 540w, https:\/\/www.hyflexpack.com\/wp-content\/uploads\/2024\/06\/Custom-Stand-Up-Pouch-Packaging-5-660x660.webp 660w\" sizes=\"(max-width: 750px) 100vw, 750px\" \/><\/figure>\n<\/div>\n<\/div>","protected":false},"excerpt":{"rendered":"<p>Afla\u021bi cum pot fi mai ecologice \u0219i mai atractive ambalajele de tip stand up pouch pentru gust\u0103rile cu meri\u0219oare uscate. Atrage\u021bi mai mul\u021bi consumatori c\u0103tre produsele dvs. de gust\u0103ri s\u0103n\u0103toase cu ajutorul imprim\u0103rii personalizate \u0219i al modelelor resigilabile.<\/p>\n<h3>Avantajele furnizorului de ambalaje Stand Up Pouch<\/h3>\n<ul>\n<li><strong>Proiectare personalizat\u0103<\/strong>: Oferi\u021bi solu\u021bii personalizate de proiectare, sprijini\u021bi OEM \/ ODM, personalizate cu diferite specifica\u021bii, dimensiuni, modele de imprimare etc.<\/li>\n<li><strong>Asigurarea calit\u0103\u021bii<\/strong>: Controla\u021bi procesul de produc\u021bie \u0219i dispune\u021bi de materiale de \u00eenalt\u0103 calitate \u0219i echipamente avansate pentru a asigura calitatea produselor.<\/li>\n<li><strong>Livrare la timp<\/strong>: Optimizarea procesului de produc\u021bie \u0219i \u00eembun\u0103t\u0103\u021birea eficien\u021bei produc\u021biei pentru a asigura livrarea la timp \u0219i pentru a satisface nevoile urgente ale clien\u021bilor.<\/li>\n<li><strong>Asisten\u021b\u0103 tehnic\u0103 profesional\u0103<\/strong>: Echipa tehnic\u0103 cu experien\u021b\u0103 ofer\u0103 asisten\u021b\u0103 tehnic\u0103 profesional\u0103 \u0219i servicii de consultan\u021b\u0103 post-v\u00e2nzare 24 de ore din 24.<\/li>\n<li><strong>Mostr\u0103 gratuit\u0103<\/strong>: Oferi\u021bi servicii gratuite de e\u0219antionare pentru a evalua produsele.<\/li>\n<\/ul>\n<p>Huiyang Packaging se angajeaz\u0103 s\u0103 furnizeze clien\u021bilor ambalaje de \u00eenalt\u0103 calitate \u0219i personalizate pentru a ajuta clien\u021bii s\u0103-\u0219i \u00eembun\u0103t\u0103\u021beasc\u0103 imaginea produsului \u0219i s\u0103 sporeasc\u0103 competitivitatea pe pia\u021b\u0103.<\/p>","protected":false},"featured_media":4661,"comment_status":"open","ping_status":"closed","template":"","meta":[],"product_brand":[],"product_cat":[51],"product_tag":[],"class_list":{"0":"post-4660","1":"product","2":"type-product","3":"status-publish","4":"has-post-thumbnail","6":"product_cat-custom-food-packaging-bags","8":"first","9":"instock","10":"shipping-taxable","11":"product-type-simple"},"_links":{"self":[{"href":"https:\/\/www.hyflexpack.com\/ro\/wp-json\/wp\/v2\/product\/4660","targetHints":{"allow":["GET"]}}],"collection":[{"href":"https:\/\/www.hyflexpack.com\/ro\/wp-json\/wp\/v2\/product"}],"about":[{"href":"https:\/\/www.hyflexpack.com\/ro\/wp-json\/wp\/v2\/types\/product"}],"replies":[{"embeddable":true,"href":"https:\/\/www.hyflexpack.com\/ro\/wp-json\/wp\/v2\/comments?post=4660"}],"wp:featuredmedia":[{"embeddable":true,"href":"https:\/\/www.hyflexpack.com\/ro\/wp-json\/wp\/v2\/media\/4661"}],"wp:attachment":[{"href":"https:\/\/www.hyflexpack.com\/ro\/wp-json\/wp\/v2\/media?parent=4660"}],"wp:term":[{"taxonomy":"product_brand","embeddable":true,"href":"https:\/\/www.hyflexpack.com\/ro\/wp-json\/wp\/v2\/product_brand?post=4660"},{"taxonomy":"product_cat","embeddable":true,"href":"https:\/\/www.hyflexpack.com\/ro\/wp-json\/wp\/v2\/product_cat?post=4660"},{"taxonomy":"product_tag","embeddable":true,"href":"https:\/\/www.hyflexpack.com\/ro\/wp-json\/wp\/v2\/product_tag?post=4660"}],"curies":[{"name":"wp","href":"https:\/\/api.w.org\/{rel}","templated":true}]}}