{"id":4609,"date":"2024-06-22T07:00:07","date_gmt":"2024-06-22T07:00:07","guid":{"rendered":"https:\/\/www.hyflexpack.com\/?post_type=product&#038;p=4609"},"modified":"2024-06-22T07:00:09","modified_gmt":"2024-06-22T07:00:09","slug":"factory-price-liquid-pouch","status":"publish","type":"product","link":"https:\/\/www.hyflexpack.com\/ro\/product\/factory-price-liquid-pouch\/","title":{"rendered":"Fabrica Pret lichid Pouch 1L Spout Sp\u0103l\u0103torie Detergent ambalare imprimare Stand-Up sac"},"content":{"rendered":"<div class=\"wp-block-columns is-layout-flex wp-container-core-columns-is-layout-9d6595d7 wp-block-columns-is-layout-flex\">\n<div class=\"wp-block-column is-layout-flow wp-block-column-is-layout-flow\">\n<h2 class=\"wp-block-heading\">Caracteristici ale pungii de lichid de \u00eenalt\u0103 calitate<\/h2>\n\n\n\n<p><\/p>\n\n\n\n<ul class=\"wp-block-list\">\n<li>Capacitate de 1L: Capacitate ampl\u0103 potrivit\u0103 pentru depozitarea a 1 litru de detergent lichid de rufe, oferind confort \u0219i valoare pentru consumatori.<\/li>\n<\/ul>\n\n\n\n<p><\/p>\n\n\n\n<ul class=\"wp-block-list\">\n<li>Imprimare: Sunt disponibile op\u021biuni de imprimare personalizabile pentru branding, informa\u021bii despre produse \u0219i modele atractive, care sporesc atractivitatea la raft.<\/li>\n<\/ul>\n\n\n\n<p><\/p>\n\n\n\n<ul class=\"wp-block-list\">\n<li>Design cu gura de scurgere: Dispune de un g\u00e2t convenabil pentru turnare u\u0219oar\u0103 \u0219i distribuire precis\u0103, minimiz\u00e2nd scurgerile \u0219i asigur\u00e2nd confortul utilizatorului.<\/li>\n<\/ul>\n\n\n\n<p><\/p>\n\n\n\n<ul class=\"wp-block-list\">\n<li>Ambalare stand-up: Designul stand-up inovator permite pungii s\u0103 r\u0103m\u00e2n\u0103 stabil\u0103 \u0219i vertical\u0103 pe rafturi, maximiz\u00e2nd vizibilitatea cu am\u0103nuntul.<\/li>\n<\/ul>\n\n\n\n<p><\/p>\n\n\n\n<ul class=\"wp-block-list\">\n<li>Protec\u021bie de barier\u0103: Ofer\u0103 propriet\u0103\u021bi excelente de barier\u0103 \u00eempotriva umidit\u0103\u021bii, oxigenului \u0219i luminii, p\u0103str\u00e2nd calitatea \u0219i prospe\u021bimea detergentului.<\/li>\n<\/ul>\n\n\n\n<p><\/p>\n\n\n\n<ul class=\"wp-block-list\">\n<li>Ecologic: Punga pentru lichide este fabricat\u0103 din materiale care sprijin\u0103 durabilitatea mediului, cum ar fi op\u021biunile reciclabile sau biodegradabile.<\/li>\n<\/ul>\n\n\n\n<p><\/p>\n\n\n\n<ul class=\"wp-block-list\">\n<li>Utilizare versatil\u0103: Potrivit nu numai pentru detergent lichid de rufe, ci \u0219i pentru alte produse lichide, cum ar fi solu\u021bii de cur\u0103\u021bare sau b\u0103uturi.<\/li>\n<\/ul>\n<\/div>\n\n\n\n<div class=\"wp-block-column is-layout-flow wp-block-column-is-layout-flow\">\n<figure class=\"wp-block-image size-full\"><img fetchpriority=\"high\" decoding=\"async\" width=\"750\" height=\"750\" src=\"https:\/\/www.hyflexpack.com\/wp-content\/uploads\/2024\/06\/Factory-Price-Liquid-Pouch-7.webp\" alt=\"Fabrica de pre\u021b lichid Pouch\" class=\"wp-image-4616\" srcset=\"https:\/\/www.hyflexpack.com\/wp-content\/uploads\/2024\/06\/Factory-Price-Liquid-Pouch-7.webp 750w, https:\/\/www.hyflexpack.com\/wp-content\/uploads\/2024\/06\/Factory-Price-Liquid-Pouch-7-300x300.webp 300w, https:\/\/www.hyflexpack.com\/wp-content\/uploads\/2024\/06\/Factory-Price-Liquid-Pouch-7-150x150.webp 150w, https:\/\/www.hyflexpack.com\/wp-content\/uploads\/2024\/06\/Factory-Price-Liquid-Pouch-7-12x12.webp 12w, https:\/\/www.hyflexpack.com\/wp-content\/uploads\/2024\/06\/Factory-Price-Liquid-Pouch-7-285x285.webp 285w, https:\/\/www.hyflexpack.com\/wp-content\/uploads\/2024\/06\/Factory-Price-Liquid-Pouch-7-270x270.webp 270w, https:\/\/www.hyflexpack.com\/wp-content\/uploads\/2024\/06\/Factory-Price-Liquid-Pouch-7-540x540.webp 540w, https:\/\/www.hyflexpack.com\/wp-content\/uploads\/2024\/06\/Factory-Price-Liquid-Pouch-7-660x660.webp 660w\" sizes=\"(max-width: 750px) 100vw, 750px\" \/><\/figure>\n<\/div>\n<\/div>","protected":false},"excerpt":{"rendered":"<p>Punga noastr\u0103 pentru ambalarea detergentului de rufe 1L a devenit alegerea ideal\u0103 pentru m\u0103rcile care caut\u0103 o solu\u021bie de ambalare eficient\u0103, ecologic\u0103, care spore\u0219te atractivitatea produsului \u0219i confortul consumatorilor. Nu ezita\u021bi s\u0103 \u00eentreba\u021bi oric\u00e2nd!<\/p>\n<h3>Avantajele furnizorului de pungi pentru lichide<\/h3>\n<ul>\n<li><strong>Proiectare personalizat\u0103<\/strong>: Oferim servicii personalizate de design pentru pungi de lichid, inclusiv personalizarea materialului, dimensiunii \u0219i modelului de imprimare pentru a satisface nevoile clien\u021bilor \u0219i pentru a sprijini OEM \u0219i ODM.<\/li>\n<li><strong>Produc\u021bie<\/strong>: Cu echipamente \u0219i tehnologii avansate, putem finaliza comenzile cu o eficien\u021b\u0103 ridicat\u0103 \u0219i o calitate ridicat\u0103 \u0219i putem livra la timp.<\/li>\n<li><strong>Inspec\u021bia calit\u0103\u021bii<\/strong>: Respecta\u021bi cu stricte\u021be standardele de calitate \u0219i cerin\u021bele de siguran\u021b\u0103 alimentar\u0103 pentru a v\u0103 asigura c\u0103 produsele \u00eendeplinesc standardele.<\/li>\n<li><strong>Echipa de asisten\u021b\u0103 tehnic\u0103<\/strong>: Echipa noastr\u0103 are o experien\u021b\u0103 bogat\u0103 \u00een industrie \u0219i cuno\u0219tin\u021be profesionale \u0219i poate oferi clien\u021bilor no\u0219tri asisten\u021b\u0103 tehnic\u0103 \u0219i servicii de consultan\u021b\u0103 24 de ore din 24.<\/li>\n<li><strong>Mostr\u0103 gratuit\u0103<\/strong>: Oferi\u021bi servicii gratuite de e\u0219antionare pentru a evalua produsele.<\/li>\n<\/ul>\n<p>Huiyang Packaging se angajeaz\u0103 s\u0103 furnizeze clien\u021bilor pungi de ambalare pentru detergen\u021bi de rufe personalizate \u0219i de \u00eenalt\u0103 calitate pentru a ajuta clien\u021bii s\u0103-\u0219i \u00eembun\u0103t\u0103\u021beasc\u0103 imaginea produsului \u0219i s\u0103 sporeasc\u0103 competitivitatea pe pia\u021b\u0103.<\/p>\n<p>&nbsp;<\/p>","protected":false},"featured_media":4610,"comment_status":"open","ping_status":"closed","template":"","meta":[],"product_brand":[],"product_cat":[52],"product_tag":[],"class_list":{"0":"post-4609","1":"product","2":"type-product","3":"status-publish","4":"has-post-thumbnail","6":"product_cat-custom-daily-chemical-packaging","8":"first","9":"instock","10":"shipping-taxable","11":"product-type-simple"},"_links":{"self":[{"href":"https:\/\/www.hyflexpack.com\/ro\/wp-json\/wp\/v2\/product\/4609","targetHints":{"allow":["GET"]}}],"collection":[{"href":"https:\/\/www.hyflexpack.com\/ro\/wp-json\/wp\/v2\/product"}],"about":[{"href":"https:\/\/www.hyflexpack.com\/ro\/wp-json\/wp\/v2\/types\/product"}],"replies":[{"embeddable":true,"href":"https:\/\/www.hyflexpack.com\/ro\/wp-json\/wp\/v2\/comments?post=4609"}],"wp:featuredmedia":[{"embeddable":true,"href":"https:\/\/www.hyflexpack.com\/ro\/wp-json\/wp\/v2\/media\/4610"}],"wp:attachment":[{"href":"https:\/\/www.hyflexpack.com\/ro\/wp-json\/wp\/v2\/media?parent=4609"}],"wp:term":[{"taxonomy":"product_brand","embeddable":true,"href":"https:\/\/www.hyflexpack.com\/ro\/wp-json\/wp\/v2\/product_brand?post=4609"},{"taxonomy":"product_cat","embeddable":true,"href":"https:\/\/www.hyflexpack.com\/ro\/wp-json\/wp\/v2\/product_cat?post=4609"},{"taxonomy":"product_tag","embeddable":true,"href":"https:\/\/www.hyflexpack.com\/ro\/wp-json\/wp\/v2\/product_tag?post=4609"}],"curies":[{"name":"wp","href":"https:\/\/api.w.org\/{rel}","templated":true}]}}