{"id":4604,"date":"2024-06-22T03:36:59","date_gmt":"2024-06-22T03:36:59","guid":{"rendered":"https:\/\/www.hyflexpack.com\/?post_type=product&#038;p=4604"},"modified":"2024-06-22T03:37:01","modified_gmt":"2024-06-22T03:37:01","slug":"wholesale-liquid-packaging-pouch","status":"publish","type":"product","link":"https:\/\/www.hyflexpack.com\/ro\/product\/wholesale-liquid-packaging-pouch\/","title":{"rendered":"Cu ridicata lichid de ambalare Pouch pentru detergent de rufe Refill Pouch cu gura de scurgere"},"content":{"rendered":"<div class=\"wp-block-columns is-layout-flex wp-container-core-columns-is-layout-9d6595d7 wp-block-columns-is-layout-flex\">\n<div class=\"wp-block-column is-layout-flow wp-block-column-is-layout-flow\">\n<h3 class=\"wp-block-heading\">Caracteristici ale pungii de ambalare a lichidelor de \u00eenalt\u0103 calitate<\/h3>\n\n\n\n<ul class=\"wp-block-list\">\n<li>Design de reumplere: Proiectat pentru ad\u0103ugarea u\u0219oar\u0103 a detergentului de rufe pentru a minimiza risipa.<\/li>\n<\/ul>\n\n\n\n<p><\/p>\n\n\n\n<ul class=\"wp-block-list\">\n<li>Cu gura de scurgere: Cu un g\u00e2t de turnare convenabil pentru turnare u\u0219oar\u0103 \u0219i distribuire precis\u0103, minimiz\u00e2nd scurgerile \u0219i murd\u0103ria.<\/li>\n<\/ul>\n\n\n\n<p><\/p>\n\n\n\n<ul class=\"wp-block-list\">\n<li>Economie de spa\u021biu: Designul flexibil al pungii ocup\u0103 mai pu\u021bin spa\u021biu dec\u00e2t sticlele tradi\u021bionale de detergent de rufe, optimiz\u00e2nd eficien\u021ba depozit\u0103rii \u0219i transportului.<\/li>\n<\/ul>\n\n\n\n<p><\/p>\n\n\n\n<ul class=\"wp-block-list\">\n<li>Etan\u0219are sigur\u0103: Ofer\u0103 o etan\u0219are sigur\u0103 pentru a preveni scurgerile \u0219i a men\u021bine prospe\u021bimea produsului pentru a asigura eficacitatea pe termen lung.<\/li>\n<\/ul>\n\n\n\n<p><\/p>\n\n\n\n<ul class=\"wp-block-list\">\n<li>Ecologic: Acest ambalaj lichid este fabricat din materiale reciclate sau recuperate, contribuind la dezvoltarea durabil\u0103.<\/li>\n<\/ul>\n\n\n\n<p><\/p>\n\n\n\n<ul class=\"wp-block-list\">\n<li>Imprimare personalizabil\u0103: Ofer\u0103 op\u021biuni de imprimare personalizate pentru a prezenta brandingul, informa\u021biile despre produs \u0219i instruc\u021biunile, sporind con\u0219tientizarea brandului \u0219i implicarea consumatorilor.<\/li>\n<\/ul>\n<\/div>\n\n\n\n<div class=\"wp-block-column is-layout-flow wp-block-column-is-layout-flow\">\n<figure class=\"wp-block-image size-full\"><img fetchpriority=\"high\" decoding=\"async\" width=\"750\" height=\"750\" src=\"https:\/\/www.hyflexpack.com\/wp-content\/uploads\/2024\/06\/Wholesale-Liquid-Packaging-Pouch-4.webp\" alt=\"Cu ridicata lichid de ambalare Pouch\" class=\"wp-image-4608\" srcset=\"https:\/\/www.hyflexpack.com\/wp-content\/uploads\/2024\/06\/Wholesale-Liquid-Packaging-Pouch-4.webp 750w, https:\/\/www.hyflexpack.com\/wp-content\/uploads\/2024\/06\/Wholesale-Liquid-Packaging-Pouch-4-300x300.webp 300w, https:\/\/www.hyflexpack.com\/wp-content\/uploads\/2024\/06\/Wholesale-Liquid-Packaging-Pouch-4-150x150.webp 150w, https:\/\/www.hyflexpack.com\/wp-content\/uploads\/2024\/06\/Wholesale-Liquid-Packaging-Pouch-4-12x12.webp 12w, https:\/\/www.hyflexpack.com\/wp-content\/uploads\/2024\/06\/Wholesale-Liquid-Packaging-Pouch-4-285x285.webp 285w, https:\/\/www.hyflexpack.com\/wp-content\/uploads\/2024\/06\/Wholesale-Liquid-Packaging-Pouch-4-270x270.webp 270w, https:\/\/www.hyflexpack.com\/wp-content\/uploads\/2024\/06\/Wholesale-Liquid-Packaging-Pouch-4-540x540.webp 540w, https:\/\/www.hyflexpack.com\/wp-content\/uploads\/2024\/06\/Wholesale-Liquid-Packaging-Pouch-4-660x660.webp 660w\" sizes=\"(max-width: 750px) 100vw, 750px\" \/><\/figure>\n<\/div>\n<\/div>","protected":false},"excerpt":{"rendered":"<p>Punga noastr\u0103 de ambalare a lichidelor cu gura de scurgere a devenit alegerea ideal\u0103 pentru consumatorii care caut\u0103 o solu\u021bie de ambalare convenabil\u0103, ecologic\u0103 \u0219i eficient\u0103 pentru detergentul de rufe. Nu ezita\u021bi s\u0103 contacta\u021bi<\/p>\n<h3>Avantajele furnizorului de pungi pentru ambalarea lichidelor<\/h3>\n<ul>\n<li><strong>Proiectare personalizat\u0103<\/strong>: Oferim servicii personalizate de design pentru ambalarea lichidelor, inclusiv personalizarea materialului, dimensiunii \u0219i modelului de imprimare pentru a satisface nevoile clien\u021bilor \u0219i sus\u021binem OEM \u0219i ODM.<\/li>\n<li><strong>Produc\u021bie<\/strong>: Cu echipamente \u0219i tehnologii avansate, putem finaliza comenzile cu o eficien\u021b\u0103 ridicat\u0103 \u0219i o calitate ridicat\u0103 \u0219i putem livra la timp.<\/li>\n<li><strong>Inspec\u021bia calit\u0103\u021bii<\/strong>: Respecta\u021bi cu stricte\u021be standardele de calitate \u0219i cerin\u021bele de siguran\u021b\u0103 alimentar\u0103 pentru a v\u0103 asigura c\u0103 produsele \u00eendeplinesc standardele.<\/li>\n<li><strong>Echipa de asisten\u021b\u0103 tehnic\u0103<\/strong>: Echipa noastr\u0103 are o experien\u021b\u0103 bogat\u0103 \u00een industrie \u0219i cuno\u0219tin\u021be profesionale \u0219i poate oferi clien\u021bilor no\u0219tri asisten\u021b\u0103 tehnic\u0103 \u0219i servicii de consultan\u021b\u0103 24 de ore din 24.<\/li>\n<li><strong>Mostr\u0103 gratuit\u0103<\/strong>: Oferi\u021bi servicii gratuite de e\u0219antionare pentru a evalua produsele.<\/li>\n<\/ul>\n<p>Huiyang Packaging se angajeaz\u0103 s\u0103 furnizeze clien\u021bilor pungi de ambalare a lichidelor de \u00eenalt\u0103 calitate \u0219i personalizate pentru a ajuta clien\u021bii s\u0103-\u0219i \u00eembun\u0103t\u0103\u021beasc\u0103 imaginea produsului \u0219i s\u0103 sporeasc\u0103 competitivitatea pe pia\u021b\u0103. noi pentru mostre gratuite!<\/p>","protected":false},"featured_media":4605,"comment_status":"open","ping_status":"closed","template":"","meta":[],"product_brand":[],"product_cat":[52],"product_tag":[],"class_list":{"0":"post-4604","1":"product","2":"type-product","3":"status-publish","4":"has-post-thumbnail","6":"product_cat-custom-daily-chemical-packaging","8":"first","9":"instock","10":"shipping-taxable","11":"product-type-simple"},"_links":{"self":[{"href":"https:\/\/www.hyflexpack.com\/ro\/wp-json\/wp\/v2\/product\/4604","targetHints":{"allow":["GET"]}}],"collection":[{"href":"https:\/\/www.hyflexpack.com\/ro\/wp-json\/wp\/v2\/product"}],"about":[{"href":"https:\/\/www.hyflexpack.com\/ro\/wp-json\/wp\/v2\/types\/product"}],"replies":[{"embeddable":true,"href":"https:\/\/www.hyflexpack.com\/ro\/wp-json\/wp\/v2\/comments?post=4604"}],"wp:featuredmedia":[{"embeddable":true,"href":"https:\/\/www.hyflexpack.com\/ro\/wp-json\/wp\/v2\/media\/4605"}],"wp:attachment":[{"href":"https:\/\/www.hyflexpack.com\/ro\/wp-json\/wp\/v2\/media?parent=4604"}],"wp:term":[{"taxonomy":"product_brand","embeddable":true,"href":"https:\/\/www.hyflexpack.com\/ro\/wp-json\/wp\/v2\/product_brand?post=4604"},{"taxonomy":"product_cat","embeddable":true,"href":"https:\/\/www.hyflexpack.com\/ro\/wp-json\/wp\/v2\/product_cat?post=4604"},{"taxonomy":"product_tag","embeddable":true,"href":"https:\/\/www.hyflexpack.com\/ro\/wp-json\/wp\/v2\/product_tag?post=4604"}],"curies":[{"name":"wp","href":"https:\/\/api.w.org\/{rel}","templated":true}]}}