{"id":4599,"date":"2024-06-22T01:57:43","date_gmt":"2024-06-22T01:57:43","guid":{"rendered":"https:\/\/www.hyflexpack.com\/?post_type=product&#038;p=4599"},"modified":"2025-10-23T09:08:53","modified_gmt":"2025-10-23T09:08:53","slug":"wholesale-retort-pouches","status":"publish","type":"product","link":"https:\/\/www.hyflexpack.com\/ro\/product\/wholesale-retort-pouches\/","title":{"rendered":"Cu ridicata Retort Pouches Eco-friendly cu patru fe\u021be Seal pentru Jerky Easy Tear Food Packaging"},"content":{"rendered":"<div class=\"wp-block-columns is-layout-flex wp-container-core-columns-is-layout-9d6595d7 wp-block-columns-is-layout-flex\">\n<div class=\"wp-block-column is-layout-flow wp-block-column-is-layout-flow\">\n<h3 class=\"wp-block-heading\">Caracteristici ale pungilor Retort de \u00eenalt\u0103 calitate<\/h3>\n\n\n\n<ul class=\"wp-block-list\">\n<li>Materiale ecologice: Pungile Retort sunt fabricate din materiale ecologice, reduc\u00e2nd impactul asupra mediului.<\/li>\n<\/ul>\n\n\n\n<p><\/p>\n\n\n\n<ul class=\"wp-block-list\">\n<li>Design cu etan\u0219are pe patru laturi: Ofer\u0103 o etan\u0219are sigur\u0103 din toate p\u0103r\u021bile, asigur\u00e2nd prospe\u021bimea \u0219i prevenind scurgerile.<\/li>\n<\/ul>\n\n\n\n<p><\/p>\n\n\n\n<ul class=\"wp-block-list\">\n<li>Deschidere cu rupere u\u0219oar\u0103: Echipat cu o caracteristic\u0103 convenabil\u0103 de rupere u\u0219oar\u0103 pentru deschiderea f\u0103r\u0103 efort de c\u0103tre consumatori.<\/li>\n<\/ul>\n\n\n\n<p><\/p>\n\n\n\n<ul class=\"wp-block-list\">\n<li>Rezisten\u021b\u0103 la c\u0103ldur\u0103: Capabile s\u0103 reziste la temperaturi ridicate \u00een timpul proces\u0103rii \u00een retort\u0103, men\u021bin\u00e2nd calitatea \u0219i siguran\u021ba alimentelor.<\/li>\n<\/ul>\n\n\n\n<p><\/p>\n\n\n\n<ul class=\"wp-block-list\">\n<li>Protec\u021bie de barier\u0103: Ofer\u0103 propriet\u0103\u021bi excelente de barier\u0103 \u00eempotriva umidit\u0103\u021bii, oxigenului \u0219i luminii, p\u0103str\u00e2nd aroma alimentelor \u0219i prelungind durata de depozitare.<\/li>\n<\/ul>\n\n\n\n<p><\/p>\n\n\n\n<ul class=\"wp-block-list\">\n<li>Utilizare versatil\u0103: Potrivit pentru diverse produse alimentare \u00een afar\u0103 de carnea uscat\u0103, cum ar fi supele, sosurile \u0219i m\u00e2nc\u0103rurile gata de consum, oferind versatilitate \u00een solu\u021biile de ambalare.<\/li>\n<\/ul>\n<\/div>\n\n\n\n<div class=\"wp-block-column is-layout-flow wp-block-column-is-layout-flow\">\n<figure class=\"wp-block-image size-full\"><img fetchpriority=\"high\" decoding=\"async\" width=\"750\" height=\"750\" src=\"https:\/\/www.hyflexpack.com\/wp-content\/uploads\/2024\/06\/Wholesale-Retort-Pouches-2.webp\" alt=\"Pungi Retort cu ridicata\" class=\"wp-image-4601\" srcset=\"https:\/\/www.hyflexpack.com\/wp-content\/uploads\/2024\/06\/Wholesale-Retort-Pouches-2.webp 750w, https:\/\/www.hyflexpack.com\/wp-content\/uploads\/2024\/06\/Wholesale-Retort-Pouches-2-300x300.webp 300w, https:\/\/www.hyflexpack.com\/wp-content\/uploads\/2024\/06\/Wholesale-Retort-Pouches-2-150x150.webp 150w, https:\/\/www.hyflexpack.com\/wp-content\/uploads\/2024\/06\/Wholesale-Retort-Pouches-2-12x12.webp 12w, https:\/\/www.hyflexpack.com\/wp-content\/uploads\/2024\/06\/Wholesale-Retort-Pouches-2-285x285.webp 285w, https:\/\/www.hyflexpack.com\/wp-content\/uploads\/2024\/06\/Wholesale-Retort-Pouches-2-270x270.webp 270w, https:\/\/www.hyflexpack.com\/wp-content\/uploads\/2024\/06\/Wholesale-Retort-Pouches-2-540x540.webp 540w, https:\/\/www.hyflexpack.com\/wp-content\/uploads\/2024\/06\/Wholesale-Retort-Pouches-2-660x660.webp 660w\" sizes=\"(max-width: 750px) 100vw, 750px\" \/><\/figure>\n<\/div>\n<\/div>","protected":false},"excerpt":{"rendered":"<p>\u00cen\u021belege\u021bi designul ecologic al pungilor de retort\u0103 cu \u00eenchidere pe patru fe\u021be, special concepute pentru produse alimentare precum carnea uscat\u0103. Ne angaj\u0103m s\u0103 v\u0103 oferim solu\u021bii de ambalare fiabile care protejeaz\u0103 calitatea alimentelor \u0219i reduc impactul asupra mediului.<\/p>\n<h3>Avantajele furnizorului de pungi Retort<\/h3>\n<ul>\n<li><strong>Proiectare personalizat\u0103<\/strong>: Oferim servicii de sac de cafea cu design personalizat, dimensiune personalizat\u0103, culoare, design \u0219i imprimare \u00een func\u021bie de nevoile clientului, asigur\u0103m c\u0103 produsul este diferit \u0219i eviden\u021biaz\u0103 imaginea de marc\u0103 \u0219i sus\u021binem OEM \u0219i ODM.<\/li>\n<li><strong>Echipa de design profesionist<\/strong>: Avem o echip\u0103 experimentat\u0103 de cercetare \u0219i dezvoltare \u0219i de proiectare pentru a oferi clien\u021bilor solu\u021bii de proiectare inovatoare \u0219i practice.<\/li>\n<li><strong>Asigurarea calit\u0103\u021bii<\/strong>: Respecta\u021bi cu stricte\u021be standardele interna\u021bionale de management al calit\u0103\u021bii, materialele de \u00eenalt\u0103 calitate \u0219i tehnologia avansat\u0103 pentru a asigura o calitate stabil\u0103 \u0219i fiabil\u0103 a produselor.<\/li>\n<li><strong>Serviciu post-v\u00e2nzare cuprinz\u0103tor<\/strong>: Ascult\u0103m \u00een mod activ feedback-ul clien\u021bilor, ne \u00eembun\u0103t\u0103\u021bim continuu produsele \u0219i serviciile \u0219i stabilim rela\u021bii de cooperare stabile \u0219i pe termen lung.<\/li>\n<\/ul>\n<p>Huiyang Packaging se angajeaz\u0103 s\u0103 furnizeze clien\u021bilor pungi retort personalizate \u0219i de \u00eenalt\u0103 calitate pentru a ajuta clien\u021bii s\u0103-\u0219i \u00eembun\u0103t\u0103\u021beasc\u0103 imaginea produsului \u0219i s\u0103-\u0219i sporeasc\u0103 competitivitatea pe pia\u021b\u0103.<\/p>","protected":false},"featured_media":4601,"comment_status":"open","ping_status":"closed","template":"","meta":[],"product_brand":[],"product_cat":[79],"product_tag":[],"class_list":{"0":"post-4599","1":"product","2":"type-product","3":"status-publish","4":"has-post-thumbnail","6":"product_cat-custom-retort-pouch","8":"first","9":"instock","10":"shipping-taxable","11":"product-type-simple"},"_links":{"self":[{"href":"https:\/\/www.hyflexpack.com\/ro\/wp-json\/wp\/v2\/product\/4599","targetHints":{"allow":["GET"]}}],"collection":[{"href":"https:\/\/www.hyflexpack.com\/ro\/wp-json\/wp\/v2\/product"}],"about":[{"href":"https:\/\/www.hyflexpack.com\/ro\/wp-json\/wp\/v2\/types\/product"}],"replies":[{"embeddable":true,"href":"https:\/\/www.hyflexpack.com\/ro\/wp-json\/wp\/v2\/comments?post=4599"}],"wp:featuredmedia":[{"embeddable":true,"href":"https:\/\/www.hyflexpack.com\/ro\/wp-json\/wp\/v2\/media\/4601"}],"wp:attachment":[{"href":"https:\/\/www.hyflexpack.com\/ro\/wp-json\/wp\/v2\/media?parent=4599"}],"wp:term":[{"taxonomy":"product_brand","embeddable":true,"href":"https:\/\/www.hyflexpack.com\/ro\/wp-json\/wp\/v2\/product_brand?post=4599"},{"taxonomy":"product_cat","embeddable":true,"href":"https:\/\/www.hyflexpack.com\/ro\/wp-json\/wp\/v2\/product_cat?post=4599"},{"taxonomy":"product_tag","embeddable":true,"href":"https:\/\/www.hyflexpack.com\/ro\/wp-json\/wp\/v2\/product_tag?post=4599"}],"curies":[{"name":"wp","href":"https:\/\/api.w.org\/{rel}","templated":true}]}}