{"id":4526,"date":"2024-06-14T10:42:17","date_gmt":"2024-06-14T10:42:17","guid":{"rendered":"https:\/\/www.hyflexpack.com\/?post_type=product&#038;p=4526"},"modified":"2026-01-23T06:27:51","modified_gmt":"2026-01-23T06:27:51","slug":"sustainable-pet-food-packaging-bags","status":"publish","type":"product","link":"https:\/\/www.hyflexpack.com\/ro\/product\/sustainable-pet-food-packaging-bags\/","title":{"rendered":"Pungile durabile de ambalare a alimentelor pentru animale de companie cu ridicata cu fermoar cu ferestre mici Pouches \u00een picioare"},"content":{"rendered":"<div class=\"wp-block-columns is-layout-flex wp-container-core-columns-is-layout-9d6595d7 wp-block-columns-is-layout-flex\">\n<div class=\"wp-block-column is-layout-flow wp-block-column-is-layout-flow\">\n<h3 class=\"wp-block-heading\">Caracteristici de \u00eenalt\u0103 calitate durabile pentru animale de companie pungi de ambalare alimentare<\/h3>\n\n\n\n<ul class=\"wp-block-list\">\n<li>Materiale durabile: utiliza\u021bi materiale durabile, cum ar fi materialele biodegradabile sau reciclabile, pentru a reduce impactul asupra mediului.<\/li>\n<\/ul>\n\n\n\n<p><\/p>\n\n\n\n<ul class=\"wp-block-list\">\n<li>Materiale de \u00eenalt\u0103 barier\u0103 de calitate alimentar\u0103: Materialele de \u00eenalt\u0103 barier\u0103 de calitate alimentar\u0103, cum ar fi PET, PE \u0219i folia de aluminiu, sunt utilizate pentru a asigura prospe\u021bimea \u0219i siguran\u021ba alimentelor pentru animale de companie, pentru a preveni umiditatea \u0219i oxidarea \u0219i pentru a prelungi durata de depozitare.<\/li>\n<\/ul>\n\n\n\n<p><\/p>\n\n\n\n<ul class=\"wp-block-list\">\n<li>Design cu fereastr\u0103 mic\u0103: Proiectat cu o fereastr\u0103 mic\u0103, este u\u0219or pentru consumatori s\u0103 vizualizeze con\u021binutul produsului, sporind interactivitatea \u0219i atractivitatea.<\/li>\n<\/ul>\n\n\n\n<p><\/p>\n\n\n\n<ul class=\"wp-block-list\">\n<li>Sigiliu cu fermoar: Sigiliu cu fermoar \u00eencorporat, u\u0219or de redeschis \u0219i sigilat de mai multe ori, p\u0103streaz\u0103 alimentele proaspete \u0219i previne oxidarea.<\/li>\n<\/ul>\n\n\n\n<p><\/p>\n\n\n\n<ul class=\"wp-block-list\">\n<li>Design de pung\u0103 \u00een picioare: Structura pungii \u00een picioare permite pungii s\u0103 stea ferm pe rafturi sau vitrine, economisind spa\u021biu de expunere \u0219i \u00eembun\u0103t\u0103\u021bind prezentarea produsului.<\/li>\n<\/ul>\n<\/div>\n\n\n\n<div class=\"wp-block-column is-layout-flow wp-block-column-is-layout-flow\">\n<figure class=\"wp-block-image size-full\"><img fetchpriority=\"high\" decoding=\"async\" width=\"750\" height=\"750\" src=\"https:\/\/www.hyflexpack.com\/wp-content\/uploads\/2024\/06\/Sustainable-Pet-Food-Packaging-Bags-Wholesale-11.webp\" alt=\"Pungile durabile pentru ambalarea alimentelor pentru animale de companie cu ridicata\" class=\"wp-image-4550\" srcset=\"https:\/\/www.hyflexpack.com\/wp-content\/uploads\/2024\/06\/Sustainable-Pet-Food-Packaging-Bags-Wholesale-11.webp 750w, https:\/\/www.hyflexpack.com\/wp-content\/uploads\/2024\/06\/Sustainable-Pet-Food-Packaging-Bags-Wholesale-11-300x300.webp 300w, https:\/\/www.hyflexpack.com\/wp-content\/uploads\/2024\/06\/Sustainable-Pet-Food-Packaging-Bags-Wholesale-11-150x150.webp 150w, https:\/\/www.hyflexpack.com\/wp-content\/uploads\/2024\/06\/Sustainable-Pet-Food-Packaging-Bags-Wholesale-11-12x12.webp 12w, https:\/\/www.hyflexpack.com\/wp-content\/uploads\/2024\/06\/Sustainable-Pet-Food-Packaging-Bags-Wholesale-11-285x285.webp 285w, https:\/\/www.hyflexpack.com\/wp-content\/uploads\/2024\/06\/Sustainable-Pet-Food-Packaging-Bags-Wholesale-11-270x270.webp 270w, https:\/\/www.hyflexpack.com\/wp-content\/uploads\/2024\/06\/Sustainable-Pet-Food-Packaging-Bags-Wholesale-11-540x540.webp 540w, https:\/\/www.hyflexpack.com\/wp-content\/uploads\/2024\/06\/Sustainable-Pet-Food-Packaging-Bags-Wholesale-11-660x660.webp 660w\" sizes=\"(max-width: 750px) 100vw, 750px\" \/><\/figure>\n<\/div>\n<\/div>","protected":false},"excerpt":{"rendered":"<p>Pungile noastre sustenabile pentru ambalarea alimentelor pentru animale de companie sunt fabricate din materiale sustenabile combinate cu materiale de ambalare cu bariere \u00eenalte de calitate alimentar\u0103, cum ar fi PET, PE \u0219i folie de aluminiu, pentru a asigura siguran\u021ba alimentelor pentru animale de companie. Contacta\u021bi-ne ast\u0103zi pentru mostre \u0219i modele gratuite.<\/p>\n<h3>Avantajele furnizorului durabil de pungi pentru ambalarea alimentelor pentru animale de companie<\/h3>\n<ul>\n<li><strong>Proiectare personalizat\u0103<\/strong>: Oferim personalizate, inclusiv materialul, dimensiunea, \u0219i personalizarea modelului de imprimare pentru a satisface nevoile clien\u021bilor, \u0219i s\u0103 sprijine OEM \u0219i ODM.<\/li>\n<li><strong>Produc\u021bie<\/strong>: Cu echipamente \u0219i tehnologii avansate, putem finaliza produc\u021bia comenzii cu eficien\u021b\u0103 ridicat\u0103 \u0219i calitate ridicat\u0103 \u0219i putem livra la timp.<\/li>\n<li><strong>Inspec\u021bia calit\u0103\u021bii<\/strong>: Respecta\u021bi cu stricte\u021be standardele de calitate \u0219i cerin\u021bele de siguran\u021b\u0103 alimentar\u0103 pentru produc\u021bie, pentru a v\u0103 asigura c\u0103 produsele \u00eendeplinesc standardele.<\/li>\n<li><strong>Serviciul clien\u021bi<\/strong>: 24 de ore pentru a oferi un r\u0103spuns rapid \u0219i un serviciu de asisten\u021b\u0103 pentru clien\u021bi grijuliu.<\/li>\n<li><strong>Mostr\u0103 gratuit\u0103<\/strong>\uff1a Furniza\u021bi servicii gratuite de e\u0219antionare pentru a evalua produsele.<\/li>\n<\/ul>\n<p>Huiyang Packaging se angajeaz\u0103 s\u0103 ofere clien\u021bilor pungi de ambalare pentru alimente pentru animale de companie durabile, personalizate \u0219i de \u00eenalt\u0103 calitate, pentru a ajuta clien\u021bii s\u0103-\u0219i \u00eembun\u0103t\u0103\u021beasc\u0103 imaginea produsului \u0219i s\u0103 sporeasc\u0103 competitivitatea pe pia\u021b\u0103. designul pungii stand-up spore\u0219te u\u0219urin\u021ba de utilizare \u0219i vandabilitatea. Contacta\u021bi-ne ast\u0103zi pentru mostre \u0219i modele gratuite.<\/p>","protected":false},"featured_media":4540,"comment_status":"open","ping_status":"closed","template":"","meta":[],"product_brand":[],"product_cat":[56],"product_tag":[],"class_list":{"0":"post-4526","1":"product","2":"type-product","3":"status-publish","4":"has-post-thumbnail","6":"product_cat-custom-pet-food-packaging","8":"first","9":"instock","10":"shipping-taxable","11":"product-type-simple"},"_links":{"self":[{"href":"https:\/\/www.hyflexpack.com\/ro\/wp-json\/wp\/v2\/product\/4526","targetHints":{"allow":["GET"]}}],"collection":[{"href":"https:\/\/www.hyflexpack.com\/ro\/wp-json\/wp\/v2\/product"}],"about":[{"href":"https:\/\/www.hyflexpack.com\/ro\/wp-json\/wp\/v2\/types\/product"}],"replies":[{"embeddable":true,"href":"https:\/\/www.hyflexpack.com\/ro\/wp-json\/wp\/v2\/comments?post=4526"}],"wp:featuredmedia":[{"embeddable":true,"href":"https:\/\/www.hyflexpack.com\/ro\/wp-json\/wp\/v2\/media\/4540"}],"wp:attachment":[{"href":"https:\/\/www.hyflexpack.com\/ro\/wp-json\/wp\/v2\/media?parent=4526"}],"wp:term":[{"taxonomy":"product_brand","embeddable":true,"href":"https:\/\/www.hyflexpack.com\/ro\/wp-json\/wp\/v2\/product_brand?post=4526"},{"taxonomy":"product_cat","embeddable":true,"href":"https:\/\/www.hyflexpack.com\/ro\/wp-json\/wp\/v2\/product_cat?post=4526"},{"taxonomy":"product_tag","embeddable":true,"href":"https:\/\/www.hyflexpack.com\/ro\/wp-json\/wp\/v2\/product_tag?post=4526"}],"curies":[{"name":"wp","href":"https:\/\/api.w.org\/{rel}","templated":true}]}}