{"id":4515,"date":"2024-06-14T09:52:25","date_gmt":"2024-06-14T09:52:25","guid":{"rendered":"https:\/\/www.hyflexpack.com\/?post_type=product&#038;p=4515"},"modified":"2025-10-23T08:37:09","modified_gmt":"2025-10-23T08:37:09","slug":"custom-dog-treat-bags","status":"publish","type":"product","link":"https:\/\/www.hyflexpack.com\/ro\/product\/custom-dog-treat-bags\/","title":{"rendered":"Custom Dog Treat Pungi Eco-Friendly Pet Food Ambalaje Hanging Hole cu fermoar Standing Pouches"},"content":{"rendered":"<div class=\"wp-block-columns is-layout-flex wp-container-core-columns-is-layout-9d6595d7 wp-block-columns-is-layout-flex\">\n<div class=\"wp-block-column is-layout-flow wp-block-column-is-layout-flow\">\n<h3 class=\"wp-block-heading\">Caracteristici de \u00eenalt\u0103 calitate c\u00e2ine Treat Bag<\/h3>\n\n\n\n<ul class=\"wp-block-list\">\n<li>Materiale ecologice: utiliza\u021bi materiale ecologice pentru a \u00eendeplini cerin\u021bele de mediu, cum ar fi materiale biodegradabile sau materiale reciclabile, pentru a reduce impactul asupra mediului.<\/li>\n<\/ul>\n\n\n\n<p><\/p>\n\n\n\n<ul class=\"wp-block-list\">\n<li>Material cu barier\u0103 ridicat\u0103 de grad alimentar: pungile personalizate pentru dulciuri pentru c\u00e2ini utilizeaz\u0103 materiale cu barier\u0103 ridicat\u0103 de grad alimentar, cum ar fi PET, PE \u0219i folie de aluminiu, pentru a asigura prospe\u021bimea \u0219i siguran\u021ba dulciurilor pentru c\u00e2ini, rezisten\u021ba la umiditate, rezisten\u021ba la oxidare \u0219i prelungirea perioadei de valabilitate.<\/li>\n<\/ul>\n\n\n\n<p><\/p>\n\n\n\n<ul class=\"wp-block-list\">\n<li>Design cu gaur\u0103 de ag\u0103\u021bare: Geanta este proiectat\u0103 cu un orificiu de ag\u0103\u021bare, care este convenabil de ag\u0103\u021bat \u0219i afi\u0219at \u00een magazin pentru a spori vizibilitatea \u0219i atractivitatea produsului.<\/li>\n<\/ul>\n\n\n\n<p><\/p>\n\n\n\n<ul class=\"wp-block-list\">\n<li>\u00cenchidere cu fermoar: \u00eenchiderea cu fermoar \u00eencorporat\u0103 faciliteaz\u0103 redeschiderea \u0219i sigilarea pungii de mai multe ori, men\u021bin\u00e2nd gust\u0103rile proaspete \u0219i \u00eempiedic\u00e2nd p\u0103trunderea aerului exterior.<\/li>\n<\/ul>\n\n\n\n<p><\/p>\n\n\n\n<ul class=\"wp-block-list\">\n<li>Design de pung\u0103 \u00een picioare: Structura Pouch \u00een picioare permite sacului s\u0103 stea ferm pe rafturi sau vitrine, economisind spa\u021biu de afi\u0219are \u0219i \u00eembun\u0103t\u0103\u021bind efectul de afi\u0219are a produsului.<\/li>\n<\/ul>\n<\/div>\n\n\n\n<div class=\"wp-block-column is-layout-flow wp-block-column-is-layout-flow\">\n<figure class=\"wp-block-image size-full\"><img fetchpriority=\"high\" decoding=\"async\" width=\"750\" height=\"750\" src=\"https:\/\/www.hyflexpack.com\/wp-content\/uploads\/2024\/06\/Custom-Dog-Treat-Bags-Eco-Friendly-Pet-Food-Packaging-6.webp\" alt=\"Pungi personalizate pentru tratamente pentru c\u00e2ini Ambalaje ecologice pentru alimente pentru animale de companie\" class=\"wp-image-4521\" srcset=\"https:\/\/www.hyflexpack.com\/wp-content\/uploads\/2024\/06\/Custom-Dog-Treat-Bags-Eco-Friendly-Pet-Food-Packaging-6.webp 750w, https:\/\/www.hyflexpack.com\/wp-content\/uploads\/2024\/06\/Custom-Dog-Treat-Bags-Eco-Friendly-Pet-Food-Packaging-6-300x300.webp 300w, https:\/\/www.hyflexpack.com\/wp-content\/uploads\/2024\/06\/Custom-Dog-Treat-Bags-Eco-Friendly-Pet-Food-Packaging-6-150x150.webp 150w, https:\/\/www.hyflexpack.com\/wp-content\/uploads\/2024\/06\/Custom-Dog-Treat-Bags-Eco-Friendly-Pet-Food-Packaging-6-12x12.webp 12w, https:\/\/www.hyflexpack.com\/wp-content\/uploads\/2024\/06\/Custom-Dog-Treat-Bags-Eco-Friendly-Pet-Food-Packaging-6-285x285.webp 285w, https:\/\/www.hyflexpack.com\/wp-content\/uploads\/2024\/06\/Custom-Dog-Treat-Bags-Eco-Friendly-Pet-Food-Packaging-6-270x270.webp 270w, https:\/\/www.hyflexpack.com\/wp-content\/uploads\/2024\/06\/Custom-Dog-Treat-Bags-Eco-Friendly-Pet-Food-Packaging-6-540x540.webp 540w, https:\/\/www.hyflexpack.com\/wp-content\/uploads\/2024\/06\/Custom-Dog-Treat-Bags-Eco-Friendly-Pet-Food-Packaging-6-660x660.webp 660w\" sizes=\"(max-width: 750px) 100vw, 750px\" \/><\/figure>\n<\/div>\n<\/div>","protected":false},"excerpt":{"rendered":"<p>Afla\u021bi cum pungile noastre personalizate pentru dulciuri pentru c\u00e2ini sunt fabricate din materiale ecologice pentru a asigura prospe\u021bimea \u0219i siguran\u021ba gust\u0103rilor c\u00e2inelui dvs. G\u0103urile de ag\u0103\u021bare sunt concepute pentru o expunere u\u0219oar\u0103, iar \u00eenchiderea cu fermoar \u0219i punga stand-up sunt concepute pentru a facilita utilizarea \u0219i prezentarea. Contacta\u021bi-ne ast\u0103zi pentru o ofert\u0103, ne angaj\u0103m s\u0103 oferim solu\u021bii de ambalare ecologice \u0219i de \u00eenalt\u0103 calitate.<\/p>\n<h3>Avantajele furnizorului de pungi pentru tratamente pentru c\u00e2ini<\/h3>\n<ul>\n<li><strong>Proiectare personalizat\u0103<\/strong>: Oferim servicii personalizate de design pentru pungi de tratament pentru c\u00e2ini, inclusiv personalizarea materialului, dimensiunii \u0219i modelului de imprimare pentru a satisface nevoile clien\u021bilor \u0219i pentru a sprijini OEM \u0219i ODM.<\/li>\n<li><strong>Produc\u021bie<\/strong>: Cu echipamente \u0219i tehnologii avansate, putem finaliza produc\u021bia comenzii cu eficien\u021b\u0103 ridicat\u0103 \u0219i calitate ridicat\u0103 \u0219i putem livra la timp.<\/li>\n<li><strong>Inspec\u021bia calit\u0103\u021bii<\/strong>: Respecta\u021bi cu stricte\u021be standardele de calitate \u0219i cerin\u021bele de siguran\u021b\u0103 alimentar\u0103 pentru produc\u021bie, pentru a v\u0103 asigura c\u0103 produsele \u00eendeplinesc standardele.<\/li>\n<li><strong>Serviciul clien\u021bi<\/strong>: 24 de ore pentru a oferi un r\u0103spuns rapid \u0219i un serviciu de asisten\u021b\u0103 pentru clien\u021bi grijuliu.<\/li>\n<li><strong>Mostr\u0103 gratuit\u0103<\/strong>\uff1a Furniza\u021bi servicii gratuite de e\u0219antionare pentru a evalua produsele.<\/li>\n<\/ul>\n<p>Huiyang Packaging se angajeaz\u0103 s\u0103 furnizeze clien\u021bilor pungi personalizate de \u00eenalt\u0103 calitate pentru a ajuta clien\u021bii s\u0103-\u0219i \u00eembun\u0103t\u0103\u021beasc\u0103 imaginea produsului \u0219i s\u0103 sporeasc\u0103 competitivitatea pe pia\u021b\u0103.<\/p>","protected":false},"featured_media":4521,"comment_status":"open","ping_status":"closed","template":"","meta":[],"product_brand":[],"product_cat":[56],"product_tag":[],"class_list":{"0":"post-4515","1":"product","2":"type-product","3":"status-publish","4":"has-post-thumbnail","6":"product_cat-custom-pet-food-packaging","8":"first","9":"instock","10":"shipping-taxable","11":"product-type-simple"},"_links":{"self":[{"href":"https:\/\/www.hyflexpack.com\/ro\/wp-json\/wp\/v2\/product\/4515","targetHints":{"allow":["GET"]}}],"collection":[{"href":"https:\/\/www.hyflexpack.com\/ro\/wp-json\/wp\/v2\/product"}],"about":[{"href":"https:\/\/www.hyflexpack.com\/ro\/wp-json\/wp\/v2\/types\/product"}],"replies":[{"embeddable":true,"href":"https:\/\/www.hyflexpack.com\/ro\/wp-json\/wp\/v2\/comments?post=4515"}],"wp:featuredmedia":[{"embeddable":true,"href":"https:\/\/www.hyflexpack.com\/ro\/wp-json\/wp\/v2\/media\/4521"}],"wp:attachment":[{"href":"https:\/\/www.hyflexpack.com\/ro\/wp-json\/wp\/v2\/media?parent=4515"}],"wp:term":[{"taxonomy":"product_brand","embeddable":true,"href":"https:\/\/www.hyflexpack.com\/ro\/wp-json\/wp\/v2\/product_brand?post=4515"},{"taxonomy":"product_cat","embeddable":true,"href":"https:\/\/www.hyflexpack.com\/ro\/wp-json\/wp\/v2\/product_cat?post=4515"},{"taxonomy":"product_tag","embeddable":true,"href":"https:\/\/www.hyflexpack.com\/ro\/wp-json\/wp\/v2\/product_tag?post=4515"}],"curies":[{"name":"wp","href":"https:\/\/api.w.org\/{rel}","templated":true}]}}