{"id":4495,"date":"2024-06-14T08:38:35","date_gmt":"2024-06-14T08:38:35","guid":{"rendered":"https:\/\/www.hyflexpack.com\/?post_type=product&#038;p=4495"},"modified":"2024-06-14T08:38:38","modified_gmt":"2024-06-14T08:38:38","slug":"custom-pet-food-packaging","status":"publish","type":"product","link":"https:\/\/www.hyflexpack.com\/ro\/product\/custom-pet-food-packaging\/","title":{"rendered":"Solu\u021bii personalizate de ambalare a alimentelor pentru animale de companie Hanging Hole cu fermoar Easy Tear Standing Pouch"},"content":{"rendered":"<div class=\"wp-block-columns is-layout-flex wp-container-core-columns-is-layout-9d6595d7 wp-block-columns-is-layout-flex\">\n<div class=\"wp-block-column is-layout-flow wp-block-column-is-layout-flow\">\n<h3 class=\"wp-block-heading\">Caracteristici ale ambalajelor de \u00eenalt\u0103 calitate pentru hrana animalelor de companie<\/h3>\n\n\n\n<ul class=\"wp-block-list\">\n<li>Material premium: Pentru a asigura prospe\u021bimea \u0219i siguran\u021ba alimentelor pentru animale de companie sunt utilizate materiale de calitate alimentar\u0103 cu bariere \u00eenalte, cum ar fi PET, PE, folie de aluminiu etc. Aceste materiale au o rezisten\u021b\u0103 excelent\u0103 la umiditate \u0219i oxidare, ceea ce prelunge\u0219te \u00een mod eficient durata de valabilitate a produselor \u0219i protejeaz\u0103 s\u0103n\u0103tatea animalelor de companie.<\/li>\n\n\n\n<li>Design cu gaur\u0103 de ag\u0103\u021bare: Pachetul de hran\u0103 pentru animale de companie este proiectat cu Hanging Hole, care este u\u0219or de ag\u0103\u021bat \u0219i de afi\u0219at \u00een magazin, sporind vizibilitatea \u0219i atractivitatea produsului, f\u0103c\u00e2nd convenabil pentru consumatori s\u0103 cumpere \u0219i cresc\u00e2nd oportunit\u0103\u021bile de v\u00e2nzare.<\/li>\n\n\n\n<li>\u00cenchidere cu fermoar: \u00cenchiderea cu fermoar \u00eencorporat\u0103 nu numai c\u0103 are o performan\u021b\u0103 bun\u0103 de etan\u0219are, dar faciliteaz\u0103 \u0219i deschiderea \u0219i etan\u0219area repetat\u0103, asigur\u00e2nd c\u0103 alimentele r\u0103m\u00e2n proaspete dup\u0103 fiecare utilizare \u0219i \u00eembun\u0103t\u0103\u021bind experien\u021ba consumatorilor.<\/li>\n\n\n\n<li>Design Easy Tear: Echipat cu Easy Tear, consumatorii pot deschide cu u\u0219urin\u021b\u0103 pachetul f\u0103r\u0103 unelte, ceea ce \u00eembun\u0103t\u0103\u021be\u0219te confortul de utilizare \u0219i satisface cererea rapid\u0103 a consumatorilor moderni.<\/li>\n\n\n\n<li>Design Standing Pouch: Structura Standing Pouch permite pungii s\u0103 stea ferm pe raft sau vitrin\u0103, ceea ce nu numai c\u0103 economise\u0219te spa\u021biu de afi\u0219are, dar, de asemenea, face ca produsul s\u0103 arate mai \u00eengrijit \u0219i mai frumos, atr\u0103g\u00e2nd mai mult\u0103 aten\u021bie.<\/li>\n<\/ul>\n<\/div>\n\n\n\n<div class=\"wp-block-column is-layout-flow wp-block-column-is-layout-flow\">\n<figure class=\"wp-block-image size-full\"><img fetchpriority=\"high\" decoding=\"async\" width=\"750\" height=\"750\" src=\"https:\/\/www.hyflexpack.com\/wp-content\/uploads\/2024\/06\/Custom-Pet-Food-Packaging-6.webp\" alt=\"Ambalaje personalizate pentru hrana animalelor de companie\" class=\"wp-image-4500\" srcset=\"https:\/\/www.hyflexpack.com\/wp-content\/uploads\/2024\/06\/Custom-Pet-Food-Packaging-6.webp 750w, https:\/\/www.hyflexpack.com\/wp-content\/uploads\/2024\/06\/Custom-Pet-Food-Packaging-6-300x300.webp 300w, https:\/\/www.hyflexpack.com\/wp-content\/uploads\/2024\/06\/Custom-Pet-Food-Packaging-6-150x150.webp 150w, https:\/\/www.hyflexpack.com\/wp-content\/uploads\/2024\/06\/Custom-Pet-Food-Packaging-6-12x12.webp 12w, https:\/\/www.hyflexpack.com\/wp-content\/uploads\/2024\/06\/Custom-Pet-Food-Packaging-6-285x285.webp 285w, https:\/\/www.hyflexpack.com\/wp-content\/uploads\/2024\/06\/Custom-Pet-Food-Packaging-6-270x270.webp 270w, https:\/\/www.hyflexpack.com\/wp-content\/uploads\/2024\/06\/Custom-Pet-Food-Packaging-6-540x540.webp 540w, https:\/\/www.hyflexpack.com\/wp-content\/uploads\/2024\/06\/Custom-Pet-Food-Packaging-6-660x660.webp 660w\" sizes=\"(max-width: 750px) 100vw, 750px\" \/><\/figure>\n<\/div>\n<\/div>","protected":false},"excerpt":{"rendered":"<p>Solu\u021biile noastre personalizate de ambalare a hranei pentru animale de companie utilizeaz\u0103 materiale de calitate alimentar\u0103 cu bariere \u00eenalte pentru a asigura prospe\u021bimea \u0219i siguran\u021ba hranei pentru animale de companie. G\u0103urile de ag\u0103\u021bare sunt proiectate pentru o expunere u\u0219oar\u0103, \u00eenchiderea cu fermoar \u00eencorporat\u0103 \u0219i \u00eenchiderea cu rupere u\u0219oar\u0103 sporesc confortul utilizatorului, iar structura pungii stand-up asigur\u0103 o expunere stabil\u0103. Contacta\u021bi-ne pentru mostre \u0219i modele gratuite ale solu\u021biilor noastre de ambalare.<\/p>\n<h3>Avantajele furnizorului de ambalaje pentru hrana animalelor de companie<\/h3>\n<ul>\n<li><strong>Proiectare personalizat\u0103<\/strong>: Oferim materiale personalizate, dimensiuni \u0219i personalizarea modelului de imprimare pentru a satisface nevoile clien\u021bilor \u0219i sus\u021binem OEM \u0219i ODM.<\/li>\n<li><strong>Produc\u021bie<\/strong>: Cu echipamente \u0219i tehnologii avansate, putem finaliza produc\u021bia de comenzi cu o eficien\u021b\u0103 ridicat\u0103 \u0219i o calitate ridicat\u0103 \u0219i putem livra la timp.<\/li>\n<li><strong>Inspec\u021bia calit\u0103\u021bii<\/strong>: Respecta\u021bi cu stricte\u021be standardele de calitate \u0219i cerin\u021bele de siguran\u021b\u0103 alimentar\u0103 pentru a v\u0103 asigura c\u0103 produsele \u00eendeplinesc standardele.<\/li>\n<li><strong>Echipa de asisten\u021b\u0103 tehnic\u0103<\/strong>: Echipa noastr\u0103 are o experien\u021b\u0103 bogat\u0103 \u00een industrie \u0219i cuno\u0219tin\u021be profesionale \u0219i poate oferi clien\u021bilor no\u0219tri asisten\u021b\u0103 tehnic\u0103 \u0219i servicii de consultan\u021b\u0103 24 de ore din 24.<\/li>\n<li><strong>Mostr\u0103 gratuit\u0103<\/strong>: Oferi\u021bi servicii gratuite de e\u0219antionare pentru a evalua produsele.<\/li>\n<\/ul>\n<p>Huiyang Packaging se angajeaz\u0103 s\u0103 ofere clien\u021bilor ambalaje personalizate \u0219i de \u00eenalt\u0103 calitate pentru hrana animalelor de companie, pentru a ajuta clien\u021bii s\u0103 \u00ee\u0219i \u00eembun\u0103t\u0103\u021beasc\u0103 imaginea produsului \u0219i s\u0103 sporeasc\u0103 competitivitatea pe pia\u021b\u0103.<\/p>","protected":false},"featured_media":4501,"comment_status":"open","ping_status":"closed","template":"","meta":[],"product_brand":[],"product_cat":[51],"product_tag":[],"class_list":{"0":"post-4495","1":"product","2":"type-product","3":"status-publish","4":"has-post-thumbnail","6":"product_cat-custom-food-packaging-bags","8":"first","9":"instock","10":"shipping-taxable","11":"product-type-simple"},"_links":{"self":[{"href":"https:\/\/www.hyflexpack.com\/ro\/wp-json\/wp\/v2\/product\/4495","targetHints":{"allow":["GET"]}}],"collection":[{"href":"https:\/\/www.hyflexpack.com\/ro\/wp-json\/wp\/v2\/product"}],"about":[{"href":"https:\/\/www.hyflexpack.com\/ro\/wp-json\/wp\/v2\/types\/product"}],"replies":[{"embeddable":true,"href":"https:\/\/www.hyflexpack.com\/ro\/wp-json\/wp\/v2\/comments?post=4495"}],"wp:featuredmedia":[{"embeddable":true,"href":"https:\/\/www.hyflexpack.com\/ro\/wp-json\/wp\/v2\/media\/4501"}],"wp:attachment":[{"href":"https:\/\/www.hyflexpack.com\/ro\/wp-json\/wp\/v2\/media?parent=4495"}],"wp:term":[{"taxonomy":"product_brand","embeddable":true,"href":"https:\/\/www.hyflexpack.com\/ro\/wp-json\/wp\/v2\/product_brand?post=4495"},{"taxonomy":"product_cat","embeddable":true,"href":"https:\/\/www.hyflexpack.com\/ro\/wp-json\/wp\/v2\/product_cat?post=4495"},{"taxonomy":"product_tag","embeddable":true,"href":"https:\/\/www.hyflexpack.com\/ro\/wp-json\/wp\/v2\/product_tag?post=4495"}],"curies":[{"name":"wp","href":"https:\/\/api.w.org\/{rel}","templated":true}]}}