{"id":4461,"date":"2024-06-07T02:55:42","date_gmt":"2024-06-07T02:55:42","guid":{"rendered":"https:\/\/www.hyflexpack.com\/?post_type=product&#038;p=4461"},"modified":"2024-11-10T17:05:05","modified_gmt":"2024-11-10T17:05:05","slug":"custom-cold-seal-film-aluminum-foil","status":"publish","type":"product","link":"https:\/\/www.hyflexpack.com\/ro\/product\/custom-cold-seal-film-aluminum-foil\/","title":{"rendered":"Custom Cold Seal Film Folie de aluminiu Nut ambalare Metallized Cold Seal Roll Film"},"content":{"rendered":"<div class=\"wp-block-columns is-layout-flex wp-container-core-columns-is-layout-9d6595d7 wp-block-columns-is-layout-flex\">\n<div class=\"wp-block-column is-layout-flow wp-block-column-is-layout-flow\">\n<h3 class=\"wp-block-heading\">Caracteristici de \u00eenalt\u0103 calitate Cold Seal Film folie de aluminiu<\/h3>\n\n\n\n<ul class=\"wp-block-list\">\n<li><strong>Performan\u021b\u0103 excelent\u0103 de etan\u0219are la rece<\/strong>: Sigilarea la rece se refer\u0103 la faptul c\u0103 foliile pentru sigilare nu au nevoie de c\u0103ldur\u0103, ci doar de presiune pentru a sigila eficient diverse aplica\u021bii \u00een ambalaje.<\/li>\n<\/ul>\n\n\n\n<p><\/p>\n\n\n\n<ul class=\"wp-block-list\">\n<li><strong>Strat de folie de aluminiu premium<\/strong>: Stratul de folie de aluminiu ofer\u0103 o barier\u0103 excelent\u0103 \u00eempotriva oxigenului, umidit\u0103\u021bii \u0219i luminii, men\u021bin\u00e2nd prospe\u021bimea \u0219i gustul nucilor.<\/li>\n<\/ul>\n\n\n\n<p><\/p>\n\n\n\n<ul class=\"wp-block-list\">\n<li>Acoperirea metalic\u0103 spore\u0219te rezisten\u021ba \u0219i rigiditatea pachetului. Acest lucru \u00eei \u00eembun\u0103t\u0103\u021be\u0219te aspectul, f\u0103c\u00e2ndu-l mai atractiv \u0219i conferindu-i un aspect premium.<\/li>\n<\/ul>\n\n\n\n<p><\/p>\n\n\n\n<ul class=\"wp-block-list\">\n<li><strong>Performan\u021b\u0103 ridicat\u0103 a barierelor<\/strong>: Datorit\u0103 unui design din material compozit multistrat, performan\u021ba excelent\u0103 de barier\u0103 protejeaz\u0103 produsul \u00eempotriva factorilor externi, prelungind astfel durata de depozitare a produsului.<\/li>\n<\/ul>\n\n\n\n<p><\/p>\n\n\n\n<ul class=\"wp-block-list\">\n<li><strong>Materiale de construc\u021bii ecologice<\/strong>: Utiliza\u021bi materiale ecologice recunoscute la nivel interna\u021bional, netoxice \u0219i inofensive, pentru a atinge obiectivul dezvolt\u0103rii durabile.<\/li>\n<\/ul>\n<\/div>\n\n\n\n<div class=\"wp-block-column is-layout-flow wp-block-column-is-layout-flow\">\n<figure class=\"wp-block-image size-full\"><img fetchpriority=\"high\" decoding=\"async\" width=\"750\" height=\"750\" src=\"https:\/\/www.hyflexpack.com\/wp-content\/uploads\/2024\/06\/Custom-Cold-Seal-Film-4.webp\" alt=\"Film personalizat pentru sigilare la rece\" class=\"wp-image-4465\" srcset=\"https:\/\/www.hyflexpack.com\/wp-content\/uploads\/2024\/06\/Custom-Cold-Seal-Film-4.webp 750w, https:\/\/www.hyflexpack.com\/wp-content\/uploads\/2024\/06\/Custom-Cold-Seal-Film-4-300x300.webp 300w, https:\/\/www.hyflexpack.com\/wp-content\/uploads\/2024\/06\/Custom-Cold-Seal-Film-4-150x150.webp 150w, https:\/\/www.hyflexpack.com\/wp-content\/uploads\/2024\/06\/Custom-Cold-Seal-Film-4-12x12.webp 12w, https:\/\/www.hyflexpack.com\/wp-content\/uploads\/2024\/06\/Custom-Cold-Seal-Film-4-285x285.webp 285w, https:\/\/www.hyflexpack.com\/wp-content\/uploads\/2024\/06\/Custom-Cold-Seal-Film-4-270x270.webp 270w, https:\/\/www.hyflexpack.com\/wp-content\/uploads\/2024\/06\/Custom-Cold-Seal-Film-4-540x540.webp 540w, https:\/\/www.hyflexpack.com\/wp-content\/uploads\/2024\/06\/Custom-Cold-Seal-Film-4-660x660.webp 660w\" sizes=\"(max-width: 750px) 100vw, 750px\" \/><\/figure>\n<\/div>\n<\/div>","protected":false},"excerpt":{"rendered":"<p>Explora\u021bi ambalajele noastre personalizate din folie de sigilare la rece cu performan\u021be superioare de sigilare la rece \u0219i strat de folie de aluminiu premium, oferind propriet\u0103\u021bi excelente de barier\u0103 pentru a asigura prospe\u021bimea \u0219i gustul nucilor. Suport\u0103 materiale ecologice \u0219i servicii personalizate de personalizare OEM\/ODM, care sunt ideale pentru ambalaje de \u00eenalt\u0103 calitate. Bine a\u021bi venit s\u0103 \u00eentreba\u021bi oric\u00e2nd!<\/p>\n<h3>Avantaje ale<span style=\"color: #00ccff;\"><a href=\"https:\/\/www.hyflexpack.com\/ro\/cold-seal-film-the-silent-guardian-of-the-packaging-world\/\"> Film de etan\u0219are la rece<\/a> <\/span>Furnizor<\/h3>\n<ul>\n<li><strong>Proiectare personalizat\u0103<\/strong>: Oferim servicii personalizate de proiectare a pachetului de cafea, inclusiv personalizarea materialului, dimensiunii \u0219i modelului de imprimare pentru a satisface nevoile clien\u021bilor \u0219i sus\u021binem OEM \u0219i ODM.<\/li>\n<li><strong>Produc\u021bie<\/strong>: Cu echipamente \u0219i tehnologii avansate, suntem capabili s\u0103 producem comenzi cu eficien\u021b\u0103 \u0219i calitate ridicate \u0219i s\u0103 livr\u0103m la timp.<\/li>\n<li><strong>Inspec\u021bia calit\u0103\u021bii<\/strong>: Respect\u0103m cu stricte\u021be standardele de calitate \u0219i cerin\u021bele de siguran\u021b\u0103 alimentar\u0103 pentru a ne asigura c\u0103 produsele noastre \u00eendeplinesc standardele.<\/li>\n<li><strong>Echipa de asisten\u021b\u0103 tehnic\u0103<\/strong>: Echipa noastr\u0103 are o experien\u021b\u0103 bogat\u0103 \u00een industrie \u0219i cuno\u0219tin\u021be profesionale pentru a oferi asisten\u021b\u0103 tehnic\u0103 \u0219i servicii de consultan\u021b\u0103 24 de ore din 24 clien\u021bilor no\u0219tri.<\/li>\n<li><strong>E\u0219antioane gratuite<\/strong>: V\u0103 oferim mostre gratuite pentru a evalua produsele noastre.<\/li>\n<\/ul>\n<p><a href=\"https:\/\/www.hyflexpack.com\/ro\/\"><strong>Ambalaje Huiyang<\/strong><\/a> se angajeaz\u0103 s\u0103 furnizeze clien\u021bilor ambalaje de film de \u00eenalt\u0103 calitate \u0219i personalizate pentru sigilarea la rece, pentru a ajuta clien\u021bii s\u0103-\u0219i \u00eembun\u0103t\u0103\u021beasc\u0103 imaginea produselor \u0219i s\u0103 sporeasc\u0103 competitivitatea pe pia\u021b\u0103.<\/p>","protected":false},"featured_media":4463,"comment_status":"open","ping_status":"closed","template":"","meta":[],"product_brand":[],"product_cat":[53],"product_tag":[],"class_list":{"0":"post-4461","1":"product","2":"type-product","3":"status-publish","4":"has-post-thumbnail","6":"product_cat-packaging-film-supplier","8":"first","9":"instock","10":"shipping-taxable","11":"product-type-simple"},"_links":{"self":[{"href":"https:\/\/www.hyflexpack.com\/ro\/wp-json\/wp\/v2\/product\/4461","targetHints":{"allow":["GET"]}}],"collection":[{"href":"https:\/\/www.hyflexpack.com\/ro\/wp-json\/wp\/v2\/product"}],"about":[{"href":"https:\/\/www.hyflexpack.com\/ro\/wp-json\/wp\/v2\/types\/product"}],"replies":[{"embeddable":true,"href":"https:\/\/www.hyflexpack.com\/ro\/wp-json\/wp\/v2\/comments?post=4461"}],"wp:featuredmedia":[{"embeddable":true,"href":"https:\/\/www.hyflexpack.com\/ro\/wp-json\/wp\/v2\/media\/4463"}],"wp:attachment":[{"href":"https:\/\/www.hyflexpack.com\/ro\/wp-json\/wp\/v2\/media?parent=4461"}],"wp:term":[{"taxonomy":"product_brand","embeddable":true,"href":"https:\/\/www.hyflexpack.com\/ro\/wp-json\/wp\/v2\/product_brand?post=4461"},{"taxonomy":"product_cat","embeddable":true,"href":"https:\/\/www.hyflexpack.com\/ro\/wp-json\/wp\/v2\/product_cat?post=4461"},{"taxonomy":"product_tag","embeddable":true,"href":"https:\/\/www.hyflexpack.com\/ro\/wp-json\/wp\/v2\/product_tag?post=4461"}],"curies":[{"name":"wp","href":"https:\/\/api.w.org\/{rel}","templated":true}]}}